{"id":10538,"date":"2022-02-17T18:31:42","date_gmt":"2022-02-17T17:31:42","guid":{"rendered":"https:\/\/perello.debonatinta.com\/inici\/"},"modified":"2022-06-10T14:21:04","modified_gmt":"2022-06-10T12:21:04","slug":"inici","status":"publish","type":"page","link":"https:\/\/www.meldelperello.com\/fr\/","title":{"rendered":"Accueil"},"content":{"rendered":"<div class=\"wpb-content-wrapper\"><p>[vc_row][vc_column][vc_column_text css=&#8221;.vc_custom_1654082112466{margin-top: 20px !important;margin-bottom: 50px !important;}&#8221;]<\/p>\n<h1 style=\"text-align: center; font-weight: bold;\"><strong>MIEL D\u2019EL PERELL\u00d3 AVI LLU\u00cdS<\/strong><\/h1>\n<h2 style=\"text-align: center; font-size: 20px; line-height: 1.2em; text-transform: uppercase;\">D\u00e8s la tradition et l\u2019exp\u00e9rience, nous \u00e9laborons miel avec passion et excellence<\/h2>\n<p>[\/vc_column_text][\/vc_column][\/vc_row][vc_row css=&#8221;.vc_custom_1645534057455{margin-bottom: 20px !important;}&#8221;][vc_column]<div id=\"ult-carousel-271725815169e25fcb77e66\" class=\"ult-carousel-wrapper   ult_horizontal\" data-gutter=\"15\" data-rtl=\"false\" ><div class=\"ult-carousel-110381440369e25fcb77d40 \" >[vc_single_image image=&#8221;9353&#8243; img_size=&#8221;full&#8221; alignment=&#8221;center&#8221; onclick=&#8221;custom_link&#8221; image_hovers=&#8221;false&#8221; lazy_loading=&#8221;true&#8221; link=&#8221;\/fr\/produits\/miel\/romarin\/&#8221;][vc_single_image image=&#8221;9357&#8243; img_size=&#8221;full&#8221; alignment=&#8221;center&#8221; onclick=&#8221;custom_link&#8221; image_hovers=&#8221;false&#8221; lazy_loading=&#8221;true&#8221; link=&#8221;\/fr\/produits\/miel\/oranger\/&#8221;][vc_single_image image=&#8221;9361&#8243; img_size=&#8221;full&#8221; alignment=&#8221;center&#8221; onclick=&#8221;custom_link&#8221; image_hovers=&#8221;false&#8221; lazy_loading=&#8221;true&#8221; link=&#8221;\/fr\/produits\/miel\/thym\/&#8221;][vc_single_image image=&#8221;9365&#8243; img_size=&#8221;full&#8221; alignment=&#8221;center&#8221; onclick=&#8221;custom_link&#8221; image_hovers=&#8221;false&#8221; lazy_loading=&#8221;true&#8221; link=&#8221;\/fr\/produits\/miel\/montagne\/&#8221;][vc_single_image image=&#8221;9369&#8243; img_size=&#8221;full&#8221; alignment=&#8221;center&#8221; onclick=&#8221;custom_link&#8221; image_hovers=&#8221;false&#8221; lazy_loading=&#8221;true&#8221; link=&#8221;\/fr\/produits\/miel\/mille-fleurs\/&#8221;][vc_single_image image=&#8221;9373&#8243; img_size=&#8221;full&#8221; alignment=&#8221;center&#8221; onclick=&#8221;custom_link&#8221; image_hovers=&#8221;false&#8221; lazy_loading=&#8221;true&#8221; link=&#8221;\/fr\/produits\/miel\/eucalyptus\/&#8221;][vc_single_image image=&#8221;9377&#8243; img_size=&#8221;full&#8221; alignment=&#8221;center&#8221; onclick=&#8221;custom_link&#8221; image_hovers=&#8221;false&#8221; lazy_loading=&#8221;true&#8221; link=&#8221;\/fr\/produits\/miel\/foret\/&#8221;][vc_single_image image=&#8221;9381&#8243; img_size=&#8221;full&#8221; alignment=&#8221;center&#8221; onclick=&#8221;custom_link&#8221; image_hovers=&#8221;false&#8221; lazy_loading=&#8221;true&#8221; link=&#8221;\/fr\/produits\/miel\/bruyere\/&#8221;]<\/div><\/div>\t\t\t<script type=\"text\/javascript\">\n\t\t\t\tjQuery(document).ready(function ($) {\n\t\t\t\t\tif( typeof jQuery('.ult-carousel-110381440369e25fcb77d40').slick == \"function\"){\n\t\t\t\t\t\t$('.ult-carousel-110381440369e25fcb77d40').slick({dots: false,autoplaySpeed: \"5000\",speed: \"500\",infinite: true,arrows: true,nextArrow: '<button type=\"button\" role=\"button\" aria-label=\"Next\" style=\"color:#333333; font-size:30px;\" class=\"slick-next default\"><i class=\"ultsl-arrow-right6\"><\/i><\/button>',prevArrow: '<button type=\"button\" role=\"button\" aria-label=\"Previous\" style=\"color:#333333; font-size:30px;\" class=\"slick-prev default\"><i class=\"ultsl-arrow-left6\"><\/i><\/button>',slidesToScroll:1,slidesToShow:4,swipe: true,draggable: true,touchMove: true,pauseOnHover: true,pauseOnFocus: false,responsive: [\n\t\t\t\t\t\t\t{\n\t\t\t\t\t\t\t  breakpoint: 1026,\n\t\t\t\t\t\t\t  settings: {\n\t\t\t\t\t\t\t\tslidesToShow: 4,\n\t\t\t\t\t\t\t\tslidesToScroll: 1,  \n\t\t\t\t\t\t\t  }\n\t\t\t\t\t\t\t},\n\t\t\t\t\t\t\t{\n\t\t\t\t\t\t\t  breakpoint: 1025,\n\t\t\t\t\t\t\t  settings: {\n\t\t\t\t\t\t\t\tslidesToShow: 3,\n\t\t\t\t\t\t\t\tslidesToScroll: 1\n\t\t\t\t\t\t\t  }\n\t\t\t\t\t\t\t},\n\t\t\t\t\t\t\t{\n\t\t\t\t\t\t\t  breakpoint: 760,\n\t\t\t\t\t\t\t  settings: {\n\t\t\t\t\t\t\t\tslidesToShow: 1,\n\t\t\t\t\t\t\t\tslidesToScroll: 1\n\t\t\t\t\t\t\t  }\n\t\t\t\t\t\t\t}\n\t\t\t\t\t\t],pauseOnDotsHover: true,customPaging: function(slider, i) {\n                   return '<i type=\"button\" style= \"color:#333333;\" class=\"ultsl-record\" data-role=\"none\"><\/i>';\n                },});\n\t\t\t\t\t}\n\t\t\t\t});\n\t\t\t<\/script>\n\t\t\t[vc_column_text css=&#8221;.vc_custom_1654082356898{margin-bottom: 50px !important;}&#8221;]<\/p>\n<h3 style=\"text-align: center;\"><strong>MILLE ET UN MIEL<\/strong><\/h3>\n<p style=\"text-align: center;\">Miel de romarin, miel de thym, miel de bruy\u00e8re, miel de for\u00eat, miel d&#8217;eucalyptus, miel de fleurs, nid d&#8217;abeille, pollen, propolis&#8230; <strong>Des miels pour tous les go\u00fbts<\/strong>.<\/p>\n<p>[\/vc_column_text][\/vc_column][\/vc_row][vc_row bg_type=&#8221;bg_color&#8221; bg_override=&#8221;full&#8221; bg_color_value=&#8221;#ede8df&#8221; el_class=&#8221;home_tablas&#8221; css=&#8221;.vc_custom_1645534081049{padding-top: 40px !important;padding-bottom: 40px !important;}&#8221;][vc_column width=&#8221;1\/4&#8243;][vc_column_text]<\/p>\n<table border=\"0\" cellspacing=\"0\" cellpadding=\"0\">\n<tbody>\n<tr>\n<td class=\"izq\" valign=\"top\"><img decoding=\"async\" class=\"alignnone size-full wp-image-48\" src=\"https:\/\/www.meldelperello.com\/wp-content\/uploads\/2022\/02\/i1.svg\" alt=\"PRODUCTE 100% NATURAL\" width=\"100%\" height=\"auto\" \/><\/td>\n<td class=\"der\" valign=\"top\">\n<h3>PRODUIT<br \/>\n100 % NATUREL<\/h3>\n<p>Nous proposons des produits apicoles non manipul\u00e9s, qui conservent toutes leurs propri\u00e9t\u00e9s. <strong>Naturellement purs<\/strong>.<\/td>\n<\/tr>\n<\/tbody>\n<\/table>\n<p>[\/vc_column_text][\/vc_column][vc_column width=&#8221;1\/4&#8243;][vc_column_text]<\/p>\n<table border=\"0\" cellspacing=\"0\" cellpadding=\"0\">\n<tbody>\n<tr>\n<td class=\"izq\" valign=\"top\"><img decoding=\"async\" class=\"alignnone size-full wp-image-48\" src=\"https:\/\/www.meldelperello.com\/wp-content\/uploads\/2022\/02\/i2.svg\" alt=\"DEL RUSC AL POT\" width=\"100%\" height=\"auto\" \/><\/td>\n<td class=\"der\" valign=\"top\">\n<h3>DE LA RUCHE<br \/>\nAU POT<\/h3>\n<p>Nous avons le meilleur miel naturel, pur et artisanal. Nous le transposons directement de la ruche au pot, pr\u00eat \u00e0 \u00eatre servi. <strong>Du miel \u00e0 l\u2019\u00e9tat pur<\/strong>.<\/td>\n<\/tr>\n<\/tbody>\n<\/table>\n<p>[\/vc_column_text][\/vc_column][vc_column width=&#8221;1\/4&#8243;][vc_column_text]<\/p>\n<table border=\"0\" cellspacing=\"0\" cellpadding=\"0\">\n<tbody>\n<tr>\n<td class=\"izq\" valign=\"top\"><img decoding=\"async\" class=\"alignnone size-full wp-image-48\" src=\"https:\/\/www.meldelperello.com\/wp-content\/uploads\/2022\/02\/i3.svg\" alt=\"QUALITAT GARANTIDA\" width=\"100%\" height=\"auto\" \/><\/td>\n<td class=\"der\" valign=\"top\">\n<h3>QUALIT\u00c9<br \/>\nGARANTIE<\/h3>\n<p>Nous sommes la troisi\u00e8me g\u00e9n\u00e9ration d\u2019une famille d\u2019apiculteurs. Notre exp\u00e9rience garantit la qualit\u00e9 de nos produits. <strong>Tradition et excellence<\/strong>.<\/td>\n<\/tr>\n<\/tbody>\n<\/table>\n<p>[\/vc_column_text][\/vc_column][vc_column width=&#8221;1\/4&#8243;][vc_column_text]<\/p>\n<table border=\"0\" cellspacing=\"0\" cellpadding=\"0\">\n<tbody>\n<tr>\n<td class=\"izq\" valign=\"top\"><img decoding=\"async\" class=\"alignnone size-full wp-image-48\" src=\"https:\/\/www.meldelperello.com\/wp-content\/uploads\/2022\/02\/l1.png\" alt=\"RESERVA DE LA BIOSFERA\" width=\"100%\" height=\"auto\" \/><\/td>\n<td class=\"der\" valign=\"top\">\n<h3>R\u00c9SERVE<br \/>\nDE BIOSPH\u00c8RE<\/h3>\n<p>Nous sommes reconnus par le label \u00ab Reserva de la Biosfera de les Terres de l\u2019Ebre \u00bb, une distinction internationale d\u00e9cern\u00e9e par l\u2019UNESCO. <strong>Territoire apicole<\/strong>.<\/td>\n<\/tr>\n<\/tbody>\n<\/table>\n<p>[\/vc_column_text][\/vc_column][\/vc_row][vc_row][vc_column][vc_column_text el_class=&#8221;home_h2&#8243; css=&#8221;.vc_custom_1654082489929{margin-top: 40px !important;margin-bottom: 60px !important;}&#8221;]<\/p>\n<h2 style=\"text-align: center;\">NOS PRODUITS<\/h2>\n<p>[\/vc_column_text][\/vc_column][\/vc_row][vc_row gap=&#8221;15&#8243; el_class=&#8221;productos&#8221;][vc_column width=&#8221;1\/3&#8243;][vc_single_image image=&#8221;9333&#8243; img_size=&#8221;full&#8221; alignment=&#8221;center&#8221; onclick=&#8221;custom_link&#8221; css=&#8221;.vc_custom_1654016725550{margin-bottom: 15px !important;}&#8221; link=&#8221;\/fr\/produits\/miel\/&#8221;][vc_column_text css=&#8221;.vc_custom_1654082553333{margin-bottom: 40px !important;}&#8221;]<\/p>\n<h3 style=\"text-align: center;\"><strong>MIELS<\/strong><\/h3>\n<p>[\/vc_column_text][\/vc_column][vc_column width=&#8221;1\/3&#8243;][vc_single_image image=&#8221;9341&#8243; img_size=&#8221;full&#8221; alignment=&#8221;center&#8221; onclick=&#8221;custom_link&#8221; css=&#8221;.vc_custom_1654016773727{margin-bottom: 15px !important;}&#8221; link=&#8221;\/fr\/produits\/pollen\/&#8221;][vc_column_text css=&#8221;.vc_custom_1654082559188{margin-bottom: 40px !important;}&#8221;]<\/p>\n<h3 style=\"text-align: center;\"><strong>POLLEN<\/strong><\/h3>\n<p>[\/vc_column_text][\/vc_column][vc_column width=&#8221;1\/3&#8243;][vc_single_image image=&#8221;9345&#8243; img_size=&#8221;full&#8221; alignment=&#8221;center&#8221; onclick=&#8221;custom_link&#8221; css=&#8221;.vc_custom_1654016848868{margin-bottom: 15px !important;}&#8221; link=&#8221;\/fr\/produits\/propolis\/&#8221;][vc_column_text css=&#8221;.vc_custom_1654082565485{margin-bottom: 40px !important;}&#8221;]<\/p>\n<h3 style=\"text-align: center;\"><strong>PROPOLIS<\/strong><\/h3>\n<p>[\/vc_column_text][\/vc_column][\/vc_row][vc_row gap=&#8221;15&#8243; el_class=&#8221;productos&#8221;][vc_column width=&#8221;1\/3&#8243;][vc_single_image image=&#8221;9694&#8243; img_size=&#8221;full&#8221; alignment=&#8221;center&#8221; onclick=&#8221;custom_link&#8221; css=&#8221;.vc_custom_1654016939469{margin-bottom: 15px !important;}&#8221; link=&#8221;\/fr\/produits\/miel-a-valeur-ajoutee&#8221;][vc_column_text css=&#8221;.vc_custom_1654082572404{margin-bottom: 40px !important;}&#8221;]<\/p>\n<h3 style=\"text-align: center;\"><strong>MIEL \u00c0 VALEUR AJOUT\u00c9E<\/strong><\/h3>\n<p>[\/vc_column_text][\/vc_column][vc_column width=&#8221;1\/3&#8243;][vc_single_image image=&#8221;9325&#8243; img_size=&#8221;full&#8221; alignment=&#8221;center&#8221; onclick=&#8221;custom_link&#8221; css=&#8221;.vc_custom_1654017000271{margin-bottom: 15px !important;}&#8221; link=&#8221;\/fr\/produits\/gelee-royale\/&#8221;][vc_column_text css=&#8221;.vc_custom_1654082584519{margin-bottom: 40px !important;}&#8221;]<\/p>\n<h3 style=\"text-align: center;\"><strong>GEL\u00c9E ROYALE<\/strong><\/h3>\n<p>[\/vc_column_text][\/vc_column][vc_column width=&#8221;1\/3&#8243;][vc_single_image image=&#8221;9321&#8243; img_size=&#8221;full&#8221; alignment=&#8221;center&#8221; onclick=&#8221;custom_link&#8221; css=&#8221;.vc_custom_1654017076780{margin-bottom: 15px !important;}&#8221; link=&#8221;\/fr\/produits\/produits-cosmetiques\/&#8221;][vc_column_text css=&#8221;.vc_custom_1654082590910{margin-bottom: 40px !important;}&#8221;]<\/p>\n<h3 style=\"text-align: center;\"><strong>PRODUITS COSM\u00c9TIQUES<\/strong><\/h3>\n<p>[\/vc_column_text][\/vc_column][\/vc_row][vc_row gap=&#8221;15&#8243; el_class=&#8221;productos&#8221;][vc_column width=&#8221;1\/3&#8243;][vc_single_image image=&#8221;9337&#8243; img_size=&#8221;full&#8221; alignment=&#8221;center&#8221; onclick=&#8221;custom_link&#8221; css=&#8221;.vc_custom_1654017129292{margin-bottom: 15px !important;}&#8221; link=&#8221;\/fr\/produits\/huile-olive&#8221;][vc_column_text css=&#8221;.vc_custom_1654082598316{margin-bottom: 40px !important;}&#8221;]<\/p>\n<h3 style=\"text-align: center;\"><strong>HUILE D\u2019OLIVE<\/strong><\/h3>\n<p>[\/vc_column_text][\/vc_column][vc_column width=&#8221;1\/3&#8243;][vc_single_image image=&#8221;9329&#8243; img_size=&#8221;full&#8221; alignment=&#8221;center&#8221; onclick=&#8221;custom_link&#8221; css=&#8221;.vc_custom_1654017210164{margin-bottom: 15px !important;}&#8221; link=&#8221;\/fr\/produits\/hydromel-et-vinaigre\/&#8221;][vc_column_text css=&#8221;.vc_custom_1654082578468{margin-bottom: 40px !important;}&#8221;]<\/p>\n<h3 style=\"text-align: center;\"><strong>HYDROMEL ET VINAIGRE<\/strong><\/h3>\n<p>[\/vc_column_text][\/vc_column][vc_column width=&#8221;1\/3&#8243;][vc_single_image image=&#8221;9317&#8243; img_size=&#8221;full&#8221; alignment=&#8221;center&#8221; onclick=&#8221;custom_link&#8221; css=&#8221;.vc_custom_1654017270525{margin-bottom: 15px !important;}&#8221; link=&#8221;\/fr\/produits\/autres-produits\/&#8221;][vc_column_text css=&#8221;.vc_custom_1654082604623{margin-bottom: 40px !important;}&#8221;]<\/p>\n<h3 style=\"text-align: center;\"><strong>AUTRES PRODUITS<\/strong><\/h3>\n<p>[\/vc_column_text][\/vc_column][\/vc_row][vc_row bg_type=&#8221;u_iframe&#8221; u_video_url=&#8221;https:\/\/www.youtube.com\/watch?v=_RleL1KSleg&#8221; video_opts=&#8221;loop,muted&#8221; viewport_vdo=&#8221;viewport_play&#8221; bg_override=&#8221;full&#8221; el_class=&#8221;blanco&#8221; css=&#8221;.vc_custom_1654863660141{margin-top: 30px !important;margin-bottom: 30px !important;padding-top: 50px !important;padding-bottom: 20px !important;}&#8221;][vc_column][vc_column_text css=&#8221;.vc_custom_1654082615403{margin-bottom: 5px !important;}&#8221;]<\/p>\n<h3 style=\"text-align: center;\">MIEL D&#8217;EL PERELL\u00d3<\/h3>\n<p>[\/vc_column_text][vc_column_text el_class=&#8221;home_h2&#8243;]<\/p>\n<h2 style=\"text-align: center;\"><strong>3 G\u00c9N\u00c9RATIONS ET 3 FR\u00c8RES<br \/>\n\u00c0 L\u2019ORIGINE DU MEILLEUR MIEL <\/strong><\/h2>\n<p>[\/vc_column_text][vc_single_image image=&#8221;8328&#8243; img_size=&#8221;full&#8221; alignment=&#8221;center&#8221;][\/vc_column][\/vc_row][vc_row bg_type=&#8221;image&#8221; parallax_style=&#8221;vcpb-default&#8221; bg_image_new=&#8221;id^98|url^https:\/\/www.meldelperello.com\/wp-content\/uploads\/2022\/02\/bg-1.jpg|caption^null|alt^null|title^bg|description^null&#8221; bg_image_repeat=&#8221;no-repeat&#8221; bg_override=&#8221;full&#8221; css=&#8221;.vc_custom_1654772277870{padding-top: 50px !important;padding-bottom: 160px !important;}&#8221;][vc_column][vc_column_text css=&#8221;.vc_custom_1645540086169{margin-bottom: 5px !important;}&#8221;]<\/p>\n<h3 style=\"text-align: center;\">TERRES DE L&#8217;EBRE<\/h3>\n<p>[\/vc_column_text][vc_column_text el_class=&#8221;home_h2&#8243;]<\/p>\n<h2 style=\"text-align: center;\"><strong>R\u00c9SERVE DE BIOSPH\u00c8RE<\/strong><\/h2>\n<p>[\/vc_column_text][vc_single_image image=&#8221;8337&#8243; img_size=&#8221;full&#8221; alignment=&#8221;center&#8221;][vc_column_text]<\/p>\n<p style=\"text-align: center;\">Les abeilles sont essentielles pour l&#8217;environnement, pour la vie. Notre travail contribue \u00e0 les pr\u00e9server. Nous sommes un essaim.<\/p>\n<p>[\/vc_column_text][\/vc_column][\/vc_row]<\/p>\n<\/div>","protected":false},"excerpt":{"rendered":"<p>[vc_row][vc_column][vc_column_text css=&#8221;.vc_custom_1654082112466{margin-top: 20px !important;margin-bottom: 50px !important;}&#8221;] MIEL D\u2019EL PERELL\u00d3 AVI LLU\u00cdS D\u00e8s la tradition et l\u2019exp\u00e9rience, nous \u00e9laborons miel avec passion et excellence [\/vc_column_text][\/vc_column][\/vc_row][vc_row css=&#8221;.vc_custom_1645534057455{margin-bottom: 20px !important;}&#8221;][vc_column][vc_column_text css=&#8221;.vc_custom_1654082356898{margin-bottom: 50px !important;}&#8221;] MILLE ET UN MIEL Miel de romarin, miel de thym, miel de bruy\u00e8re, miel de for\u00eat, miel d&#8217;eucalyptus, miel de fleurs, nid d&#8217;abeille, pollen, propolis&#8230;&hellip;<\/p>\n","protected":false},"author":1,"featured_media":8325,"parent":0,"menu_order":0,"comment_status":"closed","ping_status":"closed","template":"","meta":{"inline_featured_image":false,"footnotes":""},"class_list":["post-10538","page","type-page","status-publish","has-post-thumbnail","hentry","description-off"],"yoast_head":"<!-- This site is optimized with the Yoast SEO plugin v27.3 - https:\/\/yoast.com\/product\/yoast-seo-wordpress\/ -->\n<title>Mel del Perell\u00f3 - L&#039;Avi Llu\u00eds<\/title>\n<meta name=\"description\" content=\"\u2705 Mel del Perell\u00f3, nous sommes une entreprise familiale situ\u00e9e \u00e0 El Perell\u00f3, une ville avec une longue tradition apicole. Miel, pollen, gel\u00e9e royale, propolis.\" \/>\n<meta name=\"robots\" content=\"index, follow, max-snippet:-1, max-image-preview:large, max-video-preview:-1\" \/>\n<link rel=\"canonical\" href=\"https:\/\/www.meldelperello.com\/fr\/\" \/>\n<meta property=\"og:locale\" content=\"fr_FR\" \/>\n<meta property=\"og:type\" content=\"article\" \/>\n<meta property=\"og:title\" content=\"Mel del Perell\u00f3 - L&#039;Avi Llu\u00eds\" \/>\n<meta property=\"og:description\" content=\"\u2705 Mel del Perell\u00f3, nous sommes une entreprise familiale situ\u00e9e \u00e0 El Perell\u00f3, une ville avec une longue tradition apicole. Miel, pollen, gel\u00e9e royale, propolis.\" \/>\n<meta property=\"og:url\" content=\"https:\/\/www.meldelperello.com\/fr\/\" \/>\n<meta property=\"og:site_name\" content=\"L&#039;Avi Llu\u00eds\" \/>\n<meta property=\"article:publisher\" content=\"https:\/\/www.facebook.com\/avi.lluis\/\" \/>\n<meta property=\"article:modified_time\" content=\"2022-06-10T12:21:04+00:00\" \/>\n<meta property=\"og:image\" content=\"https:\/\/www.meldelperello.com\/wp-content\/uploads\/2022\/02\/p1.jpg\" \/>\n\t<meta property=\"og:image:width\" content=\"600\" \/>\n\t<meta property=\"og:image:height\" content=\"650\" \/>\n\t<meta property=\"og:image:type\" content=\"image\/jpeg\" \/>\n<meta name=\"twitter:card\" content=\"summary_large_image\" \/>\n<meta name=\"twitter:label1\" content=\"Dur\u00e9e de lecture estim\u00e9e\" \/>\n\t<meta name=\"twitter:data1\" content=\"4 minutes\" \/>\n<script type=\"application\/ld+json\" class=\"yoast-schema-graph\">{\"@context\":\"https:\\\/\\\/schema.org\",\"@graph\":[{\"@type\":\"WebPage\",\"@id\":\"https:\\\/\\\/www.meldelperello.com\\\/fr\\\/\",\"url\":\"https:\\\/\\\/www.meldelperello.com\\\/fr\\\/\",\"name\":\"Mel del Perell\u00f3 - L&#039;Avi Llu\u00eds\",\"isPartOf\":{\"@id\":\"https:\\\/\\\/www.meldelperello.com\\\/fr\\\/#website\"},\"primaryImageOfPage\":{\"@id\":\"https:\\\/\\\/www.meldelperello.com\\\/fr\\\/#primaryimage\"},\"image\":{\"@id\":\"https:\\\/\\\/www.meldelperello.com\\\/fr\\\/#primaryimage\"},\"thumbnailUrl\":\"https:\\\/\\\/www.meldelperello.com\\\/wp-content\\\/uploads\\\/2022\\\/02\\\/p1.jpg\",\"datePublished\":\"2022-02-17T17:31:42+00:00\",\"dateModified\":\"2022-06-10T12:21:04+00:00\",\"description\":\"\u2705 Mel del Perell\u00f3, nous sommes une entreprise familiale situ\u00e9e \u00e0 El Perell\u00f3, une ville avec une longue tradition apicole. Miel, pollen, gel\u00e9e royale, propolis.\",\"breadcrumb\":{\"@id\":\"https:\\\/\\\/www.meldelperello.com\\\/fr\\\/#breadcrumb\"},\"inLanguage\":\"fr-FR\",\"potentialAction\":[{\"@type\":\"ReadAction\",\"target\":[\"https:\\\/\\\/www.meldelperello.com\\\/fr\\\/\"]}]},{\"@type\":\"ImageObject\",\"inLanguage\":\"fr-FR\",\"@id\":\"https:\\\/\\\/www.meldelperello.com\\\/fr\\\/#primaryimage\",\"url\":\"https:\\\/\\\/www.meldelperello.com\\\/wp-content\\\/uploads\\\/2022\\\/02\\\/p1.jpg\",\"contentUrl\":\"https:\\\/\\\/www.meldelperello.com\\\/wp-content\\\/uploads\\\/2022\\\/02\\\/p1.jpg\",\"width\":600,\"height\":650},{\"@type\":\"BreadcrumbList\",\"@id\":\"https:\\\/\\\/www.meldelperello.com\\\/fr\\\/#breadcrumb\",\"itemListElement\":[{\"@type\":\"ListItem\",\"position\":1,\"name\":\"Inici\",\"item\":\"https:\\\/\\\/www.meldelperello.com\\\/fr\\\/\"},{\"@type\":\"ListItem\",\"position\":2,\"name\":\"Accueil\"}]},{\"@type\":\"WebSite\",\"@id\":\"https:\\\/\\\/www.meldelperello.com\\\/fr\\\/#website\",\"url\":\"https:\\\/\\\/www.meldelperello.com\\\/fr\\\/\",\"name\":\"L&#039;Avi Llu\u00eds\",\"description\":\"Apicultors i productors de mel natural, pura i artesana\",\"publisher\":{\"@id\":\"https:\\\/\\\/www.meldelperello.com\\\/fr\\\/#organization\"},\"potentialAction\":[{\"@type\":\"SearchAction\",\"target\":{\"@type\":\"EntryPoint\",\"urlTemplate\":\"https:\\\/\\\/www.meldelperello.com\\\/fr\\\/?s={search_term_string}\"},\"query-input\":{\"@type\":\"PropertyValueSpecification\",\"valueRequired\":true,\"valueName\":\"search_term_string\"}}],\"inLanguage\":\"fr-FR\"},{\"@type\":\"Organization\",\"@id\":\"https:\\\/\\\/www.meldelperello.com\\\/fr\\\/#organization\",\"name\":\"L'Avi Llu\u00eds\",\"url\":\"https:\\\/\\\/www.meldelperello.com\\\/fr\\\/\",\"logo\":{\"@type\":\"ImageObject\",\"inLanguage\":\"fr-FR\",\"@id\":\"https:\\\/\\\/www.meldelperello.com\\\/fr\\\/#\\\/schema\\\/logo\\\/image\\\/\",\"url\":\"https:\\\/\\\/www.meldelperello.com\\\/wp-content\\\/uploads\\\/2022\\\/02\\\/logo.svg\",\"contentUrl\":\"https:\\\/\\\/www.meldelperello.com\\\/wp-content\\\/uploads\\\/2022\\\/02\\\/logo.svg\",\"width\":137,\"height\":121,\"caption\":\"L'Avi Llu\u00eds\"},\"image\":{\"@id\":\"https:\\\/\\\/www.meldelperello.com\\\/fr\\\/#\\\/schema\\\/logo\\\/image\\\/\"},\"sameAs\":[\"https:\\\/\\\/www.facebook.com\\\/avi.lluis\\\/\",\"https:\\\/\\\/www.instagram.com\\\/avilluis_meldelperello\\\/\",\"https:\\\/\\\/www.youtube.com\\\/c\\\/MeldelperelloAviLluis\"]}]}<\/script>\n<!-- \/ Yoast SEO plugin. -->","yoast_head_json":{"title":"Mel del Perell\u00f3 - L&#039;Avi Llu\u00eds","description":"\u2705 Mel del Perell\u00f3, nous sommes une entreprise familiale situ\u00e9e \u00e0 El Perell\u00f3, une ville avec une longue tradition apicole. Miel, pollen, gel\u00e9e royale, propolis.","robots":{"index":"index","follow":"follow","max-snippet":"max-snippet:-1","max-image-preview":"max-image-preview:large","max-video-preview":"max-video-preview:-1"},"canonical":"https:\/\/www.meldelperello.com\/fr\/","og_locale":"fr_FR","og_type":"article","og_title":"Mel del Perell\u00f3 - L&#039;Avi Llu\u00eds","og_description":"\u2705 Mel del Perell\u00f3, nous sommes une entreprise familiale situ\u00e9e \u00e0 El Perell\u00f3, une ville avec une longue tradition apicole. Miel, pollen, gel\u00e9e royale, propolis.","og_url":"https:\/\/www.meldelperello.com\/fr\/","og_site_name":"L&#039;Avi Llu\u00eds","article_publisher":"https:\/\/www.facebook.com\/avi.lluis\/","article_modified_time":"2022-06-10T12:21:04+00:00","og_image":[{"width":600,"height":650,"url":"https:\/\/www.meldelperello.com\/wp-content\/uploads\/2022\/02\/p1.jpg","type":"image\/jpeg"}],"twitter_card":"summary_large_image","twitter_misc":{"Dur\u00e9e de lecture estim\u00e9e":"4 minutes"},"schema":{"@context":"https:\/\/schema.org","@graph":[{"@type":"WebPage","@id":"https:\/\/www.meldelperello.com\/fr\/","url":"https:\/\/www.meldelperello.com\/fr\/","name":"Mel del Perell\u00f3 - L&#039;Avi Llu\u00eds","isPartOf":{"@id":"https:\/\/www.meldelperello.com\/fr\/#website"},"primaryImageOfPage":{"@id":"https:\/\/www.meldelperello.com\/fr\/#primaryimage"},"image":{"@id":"https:\/\/www.meldelperello.com\/fr\/#primaryimage"},"thumbnailUrl":"https:\/\/www.meldelperello.com\/wp-content\/uploads\/2022\/02\/p1.jpg","datePublished":"2022-02-17T17:31:42+00:00","dateModified":"2022-06-10T12:21:04+00:00","description":"\u2705 Mel del Perell\u00f3, nous sommes une entreprise familiale situ\u00e9e \u00e0 El Perell\u00f3, une ville avec une longue tradition apicole. Miel, pollen, gel\u00e9e royale, propolis.","breadcrumb":{"@id":"https:\/\/www.meldelperello.com\/fr\/#breadcrumb"},"inLanguage":"fr-FR","potentialAction":[{"@type":"ReadAction","target":["https:\/\/www.meldelperello.com\/fr\/"]}]},{"@type":"ImageObject","inLanguage":"fr-FR","@id":"https:\/\/www.meldelperello.com\/fr\/#primaryimage","url":"https:\/\/www.meldelperello.com\/wp-content\/uploads\/2022\/02\/p1.jpg","contentUrl":"https:\/\/www.meldelperello.com\/wp-content\/uploads\/2022\/02\/p1.jpg","width":600,"height":650},{"@type":"BreadcrumbList","@id":"https:\/\/www.meldelperello.com\/fr\/#breadcrumb","itemListElement":[{"@type":"ListItem","position":1,"name":"Inici","item":"https:\/\/www.meldelperello.com\/fr\/"},{"@type":"ListItem","position":2,"name":"Accueil"}]},{"@type":"WebSite","@id":"https:\/\/www.meldelperello.com\/fr\/#website","url":"https:\/\/www.meldelperello.com\/fr\/","name":"L&#039;Avi Llu\u00eds","description":"Apicultors i productors de mel natural, pura i artesana","publisher":{"@id":"https:\/\/www.meldelperello.com\/fr\/#organization"},"potentialAction":[{"@type":"SearchAction","target":{"@type":"EntryPoint","urlTemplate":"https:\/\/www.meldelperello.com\/fr\/?s={search_term_string}"},"query-input":{"@type":"PropertyValueSpecification","valueRequired":true,"valueName":"search_term_string"}}],"inLanguage":"fr-FR"},{"@type":"Organization","@id":"https:\/\/www.meldelperello.com\/fr\/#organization","name":"L'Avi Llu\u00eds","url":"https:\/\/www.meldelperello.com\/fr\/","logo":{"@type":"ImageObject","inLanguage":"fr-FR","@id":"https:\/\/www.meldelperello.com\/fr\/#\/schema\/logo\/image\/","url":"https:\/\/www.meldelperello.com\/wp-content\/uploads\/2022\/02\/logo.svg","contentUrl":"https:\/\/www.meldelperello.com\/wp-content\/uploads\/2022\/02\/logo.svg","width":137,"height":121,"caption":"L'Avi Llu\u00eds"},"image":{"@id":"https:\/\/www.meldelperello.com\/fr\/#\/schema\/logo\/image\/"},"sameAs":["https:\/\/www.facebook.com\/avi.lluis\/","https:\/\/www.instagram.com\/avilluis_meldelperello\/","https:\/\/www.youtube.com\/c\/MeldelperelloAviLluis"]}]}},"_links":{"self":[{"href":"https:\/\/www.meldelperello.com\/fr\/wp-json\/wp\/v2\/pages\/10538","targetHints":{"allow":["GET"]}}],"collection":[{"href":"https:\/\/www.meldelperello.com\/fr\/wp-json\/wp\/v2\/pages"}],"about":[{"href":"https:\/\/www.meldelperello.com\/fr\/wp-json\/wp\/v2\/types\/page"}],"author":[{"embeddable":true,"href":"https:\/\/www.meldelperello.com\/fr\/wp-json\/wp\/v2\/users\/1"}],"replies":[{"embeddable":true,"href":"https:\/\/www.meldelperello.com\/fr\/wp-json\/wp\/v2\/comments?post=10538"}],"version-history":[{"count":8,"href":"https:\/\/www.meldelperello.com\/fr\/wp-json\/wp\/v2\/pages\/10538\/revisions"}],"predecessor-version":[{"id":10774,"href":"https:\/\/www.meldelperello.com\/fr\/wp-json\/wp\/v2\/pages\/10538\/revisions\/10774"}],"wp:featuredmedia":[{"embeddable":true,"href":"https:\/\/www.meldelperello.com\/fr\/wp-json\/wp\/v2\/media\/8325"}],"wp:attachment":[{"href":"https:\/\/www.meldelperello.com\/fr\/wp-json\/wp\/v2\/media?parent=10538"}],"curies":[{"name":"wp","href":"https:\/\/api.w.org\/{rel}","templated":true}]}}