{"id":10533,"date":"2022-03-29T19:48:54","date_gmt":"2022-03-29T17:48:54","guid":{"rendered":"https:\/\/perello.debonatinta.com\/produits\/altres-productes\/"},"modified":"2023-11-14T12:08:43","modified_gmt":"2023-11-14T11:08:43","slug":"autres-produits","status":"publish","type":"page","link":"https:\/\/www.meldelperello.com\/fr\/produits\/autres-produits\/","title":{"rendered":"AUTRES PRODUITS"},"content":{"rendered":"<div class=\"wpb-content-wrapper\"><p>[vc_row gap=&#8221;25&#8243; el_class=&#8221;producto&#8221;][vc_column][vc_column_text css=&#8221;.vc_custom_1654081506735{margin-bottom: 50px !important;}&#8221;]<\/p>\n<h1 style=\"text-align: center;\"><strong>AUTRES PRODUITS<\/strong><\/h1>\n<p>[\/vc_column_text][\/vc_column][\/vc_row][vc_row gap=&#8221;15&#8243; el_class=&#8221;formatos&#8221; css=&#8221;.vc_custom_1645553046136{margin-bottom: 60px !important;}&#8221;][vc_column width=&#8221;1\/3&#8243;][vc_single_image image=&#8221;11186&#8243; img_size=&#8221;full&#8221; alignment=&#8221;center&#8221; image_hovers=&#8221;false&#8221; css=&#8221;.vc_custom_1699357708171{margin-bottom: 25px !important;}&#8221;][vc_column_text css=&#8221;.vc_custom_1670834818219{margin-bottom: 40px !important;}&#8221;]<\/p>\n<h3 style=\"text-align: center;\">R\u00e9f. 600013 &#8211; BONBONS CITRON MIEL<br \/>\n80 GR.<\/h3>\n<p style=\"text-align: center;\"><strong>EAN-13: 8437013977975<\/strong><\/p>\n<p>[\/vc_column_text][\/vc_column][vc_column width=&#8221;1\/3&#8243;][vc_single_image image=&#8221;11194&#8243; img_size=&#8221;full&#8221; alignment=&#8221;center&#8221; image_hovers=&#8221;false&#8221; css=&#8221;.vc_custom_1699357716622{margin-bottom: 25px !important;}&#8221;][vc_column_text css=&#8221;.vc_custom_1670834826687{margin-bottom: 40px !important;}&#8221;]<\/p>\n<h3 style=\"text-align: center;\">R\u00e9f. 600015 &#8211; BONBONS MIEL EUCALYPTUS<br \/>\n80 gr.<\/h3>\n<p style=\"text-align: center;\"><strong>EAN-13: 8437013977999<\/strong><\/p>\n<p>[\/vc_column_text][\/vc_column][vc_column width=&#8221;1\/3&#8243;][vc_single_image image=&#8221;11214&#8243; img_size=&#8221;full&#8221; alignment=&#8221;center&#8221; image_hovers=&#8221;false&#8221; css=&#8221;.vc_custom_1699357731439{margin-bottom: 25px !important;}&#8221;][vc_column_text css=&#8221;.vc_custom_1670834861057{margin-bottom: 40px !important;}&#8221;]<\/p>\n<h3 style=\"text-align: center;\">R\u00e9f. 600019 &#8211; BONBONS MIEL ROMARIN<br \/>\n80 GR.<\/h3>\n<p style=\"text-align: center;\"><strong>EAN-13: 8436554510030<\/strong><\/p>\n<p>[\/vc_column_text][\/vc_column][\/vc_row][vc_row gap=&#8221;15&#8243; el_class=&#8221;formatos&#8221; css=&#8221;.vc_custom_1645553046136{margin-bottom: 60px !important;}&#8221;][vc_column width=&#8221;1\/3&#8243;][vc_single_image image=&#8221;11210&#8243; img_size=&#8221;full&#8221; alignment=&#8221;center&#8221; image_hovers=&#8221;false&#8221; css=&#8221;.vc_custom_1699357742988{margin-bottom: 25px !important;}&#8221;][vc_column_text css=&#8221;.vc_custom_1670834884420{margin-bottom: 40px !important;}&#8221;]<\/p>\n<h3 style=\"text-align: center;\">R\u00e9f. 600020 &#8211; DIVERS BONBONS AU MIEL<br \/>\n80 GR.<\/h3>\n<p style=\"text-align: center;\"><strong>EAN-13: 8436554510047<\/strong><\/p>\n<p>[\/vc_column_text][\/vc_column][vc_column width=&#8221;1\/3&#8243;][vc_single_image image=&#8221;11198&#8243; img_size=&#8221;full&#8221; alignment=&#8221;center&#8221; image_hovers=&#8221;false&#8221; css=&#8221;.vc_custom_1699357752425{margin-bottom: 25px !important;}&#8221;][vc_column_text css=&#8221;.vc_custom_1670834940522{margin-bottom: 40px !important;}&#8221;]<\/p>\n<h3 style=\"text-align: center;\">R\u00e9f 600021 \u2013 BONBONS MIEL PROPOLIS<br \/>\n80 GR.<\/h3>\n<p style=\"text-align: center;\"><strong>EAN-13: 8436554510054<\/strong><\/p>\n<p>[\/vc_column_text][\/vc_column][vc_column width=&#8221;1\/3&#8243;][vc_single_image image=&#8221;11182&#8243; img_size=&#8221;full&#8221; alignment=&#8221;center&#8221; image_hovers=&#8221;false&#8221; css=&#8221;.vc_custom_1699357765260{margin-bottom: 25px !important;}&#8221;][vc_column_text css=&#8221;.vc_custom_1670834984000{margin-bottom: 40px !important;}&#8221;]<\/p>\n<h3 style=\"text-align: center;\">R\u00e9f. 600022 &#8211; BONBONS FOURR\u00c9S AU MIEL ORANGE<br \/>\n80 GR.<\/h3>\n<p style=\"text-align: center;\"><strong>EAN-13: 8436554510061<\/strong><\/p>\n<p>[\/vc_column_text][\/vc_column][\/vc_row][vc_row gap=&#8221;15&#8243; el_class=&#8221;formatos&#8221; css=&#8221;.vc_custom_1645553046136{margin-bottom: 60px !important;}&#8221;][vc_column width=&#8221;1\/3&#8243;][vc_single_image image=&#8221;11202&#8243; img_size=&#8221;full&#8221; alignment=&#8221;center&#8221; image_hovers=&#8221;false&#8221; css=&#8221;.vc_custom_1699357776450{margin-bottom: 25px !important;}&#8221;][vc_column_text css=&#8221;.vc_custom_1670835005015{margin-bottom: 40px !important;}&#8221;]<\/p>\n<h3 style=\"text-align: center;\">R\u00e9f. 600023 &#8211; BONBONS MIEL GEL\u00c9E ROYALE<br \/>\n100 GR.<\/h3>\n<p style=\"text-align: center;\"><strong>EAN-13: 8436554510078<\/strong><\/p>\n<p>[\/vc_column_text][\/vc_column][vc_column width=&#8221;1\/3&#8243;][vc_single_image image=&#8221;11206&#8243; img_size=&#8221;full&#8221; alignment=&#8221;center&#8221; image_hovers=&#8221;false&#8221; css=&#8221;.vc_custom_1699357786495{margin-bottom: 25px !important;}&#8221;][vc_column_text css=&#8221;.vc_custom_1670835026887{margin-bottom: 40px !important;}&#8221;]<\/p>\n<h3 style=\"text-align: center;\">R\u00e9f. 600024 &#8211; BONBONS GINGEMBRE MIEL<br \/>\n80 GR.<\/h3>\n<p style=\"text-align: center;\"><strong>EAN-13: 8436554510085<\/strong><\/p>\n<p>[\/vc_column_text][\/vc_column][vc_column width=&#8221;1\/3&#8243;][vc_single_image image=&#8221;11190&#8243; img_size=&#8221;full&#8221; alignment=&#8221;center&#8221; image_hovers=&#8221;false&#8221; css=&#8221;.vc_custom_1699442497684{margin-bottom: 25px !important;}&#8221;][vc_column_text css=&#8221;.vc_custom_1699442514579{margin-bottom: 40px !important;}&#8221;]<\/p>\n<h3 style=\"text-align: center;\">R\u00e9f. 600025 &#8211; BONBONS THYM MIEL<br \/>\n80 GR.<\/h3>\n<p style=\"text-align: center;\"><strong>EAN-13: 8437013977982<\/strong><\/p>\n<p>[\/vc_column_text][\/vc_column][\/vc_row][vc_row gap=&#8221;15&#8243; el_class=&#8221;formatos&#8221; css=&#8221;.vc_custom_1645553046136{margin-bottom: 60px !important;}&#8221;][vc_column width=&#8221;1\/3&#8243;][vc_single_image image=&#8221;9663&#8243; img_size=&#8221;full&#8221; alignment=&#8221;center&#8221; image_hovers=&#8221;false&#8221; css=&#8221;.vc_custom_1648654542914{margin-bottom: 25px !important;}&#8221;][vc_column_text css=&#8221;.vc_custom_1654081840011{margin-bottom: 40px !important;}&#8221;]<\/p>\n<h3 style=\"text-align: center;\">R\u00e9f. 600008 &#8211; PIRULETES AU MIEL<\/h3>\n<p style=\"text-align: center;\"><strong>EAN-13: 2000000003429<\/strong><br \/>\nUn bonbon diff\u00e9rent, sain et 100% naturel.<br \/>\nParfait pour les enfants.<\/p>\n<p>[\/vc_column_text][\/vc_column][vc_column width=&#8221;1\/3&#8243;][vc_single_image image=&#8221;11310&#8243; img_size=&#8221;full&#8221; alignment=&#8221;center&#8221; image_hovers=&#8221;false&#8221; css=&#8221;.vc_custom_1699960032310{margin-bottom: 25px !important;}&#8221;][vc_column_text css=&#8221;.vc_custom_1699960067604{margin-bottom: 40px !important;}&#8221;]<\/p>\n<h3 style=\"text-align: center;\">R\u00e9f. 700003 &#8211; BOUGIES<\/h3>\n<p style=\"text-align: center;\"><strong>EAN-13: 8436554510283<\/strong><br \/>\nLes bougies de L&#8217;AVI Llu\u00eds sont en cire naturelle. Sans paraffine et autres produits chimiques.<br \/>\nLa hauteur de la bougie est de 15 cm et son diam\u00e8tre est de 2 cm.<br \/>\nLa dur\u00e9e est d&#8217;environ 6 heures.<br \/>\nId\u00e9al pour les espaces clos car ils d\u00e9gagent peu de fum\u00e9e et aucune odeur.<\/p>\n<p>[\/vc_column_text][\/vc_column][vc_column width=&#8221;1\/3&#8243;][vc_single_image image=&#8221;11306&#8243; img_size=&#8221;full&#8221; alignment=&#8221;center&#8221; image_hovers=&#8221;false&#8221; css=&#8221;.vc_custom_1699960120186{margin-bottom: 25px !important;}&#8221;][vc_column_text css=&#8221;.vc_custom_1699960104562{margin-bottom: 40px !important;}&#8221;]<\/p>\n<h3 style=\"text-align: center;\">R\u00e9f. 700004 &#8211; BOUGIE SPIRALE<\/h3>\n<p style=\"text-align: center;\"><strong>EAN-13: 8436554510290<\/strong><br \/>\nLes bougies de L&#8217;AVI Llu\u00eds sont en cire naturelle. Sans paraffine et autres produits chimiques.<br \/>\nLa hauteur de la bougie est de 15 cm et son diam\u00e8tre est de 3 cm.<\/p>\n<p>[\/vc_column_text][\/vc_column][\/vc_row][vc_row full_width=&#8221;stretch_row_content_no_spaces&#8221; bg_type=&#8221;image&#8221; parallax_style=&#8221;vcpb-default&#8221; bg_image_new=&#8221;id^9918|url^https:\/\/www.meldelperello.com\/wp-content\/uploads\/2022\/04\/bg-15.jpg|caption^null|alt^null|title^bg|description^null&#8221; bg_image_repeat=&#8221;no-repeat&#8221; bg_override=&#8221;full&#8221; el_class=&#8221;blanco poema&#8221;][vc_column][vc_empty_space height=&#8221;450&#8243;][\/vc_column][\/vc_row]<\/p>\n<\/div>","protected":false},"excerpt":{"rendered":"<p>[vc_row gap=&#8221;25&#8243; el_class=&#8221;producto&#8221;][vc_column][vc_column_text css=&#8221;.vc_custom_1654081506735{margin-bottom: 50px !important;}&#8221;] AUTRES PRODUITS [\/vc_column_text][\/vc_column][\/vc_row][vc_row gap=&#8221;15&#8243; el_class=&#8221;formatos&#8221; css=&#8221;.vc_custom_1645553046136{margin-bottom: 60px !important;}&#8221;][vc_column width=&#8221;1\/3&#8243;][vc_single_image image=&#8221;11186&#8243; img_size=&#8221;full&#8221; alignment=&#8221;center&#8221; image_hovers=&#8221;false&#8221; css=&#8221;.vc_custom_1699357708171{margin-bottom: 25px !important;}&#8221;][vc_column_text css=&#8221;.vc_custom_1670834818219{margin-bottom: 40px !important;}&#8221;] R\u00e9f. 600013 &#8211; BONBONS CITRON MIEL 80 GR. EAN-13: 8437013977975 [\/vc_column_text][\/vc_column][vc_column width=&#8221;1\/3&#8243;][vc_single_image image=&#8221;11194&#8243; img_size=&#8221;full&#8221; alignment=&#8221;center&#8221; image_hovers=&#8221;false&#8221; css=&#8221;.vc_custom_1699357716622{margin-bottom: 25px !important;}&#8221;][vc_column_text css=&#8221;.vc_custom_1670834826687{margin-bottom: 40px !important;}&#8221;] R\u00e9f. 600015 &#8211; BONBONS MIEL EUCALYPTUS 80 gr.&hellip;<\/p>\n","protected":false},"author":1,"featured_media":11210,"parent":10423,"menu_order":0,"comment_status":"closed","ping_status":"closed","template":"","meta":{"inline_featured_image":false,"footnotes":""},"class_list":["post-10533","page","type-page","status-publish","has-post-thumbnail","hentry","description-off"],"yoast_head":"<!-- This site is optimized with the Yoast SEO plugin v27.3 - https:\/\/yoast.com\/product\/yoast-seo-wordpress\/ -->\n<title>AUTRES PRODUITS - L&#039;Avi Llu\u00eds<\/title>\n<meta name=\"description\" content=\"Bonbons au miel et autres produits de la ruche, bougies en cire, nid d&#039;abeille, bonbons au miel. oursons en gel\u00e9e, sucettes au miel, noix au miel.\" \/>\n<meta name=\"robots\" content=\"index, follow, max-snippet:-1, max-image-preview:large, max-video-preview:-1\" \/>\n<link rel=\"canonical\" href=\"https:\/\/www.meldelperello.com\/fr\/produits\/autres-produits\/\" \/>\n<meta property=\"og:locale\" content=\"fr_FR\" \/>\n<meta property=\"og:type\" content=\"article\" \/>\n<meta property=\"og:title\" content=\"AUTRES PRODUITS - L&#039;Avi Llu\u00eds\" \/>\n<meta property=\"og:description\" content=\"Bonbons au miel et autres produits de la ruche, bougies en cire, nid d&#039;abeille, bonbons au miel. oursons en gel\u00e9e, sucettes au miel, noix au miel.\" \/>\n<meta property=\"og:url\" content=\"https:\/\/www.meldelperello.com\/fr\/produits\/autres-produits\/\" \/>\n<meta property=\"og:site_name\" content=\"L&#039;Avi Llu\u00eds\" \/>\n<meta property=\"article:publisher\" content=\"https:\/\/www.facebook.com\/avi.lluis\/\" \/>\n<meta property=\"article:modified_time\" content=\"2023-11-14T11:08:43+00:00\" \/>\n<meta property=\"og:image\" content=\"https:\/\/www.meldelperello.com\/wp-content\/uploads\/2023\/11\/Mel-de-lAvi-Lluis-Envas-de-caramels-18-scaled.jpg\" \/>\n\t<meta property=\"og:image:width\" content=\"2560\" \/>\n\t<meta property=\"og:image:height\" content=\"2560\" \/>\n\t<meta property=\"og:image:type\" content=\"image\/jpeg\" \/>\n<meta name=\"twitter:card\" content=\"summary_large_image\" \/>\n<meta name=\"twitter:label1\" content=\"Dur\u00e9e de lecture estim\u00e9e\" \/>\n\t<meta name=\"twitter:data1\" content=\"3 minutes\" \/>\n<script type=\"application\/ld+json\" class=\"yoast-schema-graph\">{\"@context\":\"https:\\\/\\\/schema.org\",\"@graph\":[{\"@type\":\"WebPage\",\"@id\":\"https:\\\/\\\/www.meldelperello.com\\\/fr\\\/produits\\\/autres-produits\\\/\",\"url\":\"https:\\\/\\\/www.meldelperello.com\\\/fr\\\/produits\\\/autres-produits\\\/\",\"name\":\"AUTRES PRODUITS - L&#039;Avi Llu\u00eds\",\"isPartOf\":{\"@id\":\"https:\\\/\\\/www.meldelperello.com\\\/fr\\\/#website\"},\"primaryImageOfPage\":{\"@id\":\"https:\\\/\\\/www.meldelperello.com\\\/fr\\\/produits\\\/autres-produits\\\/#primaryimage\"},\"image\":{\"@id\":\"https:\\\/\\\/www.meldelperello.com\\\/fr\\\/produits\\\/autres-produits\\\/#primaryimage\"},\"thumbnailUrl\":\"https:\\\/\\\/www.meldelperello.com\\\/wp-content\\\/uploads\\\/2023\\\/11\\\/Mel-de-lAvi-Lluis-Envas-de-caramels-18-scaled.jpg\",\"datePublished\":\"2022-03-29T17:48:54+00:00\",\"dateModified\":\"2023-11-14T11:08:43+00:00\",\"description\":\"Bonbons au miel et autres produits de la ruche, bougies en cire, nid d'abeille, bonbons au miel. oursons en gel\u00e9e, sucettes au miel, noix au miel.\",\"breadcrumb\":{\"@id\":\"https:\\\/\\\/www.meldelperello.com\\\/fr\\\/produits\\\/autres-produits\\\/#breadcrumb\"},\"inLanguage\":\"fr-FR\",\"potentialAction\":[{\"@type\":\"ReadAction\",\"target\":[\"https:\\\/\\\/www.meldelperello.com\\\/fr\\\/produits\\\/autres-produits\\\/\"]}]},{\"@type\":\"ImageObject\",\"inLanguage\":\"fr-FR\",\"@id\":\"https:\\\/\\\/www.meldelperello.com\\\/fr\\\/produits\\\/autres-produits\\\/#primaryimage\",\"url\":\"https:\\\/\\\/www.meldelperello.com\\\/wp-content\\\/uploads\\\/2023\\\/11\\\/Mel-de-lAvi-Lluis-Envas-de-caramels-18-scaled.jpg\",\"contentUrl\":\"https:\\\/\\\/www.meldelperello.com\\\/wp-content\\\/uploads\\\/2023\\\/11\\\/Mel-de-lAvi-Lluis-Envas-de-caramels-18-scaled.jpg\",\"width\":2560,\"height\":2560},{\"@type\":\"BreadcrumbList\",\"@id\":\"https:\\\/\\\/www.meldelperello.com\\\/fr\\\/produits\\\/autres-produits\\\/#breadcrumb\",\"itemListElement\":[{\"@type\":\"ListItem\",\"position\":1,\"name\":\"Inici\",\"item\":\"https:\\\/\\\/www.meldelperello.com\\\/fr\\\/\"},{\"@type\":\"ListItem\",\"position\":2,\"name\":\"PRODUITS\",\"item\":\"https:\\\/\\\/www.meldelperello.com\\\/fr\\\/produits\\\/\"},{\"@type\":\"ListItem\",\"position\":3,\"name\":\"AUTRES PRODUITS\"}]},{\"@type\":\"WebSite\",\"@id\":\"https:\\\/\\\/www.meldelperello.com\\\/fr\\\/#website\",\"url\":\"https:\\\/\\\/www.meldelperello.com\\\/fr\\\/\",\"name\":\"L&#039;Avi Llu\u00eds\",\"description\":\"Apicultors i productors de mel natural, pura i artesana\",\"publisher\":{\"@id\":\"https:\\\/\\\/www.meldelperello.com\\\/fr\\\/#organization\"},\"potentialAction\":[{\"@type\":\"SearchAction\",\"target\":{\"@type\":\"EntryPoint\",\"urlTemplate\":\"https:\\\/\\\/www.meldelperello.com\\\/fr\\\/?s={search_term_string}\"},\"query-input\":{\"@type\":\"PropertyValueSpecification\",\"valueRequired\":true,\"valueName\":\"search_term_string\"}}],\"inLanguage\":\"fr-FR\"},{\"@type\":\"Organization\",\"@id\":\"https:\\\/\\\/www.meldelperello.com\\\/fr\\\/#organization\",\"name\":\"L'Avi Llu\u00eds\",\"url\":\"https:\\\/\\\/www.meldelperello.com\\\/fr\\\/\",\"logo\":{\"@type\":\"ImageObject\",\"inLanguage\":\"fr-FR\",\"@id\":\"https:\\\/\\\/www.meldelperello.com\\\/fr\\\/#\\\/schema\\\/logo\\\/image\\\/\",\"url\":\"https:\\\/\\\/www.meldelperello.com\\\/wp-content\\\/uploads\\\/2022\\\/02\\\/logo.svg\",\"contentUrl\":\"https:\\\/\\\/www.meldelperello.com\\\/wp-content\\\/uploads\\\/2022\\\/02\\\/logo.svg\",\"width\":137,\"height\":121,\"caption\":\"L'Avi Llu\u00eds\"},\"image\":{\"@id\":\"https:\\\/\\\/www.meldelperello.com\\\/fr\\\/#\\\/schema\\\/logo\\\/image\\\/\"},\"sameAs\":[\"https:\\\/\\\/www.facebook.com\\\/avi.lluis\\\/\",\"https:\\\/\\\/www.instagram.com\\\/avilluis_meldelperello\\\/\",\"https:\\\/\\\/www.youtube.com\\\/c\\\/MeldelperelloAviLluis\"]}]}<\/script>\n<!-- \/ Yoast SEO plugin. -->","yoast_head_json":{"title":"AUTRES PRODUITS - L&#039;Avi Llu\u00eds","description":"Bonbons au miel et autres produits de la ruche, bougies en cire, nid d'abeille, bonbons au miel. oursons en gel\u00e9e, sucettes au miel, noix au miel.","robots":{"index":"index","follow":"follow","max-snippet":"max-snippet:-1","max-image-preview":"max-image-preview:large","max-video-preview":"max-video-preview:-1"},"canonical":"https:\/\/www.meldelperello.com\/fr\/produits\/autres-produits\/","og_locale":"fr_FR","og_type":"article","og_title":"AUTRES PRODUITS - L&#039;Avi Llu\u00eds","og_description":"Bonbons au miel et autres produits de la ruche, bougies en cire, nid d'abeille, bonbons au miel. oursons en gel\u00e9e, sucettes au miel, noix au miel.","og_url":"https:\/\/www.meldelperello.com\/fr\/produits\/autres-produits\/","og_site_name":"L&#039;Avi Llu\u00eds","article_publisher":"https:\/\/www.facebook.com\/avi.lluis\/","article_modified_time":"2023-11-14T11:08:43+00:00","og_image":[{"width":2560,"height":2560,"url":"https:\/\/www.meldelperello.com\/wp-content\/uploads\/2023\/11\/Mel-de-lAvi-Lluis-Envas-de-caramels-18-scaled.jpg","type":"image\/jpeg"}],"twitter_card":"summary_large_image","twitter_misc":{"Dur\u00e9e de lecture estim\u00e9e":"3 minutes"},"schema":{"@context":"https:\/\/schema.org","@graph":[{"@type":"WebPage","@id":"https:\/\/www.meldelperello.com\/fr\/produits\/autres-produits\/","url":"https:\/\/www.meldelperello.com\/fr\/produits\/autres-produits\/","name":"AUTRES PRODUITS - L&#039;Avi Llu\u00eds","isPartOf":{"@id":"https:\/\/www.meldelperello.com\/fr\/#website"},"primaryImageOfPage":{"@id":"https:\/\/www.meldelperello.com\/fr\/produits\/autres-produits\/#primaryimage"},"image":{"@id":"https:\/\/www.meldelperello.com\/fr\/produits\/autres-produits\/#primaryimage"},"thumbnailUrl":"https:\/\/www.meldelperello.com\/wp-content\/uploads\/2023\/11\/Mel-de-lAvi-Lluis-Envas-de-caramels-18-scaled.jpg","datePublished":"2022-03-29T17:48:54+00:00","dateModified":"2023-11-14T11:08:43+00:00","description":"Bonbons au miel et autres produits de la ruche, bougies en cire, nid d'abeille, bonbons au miel. oursons en gel\u00e9e, sucettes au miel, noix au miel.","breadcrumb":{"@id":"https:\/\/www.meldelperello.com\/fr\/produits\/autres-produits\/#breadcrumb"},"inLanguage":"fr-FR","potentialAction":[{"@type":"ReadAction","target":["https:\/\/www.meldelperello.com\/fr\/produits\/autres-produits\/"]}]},{"@type":"ImageObject","inLanguage":"fr-FR","@id":"https:\/\/www.meldelperello.com\/fr\/produits\/autres-produits\/#primaryimage","url":"https:\/\/www.meldelperello.com\/wp-content\/uploads\/2023\/11\/Mel-de-lAvi-Lluis-Envas-de-caramels-18-scaled.jpg","contentUrl":"https:\/\/www.meldelperello.com\/wp-content\/uploads\/2023\/11\/Mel-de-lAvi-Lluis-Envas-de-caramels-18-scaled.jpg","width":2560,"height":2560},{"@type":"BreadcrumbList","@id":"https:\/\/www.meldelperello.com\/fr\/produits\/autres-produits\/#breadcrumb","itemListElement":[{"@type":"ListItem","position":1,"name":"Inici","item":"https:\/\/www.meldelperello.com\/fr\/"},{"@type":"ListItem","position":2,"name":"PRODUITS","item":"https:\/\/www.meldelperello.com\/fr\/produits\/"},{"@type":"ListItem","position":3,"name":"AUTRES PRODUITS"}]},{"@type":"WebSite","@id":"https:\/\/www.meldelperello.com\/fr\/#website","url":"https:\/\/www.meldelperello.com\/fr\/","name":"L&#039;Avi Llu\u00eds","description":"Apicultors i productors de mel natural, pura i artesana","publisher":{"@id":"https:\/\/www.meldelperello.com\/fr\/#organization"},"potentialAction":[{"@type":"SearchAction","target":{"@type":"EntryPoint","urlTemplate":"https:\/\/www.meldelperello.com\/fr\/?s={search_term_string}"},"query-input":{"@type":"PropertyValueSpecification","valueRequired":true,"valueName":"search_term_string"}}],"inLanguage":"fr-FR"},{"@type":"Organization","@id":"https:\/\/www.meldelperello.com\/fr\/#organization","name":"L'Avi Llu\u00eds","url":"https:\/\/www.meldelperello.com\/fr\/","logo":{"@type":"ImageObject","inLanguage":"fr-FR","@id":"https:\/\/www.meldelperello.com\/fr\/#\/schema\/logo\/image\/","url":"https:\/\/www.meldelperello.com\/wp-content\/uploads\/2022\/02\/logo.svg","contentUrl":"https:\/\/www.meldelperello.com\/wp-content\/uploads\/2022\/02\/logo.svg","width":137,"height":121,"caption":"L'Avi Llu\u00eds"},"image":{"@id":"https:\/\/www.meldelperello.com\/fr\/#\/schema\/logo\/image\/"},"sameAs":["https:\/\/www.facebook.com\/avi.lluis\/","https:\/\/www.instagram.com\/avilluis_meldelperello\/","https:\/\/www.youtube.com\/c\/MeldelperelloAviLluis"]}]}},"_links":{"self":[{"href":"https:\/\/www.meldelperello.com\/fr\/wp-json\/wp\/v2\/pages\/10533","targetHints":{"allow":["GET"]}}],"collection":[{"href":"https:\/\/www.meldelperello.com\/fr\/wp-json\/wp\/v2\/pages"}],"about":[{"href":"https:\/\/www.meldelperello.com\/fr\/wp-json\/wp\/v2\/types\/page"}],"author":[{"embeddable":true,"href":"https:\/\/www.meldelperello.com\/fr\/wp-json\/wp\/v2\/users\/1"}],"replies":[{"embeddable":true,"href":"https:\/\/www.meldelperello.com\/fr\/wp-json\/wp\/v2\/comments?post=10533"}],"version-history":[{"count":7,"href":"https:\/\/www.meldelperello.com\/fr\/wp-json\/wp\/v2\/pages\/10533\/revisions"}],"predecessor-version":[{"id":11316,"href":"https:\/\/www.meldelperello.com\/fr\/wp-json\/wp\/v2\/pages\/10533\/revisions\/11316"}],"up":[{"embeddable":true,"href":"https:\/\/www.meldelperello.com\/fr\/wp-json\/wp\/v2\/pages\/10423"}],"wp:featuredmedia":[{"embeddable":true,"href":"https:\/\/www.meldelperello.com\/fr\/wp-json\/wp\/v2\/media\/11210"}],"wp:attachment":[{"href":"https:\/\/www.meldelperello.com\/fr\/wp-json\/wp\/v2\/media?parent=10533"}],"curies":[{"name":"wp","href":"https:\/\/api.w.org\/{rel}","templated":true}]}}