{"id":10528,"date":"2022-03-29T17:25:32","date_gmt":"2022-03-29T15:25:32","guid":{"rendered":"https:\/\/perello.debonatinta.com\/produits\/hidromel-i-vinagre\/"},"modified":"2025-09-04T09:27:08","modified_gmt":"2025-09-04T07:27:08","slug":"hydromel-et-vinaigre","status":"publish","type":"page","link":"https:\/\/www.meldelperello.com\/fr\/produits\/hydromel-et-vinaigre\/","title":{"rendered":"HYDROMEL ET VINAIGRE"},"content":{"rendered":"<div class=\"wpb-content-wrapper\"><p>[vc_row][vc_column][vc_column_text]<\/p>\n<h1 style=\"text-align: center;\"><strong>HYDROMEL ET VINAIGRE DE L\u2019AVI LLU\u00cdS<\/strong><\/h1>\n<p>[\/vc_column_text][\/vc_column][\/vc_row][vc_row gap=&#8221;35&#8243;][vc_column width=&#8221;1\/2&#8243;][vc_single_image image=&#8221;9733&#8243; img_size=&#8221;full&#8221; alignment=&#8221;center&#8221;][vc_column_text css=&#8221;.vc_custom_1654081355716{margin-bottom: 60px !important;}&#8221;]<\/p>\n<h3 style=\"text-align: center; font-size: 26px;\"><strong>HYDROMEL <\/strong><\/h3>\n<p style=\"text-align: center;\"><strong>Histoire, tradition et m\u00e9moire. L\u2019hiver vient.<\/strong><\/p>\n<p style=\"text-align: center;\">L\u2019hydromel, ou vin de miel, est une boisson alcoolis\u00e9e \u00e0 base d\u2019eau, de miel et de pollen d\u2019abeille qui se boit frais. Il est id\u00e9al pour accompagner les ap\u00e9ritifs ou les desserts.<\/p>\n<p style=\"text-align: center;\">Il s&#8217;agit probablement de la plus vieille boisson alcoolis\u00e9e du monde. Certaines \u00e9tudes confirment que l\u2019hydromel \u00e9tait d\u00e9j\u00e0 \u00e9labor\u00e9 et consomm\u00e9 par les Grecques, les Romains et les Vikings.<\/p>\n<p style=\"text-align: center;\">Si certaines r\u00e9gions du monde n\u2019ont jamais cess\u00e9 d\u2019en consommer, d\u2019autres, comme la Catalogne, l\u2019ont oubli\u00e9 pendant longtemps. Mais aujourd\u2019hui, sa consommation a \u00e9norm\u00e9ment augment\u00e9 et cette boisson est devenue un ph\u00e9nom\u00e8ne. Elle s\u2019est tr\u00e8s certainement popularis\u00e9e gr\u00e2ce \u00e0 des s\u00e9ries t\u00e9l\u00e9vis\u00e9es comme <em>Game of Thrones, <\/em>dans laquelle les protagonistes en consomment r\u00e9guli\u00e8rement.<\/p>\n<p>[\/vc_column_text][\/vc_column][vc_column width=&#8221;1\/2&#8243;][vc_single_image image=&#8221;9737&#8243; img_size=&#8221;full&#8221; alignment=&#8221;center&#8221;][vc_column_text css=&#8221;.vc_custom_1756970825473{margin-bottom: 60px !important;}&#8221;]<\/p>\n<h3 style=\"text-align: center; font-size: 26px;\"><strong>VINAIGRE DE MIEL<\/strong><\/h3>\n<p style=\"text-align: center;\" data-start=\"1150\" data-end=\"1395\"><strong data-start=\"1150\" data-end=\"1267\">Le vinaigre de miel est le plus ancien utilis\u00e9 par l\u2019homme, puisqu\u2019il est consomm\u00e9 depuis plus de cinq mille ans.<\/strong> Il a toujours \u00e9t\u00e9 un produit tr\u00e8s appr\u00e9ci\u00e9, notamment dans l\u2019\u00c9gypte ancienne, gr\u00e2ce \u00e0 son caract\u00e8re unique et extraordinaire.<\/p>\n<p style=\"text-align: center;\" data-start=\"1397\" data-end=\"1515\">De couleur ambr\u00e9e, brillant et tr\u00e8s aromatique, avec de l\u00e9g\u00e8res notes sucr\u00e9es qui rehaussent la saveur des aliments.<\/p>\n<p style=\"text-align: center;\" data-start=\"1517\" data-end=\"1662\">Excellent pour assaisonner les salades ou mariner les viandes et les poissons, il apporte une touche distinctive et naturelle \u00e0 chaque recette.<\/p>\n<p>[\/vc_column_text][\/vc_column][\/vc_row][vc_row full_width=&#8221;stretch_row_content_no_spaces&#8221; bg_type=&#8221;image&#8221; parallax_style=&#8221;vcpb-vz-jquery&#8221; bg_image_new=&#8221;id^9741|url^https:\/\/www.meldelperello.com\/wp-content\/uploads\/2022\/03\/bg.gif|caption^null|alt^null|title^bg|description^null&#8221; bg_image_repeat=&#8221;no-repeat&#8221; bg_override=&#8221;full&#8221; disable_on_mobile_img_parallax=&#8221;disable_on_mobile_img_parallax_value&#8221; el_class=&#8221;blanco poema&#8221;][vc_column][vc_empty_space height=&#8221;450&#8243;][\/vc_column][\/vc_row]<\/p>\n<\/div>","protected":false},"excerpt":{"rendered":"<p>[vc_row][vc_column][vc_column_text] HYDROMEL ET VINAIGRE DE L\u2019AVI LLU\u00cdS [\/vc_column_text][\/vc_column][\/vc_row][vc_row gap=&#8221;35&#8243;][vc_column width=&#8221;1\/2&#8243;][vc_single_image image=&#8221;9733&#8243; img_size=&#8221;full&#8221; alignment=&#8221;center&#8221;][vc_column_text css=&#8221;.vc_custom_1654081355716{margin-bottom: 60px !important;}&#8221;] HYDROMEL Histoire, tradition et m\u00e9moire. L\u2019hiver vient. L\u2019hydromel, ou vin de miel, est une boisson alcoolis\u00e9e \u00e0 base d\u2019eau, de miel et de pollen d\u2019abeille qui se boit frais. Il est id\u00e9al pour accompagner les ap\u00e9ritifs ou les desserts.&hellip;<\/p>\n","protected":false},"author":1,"featured_media":9733,"parent":10423,"menu_order":0,"comment_status":"closed","ping_status":"closed","template":"","meta":{"inline_featured_image":false,"footnotes":""},"class_list":["post-10528","page","type-page","status-publish","has-post-thumbnail","hentry","description-off"],"yoast_head":"<!-- This site is optimized with the Yoast SEO plugin v27.3 - https:\/\/yoast.com\/product\/yoast-seo-wordpress\/ -->\n<title>HYDROMEL ET VINAIGRE - L&#039;Avi Llu\u00eds<\/title>\n<meta name=\"description\" content=\"Acheter du Vin de Miel pur et artisanal. Achetez du vin de miel fait maison directement chez l&#039;apiculteur et profitez de la plus haute qualit\u00e9 \u2705 D\u00e9couvrez nos offres !\" \/>\n<meta name=\"robots\" content=\"index, follow, max-snippet:-1, max-image-preview:large, max-video-preview:-1\" \/>\n<link rel=\"canonical\" href=\"https:\/\/www.meldelperello.com\/fr\/produits\/hydromel-et-vinaigre\/\" \/>\n<meta property=\"og:locale\" content=\"fr_FR\" \/>\n<meta property=\"og:type\" content=\"article\" \/>\n<meta property=\"og:title\" content=\"HYDROMEL ET VINAIGRE - L&#039;Avi Llu\u00eds\" \/>\n<meta property=\"og:description\" content=\"Acheter du Vin de Miel pur et artisanal. Achetez du vin de miel fait maison directement chez l&#039;apiculteur et profitez de la plus haute qualit\u00e9 \u2705 D\u00e9couvrez nos offres !\" \/>\n<meta property=\"og:url\" content=\"https:\/\/www.meldelperello.com\/fr\/produits\/hydromel-et-vinaigre\/\" \/>\n<meta property=\"og:site_name\" content=\"L&#039;Avi Llu\u00eds\" \/>\n<meta property=\"article:publisher\" content=\"https:\/\/www.facebook.com\/avi.lluis\/\" \/>\n<meta property=\"article:modified_time\" content=\"2025-09-04T07:27:08+00:00\" \/>\n<meta property=\"og:image\" content=\"https:\/\/www.meldelperello.com\/wp-content\/uploads\/2022\/03\/hidromel-2.jpg\" \/>\n\t<meta property=\"og:image:width\" content=\"429\" \/>\n\t<meta property=\"og:image:height\" content=\"600\" \/>\n\t<meta property=\"og:image:type\" content=\"image\/jpeg\" \/>\n<meta name=\"twitter:card\" content=\"summary_large_image\" \/>\n<meta name=\"twitter:label1\" content=\"Dur\u00e9e de lecture estim\u00e9e\" \/>\n\t<meta name=\"twitter:data1\" content=\"2 minutes\" \/>\n<script type=\"application\/ld+json\" class=\"yoast-schema-graph\">{\"@context\":\"https:\\\/\\\/schema.org\",\"@graph\":[{\"@type\":\"WebPage\",\"@id\":\"https:\\\/\\\/www.meldelperello.com\\\/fr\\\/produits\\\/hydromel-et-vinaigre\\\/\",\"url\":\"https:\\\/\\\/www.meldelperello.com\\\/fr\\\/produits\\\/hydromel-et-vinaigre\\\/\",\"name\":\"HYDROMEL ET VINAIGRE - L&#039;Avi Llu\u00eds\",\"isPartOf\":{\"@id\":\"https:\\\/\\\/www.meldelperello.com\\\/fr\\\/#website\"},\"primaryImageOfPage\":{\"@id\":\"https:\\\/\\\/www.meldelperello.com\\\/fr\\\/produits\\\/hydromel-et-vinaigre\\\/#primaryimage\"},\"image\":{\"@id\":\"https:\\\/\\\/www.meldelperello.com\\\/fr\\\/produits\\\/hydromel-et-vinaigre\\\/#primaryimage\"},\"thumbnailUrl\":\"https:\\\/\\\/www.meldelperello.com\\\/wp-content\\\/uploads\\\/2022\\\/03\\\/hidromel-2.jpg\",\"datePublished\":\"2022-03-29T15:25:32+00:00\",\"dateModified\":\"2025-09-04T07:27:08+00:00\",\"description\":\"Acheter du Vin de Miel pur et artisanal. Achetez du vin de miel fait maison directement chez l'apiculteur et profitez de la plus haute qualit\u00e9 \u2705 D\u00e9couvrez nos offres !\",\"breadcrumb\":{\"@id\":\"https:\\\/\\\/www.meldelperello.com\\\/fr\\\/produits\\\/hydromel-et-vinaigre\\\/#breadcrumb\"},\"inLanguage\":\"fr-FR\",\"potentialAction\":[{\"@type\":\"ReadAction\",\"target\":[\"https:\\\/\\\/www.meldelperello.com\\\/fr\\\/produits\\\/hydromel-et-vinaigre\\\/\"]}]},{\"@type\":\"ImageObject\",\"inLanguage\":\"fr-FR\",\"@id\":\"https:\\\/\\\/www.meldelperello.com\\\/fr\\\/produits\\\/hydromel-et-vinaigre\\\/#primaryimage\",\"url\":\"https:\\\/\\\/www.meldelperello.com\\\/wp-content\\\/uploads\\\/2022\\\/03\\\/hidromel-2.jpg\",\"contentUrl\":\"https:\\\/\\\/www.meldelperello.com\\\/wp-content\\\/uploads\\\/2022\\\/03\\\/hidromel-2.jpg\",\"width\":429,\"height\":600,\"caption\":\"Hidromel\"},{\"@type\":\"BreadcrumbList\",\"@id\":\"https:\\\/\\\/www.meldelperello.com\\\/fr\\\/produits\\\/hydromel-et-vinaigre\\\/#breadcrumb\",\"itemListElement\":[{\"@type\":\"ListItem\",\"position\":1,\"name\":\"Inici\",\"item\":\"https:\\\/\\\/www.meldelperello.com\\\/fr\\\/\"},{\"@type\":\"ListItem\",\"position\":2,\"name\":\"PRODUITS\",\"item\":\"https:\\\/\\\/www.meldelperello.com\\\/fr\\\/produits\\\/\"},{\"@type\":\"ListItem\",\"position\":3,\"name\":\"HYDROMEL ET VINAIGRE\"}]},{\"@type\":\"WebSite\",\"@id\":\"https:\\\/\\\/www.meldelperello.com\\\/fr\\\/#website\",\"url\":\"https:\\\/\\\/www.meldelperello.com\\\/fr\\\/\",\"name\":\"L&#039;Avi Llu\u00eds\",\"description\":\"Apicultors i productors de mel natural, pura i artesana\",\"publisher\":{\"@id\":\"https:\\\/\\\/www.meldelperello.com\\\/fr\\\/#organization\"},\"potentialAction\":[{\"@type\":\"SearchAction\",\"target\":{\"@type\":\"EntryPoint\",\"urlTemplate\":\"https:\\\/\\\/www.meldelperello.com\\\/fr\\\/?s={search_term_string}\"},\"query-input\":{\"@type\":\"PropertyValueSpecification\",\"valueRequired\":true,\"valueName\":\"search_term_string\"}}],\"inLanguage\":\"fr-FR\"},{\"@type\":\"Organization\",\"@id\":\"https:\\\/\\\/www.meldelperello.com\\\/fr\\\/#organization\",\"name\":\"L'Avi Llu\u00eds\",\"url\":\"https:\\\/\\\/www.meldelperello.com\\\/fr\\\/\",\"logo\":{\"@type\":\"ImageObject\",\"inLanguage\":\"fr-FR\",\"@id\":\"https:\\\/\\\/www.meldelperello.com\\\/fr\\\/#\\\/schema\\\/logo\\\/image\\\/\",\"url\":\"https:\\\/\\\/www.meldelperello.com\\\/wp-content\\\/uploads\\\/2022\\\/02\\\/logo.svg\",\"contentUrl\":\"https:\\\/\\\/www.meldelperello.com\\\/wp-content\\\/uploads\\\/2022\\\/02\\\/logo.svg\",\"width\":137,\"height\":121,\"caption\":\"L'Avi Llu\u00eds\"},\"image\":{\"@id\":\"https:\\\/\\\/www.meldelperello.com\\\/fr\\\/#\\\/schema\\\/logo\\\/image\\\/\"},\"sameAs\":[\"https:\\\/\\\/www.facebook.com\\\/avi.lluis\\\/\",\"https:\\\/\\\/www.instagram.com\\\/avilluis_meldelperello\\\/\",\"https:\\\/\\\/www.youtube.com\\\/c\\\/MeldelperelloAviLluis\"]}]}<\/script>\n<!-- \/ Yoast SEO plugin. -->","yoast_head_json":{"title":"HYDROMEL ET VINAIGRE - L&#039;Avi Llu\u00eds","description":"Acheter du Vin de Miel pur et artisanal. Achetez du vin de miel fait maison directement chez l'apiculteur et profitez de la plus haute qualit\u00e9 \u2705 D\u00e9couvrez nos offres !","robots":{"index":"index","follow":"follow","max-snippet":"max-snippet:-1","max-image-preview":"max-image-preview:large","max-video-preview":"max-video-preview:-1"},"canonical":"https:\/\/www.meldelperello.com\/fr\/produits\/hydromel-et-vinaigre\/","og_locale":"fr_FR","og_type":"article","og_title":"HYDROMEL ET VINAIGRE - L&#039;Avi Llu\u00eds","og_description":"Acheter du Vin de Miel pur et artisanal. Achetez du vin de miel fait maison directement chez l'apiculteur et profitez de la plus haute qualit\u00e9 \u2705 D\u00e9couvrez nos offres !","og_url":"https:\/\/www.meldelperello.com\/fr\/produits\/hydromel-et-vinaigre\/","og_site_name":"L&#039;Avi Llu\u00eds","article_publisher":"https:\/\/www.facebook.com\/avi.lluis\/","article_modified_time":"2025-09-04T07:27:08+00:00","og_image":[{"width":429,"height":600,"url":"https:\/\/www.meldelperello.com\/wp-content\/uploads\/2022\/03\/hidromel-2.jpg","type":"image\/jpeg"}],"twitter_card":"summary_large_image","twitter_misc":{"Dur\u00e9e de lecture estim\u00e9e":"2 minutes"},"schema":{"@context":"https:\/\/schema.org","@graph":[{"@type":"WebPage","@id":"https:\/\/www.meldelperello.com\/fr\/produits\/hydromel-et-vinaigre\/","url":"https:\/\/www.meldelperello.com\/fr\/produits\/hydromel-et-vinaigre\/","name":"HYDROMEL ET VINAIGRE - L&#039;Avi Llu\u00eds","isPartOf":{"@id":"https:\/\/www.meldelperello.com\/fr\/#website"},"primaryImageOfPage":{"@id":"https:\/\/www.meldelperello.com\/fr\/produits\/hydromel-et-vinaigre\/#primaryimage"},"image":{"@id":"https:\/\/www.meldelperello.com\/fr\/produits\/hydromel-et-vinaigre\/#primaryimage"},"thumbnailUrl":"https:\/\/www.meldelperello.com\/wp-content\/uploads\/2022\/03\/hidromel-2.jpg","datePublished":"2022-03-29T15:25:32+00:00","dateModified":"2025-09-04T07:27:08+00:00","description":"Acheter du Vin de Miel pur et artisanal. Achetez du vin de miel fait maison directement chez l'apiculteur et profitez de la plus haute qualit\u00e9 \u2705 D\u00e9couvrez nos offres !","breadcrumb":{"@id":"https:\/\/www.meldelperello.com\/fr\/produits\/hydromel-et-vinaigre\/#breadcrumb"},"inLanguage":"fr-FR","potentialAction":[{"@type":"ReadAction","target":["https:\/\/www.meldelperello.com\/fr\/produits\/hydromel-et-vinaigre\/"]}]},{"@type":"ImageObject","inLanguage":"fr-FR","@id":"https:\/\/www.meldelperello.com\/fr\/produits\/hydromel-et-vinaigre\/#primaryimage","url":"https:\/\/www.meldelperello.com\/wp-content\/uploads\/2022\/03\/hidromel-2.jpg","contentUrl":"https:\/\/www.meldelperello.com\/wp-content\/uploads\/2022\/03\/hidromel-2.jpg","width":429,"height":600,"caption":"Hidromel"},{"@type":"BreadcrumbList","@id":"https:\/\/www.meldelperello.com\/fr\/produits\/hydromel-et-vinaigre\/#breadcrumb","itemListElement":[{"@type":"ListItem","position":1,"name":"Inici","item":"https:\/\/www.meldelperello.com\/fr\/"},{"@type":"ListItem","position":2,"name":"PRODUITS","item":"https:\/\/www.meldelperello.com\/fr\/produits\/"},{"@type":"ListItem","position":3,"name":"HYDROMEL ET VINAIGRE"}]},{"@type":"WebSite","@id":"https:\/\/www.meldelperello.com\/fr\/#website","url":"https:\/\/www.meldelperello.com\/fr\/","name":"L&#039;Avi Llu\u00eds","description":"Apicultors i productors de mel natural, pura i artesana","publisher":{"@id":"https:\/\/www.meldelperello.com\/fr\/#organization"},"potentialAction":[{"@type":"SearchAction","target":{"@type":"EntryPoint","urlTemplate":"https:\/\/www.meldelperello.com\/fr\/?s={search_term_string}"},"query-input":{"@type":"PropertyValueSpecification","valueRequired":true,"valueName":"search_term_string"}}],"inLanguage":"fr-FR"},{"@type":"Organization","@id":"https:\/\/www.meldelperello.com\/fr\/#organization","name":"L'Avi Llu\u00eds","url":"https:\/\/www.meldelperello.com\/fr\/","logo":{"@type":"ImageObject","inLanguage":"fr-FR","@id":"https:\/\/www.meldelperello.com\/fr\/#\/schema\/logo\/image\/","url":"https:\/\/www.meldelperello.com\/wp-content\/uploads\/2022\/02\/logo.svg","contentUrl":"https:\/\/www.meldelperello.com\/wp-content\/uploads\/2022\/02\/logo.svg","width":137,"height":121,"caption":"L'Avi Llu\u00eds"},"image":{"@id":"https:\/\/www.meldelperello.com\/fr\/#\/schema\/logo\/image\/"},"sameAs":["https:\/\/www.facebook.com\/avi.lluis\/","https:\/\/www.instagram.com\/avilluis_meldelperello\/","https:\/\/www.youtube.com\/c\/MeldelperelloAviLluis"]}]}},"_links":{"self":[{"href":"https:\/\/www.meldelperello.com\/fr\/wp-json\/wp\/v2\/pages\/10528","targetHints":{"allow":["GET"]}}],"collection":[{"href":"https:\/\/www.meldelperello.com\/fr\/wp-json\/wp\/v2\/pages"}],"about":[{"href":"https:\/\/www.meldelperello.com\/fr\/wp-json\/wp\/v2\/types\/page"}],"author":[{"embeddable":true,"href":"https:\/\/www.meldelperello.com\/fr\/wp-json\/wp\/v2\/users\/1"}],"replies":[{"embeddable":true,"href":"https:\/\/www.meldelperello.com\/fr\/wp-json\/wp\/v2\/comments?post=10528"}],"version-history":[{"count":4,"href":"https:\/\/www.meldelperello.com\/fr\/wp-json\/wp\/v2\/pages\/10528\/revisions"}],"predecessor-version":[{"id":12153,"href":"https:\/\/www.meldelperello.com\/fr\/wp-json\/wp\/v2\/pages\/10528\/revisions\/12153"}],"up":[{"embeddable":true,"href":"https:\/\/www.meldelperello.com\/fr\/wp-json\/wp\/v2\/pages\/10423"}],"wp:featuredmedia":[{"embeddable":true,"href":"https:\/\/www.meldelperello.com\/fr\/wp-json\/wp\/v2\/media\/9733"}],"wp:attachment":[{"href":"https:\/\/www.meldelperello.com\/fr\/wp-json\/wp\/v2\/media?parent=10528"}],"curies":[{"name":"wp","href":"https:\/\/api.w.org\/{rel}","templated":true}]}}