{"id":10518,"date":"2022-03-29T16:46:52","date_gmt":"2022-03-29T14:46:52","guid":{"rendered":"https:\/\/perello.debonatinta.com\/produits\/cosmetica-natural\/"},"modified":"2022-06-01T14:22:19","modified_gmt":"2022-06-01T12:22:19","slug":"produits-cosmetiques","status":"publish","type":"page","link":"https:\/\/www.meldelperello.com\/fr\/produits\/produits-cosmetiques\/","title":{"rendered":"PRODUITS COSM\u00c9TIQUES NATURELS"},"content":{"rendered":"<div class=\"wpb-content-wrapper\"><p>[vc_row gap=&#8221;25&#8243; equal_height=&#8221;yes&#8221; bg_type=&#8221;image&#8221; parallax_style=&#8221;vcpb-default&#8221; bg_image_new=&#8221;id^9273|url^https:\/\/www.meldelperello.com\/wp-content\/uploads\/2022\/03\/bg.jpg|caption^null|alt^null|title^bg|description^null&#8221; bg_image_repeat=&#8221;no-repeat&#8221; el_class=&#8221;producto&#8221; css=&#8221;.vc_custom_1648566381290{margin-bottom: 60px !important;padding-top: 0px !important;padding-right: 0px !important;padding-bottom: 0px !important;padding-left: 0px !important;}&#8221;][vc_column width=&#8221;5\/12&#8243; css=&#8221;.vc_custom_1648566347147{margin-top: 0px !important;margin-right: 0px !important;margin-bottom: 0px !important;margin-left: 0px !important;padding-top: 0px !important;padding-right: 0px !important;padding-bottom: 0px !important;padding-left: 0px !important;}&#8221;][vc_column_text css=&#8221;.vc_custom_1654080907241{margin-bottom: 100px !important;padding-top: 40px !important;padding-right: 30px !important;padding-bottom: 40px !important;padding-left: 30px !important;background-color: rgba(255,255,255,0.79) !important;*background-color: rgb(255,255,255) !important;}&#8221;]<\/p>\n<h1><strong>PRODUITS COSM\u00c9TIQUES NATURELS<\/strong><\/h1>\n<h2>Soin et protection naturelle de la peau. Pour toute la famille.<\/h2>\n<p>Chez l\u2019Avi Llu\u00eds, nous disposons d\u2019un vaste catalogue de cosm\u00e9tiques naturels \u00e9labor\u00e9s \u00e0 partir de produits issus des abeilles, d\u2019huile d\u2019olive et de savons artisanaux 100 % v\u00e9g\u00e9taux.[\/vc_column_text][\/vc_column][vc_column width=&#8221;7\/12&#8243;][vc_empty_space height=&#8221;100&#8243;][\/vc_column][\/vc_row][vc_row gap=&#8221;15&#8243; el_class=&#8221;formatos&#8221; css=&#8221;.vc_custom_1648566065295{margin-bottom: 20px !important;}&#8221;][vc_column width=&#8221;1\/3&#8243;][vc_single_image image=&#8221;9708&#8243; img_size=&#8221;full&#8221; alignment=&#8221;center&#8221; image_hovers=&#8221;false&#8221; css=&#8221;.vc_custom_1648733908707{margin-bottom: 25px !important;}&#8221;][vc_column_text css=&#8221;.vc_custom_1654080924002{margin-bottom: 40px !important;}&#8221;]<\/p>\n<h3 style=\"text-align: center;\">Ref. 400010 \u2013 BAUME \u00c0 L\u00c8VRES \u00c0 LA PROPOLIS DE L\u2019AVI LLU\u00cdS<\/h3>\n<p style=\"text-align: center;\"><strong>EAN-13: 8425555220185<\/strong><br \/>\nBaume \u00e0 l\u00e8vres \u00e0 la propolis. Recommand\u00e9 pour les l\u00e8vres gerc\u00e9es et craquel\u00e9es. Pr\u00e9vient l\u2019apparition de ces d\u00e9fauts tout en hydratant et en prot\u00e9geant les l\u00e8vres.<\/p>\n<p>[\/vc_column_text][\/vc_column][vc_column width=&#8221;1\/3&#8243;][vc_single_image image=&#8221;9704&#8243; img_size=&#8221;full&#8221; alignment=&#8221;center&#8221; image_hovers=&#8221;false&#8221; css=&#8221;.vc_custom_1648733934214{margin-bottom: 25px !important;}&#8221;][vc_column_text css=&#8221;.vc_custom_1654080942149{margin-bottom: 40px !important;}&#8221;]<\/p>\n<h3 style=\"text-align: center;\">Ref. 400001 \u2013 CR\u00c8ME POUR LES MAINS AU MIEL ET AU CITRON DE L\u2019AVI LLU\u00cdS &#8211; 75 ml<\/h3>\n<p style=\"text-align: center;\"><strong>EAN-13: 8437001517824<\/strong><br \/>\nCr\u00e8me super protectrice pour la peau et les mains. Son action rapide r\u00e9g\u00e9n\u00e8re, hydrate, nourrit et adoucit la peau. Agit contre la s\u00e9cheresse et la rugosit\u00e9 des coudes et genoux, et contre les irritations.<\/p>\n<p>[\/vc_column_text][\/vc_column][vc_column width=&#8221;1\/3&#8243;][vc_single_image image=&#8221;9700&#8243; img_size=&#8221;full&#8221; alignment=&#8221;center&#8221; image_hovers=&#8221;false&#8221; css=&#8221;.vc_custom_1648733951074{margin-bottom: 25px !important;}&#8221;][vc_column_text css=&#8221;.vc_custom_1654080959317{margin-bottom: 40px !important;}&#8221;]<\/p>\n<h3 style=\"text-align: center;\">Ref. 400003 \u2013 CR\u00c8ME R\u00c9G\u00c9N\u00c9RATRICE \u00c0 LA GEL\u00c9E ROYALED E L\u2019AVI LLU\u00cdS 100 ml<\/h3>\n<p style=\"text-align: center;\"><strong>EAN-13: 8437001517923<\/strong><br \/>\nCr\u00e8me \u00e0 la texture douce, qui p\u00e9n\u00e8tre facilement et offre une grande efficacit\u00e9 antirides gr\u00e2ce au m\u00e9lange de ses principes actifs, qui agissent en continu pour l\u2019hydronutrition de la peau. Peut s\u2019appliquer de jour comme de nuit.<\/p>\n<p>[\/vc_column_text][\/vc_column][\/vc_row][vc_row][vc_column][vc_btn title=&#8221;Pour d\u00e9couvrir l\u2019ensemble des produits cosm\u00e9tiques que nous proposons au Rebost de l\u2019Avi Llu\u00eds, cliquez ICI. &#8221; color=&#8221;danger&#8221; align=&#8221;center&#8221; link=&#8221;url:https%3A%2F%2Fwww.rebostavilluis.com%2Fcosmetics%2F|target:_blank&#8221; css=&#8221;.vc_custom_1654080967878{margin-bottom: 70px !important;}&#8221;][\/vc_column][\/vc_row][vc_row full_width=&#8221;stretch_row_content_no_spaces&#8221; bg_type=&#8221;image&#8221; parallax_style=&#8221;vcpb-vz-jquery&#8221; bg_image_new=&#8221;id^9711|url^https:\/\/www.meldelperello.com\/wp-content\/uploads\/2022\/03\/bg-4.jpg|caption^null|alt^null|title^bg|description^null&#8221; bg_image_repeat=&#8221;no-repeat&#8221; bg_override=&#8221;full&#8221; disable_on_mobile_img_parallax=&#8221;disable_on_mobile_img_parallax_value&#8221; el_class=&#8221;blanco poema&#8221;][vc_column][vc_empty_space height=&#8221;450&#8243;][\/vc_column][\/vc_row]<\/p>\n<\/div>","protected":false},"excerpt":{"rendered":"<p>[vc_row gap=&#8221;25&#8243; equal_height=&#8221;yes&#8221; bg_type=&#8221;image&#8221; parallax_style=&#8221;vcpb-default&#8221; bg_image_new=&#8221;id^9273|url^https:\/\/www.meldelperello.com\/wp-content\/uploads\/2022\/03\/bg.jpg|caption^null|alt^null|title^bg|description^null&#8221; bg_image_repeat=&#8221;no-repeat&#8221; el_class=&#8221;producto&#8221; css=&#8221;.vc_custom_1648566381290{margin-bottom: 60px !important;padding-top: 0px !important;padding-right: 0px !important;padding-bottom: 0px !important;padding-left: 0px !important;}&#8221;][vc_column width=&#8221;5\/12&#8243; css=&#8221;.vc_custom_1648566347147{margin-top: 0px !important;margin-right: 0px !important;margin-bottom: 0px !important;margin-left: 0px !important;padding-top: 0px !important;padding-right: 0px !important;padding-bottom: 0px !important;padding-left: 0px !important;}&#8221;][vc_column_text css=&#8221;.vc_custom_1654080907241{margin-bottom: 100px !important;padding-top: 40px !important;padding-right: 30px !important;padding-bottom: 40px !important;padding-left: 30px !important;background-color: rgba(255,255,255,0.79) !important;*background-color: rgb(255,255,255) !important;}&#8221;] PRODUITS COSM\u00c9TIQUES NATURELS&hellip;<\/p>\n","protected":false},"author":1,"featured_media":9700,"parent":10423,"menu_order":0,"comment_status":"closed","ping_status":"closed","template":"","meta":{"inline_featured_image":false,"footnotes":""},"class_list":["post-10518","page","type-page","status-publish","has-post-thumbnail","hentry","description-off"],"yoast_head":"<!-- This site is optimized with the Yoast SEO plugin v27.3 - https:\/\/yoast.com\/product\/yoast-seo-wordpress\/ -->\n<title>PRODUITS COSM\u00c9TIQUES NATURELS - L&#039;Avi Llu\u00eds<\/title>\n<meta name=\"description\" content=\"Cosm\u00e9tiques naturels \u2705 Fabriqu\u00e9s avec des produits 100% v\u00e9g\u00e9taux. D\u00e9couvrez-les ICI !\" \/>\n<meta name=\"robots\" content=\"index, follow, max-snippet:-1, max-image-preview:large, max-video-preview:-1\" \/>\n<link rel=\"canonical\" href=\"https:\/\/www.meldelperello.com\/fr\/produits\/produits-cosmetiques\/\" \/>\n<meta property=\"og:locale\" content=\"fr_FR\" \/>\n<meta property=\"og:type\" content=\"article\" \/>\n<meta property=\"og:title\" content=\"PRODUITS COSM\u00c9TIQUES NATURELS - L&#039;Avi Llu\u00eds\" \/>\n<meta property=\"og:description\" content=\"Cosm\u00e9tiques naturels \u2705 Fabriqu\u00e9s avec des produits 100% v\u00e9g\u00e9taux. D\u00e9couvrez-les ICI !\" \/>\n<meta property=\"og:url\" content=\"https:\/\/www.meldelperello.com\/fr\/produits\/produits-cosmetiques\/\" \/>\n<meta property=\"og:site_name\" content=\"L&#039;Avi Llu\u00eds\" \/>\n<meta property=\"article:publisher\" content=\"https:\/\/www.facebook.com\/avi.lluis\/\" \/>\n<meta property=\"article:modified_time\" content=\"2022-06-01T12:22:19+00:00\" \/>\n<meta property=\"og:image\" content=\"https:\/\/www.meldelperello.com\/wp-content\/uploads\/2022\/03\/crema.jpg\" \/>\n\t<meta property=\"og:image:width\" content=\"300\" \/>\n\t<meta property=\"og:image:height\" content=\"300\" \/>\n\t<meta property=\"og:image:type\" content=\"image\/jpeg\" \/>\n<meta name=\"twitter:card\" content=\"summary_large_image\" \/>\n<meta name=\"twitter:label1\" content=\"Dur\u00e9e de lecture estim\u00e9e\" \/>\n\t<meta name=\"twitter:data1\" content=\"2 minutes\" \/>\n<script type=\"application\/ld+json\" class=\"yoast-schema-graph\">{\"@context\":\"https:\\\/\\\/schema.org\",\"@graph\":[{\"@type\":\"WebPage\",\"@id\":\"https:\\\/\\\/www.meldelperello.com\\\/fr\\\/produits\\\/produits-cosmetiques\\\/\",\"url\":\"https:\\\/\\\/www.meldelperello.com\\\/fr\\\/produits\\\/produits-cosmetiques\\\/\",\"name\":\"PRODUITS COSM\u00c9TIQUES NATURELS - L&#039;Avi Llu\u00eds\",\"isPartOf\":{\"@id\":\"https:\\\/\\\/www.meldelperello.com\\\/fr\\\/#website\"},\"primaryImageOfPage\":{\"@id\":\"https:\\\/\\\/www.meldelperello.com\\\/fr\\\/produits\\\/produits-cosmetiques\\\/#primaryimage\"},\"image\":{\"@id\":\"https:\\\/\\\/www.meldelperello.com\\\/fr\\\/produits\\\/produits-cosmetiques\\\/#primaryimage\"},\"thumbnailUrl\":\"https:\\\/\\\/www.meldelperello.com\\\/wp-content\\\/uploads\\\/2022\\\/03\\\/crema.jpg\",\"datePublished\":\"2022-03-29T14:46:52+00:00\",\"dateModified\":\"2022-06-01T12:22:19+00:00\",\"description\":\"Cosm\u00e9tiques naturels \u2705 Fabriqu\u00e9s avec des produits 100% v\u00e9g\u00e9taux. D\u00e9couvrez-les ICI !\",\"breadcrumb\":{\"@id\":\"https:\\\/\\\/www.meldelperello.com\\\/fr\\\/produits\\\/produits-cosmetiques\\\/#breadcrumb\"},\"inLanguage\":\"fr-FR\",\"potentialAction\":[{\"@type\":\"ReadAction\",\"target\":[\"https:\\\/\\\/www.meldelperello.com\\\/fr\\\/produits\\\/produits-cosmetiques\\\/\"]}]},{\"@type\":\"ImageObject\",\"inLanguage\":\"fr-FR\",\"@id\":\"https:\\\/\\\/www.meldelperello.com\\\/fr\\\/produits\\\/produits-cosmetiques\\\/#primaryimage\",\"url\":\"https:\\\/\\\/www.meldelperello.com\\\/wp-content\\\/uploads\\\/2022\\\/03\\\/crema.jpg\",\"contentUrl\":\"https:\\\/\\\/www.meldelperello.com\\\/wp-content\\\/uploads\\\/2022\\\/03\\\/crema.jpg\",\"width\":300,\"height\":300,\"caption\":\"CREMA REGENERADORA 100 ML.\"},{\"@type\":\"BreadcrumbList\",\"@id\":\"https:\\\/\\\/www.meldelperello.com\\\/fr\\\/produits\\\/produits-cosmetiques\\\/#breadcrumb\",\"itemListElement\":[{\"@type\":\"ListItem\",\"position\":1,\"name\":\"Inici\",\"item\":\"https:\\\/\\\/www.meldelperello.com\\\/fr\\\/\"},{\"@type\":\"ListItem\",\"position\":2,\"name\":\"PRODUITS\",\"item\":\"https:\\\/\\\/www.meldelperello.com\\\/fr\\\/produits\\\/\"},{\"@type\":\"ListItem\",\"position\":3,\"name\":\"PRODUITS COSM\u00c9TIQUES NATURELS\"}]},{\"@type\":\"WebSite\",\"@id\":\"https:\\\/\\\/www.meldelperello.com\\\/fr\\\/#website\",\"url\":\"https:\\\/\\\/www.meldelperello.com\\\/fr\\\/\",\"name\":\"L&#039;Avi Llu\u00eds\",\"description\":\"Apicultors i productors de mel natural, pura i artesana\",\"publisher\":{\"@id\":\"https:\\\/\\\/www.meldelperello.com\\\/fr\\\/#organization\"},\"potentialAction\":[{\"@type\":\"SearchAction\",\"target\":{\"@type\":\"EntryPoint\",\"urlTemplate\":\"https:\\\/\\\/www.meldelperello.com\\\/fr\\\/?s={search_term_string}\"},\"query-input\":{\"@type\":\"PropertyValueSpecification\",\"valueRequired\":true,\"valueName\":\"search_term_string\"}}],\"inLanguage\":\"fr-FR\"},{\"@type\":\"Organization\",\"@id\":\"https:\\\/\\\/www.meldelperello.com\\\/fr\\\/#organization\",\"name\":\"L'Avi Llu\u00eds\",\"url\":\"https:\\\/\\\/www.meldelperello.com\\\/fr\\\/\",\"logo\":{\"@type\":\"ImageObject\",\"inLanguage\":\"fr-FR\",\"@id\":\"https:\\\/\\\/www.meldelperello.com\\\/fr\\\/#\\\/schema\\\/logo\\\/image\\\/\",\"url\":\"https:\\\/\\\/www.meldelperello.com\\\/wp-content\\\/uploads\\\/2022\\\/02\\\/logo.svg\",\"contentUrl\":\"https:\\\/\\\/www.meldelperello.com\\\/wp-content\\\/uploads\\\/2022\\\/02\\\/logo.svg\",\"width\":137,\"height\":121,\"caption\":\"L'Avi Llu\u00eds\"},\"image\":{\"@id\":\"https:\\\/\\\/www.meldelperello.com\\\/fr\\\/#\\\/schema\\\/logo\\\/image\\\/\"},\"sameAs\":[\"https:\\\/\\\/www.facebook.com\\\/avi.lluis\\\/\",\"https:\\\/\\\/www.instagram.com\\\/avilluis_meldelperello\\\/\",\"https:\\\/\\\/www.youtube.com\\\/c\\\/MeldelperelloAviLluis\"]}]}<\/script>\n<!-- \/ Yoast SEO plugin. -->","yoast_head_json":{"title":"PRODUITS COSM\u00c9TIQUES NATURELS - L&#039;Avi Llu\u00eds","description":"Cosm\u00e9tiques naturels \u2705 Fabriqu\u00e9s avec des produits 100% v\u00e9g\u00e9taux. D\u00e9couvrez-les ICI !","robots":{"index":"index","follow":"follow","max-snippet":"max-snippet:-1","max-image-preview":"max-image-preview:large","max-video-preview":"max-video-preview:-1"},"canonical":"https:\/\/www.meldelperello.com\/fr\/produits\/produits-cosmetiques\/","og_locale":"fr_FR","og_type":"article","og_title":"PRODUITS COSM\u00c9TIQUES NATURELS - L&#039;Avi Llu\u00eds","og_description":"Cosm\u00e9tiques naturels \u2705 Fabriqu\u00e9s avec des produits 100% v\u00e9g\u00e9taux. D\u00e9couvrez-les ICI !","og_url":"https:\/\/www.meldelperello.com\/fr\/produits\/produits-cosmetiques\/","og_site_name":"L&#039;Avi Llu\u00eds","article_publisher":"https:\/\/www.facebook.com\/avi.lluis\/","article_modified_time":"2022-06-01T12:22:19+00:00","og_image":[{"width":300,"height":300,"url":"https:\/\/www.meldelperello.com\/wp-content\/uploads\/2022\/03\/crema.jpg","type":"image\/jpeg"}],"twitter_card":"summary_large_image","twitter_misc":{"Dur\u00e9e de lecture estim\u00e9e":"2 minutes"},"schema":{"@context":"https:\/\/schema.org","@graph":[{"@type":"WebPage","@id":"https:\/\/www.meldelperello.com\/fr\/produits\/produits-cosmetiques\/","url":"https:\/\/www.meldelperello.com\/fr\/produits\/produits-cosmetiques\/","name":"PRODUITS COSM\u00c9TIQUES NATURELS - L&#039;Avi Llu\u00eds","isPartOf":{"@id":"https:\/\/www.meldelperello.com\/fr\/#website"},"primaryImageOfPage":{"@id":"https:\/\/www.meldelperello.com\/fr\/produits\/produits-cosmetiques\/#primaryimage"},"image":{"@id":"https:\/\/www.meldelperello.com\/fr\/produits\/produits-cosmetiques\/#primaryimage"},"thumbnailUrl":"https:\/\/www.meldelperello.com\/wp-content\/uploads\/2022\/03\/crema.jpg","datePublished":"2022-03-29T14:46:52+00:00","dateModified":"2022-06-01T12:22:19+00:00","description":"Cosm\u00e9tiques naturels \u2705 Fabriqu\u00e9s avec des produits 100% v\u00e9g\u00e9taux. D\u00e9couvrez-les ICI !","breadcrumb":{"@id":"https:\/\/www.meldelperello.com\/fr\/produits\/produits-cosmetiques\/#breadcrumb"},"inLanguage":"fr-FR","potentialAction":[{"@type":"ReadAction","target":["https:\/\/www.meldelperello.com\/fr\/produits\/produits-cosmetiques\/"]}]},{"@type":"ImageObject","inLanguage":"fr-FR","@id":"https:\/\/www.meldelperello.com\/fr\/produits\/produits-cosmetiques\/#primaryimage","url":"https:\/\/www.meldelperello.com\/wp-content\/uploads\/2022\/03\/crema.jpg","contentUrl":"https:\/\/www.meldelperello.com\/wp-content\/uploads\/2022\/03\/crema.jpg","width":300,"height":300,"caption":"CREMA REGENERADORA 100 ML."},{"@type":"BreadcrumbList","@id":"https:\/\/www.meldelperello.com\/fr\/produits\/produits-cosmetiques\/#breadcrumb","itemListElement":[{"@type":"ListItem","position":1,"name":"Inici","item":"https:\/\/www.meldelperello.com\/fr\/"},{"@type":"ListItem","position":2,"name":"PRODUITS","item":"https:\/\/www.meldelperello.com\/fr\/produits\/"},{"@type":"ListItem","position":3,"name":"PRODUITS COSM\u00c9TIQUES NATURELS"}]},{"@type":"WebSite","@id":"https:\/\/www.meldelperello.com\/fr\/#website","url":"https:\/\/www.meldelperello.com\/fr\/","name":"L&#039;Avi Llu\u00eds","description":"Apicultors i productors de mel natural, pura i artesana","publisher":{"@id":"https:\/\/www.meldelperello.com\/fr\/#organization"},"potentialAction":[{"@type":"SearchAction","target":{"@type":"EntryPoint","urlTemplate":"https:\/\/www.meldelperello.com\/fr\/?s={search_term_string}"},"query-input":{"@type":"PropertyValueSpecification","valueRequired":true,"valueName":"search_term_string"}}],"inLanguage":"fr-FR"},{"@type":"Organization","@id":"https:\/\/www.meldelperello.com\/fr\/#organization","name":"L'Avi Llu\u00eds","url":"https:\/\/www.meldelperello.com\/fr\/","logo":{"@type":"ImageObject","inLanguage":"fr-FR","@id":"https:\/\/www.meldelperello.com\/fr\/#\/schema\/logo\/image\/","url":"https:\/\/www.meldelperello.com\/wp-content\/uploads\/2022\/02\/logo.svg","contentUrl":"https:\/\/www.meldelperello.com\/wp-content\/uploads\/2022\/02\/logo.svg","width":137,"height":121,"caption":"L'Avi Llu\u00eds"},"image":{"@id":"https:\/\/www.meldelperello.com\/fr\/#\/schema\/logo\/image\/"},"sameAs":["https:\/\/www.facebook.com\/avi.lluis\/","https:\/\/www.instagram.com\/avilluis_meldelperello\/","https:\/\/www.youtube.com\/c\/MeldelperelloAviLluis"]}]}},"_links":{"self":[{"href":"https:\/\/www.meldelperello.com\/fr\/wp-json\/wp\/v2\/pages\/10518","targetHints":{"allow":["GET"]}}],"collection":[{"href":"https:\/\/www.meldelperello.com\/fr\/wp-json\/wp\/v2\/pages"}],"about":[{"href":"https:\/\/www.meldelperello.com\/fr\/wp-json\/wp\/v2\/types\/page"}],"author":[{"embeddable":true,"href":"https:\/\/www.meldelperello.com\/fr\/wp-json\/wp\/v2\/users\/1"}],"replies":[{"embeddable":true,"href":"https:\/\/www.meldelperello.com\/fr\/wp-json\/wp\/v2\/comments?post=10518"}],"version-history":[{"count":3,"href":"https:\/\/www.meldelperello.com\/fr\/wp-json\/wp\/v2\/pages\/10518\/revisions"}],"predecessor-version":[{"id":10520,"href":"https:\/\/www.meldelperello.com\/fr\/wp-json\/wp\/v2\/pages\/10518\/revisions\/10520"}],"up":[{"embeddable":true,"href":"https:\/\/www.meldelperello.com\/fr\/wp-json\/wp\/v2\/pages\/10423"}],"wp:featuredmedia":[{"embeddable":true,"href":"https:\/\/www.meldelperello.com\/fr\/wp-json\/wp\/v2\/media\/9700"}],"wp:attachment":[{"href":"https:\/\/www.meldelperello.com\/fr\/wp-json\/wp\/v2\/media?parent=10518"}],"curies":[{"name":"wp","href":"https:\/\/api.w.org\/{rel}","templated":true}]}}