{"id":10513,"date":"2022-03-24T19:32:14","date_gmt":"2022-03-24T18:32:14","guid":{"rendered":"https:\/\/perello.debonatinta.com\/produits\/gelea-reial\/"},"modified":"2025-04-02T18:34:49","modified_gmt":"2025-04-02T16:34:49","slug":"gelee-royale","status":"publish","type":"page","link":"https:\/\/www.meldelperello.com\/fr\/produits\/gelee-royale\/","title":{"rendered":"GEL\u00c9E ROYALE"},"content":{"rendered":"<div class=\"wpb-content-wrapper\"><p>[vc_row gap=&#8221;25&#8243; el_class=&#8221;producto&#8221; css=&#8221;.vc_custom_1645552768280{margin-bottom: 60px !important;}&#8221;][vc_column width=&#8221;1\/2&#8243;][vc_single_image image=&#8221;9606&#8243; img_size=&#8221;full&#8221;][\/vc_column][vc_column width=&#8221;1\/2&#8243;][vc_column_text css=&#8221;.vc_custom_1743611601530{margin-bottom: 50px !important;}&#8221;]<\/p>\n<h1><strong>GEL\u00c9E ROYALE DE L\u2019AVI LLU\u00cdS<\/strong><\/h1>\n<h2>Vitalit\u00e9 naturel. 100% \u00e9labor\u00e9 par les abeilles<\/h2>\n<p><strong>CARACT\u00c9RISTIQUES DU GEL\u00c9E ROYALE<\/strong><\/p>\n<p>La gel\u00e9e royale est une substance s\u00e9cr\u00e9t\u00e9e par les glandes pharyngiennes et mandibulaires des abeilles. Sa composition unique en fait un ingr\u00e9dient recherch\u00e9 dans diverses pr\u00e9parations.<\/p>\n<p>Elle est utilis\u00e9e pour la cr\u00e9ation de cr\u00e8mes r\u00e9g\u00e9n\u00e9ratrices naturelles, de masques pour le visage et de miel \u00e0 la gel\u00e9e royale et au pollen, mettant en valeur ses caract\u00e9ristiques distinctives.[\/vc_column_text][vc_tta_accordion section_title_tag=&#8221;h3&#8243; style=&#8221;flat&#8221; shape=&#8221;square&#8221; color=&#8221;white&#8221; c_position=&#8221;right&#8221; active_section=&#8221;999&#8243; no_fill=&#8221;true&#8221; collapsible_all=&#8221;true&#8221;][vc_tta_section title=&#8221;Propri\u00e9t\u00e9s de la gel\u00e9e royale&#8221; tab_id=&#8221;Proprietes&#8221;][vc_column_text css=&#8221;&#8221;]La gel\u00e9e royale est une substance s\u00e9cr\u00e9t\u00e9e par les abeilles ouvri\u00e8res et constitue l\u2019aliment essentiel des larves durant leurs trois premiers jours apr\u00e8s l\u2019\u00e9closion. Lorsqu\u2019une nouvelle reine doit \u00eatre form\u00e9e, une larve est s\u00e9lectionn\u00e9e et nourrie exclusivement de gel\u00e9e royale pendant 12 jours, ce qui lui conf\u00e8re des caract\u00e9ristiques uniques et lui permet de devenir une reine pr\u00eate \u00e0 assurer la p\u00e9rennit\u00e9 de la colonie.<\/p>\n<p>C\u2019est dans ces cellules que la gel\u00e9e royale s\u2019accumule avant d\u2019\u00eatre extraite pour la commercialisation, faisant d\u2019elle un produit singulier, non r\u00e9colt\u00e9 mais fabriqu\u00e9 par les abeilles.<\/p>\n<p>Nous ne produisons pas directement la gel\u00e9e royale que nous commercialisons, en raison de conditions climatiques moins favorables \u00e0 sa production. Comme de nombreux apiculteurs europ\u00e9ens, nous nous approvisionnons aupr\u00e8s de producteurs extracommunautaires pour garantir sa disponibilit\u00e9.[\/vc_column_text][\/vc_tta_section][vc_tta_section title=&#8221;Bienfaits de la gel\u00e9e royale&#8221; tab_id=&#8221;Bienfaits&#8221;][vc_column_text]Il y a qui consid\u00e8re que la gel\u00e9e royal est un superaliment que la nature nous offre. Elle est employ\u00e9e dans plusieurs traitements th\u00e9rapeutiques. C\u2019est aussi un excellent revitalisant, car elle nous aide \u00e0 r\u00e9sister au froid et \u00e0 la fatigue, elle retarde le vieillissement de la peau et am\u00e9liore grandement son hydratation et son \u00e9lasticit\u00e9. Elle renforce aussi les d\u00e9fenses, am\u00e9liore le syst\u00e8me immunitaire, r\u00e9gule le syst\u00e8me nerveux et aide \u00e0 combattre la fatigue et \u00e0 diminuer l\u2019anxi\u00e9t\u00e9.<\/p>\n<p>La gel\u00e9e royale donne une sensation d\u2019euphorie, accompagn\u00e9e de la r\u00e9cup\u00e9ration des forces et de l\u2019app\u00e9tit.[\/vc_column_text][\/vc_tta_section][vc_tta_section title=&#8221;Comment d\u00e9guster la gel\u00e9e royale&#8221; tab_id=&#8221;deguster&#8221;][vc_column_text]La gel\u00e9e royale est une substance visqueuse, similaire au yaourt, de couleur blanche presque jaun\u00e2tre et au go\u00fbt acide.<\/p>\n<p>La meilleure option est de consommer la gel\u00e9e royale fraiche et naturelle, sans manipulation, et conserv\u00e9e au frais. Il vaut mieux \u00e9viter la gel\u00e9e royale lyophilis\u00e9e ou en g\u00e9lules, car la d\u00e9shydratation r\u00e9duit ses propri\u00e9t\u00e9s. Il est recommand\u00e9 d\u2019en prendre par petites doses de 500 mg \u00e0 1000\u00a0mg par jour pour les adultes et la moiti\u00e9 pour les enfants (les emballages que nous commercialisons incluent une cuill\u00e8re pour doser). Il n\u2019est pas recommand\u00e9 d\u2019en consommer pendant de longues p\u00e9riodes ou en quantit\u00e9s excessives. Il est conseill\u00e9 de ne pas d\u00e9passer 60 jours cons\u00e9cutifs. Si vous souhaitez en consommer de mani\u00e8re r\u00e9guli\u00e8re, il est pr\u00e9f\u00e9rable de faire des pauses d\u2019au moins 1 mois, entre chaque cycle.[\/vc_column_text][\/vc_tta_section][\/vc_tta_accordion][vc_btn title=&#8221;Fiche technique&#8221; style=&#8221;flat&#8221; shape=&#8221;square&#8221; color=&#8221;black&#8221; size=&#8221;lg&#8221; i_align=&#8221;right&#8221; i_icon_fontawesome=&#8221;far fa-file-pdf&#8221; add_icon=&#8221;true&#8221; link=&#8221;url:https%3A%2F%2Fperello.debonatinta.com%2Fwp-content%2Fuploads%2F2022%2F03%2FFITXA-TE%CC%80CNICA-BOSC-2020.pdf&#8221; el_class=&#8221;ficha&#8221;][\/vc_column][\/vc_row][vc_row][vc_column][vc_column_text]<\/p>\n<h3 style=\"text-align: center;\"><strong>EMBALLAGES<br \/>\n<\/strong><\/h3>\n<p>[\/vc_column_text][\/vc_column][\/vc_row][vc_row gap=&#8221;15&#8243; el_class=&#8221;formatos&#8221; css=&#8221;.vc_custom_1645553046136{margin-bottom: 60px !important;}&#8221;][vc_column width=&#8221;1\/3&#8243;][vc_single_image image=&#8221;9614&#8243; img_size=&#8221;full&#8221; alignment=&#8221;center&#8221; css=&#8221;.vc_custom_1648639733071{margin-bottom: 25px !important;}&#8221; image_hovers=&#8221;false&#8221;][vc_column_text css=&#8221;.vc_custom_1654080746929{margin-bottom: 40px !important;}&#8221;]<\/p>\n<h3 style=\"text-align: center;\">Ref. 030001 \u2013 GEL\u00c9E ROYALE 10 GR.<\/h3>\n<p style=\"text-align: center;\"><strong>EAN-13: 8437001517961<\/strong><\/p>\n<p>[\/vc_column_text][\/vc_column][vc_column width=&#8221;1\/3&#8243;][vc_single_image image=&#8221;9610&#8243; img_size=&#8221;full&#8221; alignment=&#8221;center&#8221; css=&#8221;.vc_custom_1648639746030{margin-bottom: 25px !important;}&#8221; image_hovers=&#8221;false&#8221;][vc_column_text css=&#8221;.vc_custom_1654080754363{margin-bottom: 40px !important;}&#8221;]<\/p>\n<h3 style=\"text-align: center;\">Ref. 030002 \u2013 GEL\u00c9E ROYALE 20 GR.<\/h3>\n<p style=\"text-align: center;\"><strong>EAN-13: 8437001517978<\/strong><\/p>\n<p>[\/vc_column_text][\/vc_column][vc_column width=&#8221;1\/3&#8243;][vc_single_image image=&#8221;9602&#8243; img_size=&#8221;full&#8221; alignment=&#8221;center&#8221; css=&#8221;.vc_custom_1648639755141{margin-bottom: 25px !important;}&#8221; image_hovers=&#8221;false&#8221;][vc_column_text css=&#8221;.vc_custom_1654080761258{margin-bottom: 40px !important;}&#8221;]<\/p>\n<h3 style=\"text-align: center;\">Ref. 030004 \u2013 GEL\u00c9E ROYALE 100 GR.<\/h3>\n<p style=\"text-align: center;\"><strong>EAN13: 8437001517947<\/strong><\/p>\n<p>[\/vc_column_text][\/vc_column][\/vc_row][vc_row full_width=&#8221;stretch_row_content_no_spaces&#8221; bg_type=&#8221;image&#8221; parallax_style=&#8221;vcpb-vz-jquery&#8221; bg_image_new=&#8221;id^9906|url^https:\/\/www.meldelperello.com\/wp-content\/uploads\/2022\/04\/bg-13.jpg|caption^null|alt^null|title^bg|description^null&#8221; bg_image_repeat=&#8221;no-repeat&#8221; bg_override=&#8221;full&#8221; disable_on_mobile_img_parallax=&#8221;disable_on_mobile_img_parallax_value&#8221; el_class=&#8221;blanco poema&#8221;][vc_column][vc_empty_space height=&#8221;450&#8243;][\/vc_column][\/vc_row]<\/p>\n<\/div>","protected":false},"excerpt":{"rendered":"<p>[vc_row gap=&#8221;25&#8243; el_class=&#8221;producto&#8221; css=&#8221;.vc_custom_1645552768280{margin-bottom: 60px !important;}&#8221;][vc_column width=&#8221;1\/2&#8243;][vc_single_image image=&#8221;9606&#8243; img_size=&#8221;full&#8221;][\/vc_column][vc_column width=&#8221;1\/2&#8243;][vc_column_text css=&#8221;.vc_custom_1743611601530{margin-bottom: 50px !important;}&#8221;] GEL\u00c9E ROYALE DE L\u2019AVI LLU\u00cdS Vitalit\u00e9 naturel. 100% \u00e9labor\u00e9 par les abeilles CARACT\u00c9RISTIQUES DU GEL\u00c9E ROYALE La gel\u00e9e royale est une substance s\u00e9cr\u00e9t\u00e9e par les glandes pharyngiennes et mandibulaires des abeilles. Sa composition unique en fait un ingr\u00e9dient recherch\u00e9 dans diverses pr\u00e9parations.&hellip;<\/p>\n","protected":false},"author":1,"featured_media":9606,"parent":10423,"menu_order":0,"comment_status":"closed","ping_status":"closed","template":"","meta":{"inline_featured_image":false,"footnotes":""},"class_list":["post-10513","page","type-page","status-publish","has-post-thumbnail","hentry","description-off"],"yoast_head":"<!-- This site is optimized with the Yoast SEO plugin v27.3 - https:\/\/yoast.com\/product\/yoast-seo-wordpress\/ -->\n<title>GEL\u00c9E ROYALE - L&#039;Avi Llu\u00eds<\/title>\n<meta name=\"description\" content=\"Achetez de la gel\u00e9e royale pure et artisanale. Achetez votre gel\u00e9e royale directement chez l&#039;apiculteur et profitez de la plus haute qualit\u00e9 \u2705 D\u00e9couvrez nos offres !\" \/>\n<meta name=\"robots\" content=\"index, follow, max-snippet:-1, max-image-preview:large, max-video-preview:-1\" \/>\n<link rel=\"canonical\" href=\"https:\/\/www.meldelperello.com\/fr\/produits\/gelee-royale\/\" \/>\n<meta property=\"og:locale\" content=\"fr_FR\" \/>\n<meta property=\"og:type\" content=\"article\" \/>\n<meta property=\"og:title\" content=\"GEL\u00c9E ROYALE - L&#039;Avi Llu\u00eds\" \/>\n<meta property=\"og:description\" content=\"Achetez de la gel\u00e9e royale pure et artisanale. Achetez votre gel\u00e9e royale directement chez l&#039;apiculteur et profitez de la plus haute qualit\u00e9 \u2705 D\u00e9couvrez nos offres !\" \/>\n<meta property=\"og:url\" content=\"https:\/\/www.meldelperello.com\/fr\/produits\/gelee-royale\/\" \/>\n<meta property=\"og:site_name\" content=\"L&#039;Avi Llu\u00eds\" \/>\n<meta property=\"article:publisher\" content=\"https:\/\/www.facebook.com\/avi.lluis\/\" \/>\n<meta property=\"article:modified_time\" content=\"2025-04-02T16:34:49+00:00\" \/>\n<meta property=\"og:image\" content=\"https:\/\/www.meldelperello.com\/wp-content\/uploads\/2022\/03\/gelea-reial.jpg\" \/>\n\t<meta property=\"og:image:width\" content=\"1000\" \/>\n\t<meta property=\"og:image:height\" content=\"1000\" \/>\n\t<meta property=\"og:image:type\" content=\"image\/jpeg\" \/>\n<meta name=\"twitter:card\" content=\"summary_large_image\" \/>\n<meta name=\"twitter:label1\" content=\"Dur\u00e9e de lecture estim\u00e9e\" \/>\n\t<meta name=\"twitter:data1\" content=\"4 minutes\" \/>\n<script type=\"application\/ld+json\" class=\"yoast-schema-graph\">{\"@context\":\"https:\\\/\\\/schema.org\",\"@graph\":[{\"@type\":\"WebPage\",\"@id\":\"https:\\\/\\\/www.meldelperello.com\\\/fr\\\/produits\\\/gelee-royale\\\/\",\"url\":\"https:\\\/\\\/www.meldelperello.com\\\/fr\\\/produits\\\/gelee-royale\\\/\",\"name\":\"GEL\u00c9E ROYALE - L&#039;Avi Llu\u00eds\",\"isPartOf\":{\"@id\":\"https:\\\/\\\/www.meldelperello.com\\\/fr\\\/#website\"},\"primaryImageOfPage\":{\"@id\":\"https:\\\/\\\/www.meldelperello.com\\\/fr\\\/produits\\\/gelee-royale\\\/#primaryimage\"},\"image\":{\"@id\":\"https:\\\/\\\/www.meldelperello.com\\\/fr\\\/produits\\\/gelee-royale\\\/#primaryimage\"},\"thumbnailUrl\":\"https:\\\/\\\/www.meldelperello.com\\\/wp-content\\\/uploads\\\/2022\\\/03\\\/gelea-reial.jpg\",\"datePublished\":\"2022-03-24T18:32:14+00:00\",\"dateModified\":\"2025-04-02T16:34:49+00:00\",\"description\":\"Achetez de la gel\u00e9e royale pure et artisanale. Achetez votre gel\u00e9e royale directement chez l'apiculteur et profitez de la plus haute qualit\u00e9 \u2705 D\u00e9couvrez nos offres !\",\"breadcrumb\":{\"@id\":\"https:\\\/\\\/www.meldelperello.com\\\/fr\\\/produits\\\/gelee-royale\\\/#breadcrumb\"},\"inLanguage\":\"fr-FR\",\"potentialAction\":[{\"@type\":\"ReadAction\",\"target\":[\"https:\\\/\\\/www.meldelperello.com\\\/fr\\\/produits\\\/gelee-royale\\\/\"]}]},{\"@type\":\"ImageObject\",\"inLanguage\":\"fr-FR\",\"@id\":\"https:\\\/\\\/www.meldelperello.com\\\/fr\\\/produits\\\/gelee-royale\\\/#primaryimage\",\"url\":\"https:\\\/\\\/www.meldelperello.com\\\/wp-content\\\/uploads\\\/2022\\\/03\\\/gelea-reial.jpg\",\"contentUrl\":\"https:\\\/\\\/www.meldelperello.com\\\/wp-content\\\/uploads\\\/2022\\\/03\\\/gelea-reial.jpg\",\"width\":1000,\"height\":1000,\"caption\":\"GELEA REIAL\"},{\"@type\":\"BreadcrumbList\",\"@id\":\"https:\\\/\\\/www.meldelperello.com\\\/fr\\\/produits\\\/gelee-royale\\\/#breadcrumb\",\"itemListElement\":[{\"@type\":\"ListItem\",\"position\":1,\"name\":\"Inici\",\"item\":\"https:\\\/\\\/www.meldelperello.com\\\/fr\\\/\"},{\"@type\":\"ListItem\",\"position\":2,\"name\":\"PRODUITS\",\"item\":\"https:\\\/\\\/www.meldelperello.com\\\/fr\\\/produits\\\/\"},{\"@type\":\"ListItem\",\"position\":3,\"name\":\"GEL\u00c9E ROYALE\"}]},{\"@type\":\"WebSite\",\"@id\":\"https:\\\/\\\/www.meldelperello.com\\\/fr\\\/#website\",\"url\":\"https:\\\/\\\/www.meldelperello.com\\\/fr\\\/\",\"name\":\"L&#039;Avi Llu\u00eds\",\"description\":\"Apicultors i productors de mel natural, pura i artesana\",\"publisher\":{\"@id\":\"https:\\\/\\\/www.meldelperello.com\\\/fr\\\/#organization\"},\"potentialAction\":[{\"@type\":\"SearchAction\",\"target\":{\"@type\":\"EntryPoint\",\"urlTemplate\":\"https:\\\/\\\/www.meldelperello.com\\\/fr\\\/?s={search_term_string}\"},\"query-input\":{\"@type\":\"PropertyValueSpecification\",\"valueRequired\":true,\"valueName\":\"search_term_string\"}}],\"inLanguage\":\"fr-FR\"},{\"@type\":\"Organization\",\"@id\":\"https:\\\/\\\/www.meldelperello.com\\\/fr\\\/#organization\",\"name\":\"L'Avi Llu\u00eds\",\"url\":\"https:\\\/\\\/www.meldelperello.com\\\/fr\\\/\",\"logo\":{\"@type\":\"ImageObject\",\"inLanguage\":\"fr-FR\",\"@id\":\"https:\\\/\\\/www.meldelperello.com\\\/fr\\\/#\\\/schema\\\/logo\\\/image\\\/\",\"url\":\"https:\\\/\\\/www.meldelperello.com\\\/wp-content\\\/uploads\\\/2022\\\/02\\\/logo.svg\",\"contentUrl\":\"https:\\\/\\\/www.meldelperello.com\\\/wp-content\\\/uploads\\\/2022\\\/02\\\/logo.svg\",\"width\":137,\"height\":121,\"caption\":\"L'Avi Llu\u00eds\"},\"image\":{\"@id\":\"https:\\\/\\\/www.meldelperello.com\\\/fr\\\/#\\\/schema\\\/logo\\\/image\\\/\"},\"sameAs\":[\"https:\\\/\\\/www.facebook.com\\\/avi.lluis\\\/\",\"https:\\\/\\\/www.instagram.com\\\/avilluis_meldelperello\\\/\",\"https:\\\/\\\/www.youtube.com\\\/c\\\/MeldelperelloAviLluis\"]}]}<\/script>\n<!-- \/ Yoast SEO plugin. -->","yoast_head_json":{"title":"GEL\u00c9E ROYALE - L&#039;Avi Llu\u00eds","description":"Achetez de la gel\u00e9e royale pure et artisanale. Achetez votre gel\u00e9e royale directement chez l'apiculteur et profitez de la plus haute qualit\u00e9 \u2705 D\u00e9couvrez nos offres !","robots":{"index":"index","follow":"follow","max-snippet":"max-snippet:-1","max-image-preview":"max-image-preview:large","max-video-preview":"max-video-preview:-1"},"canonical":"https:\/\/www.meldelperello.com\/fr\/produits\/gelee-royale\/","og_locale":"fr_FR","og_type":"article","og_title":"GEL\u00c9E ROYALE - L&#039;Avi Llu\u00eds","og_description":"Achetez de la gel\u00e9e royale pure et artisanale. Achetez votre gel\u00e9e royale directement chez l'apiculteur et profitez de la plus haute qualit\u00e9 \u2705 D\u00e9couvrez nos offres !","og_url":"https:\/\/www.meldelperello.com\/fr\/produits\/gelee-royale\/","og_site_name":"L&#039;Avi Llu\u00eds","article_publisher":"https:\/\/www.facebook.com\/avi.lluis\/","article_modified_time":"2025-04-02T16:34:49+00:00","og_image":[{"width":1000,"height":1000,"url":"https:\/\/www.meldelperello.com\/wp-content\/uploads\/2022\/03\/gelea-reial.jpg","type":"image\/jpeg"}],"twitter_card":"summary_large_image","twitter_misc":{"Dur\u00e9e de lecture estim\u00e9e":"4 minutes"},"schema":{"@context":"https:\/\/schema.org","@graph":[{"@type":"WebPage","@id":"https:\/\/www.meldelperello.com\/fr\/produits\/gelee-royale\/","url":"https:\/\/www.meldelperello.com\/fr\/produits\/gelee-royale\/","name":"GEL\u00c9E ROYALE - L&#039;Avi Llu\u00eds","isPartOf":{"@id":"https:\/\/www.meldelperello.com\/fr\/#website"},"primaryImageOfPage":{"@id":"https:\/\/www.meldelperello.com\/fr\/produits\/gelee-royale\/#primaryimage"},"image":{"@id":"https:\/\/www.meldelperello.com\/fr\/produits\/gelee-royale\/#primaryimage"},"thumbnailUrl":"https:\/\/www.meldelperello.com\/wp-content\/uploads\/2022\/03\/gelea-reial.jpg","datePublished":"2022-03-24T18:32:14+00:00","dateModified":"2025-04-02T16:34:49+00:00","description":"Achetez de la gel\u00e9e royale pure et artisanale. Achetez votre gel\u00e9e royale directement chez l'apiculteur et profitez de la plus haute qualit\u00e9 \u2705 D\u00e9couvrez nos offres !","breadcrumb":{"@id":"https:\/\/www.meldelperello.com\/fr\/produits\/gelee-royale\/#breadcrumb"},"inLanguage":"fr-FR","potentialAction":[{"@type":"ReadAction","target":["https:\/\/www.meldelperello.com\/fr\/produits\/gelee-royale\/"]}]},{"@type":"ImageObject","inLanguage":"fr-FR","@id":"https:\/\/www.meldelperello.com\/fr\/produits\/gelee-royale\/#primaryimage","url":"https:\/\/www.meldelperello.com\/wp-content\/uploads\/2022\/03\/gelea-reial.jpg","contentUrl":"https:\/\/www.meldelperello.com\/wp-content\/uploads\/2022\/03\/gelea-reial.jpg","width":1000,"height":1000,"caption":"GELEA REIAL"},{"@type":"BreadcrumbList","@id":"https:\/\/www.meldelperello.com\/fr\/produits\/gelee-royale\/#breadcrumb","itemListElement":[{"@type":"ListItem","position":1,"name":"Inici","item":"https:\/\/www.meldelperello.com\/fr\/"},{"@type":"ListItem","position":2,"name":"PRODUITS","item":"https:\/\/www.meldelperello.com\/fr\/produits\/"},{"@type":"ListItem","position":3,"name":"GEL\u00c9E ROYALE"}]},{"@type":"WebSite","@id":"https:\/\/www.meldelperello.com\/fr\/#website","url":"https:\/\/www.meldelperello.com\/fr\/","name":"L&#039;Avi Llu\u00eds","description":"Apicultors i productors de mel natural, pura i artesana","publisher":{"@id":"https:\/\/www.meldelperello.com\/fr\/#organization"},"potentialAction":[{"@type":"SearchAction","target":{"@type":"EntryPoint","urlTemplate":"https:\/\/www.meldelperello.com\/fr\/?s={search_term_string}"},"query-input":{"@type":"PropertyValueSpecification","valueRequired":true,"valueName":"search_term_string"}}],"inLanguage":"fr-FR"},{"@type":"Organization","@id":"https:\/\/www.meldelperello.com\/fr\/#organization","name":"L'Avi Llu\u00eds","url":"https:\/\/www.meldelperello.com\/fr\/","logo":{"@type":"ImageObject","inLanguage":"fr-FR","@id":"https:\/\/www.meldelperello.com\/fr\/#\/schema\/logo\/image\/","url":"https:\/\/www.meldelperello.com\/wp-content\/uploads\/2022\/02\/logo.svg","contentUrl":"https:\/\/www.meldelperello.com\/wp-content\/uploads\/2022\/02\/logo.svg","width":137,"height":121,"caption":"L'Avi Llu\u00eds"},"image":{"@id":"https:\/\/www.meldelperello.com\/fr\/#\/schema\/logo\/image\/"},"sameAs":["https:\/\/www.facebook.com\/avi.lluis\/","https:\/\/www.instagram.com\/avilluis_meldelperello\/","https:\/\/www.youtube.com\/c\/MeldelperelloAviLluis"]}]}},"_links":{"self":[{"href":"https:\/\/www.meldelperello.com\/fr\/wp-json\/wp\/v2\/pages\/10513","targetHints":{"allow":["GET"]}}],"collection":[{"href":"https:\/\/www.meldelperello.com\/fr\/wp-json\/wp\/v2\/pages"}],"about":[{"href":"https:\/\/www.meldelperello.com\/fr\/wp-json\/wp\/v2\/types\/page"}],"author":[{"embeddable":true,"href":"https:\/\/www.meldelperello.com\/fr\/wp-json\/wp\/v2\/users\/1"}],"replies":[{"embeddable":true,"href":"https:\/\/www.meldelperello.com\/fr\/wp-json\/wp\/v2\/comments?post=10513"}],"version-history":[{"count":6,"href":"https:\/\/www.meldelperello.com\/fr\/wp-json\/wp\/v2\/pages\/10513\/revisions"}],"predecessor-version":[{"id":11956,"href":"https:\/\/www.meldelperello.com\/fr\/wp-json\/wp\/v2\/pages\/10513\/revisions\/11956"}],"up":[{"embeddable":true,"href":"https:\/\/www.meldelperello.com\/fr\/wp-json\/wp\/v2\/pages\/10423"}],"wp:featuredmedia":[{"embeddable":true,"href":"https:\/\/www.meldelperello.com\/fr\/wp-json\/wp\/v2\/media\/9606"}],"wp:attachment":[{"href":"https:\/\/www.meldelperello.com\/fr\/wp-json\/wp\/v2\/media?parent=10513"}],"curies":[{"name":"wp","href":"https:\/\/api.w.org\/{rel}","templated":true}]}}