{"id":10508,"date":"2022-03-29T16:23:59","date_gmt":"2022-03-29T14:23:59","guid":{"rendered":"https:\/\/perello.debonatinta.com\/produits\/miel-a-valeur-ajoutee\/mel-en-bresca\/"},"modified":"2025-04-02T18:27:36","modified_gmt":"2025-04-02T16:27:36","slug":"miel-en-nid-abeille","status":"publish","type":"page","link":"https:\/\/www.meldelperello.com\/fr\/produits\/miel-a-valeur-ajoutee\/miel-en-nid-abeille\/","title":{"rendered":"MIEL EN NID D\u2019ABEILLE"},"content":{"rendered":"<div class=\"wpb-content-wrapper\"><p>[vc_row gap=&#8221;25&#8243; el_class=&#8221;producto&#8221; css=&#8221;.vc_custom_1645552768280{margin-bottom: 60px !important;}&#8221;][vc_column width=&#8221;1\/2&#8243;][vc_single_image image=&#8221;9575&#8243; img_size=&#8221;full&#8221;][\/vc_column][vc_column width=&#8221;1\/2&#8243;][vc_column_text css=&#8221;.vc_custom_1743611251616{margin-bottom: 50px !important;}&#8221;]<\/p>\n<h1><strong>MIEL EN NID D\u2019ABEILLE DE L\u2019AVI LLU\u00cdS<\/strong><\/h1>\n<h2>Miel \u00e0 croquer. La nature \u00e0 l\u2019\u00e9tat pur.<\/h2>\n<p><strong>CARACT\u00c9RISTIQUES DU MIEL EN NID D\u2019ABEILLE<\/strong><\/p>\n<p>Le nid d\u2019abeille au miel est une structure de cire issue de la ruche, constitu\u00e9e de cellules hexagonales remplies d\u2019un miel qui n\u2019a pas \u00e9t\u00e9 extrait.<\/p>\n<p>Ce miel en nid d\u2019abeille se distingue par sa puret\u00e9 et sa composition unique, regroupant les \u00e9l\u00e9ments naturels de la ruche sous leur forme la plus authentique. Son caract\u00e8re brut et non transform\u00e9 en fait un produit tr\u00e8s appr\u00e9ci\u00e9 pour son intensit\u00e9 et son go\u00fbt riche.<\/p>\n<p>Comment consommer le miel en nid d\u2019abeille?<\/p>\n<p>Sa d\u00e9gustation est simple: Il suffit de couper un morceau et de le m\u00e2cher comme un chewing-gum pour en extraire tout le miel. La cire peut \u00eatre m\u00e2ch\u00e9e quelques instants avant d\u2019\u00eatre jet\u00e9e, ou aval\u00e9e selon les pr\u00e9f\u00e9rences, bien que cette pratique soit moins courante.[\/vc_column_text][vc_btn title=&#8221;Fiche technique&#8221; style=&#8221;flat&#8221; shape=&#8221;square&#8221; color=&#8221;black&#8221; size=&#8221;lg&#8221; i_align=&#8221;right&#8221; i_icon_fontawesome=&#8221;far fa-file-pdf&#8221; add_icon=&#8221;true&#8221; link=&#8221;url:https%3A%2F%2Fperello.debonatinta.com%2Fwp-content%2Fuploads%2F2022%2F03%2FFITXA-TE%CC%80CNICA-BOSC-2020.pdf&#8221; el_class=&#8221;ficha&#8221;][\/vc_column][\/vc_row][vc_row full_width=&#8221;stretch_row_content_no_spaces&#8221; bg_type=&#8221;image&#8221; parallax_style=&#8221;vcpb-vz-jquery&#8221; bg_image_new=&#8221;id^9912|url^https:\/\/www.meldelperello.com\/wp-content\/uploads\/2022\/04\/bg-14.jpg|caption^null|alt^null|title^bg|description^null&#8221; bg_image_repeat=&#8221;no-repeat&#8221; bg_override=&#8221;full&#8221; disable_on_mobile_img_parallax=&#8221;disable_on_mobile_img_parallax_value&#8221; el_class=&#8221;blanco poema&#8221;][vc_column][vc_empty_space height=&#8221;450&#8243;][\/vc_column][\/vc_row]<\/p>\n<\/div>","protected":false},"excerpt":{"rendered":"<p>[vc_row gap=&#8221;25&#8243; el_class=&#8221;producto&#8221; css=&#8221;.vc_custom_1645552768280{margin-bottom: 60px !important;}&#8221;][vc_column width=&#8221;1\/2&#8243;][vc_single_image image=&#8221;9575&#8243; img_size=&#8221;full&#8221;][\/vc_column][vc_column width=&#8221;1\/2&#8243;][vc_column_text css=&#8221;.vc_custom_1743611251616{margin-bottom: 50px !important;}&#8221;] MIEL EN NID D\u2019ABEILLE DE L\u2019AVI LLU\u00cdS Miel \u00e0 croquer. La nature \u00e0 l\u2019\u00e9tat pur. CARACT\u00c9RISTIQUES DU MIEL EN NID D\u2019ABEILLE Le nid d\u2019abeille au miel est une structure de cire issue de la ruche, constitu\u00e9e de cellules hexagonales remplies d\u2019un miel&hellip;<\/p>\n","protected":false},"author":1,"featured_media":9165,"parent":10488,"menu_order":0,"comment_status":"closed","ping_status":"closed","template":"","meta":{"inline_featured_image":false,"footnotes":""},"class_list":["post-10508","page","type-page","status-publish","has-post-thumbnail","hentry","description-off"],"yoast_head":"<!-- This site is optimized with the Yoast SEO plugin v27.3 - https:\/\/yoast.com\/product\/yoast-seo-wordpress\/ -->\n<title>MIEL EN NID D\u2019ABEILLE - L&#039;Avi Llu\u00eds<\/title>\n<meta name=\"description\" content=\"Les nids d&#039;abeilles sont des portions de cette cellule avec du miel non trait\u00e9. Le nid d&#039;abeilles d&#039;Avi Llu\u00eds peut \u00eatre trouv\u00e9 avec du miel de romarin ou d&#039;orange.\" \/>\n<meta name=\"robots\" content=\"index, follow, max-snippet:-1, max-image-preview:large, max-video-preview:-1\" \/>\n<link rel=\"canonical\" href=\"https:\/\/www.meldelperello.com\/fr\/produits\/miel-a-valeur-ajoutee\/miel-en-nid-abeille\/\" \/>\n<meta property=\"og:locale\" content=\"fr_FR\" \/>\n<meta property=\"og:type\" content=\"article\" \/>\n<meta property=\"og:title\" content=\"MIEL EN NID D\u2019ABEILLE - L&#039;Avi Llu\u00eds\" \/>\n<meta property=\"og:description\" content=\"Les nids d&#039;abeilles sont des portions de cette cellule avec du miel non trait\u00e9. Le nid d&#039;abeilles d&#039;Avi Llu\u00eds peut \u00eatre trouv\u00e9 avec du miel de romarin ou d&#039;orange.\" \/>\n<meta property=\"og:url\" content=\"https:\/\/www.meldelperello.com\/fr\/produits\/miel-a-valeur-ajoutee\/miel-en-nid-abeille\/\" \/>\n<meta property=\"og:site_name\" content=\"L&#039;Avi Llu\u00eds\" \/>\n<meta property=\"article:publisher\" content=\"https:\/\/www.facebook.com\/avi.lluis\/\" \/>\n<meta property=\"article:modified_time\" content=\"2025-04-02T16:27:36+00:00\" \/>\n<meta property=\"og:image\" content=\"https:\/\/www.meldelperello.com\/wp-content\/uploads\/2022\/03\/Mel-de-lAvi-Llui\u0301s-gener-2020-Bresca-amb-Mel-500g.jpg\" \/>\n\t<meta property=\"og:image:width\" content=\"300\" \/>\n\t<meta property=\"og:image:height\" content=\"300\" \/>\n\t<meta property=\"og:image:type\" content=\"image\/jpeg\" \/>\n<meta name=\"twitter:card\" content=\"summary_large_image\" \/>\n<meta name=\"twitter:label1\" content=\"Dur\u00e9e de lecture estim\u00e9e\" \/>\n\t<meta name=\"twitter:data1\" content=\"2 minutes\" \/>\n<script type=\"application\/ld+json\" class=\"yoast-schema-graph\">{\"@context\":\"https:\\\/\\\/schema.org\",\"@graph\":[{\"@type\":\"WebPage\",\"@id\":\"https:\\\/\\\/www.meldelperello.com\\\/fr\\\/produits\\\/miel-a-valeur-ajoutee\\\/miel-en-nid-abeille\\\/\",\"url\":\"https:\\\/\\\/www.meldelperello.com\\\/fr\\\/produits\\\/miel-a-valeur-ajoutee\\\/miel-en-nid-abeille\\\/\",\"name\":\"MIEL EN NID D\u2019ABEILLE - L&#039;Avi Llu\u00eds\",\"isPartOf\":{\"@id\":\"https:\\\/\\\/www.meldelperello.com\\\/fr\\\/#website\"},\"primaryImageOfPage\":{\"@id\":\"https:\\\/\\\/www.meldelperello.com\\\/fr\\\/produits\\\/miel-a-valeur-ajoutee\\\/miel-en-nid-abeille\\\/#primaryimage\"},\"image\":{\"@id\":\"https:\\\/\\\/www.meldelperello.com\\\/fr\\\/produits\\\/miel-a-valeur-ajoutee\\\/miel-en-nid-abeille\\\/#primaryimage\"},\"thumbnailUrl\":\"https:\\\/\\\/www.meldelperello.com\\\/wp-content\\\/uploads\\\/2022\\\/03\\\/Mel-de-lAvi-Llui\u0301s-gener-2020-Bresca-amb-Mel-500g.jpg\",\"datePublished\":\"2022-03-29T14:23:59+00:00\",\"dateModified\":\"2025-04-02T16:27:36+00:00\",\"description\":\"Les nids d'abeilles sont des portions de cette cellule avec du miel non trait\u00e9. Le nid d'abeilles d'Avi Llu\u00eds peut \u00eatre trouv\u00e9 avec du miel de romarin ou d'orange.\",\"breadcrumb\":{\"@id\":\"https:\\\/\\\/www.meldelperello.com\\\/fr\\\/produits\\\/miel-a-valeur-ajoutee\\\/miel-en-nid-abeille\\\/#breadcrumb\"},\"inLanguage\":\"fr-FR\",\"potentialAction\":[{\"@type\":\"ReadAction\",\"target\":[\"https:\\\/\\\/www.meldelperello.com\\\/fr\\\/produits\\\/miel-a-valeur-ajoutee\\\/miel-en-nid-abeille\\\/\"]}]},{\"@type\":\"ImageObject\",\"inLanguage\":\"fr-FR\",\"@id\":\"https:\\\/\\\/www.meldelperello.com\\\/fr\\\/produits\\\/miel-a-valeur-ajoutee\\\/miel-en-nid-abeille\\\/#primaryimage\",\"url\":\"https:\\\/\\\/www.meldelperello.com\\\/wp-content\\\/uploads\\\/2022\\\/03\\\/Mel-de-lAvi-Llui\u0301s-gener-2020-Bresca-amb-Mel-500g.jpg\",\"contentUrl\":\"https:\\\/\\\/www.meldelperello.com\\\/wp-content\\\/uploads\\\/2022\\\/03\\\/Mel-de-lAvi-Llui\u0301s-gener-2020-Bresca-amb-Mel-500g.jpg\",\"width\":300,\"height\":300,\"caption\":\"Mel del Avi lluis el perello bodejo productes noves etiquetes\"},{\"@type\":\"BreadcrumbList\",\"@id\":\"https:\\\/\\\/www.meldelperello.com\\\/fr\\\/produits\\\/miel-a-valeur-ajoutee\\\/miel-en-nid-abeille\\\/#breadcrumb\",\"itemListElement\":[{\"@type\":\"ListItem\",\"position\":1,\"name\":\"Inici\",\"item\":\"https:\\\/\\\/www.meldelperello.com\\\/fr\\\/\"},{\"@type\":\"ListItem\",\"position\":2,\"name\":\"PRODUITS\",\"item\":\"https:\\\/\\\/www.meldelperello.com\\\/fr\\\/produits\\\/\"},{\"@type\":\"ListItem\",\"position\":3,\"name\":\"MIEL \u00c0 VALEUR AJOUT\u00c9E\",\"item\":\"https:\\\/\\\/www.meldelperello.com\\\/fr\\\/produits\\\/miel-a-valeur-ajoutee\\\/\"},{\"@type\":\"ListItem\",\"position\":4,\"name\":\"MIEL EN NID D\u2019ABEILLE\"}]},{\"@type\":\"WebSite\",\"@id\":\"https:\\\/\\\/www.meldelperello.com\\\/fr\\\/#website\",\"url\":\"https:\\\/\\\/www.meldelperello.com\\\/fr\\\/\",\"name\":\"L&#039;Avi Llu\u00eds\",\"description\":\"Apicultors i productors de mel natural, pura i artesana\",\"publisher\":{\"@id\":\"https:\\\/\\\/www.meldelperello.com\\\/fr\\\/#organization\"},\"potentialAction\":[{\"@type\":\"SearchAction\",\"target\":{\"@type\":\"EntryPoint\",\"urlTemplate\":\"https:\\\/\\\/www.meldelperello.com\\\/fr\\\/?s={search_term_string}\"},\"query-input\":{\"@type\":\"PropertyValueSpecification\",\"valueRequired\":true,\"valueName\":\"search_term_string\"}}],\"inLanguage\":\"fr-FR\"},{\"@type\":\"Organization\",\"@id\":\"https:\\\/\\\/www.meldelperello.com\\\/fr\\\/#organization\",\"name\":\"L'Avi Llu\u00eds\",\"url\":\"https:\\\/\\\/www.meldelperello.com\\\/fr\\\/\",\"logo\":{\"@type\":\"ImageObject\",\"inLanguage\":\"fr-FR\",\"@id\":\"https:\\\/\\\/www.meldelperello.com\\\/fr\\\/#\\\/schema\\\/logo\\\/image\\\/\",\"url\":\"https:\\\/\\\/www.meldelperello.com\\\/wp-content\\\/uploads\\\/2022\\\/02\\\/logo.svg\",\"contentUrl\":\"https:\\\/\\\/www.meldelperello.com\\\/wp-content\\\/uploads\\\/2022\\\/02\\\/logo.svg\",\"width\":137,\"height\":121,\"caption\":\"L'Avi Llu\u00eds\"},\"image\":{\"@id\":\"https:\\\/\\\/www.meldelperello.com\\\/fr\\\/#\\\/schema\\\/logo\\\/image\\\/\"},\"sameAs\":[\"https:\\\/\\\/www.facebook.com\\\/avi.lluis\\\/\",\"https:\\\/\\\/www.instagram.com\\\/avilluis_meldelperello\\\/\",\"https:\\\/\\\/www.youtube.com\\\/c\\\/MeldelperelloAviLluis\"]}]}<\/script>\n<!-- \/ Yoast SEO plugin. -->","yoast_head_json":{"title":"MIEL EN NID D\u2019ABEILLE - L&#039;Avi Llu\u00eds","description":"Les nids d'abeilles sont des portions de cette cellule avec du miel non trait\u00e9. Le nid d'abeilles d'Avi Llu\u00eds peut \u00eatre trouv\u00e9 avec du miel de romarin ou d'orange.","robots":{"index":"index","follow":"follow","max-snippet":"max-snippet:-1","max-image-preview":"max-image-preview:large","max-video-preview":"max-video-preview:-1"},"canonical":"https:\/\/www.meldelperello.com\/fr\/produits\/miel-a-valeur-ajoutee\/miel-en-nid-abeille\/","og_locale":"fr_FR","og_type":"article","og_title":"MIEL EN NID D\u2019ABEILLE - L&#039;Avi Llu\u00eds","og_description":"Les nids d'abeilles sont des portions de cette cellule avec du miel non trait\u00e9. Le nid d'abeilles d'Avi Llu\u00eds peut \u00eatre trouv\u00e9 avec du miel de romarin ou d'orange.","og_url":"https:\/\/www.meldelperello.com\/fr\/produits\/miel-a-valeur-ajoutee\/miel-en-nid-abeille\/","og_site_name":"L&#039;Avi Llu\u00eds","article_publisher":"https:\/\/www.facebook.com\/avi.lluis\/","article_modified_time":"2025-04-02T16:27:36+00:00","og_image":[{"width":300,"height":300,"url":"https:\/\/www.meldelperello.com\/wp-content\/uploads\/2022\/03\/Mel-de-lAvi-Llui\u0301s-gener-2020-Bresca-amb-Mel-500g.jpg","type":"image\/jpeg"}],"twitter_card":"summary_large_image","twitter_misc":{"Dur\u00e9e de lecture estim\u00e9e":"2 minutes"},"schema":{"@context":"https:\/\/schema.org","@graph":[{"@type":"WebPage","@id":"https:\/\/www.meldelperello.com\/fr\/produits\/miel-a-valeur-ajoutee\/miel-en-nid-abeille\/","url":"https:\/\/www.meldelperello.com\/fr\/produits\/miel-a-valeur-ajoutee\/miel-en-nid-abeille\/","name":"MIEL EN NID D\u2019ABEILLE - L&#039;Avi Llu\u00eds","isPartOf":{"@id":"https:\/\/www.meldelperello.com\/fr\/#website"},"primaryImageOfPage":{"@id":"https:\/\/www.meldelperello.com\/fr\/produits\/miel-a-valeur-ajoutee\/miel-en-nid-abeille\/#primaryimage"},"image":{"@id":"https:\/\/www.meldelperello.com\/fr\/produits\/miel-a-valeur-ajoutee\/miel-en-nid-abeille\/#primaryimage"},"thumbnailUrl":"https:\/\/www.meldelperello.com\/wp-content\/uploads\/2022\/03\/Mel-de-lAvi-Llui\u0301s-gener-2020-Bresca-amb-Mel-500g.jpg","datePublished":"2022-03-29T14:23:59+00:00","dateModified":"2025-04-02T16:27:36+00:00","description":"Les nids d'abeilles sont des portions de cette cellule avec du miel non trait\u00e9. Le nid d'abeilles d'Avi Llu\u00eds peut \u00eatre trouv\u00e9 avec du miel de romarin ou d'orange.","breadcrumb":{"@id":"https:\/\/www.meldelperello.com\/fr\/produits\/miel-a-valeur-ajoutee\/miel-en-nid-abeille\/#breadcrumb"},"inLanguage":"fr-FR","potentialAction":[{"@type":"ReadAction","target":["https:\/\/www.meldelperello.com\/fr\/produits\/miel-a-valeur-ajoutee\/miel-en-nid-abeille\/"]}]},{"@type":"ImageObject","inLanguage":"fr-FR","@id":"https:\/\/www.meldelperello.com\/fr\/produits\/miel-a-valeur-ajoutee\/miel-en-nid-abeille\/#primaryimage","url":"https:\/\/www.meldelperello.com\/wp-content\/uploads\/2022\/03\/Mel-de-lAvi-Llui\u0301s-gener-2020-Bresca-amb-Mel-500g.jpg","contentUrl":"https:\/\/www.meldelperello.com\/wp-content\/uploads\/2022\/03\/Mel-de-lAvi-Llui\u0301s-gener-2020-Bresca-amb-Mel-500g.jpg","width":300,"height":300,"caption":"Mel del Avi lluis el perello bodejo productes noves etiquetes"},{"@type":"BreadcrumbList","@id":"https:\/\/www.meldelperello.com\/fr\/produits\/miel-a-valeur-ajoutee\/miel-en-nid-abeille\/#breadcrumb","itemListElement":[{"@type":"ListItem","position":1,"name":"Inici","item":"https:\/\/www.meldelperello.com\/fr\/"},{"@type":"ListItem","position":2,"name":"PRODUITS","item":"https:\/\/www.meldelperello.com\/fr\/produits\/"},{"@type":"ListItem","position":3,"name":"MIEL \u00c0 VALEUR AJOUT\u00c9E","item":"https:\/\/www.meldelperello.com\/fr\/produits\/miel-a-valeur-ajoutee\/"},{"@type":"ListItem","position":4,"name":"MIEL EN NID D\u2019ABEILLE"}]},{"@type":"WebSite","@id":"https:\/\/www.meldelperello.com\/fr\/#website","url":"https:\/\/www.meldelperello.com\/fr\/","name":"L&#039;Avi Llu\u00eds","description":"Apicultors i productors de mel natural, pura i artesana","publisher":{"@id":"https:\/\/www.meldelperello.com\/fr\/#organization"},"potentialAction":[{"@type":"SearchAction","target":{"@type":"EntryPoint","urlTemplate":"https:\/\/www.meldelperello.com\/fr\/?s={search_term_string}"},"query-input":{"@type":"PropertyValueSpecification","valueRequired":true,"valueName":"search_term_string"}}],"inLanguage":"fr-FR"},{"@type":"Organization","@id":"https:\/\/www.meldelperello.com\/fr\/#organization","name":"L'Avi Llu\u00eds","url":"https:\/\/www.meldelperello.com\/fr\/","logo":{"@type":"ImageObject","inLanguage":"fr-FR","@id":"https:\/\/www.meldelperello.com\/fr\/#\/schema\/logo\/image\/","url":"https:\/\/www.meldelperello.com\/wp-content\/uploads\/2022\/02\/logo.svg","contentUrl":"https:\/\/www.meldelperello.com\/wp-content\/uploads\/2022\/02\/logo.svg","width":137,"height":121,"caption":"L'Avi Llu\u00eds"},"image":{"@id":"https:\/\/www.meldelperello.com\/fr\/#\/schema\/logo\/image\/"},"sameAs":["https:\/\/www.facebook.com\/avi.lluis\/","https:\/\/www.instagram.com\/avilluis_meldelperello\/","https:\/\/www.youtube.com\/c\/MeldelperelloAviLluis"]}]}},"_links":{"self":[{"href":"https:\/\/www.meldelperello.com\/fr\/wp-json\/wp\/v2\/pages\/10508","targetHints":{"allow":["GET"]}}],"collection":[{"href":"https:\/\/www.meldelperello.com\/fr\/wp-json\/wp\/v2\/pages"}],"about":[{"href":"https:\/\/www.meldelperello.com\/fr\/wp-json\/wp\/v2\/types\/page"}],"author":[{"embeddable":true,"href":"https:\/\/www.meldelperello.com\/fr\/wp-json\/wp\/v2\/users\/1"}],"replies":[{"embeddable":true,"href":"https:\/\/www.meldelperello.com\/fr\/wp-json\/wp\/v2\/comments?post=10508"}],"version-history":[{"count":4,"href":"https:\/\/www.meldelperello.com\/fr\/wp-json\/wp\/v2\/pages\/10508\/revisions"}],"predecessor-version":[{"id":11953,"href":"https:\/\/www.meldelperello.com\/fr\/wp-json\/wp\/v2\/pages\/10508\/revisions\/11953"}],"up":[{"embeddable":true,"href":"https:\/\/www.meldelperello.com\/fr\/wp-json\/wp\/v2\/pages\/10488"}],"wp:featuredmedia":[{"embeddable":true,"href":"https:\/\/www.meldelperello.com\/fr\/wp-json\/wp\/v2\/media\/9165"}],"wp:attachment":[{"href":"https:\/\/www.meldelperello.com\/fr\/wp-json\/wp\/v2\/media?parent=10508"}],"curies":[{"name":"wp","href":"https:\/\/api.w.org\/{rel}","templated":true}]}}