{"id":10503,"date":"2022-03-24T19:11:15","date_gmt":"2022-03-24T18:11:15","guid":{"rendered":"https:\/\/perello.debonatinta.com\/produits\/miel-a-valeur-ajoutee\/bresca-amb-mel\/"},"modified":"2025-04-02T18:24:52","modified_gmt":"2025-04-02T16:24:52","slug":"nid-abeille-au-miel","status":"publish","type":"page","link":"https:\/\/www.meldelperello.com\/fr\/produits\/miel-a-valeur-ajoutee\/nid-abeille-au-miel\/","title":{"rendered":"NID D\u2019ABEILLE AU MIEL"},"content":{"rendered":"<div class=\"wpb-content-wrapper\"><p>[vc_row gap=&#8221;25&#8243; el_class=&#8221;producto&#8221; css=&#8221;.vc_custom_1645552768280{margin-bottom: 60px !important;}&#8221;][vc_column width=&#8221;1\/2&#8243;][vc_single_image image=&#8221;9561&#8243; img_size=&#8221;full&#8221;][\/vc_column][vc_column width=&#8221;1\/2&#8243;][vc_column_text css=&#8221;.vc_custom_1743611053079{margin-bottom: 50px !important;}&#8221;]<\/p>\n<h1><strong>NID D\u2019ABEILLE AU MIEL DE L\u2019AVI LLU\u00cdS<\/strong><\/h1>\n<h2>Miel \u00e0 croquer, miel \u00e0 d\u00e9guster.<\/h2>\n<p><strong>CARACT\u00c9RISTIQUES DU NID D\u2019ABEILLE AU MIEL<\/strong><\/p>\n<p>Le nid d\u2019abeille au miel est une structure naturelle de la ruche, compos\u00e9e de cellules hexagonales remplies de miel non extrait. Chez l\u2019Avi Llu\u00eds, il est disponible dans des pots de miel de romarin et d\u2019oranger.<\/p>\n<p>Ce miel en nid d\u2019abeille se distingue par sa puret\u00e9 et sa composition unique, regroupant les \u00e9l\u00e9ments naturels de la ruche sous leur forme la plus authentique. Ses caract\u00e9ristiques varient selon la p\u00e9riode et le lieu d\u2019origine, mais il conserve toujours son int\u00e9grit\u00e9 et son identit\u00e9 propre.[\/vc_column_text][vc_tta_accordion section_title_tag=&#8221;h3&#8243; style=&#8221;flat&#8221; shape=&#8221;square&#8221; color=&#8221;white&#8221; c_position=&#8221;right&#8221; active_section=&#8221;999&#8243; no_fill=&#8221;true&#8221; collapsible_all=&#8221;true&#8221;][vc_tta_section title=&#8221;Dosage du nid d\u2019abeille au miel de l\u2019Avi Llu\u00eds&#8221; tab_id=&#8221;Dosage&#8221;][vc_column_text css=&#8221;&#8221;]Le nid d\u2019abeille au miel s\u2019appr\u00e9cie tout au long de l\u2019ann\u00e9e, offrant une exp\u00e9rience authentique de la ruche. Sa consommation peut varier selon les pr\u00e9f\u00e9rences et les habitudes, et il est souvent d\u00e9gust\u00e9 \u00e0 diff\u00e9rents moments pour profiter pleinement de ses caract\u00e9ristiques naturelles.[\/vc_column_text][\/vc_tta_section][vc_tta_section title=&#8221;Pr\u00e9sentation du nid d\u2019abeille au miel de l\u2019Avi Llu\u00eds&#8221; tab_id=&#8221;Presentation&#8221;][vc_column_text]Nous conditionnons le nid d\u2019abeille dans des pots en verre remplis de miel de 500 et 250\u00a0g.<\/p>\n<p>Il est recommand\u00e9 de conserver le pot bien ferm\u00e9 et \u00e0 l\u2019abri des rayons du soleil.[\/vc_column_text][\/vc_tta_section][\/vc_tta_accordion][vc_btn title=&#8221;Fiche technique&#8221; style=&#8221;flat&#8221; shape=&#8221;square&#8221; color=&#8221;black&#8221; size=&#8221;lg&#8221; i_align=&#8221;right&#8221; i_icon_fontawesome=&#8221;far fa-file-pdf&#8221; add_icon=&#8221;true&#8221; link=&#8221;url:https%3A%2F%2Fperello.debonatinta.com%2Fwp-content%2Fuploads%2F2022%2F03%2FFITXA-TE%CC%80CNICA-BOSC-2020.pdf&#8221; el_class=&#8221;ficha&#8221;][\/vc_column][\/vc_row][vc_row][vc_column][vc_column_text]<\/p>\n<h3 style=\"text-align: center;\">EMBALLAGES<\/h3>\n<p>[\/vc_column_text][\/vc_column][\/vc_row][vc_row el_class=&#8221;formatos&#8221;][vc_column width=&#8221;1\/6&#8243;][\/vc_column][vc_column width=&#8221;2\/3&#8243;][vc_row_inner gap=&#8221;35&#8243;][vc_column_inner width=&#8221;1\/2&#8243;][vc_single_image image=&#8221;9565&#8243; img_size=&#8221;full&#8221; alignment=&#8221;center&#8221; css=&#8221;.vc_custom_1648638487243{margin-bottom: 25px !important;}&#8221; image_hovers=&#8221;false&#8221;][vc_column_text css=&#8221;.vc_custom_1654080265637{margin-bottom: 40px !important;}&#8221;]<\/p>\n<h3 style=\"text-align: center;\"><strong>Ref. 050002 \u2013 NID D\u2019ABEILLE AU MIEL 500 GR.<\/strong><\/h3>\n<p style=\"text-align: center;\"><strong>EAN-13: 8437001517305<\/strong><\/p>\n<p>[\/vc_column_text][\/vc_column_inner][vc_column_inner width=&#8221;1\/2&#8243;][vc_single_image image=&#8221;9569&#8243; img_size=&#8221;full&#8221; alignment=&#8221;center&#8221; css=&#8221;.vc_custom_1648638497716{margin-bottom: 25px !important;}&#8221; image_hovers=&#8221;false&#8221;][vc_column_text css=&#8221;.vc_custom_1654080274841{margin-bottom: 40px !important;}&#8221;]<\/p>\n<h3 style=\"text-align: center;\"><strong>Ref. 050001 \u2013 NID D\u2019ABEILLE AU MIEL 300 GR.<\/strong><\/h3>\n<p style=\"text-align: center;\"><strong>EAN-13: 8436554510115<\/strong><\/p>\n<p>[\/vc_column_text][\/vc_column_inner][\/vc_row_inner][\/vc_column][vc_column width=&#8221;1\/6&#8243;][\/vc_column][\/vc_row][vc_row full_width=&#8221;stretch_row_content_no_spaces&#8221; bg_type=&#8221;image&#8221; parallax_style=&#8221;vcpb-vz-jquery&#8221; bg_image_new=&#8221;id^9912|url^https:\/\/www.meldelperello.com\/wp-content\/uploads\/2022\/04\/bg-14.jpg|caption^null|alt^null|title^bg|description^null&#8221; bg_image_repeat=&#8221;no-repeat&#8221; bg_override=&#8221;full&#8221; disable_on_mobile_img_parallax=&#8221;disable_on_mobile_img_parallax_value&#8221; el_class=&#8221;blanco poema&#8221;][vc_column][vc_empty_space height=&#8221;450&#8243;][\/vc_column][\/vc_row]<\/p>\n<\/div>","protected":false},"excerpt":{"rendered":"<p>[vc_row gap=&#8221;25&#8243; el_class=&#8221;producto&#8221; css=&#8221;.vc_custom_1645552768280{margin-bottom: 60px !important;}&#8221;][vc_column width=&#8221;1\/2&#8243;][vc_single_image image=&#8221;9561&#8243; img_size=&#8221;full&#8221;][\/vc_column][vc_column width=&#8221;1\/2&#8243;][vc_column_text css=&#8221;.vc_custom_1743611053079{margin-bottom: 50px !important;}&#8221;] NID D\u2019ABEILLE AU MIEL DE L\u2019AVI LLU\u00cdS Miel \u00e0 croquer, miel \u00e0 d\u00e9guster. CARACT\u00c9RISTIQUES DU NID D\u2019ABEILLE AU MIEL Le nid d\u2019abeille au miel est une structure naturelle de la ruche, compos\u00e9e de cellules hexagonales remplies de miel non extrait. Chez l\u2019Avi&hellip;<\/p>\n","protected":false},"author":1,"featured_media":9561,"parent":10488,"menu_order":0,"comment_status":"closed","ping_status":"closed","template":"","meta":{"inline_featured_image":false,"footnotes":""},"class_list":["post-10503","page","type-page","status-publish","has-post-thumbnail","hentry","description-off"],"yoast_head":"<!-- This site is optimized with the Yoast SEO plugin v27.3 - https:\/\/yoast.com\/product\/yoast-seo-wordpress\/ -->\n<title>NID D\u2019ABEILLE AU MIEL - L&#039;Avi Llu\u00eds<\/title>\n<meta name=\"description\" content=\"Les nids d&#039;abeilles sont des portions de cette cellule avec du miel non trait\u00e9. Le nid d&#039;abeilles d&#039;Avi Llu\u00eds peut \u00eatre trouv\u00e9 avec du miel de romarin ou d&#039;orange.\" \/>\n<meta name=\"robots\" content=\"index, follow, max-snippet:-1, max-image-preview:large, max-video-preview:-1\" \/>\n<link rel=\"canonical\" href=\"https:\/\/www.meldelperello.com\/fr\/produits\/miel-a-valeur-ajoutee\/nid-abeille-au-miel\/\" \/>\n<meta property=\"og:locale\" content=\"fr_FR\" \/>\n<meta property=\"og:type\" content=\"article\" \/>\n<meta property=\"og:title\" content=\"NID D\u2019ABEILLE AU MIEL - L&#039;Avi Llu\u00eds\" \/>\n<meta property=\"og:description\" content=\"Les nids d&#039;abeilles sont des portions de cette cellule avec du miel non trait\u00e9. Le nid d&#039;abeilles d&#039;Avi Llu\u00eds peut \u00eatre trouv\u00e9 avec du miel de romarin ou d&#039;orange.\" \/>\n<meta property=\"og:url\" content=\"https:\/\/www.meldelperello.com\/fr\/produits\/miel-a-valeur-ajoutee\/nid-abeille-au-miel\/\" \/>\n<meta property=\"og:site_name\" content=\"L&#039;Avi Llu\u00eds\" \/>\n<meta property=\"article:publisher\" content=\"https:\/\/www.facebook.com\/avi.lluis\/\" \/>\n<meta property=\"article:modified_time\" content=\"2025-04-02T16:24:52+00:00\" \/>\n<meta property=\"og:image\" content=\"https:\/\/www.meldelperello.com\/wp-content\/uploads\/2022\/03\/bresca-amb-mel.jpg\" \/>\n\t<meta property=\"og:image:width\" content=\"1000\" \/>\n\t<meta property=\"og:image:height\" content=\"1000\" \/>\n\t<meta property=\"og:image:type\" content=\"image\/jpeg\" \/>\n<meta name=\"twitter:card\" content=\"summary_large_image\" \/>\n<meta name=\"twitter:label1\" content=\"Dur\u00e9e de lecture estim\u00e9e\" \/>\n\t<meta name=\"twitter:data1\" content=\"3 minutes\" \/>\n<script type=\"application\/ld+json\" class=\"yoast-schema-graph\">{\"@context\":\"https:\\\/\\\/schema.org\",\"@graph\":[{\"@type\":\"WebPage\",\"@id\":\"https:\\\/\\\/www.meldelperello.com\\\/fr\\\/produits\\\/miel-a-valeur-ajoutee\\\/nid-abeille-au-miel\\\/\",\"url\":\"https:\\\/\\\/www.meldelperello.com\\\/fr\\\/produits\\\/miel-a-valeur-ajoutee\\\/nid-abeille-au-miel\\\/\",\"name\":\"NID D\u2019ABEILLE AU MIEL - L&#039;Avi Llu\u00eds\",\"isPartOf\":{\"@id\":\"https:\\\/\\\/www.meldelperello.com\\\/fr\\\/#website\"},\"primaryImageOfPage\":{\"@id\":\"https:\\\/\\\/www.meldelperello.com\\\/fr\\\/produits\\\/miel-a-valeur-ajoutee\\\/nid-abeille-au-miel\\\/#primaryimage\"},\"image\":{\"@id\":\"https:\\\/\\\/www.meldelperello.com\\\/fr\\\/produits\\\/miel-a-valeur-ajoutee\\\/nid-abeille-au-miel\\\/#primaryimage\"},\"thumbnailUrl\":\"https:\\\/\\\/www.meldelperello.com\\\/wp-content\\\/uploads\\\/2022\\\/03\\\/bresca-amb-mel.jpg\",\"datePublished\":\"2022-03-24T18:11:15+00:00\",\"dateModified\":\"2025-04-02T16:24:52+00:00\",\"description\":\"Les nids d'abeilles sont des portions de cette cellule avec du miel non trait\u00e9. Le nid d'abeilles d'Avi Llu\u00eds peut \u00eatre trouv\u00e9 avec du miel de romarin ou d'orange.\",\"breadcrumb\":{\"@id\":\"https:\\\/\\\/www.meldelperello.com\\\/fr\\\/produits\\\/miel-a-valeur-ajoutee\\\/nid-abeille-au-miel\\\/#breadcrumb\"},\"inLanguage\":\"fr-FR\",\"potentialAction\":[{\"@type\":\"ReadAction\",\"target\":[\"https:\\\/\\\/www.meldelperello.com\\\/fr\\\/produits\\\/miel-a-valeur-ajoutee\\\/nid-abeille-au-miel\\\/\"]}]},{\"@type\":\"ImageObject\",\"inLanguage\":\"fr-FR\",\"@id\":\"https:\\\/\\\/www.meldelperello.com\\\/fr\\\/produits\\\/miel-a-valeur-ajoutee\\\/nid-abeille-au-miel\\\/#primaryimage\",\"url\":\"https:\\\/\\\/www.meldelperello.com\\\/wp-content\\\/uploads\\\/2022\\\/03\\\/bresca-amb-mel.jpg\",\"contentUrl\":\"https:\\\/\\\/www.meldelperello.com\\\/wp-content\\\/uploads\\\/2022\\\/03\\\/bresca-amb-mel.jpg\",\"width\":1000,\"height\":1000,\"caption\":\"BRESCA AMB MEL\"},{\"@type\":\"BreadcrumbList\",\"@id\":\"https:\\\/\\\/www.meldelperello.com\\\/fr\\\/produits\\\/miel-a-valeur-ajoutee\\\/nid-abeille-au-miel\\\/#breadcrumb\",\"itemListElement\":[{\"@type\":\"ListItem\",\"position\":1,\"name\":\"Inici\",\"item\":\"https:\\\/\\\/www.meldelperello.com\\\/fr\\\/\"},{\"@type\":\"ListItem\",\"position\":2,\"name\":\"PRODUITS\",\"item\":\"https:\\\/\\\/www.meldelperello.com\\\/fr\\\/produits\\\/\"},{\"@type\":\"ListItem\",\"position\":3,\"name\":\"MIEL \u00c0 VALEUR AJOUT\u00c9E\",\"item\":\"https:\\\/\\\/www.meldelperello.com\\\/fr\\\/produits\\\/miel-a-valeur-ajoutee\\\/\"},{\"@type\":\"ListItem\",\"position\":4,\"name\":\"NID D\u2019ABEILLE AU MIEL\"}]},{\"@type\":\"WebSite\",\"@id\":\"https:\\\/\\\/www.meldelperello.com\\\/fr\\\/#website\",\"url\":\"https:\\\/\\\/www.meldelperello.com\\\/fr\\\/\",\"name\":\"L&#039;Avi Llu\u00eds\",\"description\":\"Apicultors i productors de mel natural, pura i artesana\",\"publisher\":{\"@id\":\"https:\\\/\\\/www.meldelperello.com\\\/fr\\\/#organization\"},\"potentialAction\":[{\"@type\":\"SearchAction\",\"target\":{\"@type\":\"EntryPoint\",\"urlTemplate\":\"https:\\\/\\\/www.meldelperello.com\\\/fr\\\/?s={search_term_string}\"},\"query-input\":{\"@type\":\"PropertyValueSpecification\",\"valueRequired\":true,\"valueName\":\"search_term_string\"}}],\"inLanguage\":\"fr-FR\"},{\"@type\":\"Organization\",\"@id\":\"https:\\\/\\\/www.meldelperello.com\\\/fr\\\/#organization\",\"name\":\"L'Avi Llu\u00eds\",\"url\":\"https:\\\/\\\/www.meldelperello.com\\\/fr\\\/\",\"logo\":{\"@type\":\"ImageObject\",\"inLanguage\":\"fr-FR\",\"@id\":\"https:\\\/\\\/www.meldelperello.com\\\/fr\\\/#\\\/schema\\\/logo\\\/image\\\/\",\"url\":\"https:\\\/\\\/www.meldelperello.com\\\/wp-content\\\/uploads\\\/2022\\\/02\\\/logo.svg\",\"contentUrl\":\"https:\\\/\\\/www.meldelperello.com\\\/wp-content\\\/uploads\\\/2022\\\/02\\\/logo.svg\",\"width\":137,\"height\":121,\"caption\":\"L'Avi Llu\u00eds\"},\"image\":{\"@id\":\"https:\\\/\\\/www.meldelperello.com\\\/fr\\\/#\\\/schema\\\/logo\\\/image\\\/\"},\"sameAs\":[\"https:\\\/\\\/www.facebook.com\\\/avi.lluis\\\/\",\"https:\\\/\\\/www.instagram.com\\\/avilluis_meldelperello\\\/\",\"https:\\\/\\\/www.youtube.com\\\/c\\\/MeldelperelloAviLluis\"]}]}<\/script>\n<!-- \/ Yoast SEO plugin. -->","yoast_head_json":{"title":"NID D\u2019ABEILLE AU MIEL - L&#039;Avi Llu\u00eds","description":"Les nids d'abeilles sont des portions de cette cellule avec du miel non trait\u00e9. Le nid d'abeilles d'Avi Llu\u00eds peut \u00eatre trouv\u00e9 avec du miel de romarin ou d'orange.","robots":{"index":"index","follow":"follow","max-snippet":"max-snippet:-1","max-image-preview":"max-image-preview:large","max-video-preview":"max-video-preview:-1"},"canonical":"https:\/\/www.meldelperello.com\/fr\/produits\/miel-a-valeur-ajoutee\/nid-abeille-au-miel\/","og_locale":"fr_FR","og_type":"article","og_title":"NID D\u2019ABEILLE AU MIEL - L&#039;Avi Llu\u00eds","og_description":"Les nids d'abeilles sont des portions de cette cellule avec du miel non trait\u00e9. Le nid d'abeilles d'Avi Llu\u00eds peut \u00eatre trouv\u00e9 avec du miel de romarin ou d'orange.","og_url":"https:\/\/www.meldelperello.com\/fr\/produits\/miel-a-valeur-ajoutee\/nid-abeille-au-miel\/","og_site_name":"L&#039;Avi Llu\u00eds","article_publisher":"https:\/\/www.facebook.com\/avi.lluis\/","article_modified_time":"2025-04-02T16:24:52+00:00","og_image":[{"width":1000,"height":1000,"url":"https:\/\/www.meldelperello.com\/wp-content\/uploads\/2022\/03\/bresca-amb-mel.jpg","type":"image\/jpeg"}],"twitter_card":"summary_large_image","twitter_misc":{"Dur\u00e9e de lecture estim\u00e9e":"3 minutes"},"schema":{"@context":"https:\/\/schema.org","@graph":[{"@type":"WebPage","@id":"https:\/\/www.meldelperello.com\/fr\/produits\/miel-a-valeur-ajoutee\/nid-abeille-au-miel\/","url":"https:\/\/www.meldelperello.com\/fr\/produits\/miel-a-valeur-ajoutee\/nid-abeille-au-miel\/","name":"NID D\u2019ABEILLE AU MIEL - L&#039;Avi Llu\u00eds","isPartOf":{"@id":"https:\/\/www.meldelperello.com\/fr\/#website"},"primaryImageOfPage":{"@id":"https:\/\/www.meldelperello.com\/fr\/produits\/miel-a-valeur-ajoutee\/nid-abeille-au-miel\/#primaryimage"},"image":{"@id":"https:\/\/www.meldelperello.com\/fr\/produits\/miel-a-valeur-ajoutee\/nid-abeille-au-miel\/#primaryimage"},"thumbnailUrl":"https:\/\/www.meldelperello.com\/wp-content\/uploads\/2022\/03\/bresca-amb-mel.jpg","datePublished":"2022-03-24T18:11:15+00:00","dateModified":"2025-04-02T16:24:52+00:00","description":"Les nids d'abeilles sont des portions de cette cellule avec du miel non trait\u00e9. Le nid d'abeilles d'Avi Llu\u00eds peut \u00eatre trouv\u00e9 avec du miel de romarin ou d'orange.","breadcrumb":{"@id":"https:\/\/www.meldelperello.com\/fr\/produits\/miel-a-valeur-ajoutee\/nid-abeille-au-miel\/#breadcrumb"},"inLanguage":"fr-FR","potentialAction":[{"@type":"ReadAction","target":["https:\/\/www.meldelperello.com\/fr\/produits\/miel-a-valeur-ajoutee\/nid-abeille-au-miel\/"]}]},{"@type":"ImageObject","inLanguage":"fr-FR","@id":"https:\/\/www.meldelperello.com\/fr\/produits\/miel-a-valeur-ajoutee\/nid-abeille-au-miel\/#primaryimage","url":"https:\/\/www.meldelperello.com\/wp-content\/uploads\/2022\/03\/bresca-amb-mel.jpg","contentUrl":"https:\/\/www.meldelperello.com\/wp-content\/uploads\/2022\/03\/bresca-amb-mel.jpg","width":1000,"height":1000,"caption":"BRESCA AMB MEL"},{"@type":"BreadcrumbList","@id":"https:\/\/www.meldelperello.com\/fr\/produits\/miel-a-valeur-ajoutee\/nid-abeille-au-miel\/#breadcrumb","itemListElement":[{"@type":"ListItem","position":1,"name":"Inici","item":"https:\/\/www.meldelperello.com\/fr\/"},{"@type":"ListItem","position":2,"name":"PRODUITS","item":"https:\/\/www.meldelperello.com\/fr\/produits\/"},{"@type":"ListItem","position":3,"name":"MIEL \u00c0 VALEUR AJOUT\u00c9E","item":"https:\/\/www.meldelperello.com\/fr\/produits\/miel-a-valeur-ajoutee\/"},{"@type":"ListItem","position":4,"name":"NID D\u2019ABEILLE AU MIEL"}]},{"@type":"WebSite","@id":"https:\/\/www.meldelperello.com\/fr\/#website","url":"https:\/\/www.meldelperello.com\/fr\/","name":"L&#039;Avi Llu\u00eds","description":"Apicultors i productors de mel natural, pura i artesana","publisher":{"@id":"https:\/\/www.meldelperello.com\/fr\/#organization"},"potentialAction":[{"@type":"SearchAction","target":{"@type":"EntryPoint","urlTemplate":"https:\/\/www.meldelperello.com\/fr\/?s={search_term_string}"},"query-input":{"@type":"PropertyValueSpecification","valueRequired":true,"valueName":"search_term_string"}}],"inLanguage":"fr-FR"},{"@type":"Organization","@id":"https:\/\/www.meldelperello.com\/fr\/#organization","name":"L'Avi Llu\u00eds","url":"https:\/\/www.meldelperello.com\/fr\/","logo":{"@type":"ImageObject","inLanguage":"fr-FR","@id":"https:\/\/www.meldelperello.com\/fr\/#\/schema\/logo\/image\/","url":"https:\/\/www.meldelperello.com\/wp-content\/uploads\/2022\/02\/logo.svg","contentUrl":"https:\/\/www.meldelperello.com\/wp-content\/uploads\/2022\/02\/logo.svg","width":137,"height":121,"caption":"L'Avi Llu\u00eds"},"image":{"@id":"https:\/\/www.meldelperello.com\/fr\/#\/schema\/logo\/image\/"},"sameAs":["https:\/\/www.facebook.com\/avi.lluis\/","https:\/\/www.instagram.com\/avilluis_meldelperello\/","https:\/\/www.youtube.com\/c\/MeldelperelloAviLluis"]}]}},"_links":{"self":[{"href":"https:\/\/www.meldelperello.com\/fr\/wp-json\/wp\/v2\/pages\/10503","targetHints":{"allow":["GET"]}}],"collection":[{"href":"https:\/\/www.meldelperello.com\/fr\/wp-json\/wp\/v2\/pages"}],"about":[{"href":"https:\/\/www.meldelperello.com\/fr\/wp-json\/wp\/v2\/types\/page"}],"author":[{"embeddable":true,"href":"https:\/\/www.meldelperello.com\/fr\/wp-json\/wp\/v2\/users\/1"}],"replies":[{"embeddable":true,"href":"https:\/\/www.meldelperello.com\/fr\/wp-json\/wp\/v2\/comments?post=10503"}],"version-history":[{"count":6,"href":"https:\/\/www.meldelperello.com\/fr\/wp-json\/wp\/v2\/pages\/10503\/revisions"}],"predecessor-version":[{"id":11952,"href":"https:\/\/www.meldelperello.com\/fr\/wp-json\/wp\/v2\/pages\/10503\/revisions\/11952"}],"up":[{"embeddable":true,"href":"https:\/\/www.meldelperello.com\/fr\/wp-json\/wp\/v2\/pages\/10488"}],"wp:featuredmedia":[{"embeddable":true,"href":"https:\/\/www.meldelperello.com\/fr\/wp-json\/wp\/v2\/media\/9561"}],"wp:attachment":[{"href":"https:\/\/www.meldelperello.com\/fr\/wp-json\/wp\/v2\/media?parent=10503"}],"curies":[{"name":"wp","href":"https:\/\/api.w.org\/{rel}","templated":true}]}}