{"id":10483,"date":"2022-03-24T18:09:14","date_gmt":"2022-03-24T17:09:14","guid":{"rendered":"https:\/\/perello.debonatinta.com\/produits\/propolis\/"},"modified":"2025-04-02T18:31:41","modified_gmt":"2025-04-02T16:31:41","slug":"propolis","status":"publish","type":"page","link":"https:\/\/www.meldelperello.com\/fr\/produits\/propolis\/","title":{"rendered":"PROPOLIS"},"content":{"rendered":"<div class=\"wpb-content-wrapper\"><p>[vc_row gap=&#8221;25&#8243; el_class=&#8221;producto&#8221; css=&#8221;.vc_custom_1645552768280{margin-bottom: 60px !important;}&#8221;][vc_column width=&#8221;1\/2&#8243;][vc_single_image image=&#8221;9580&#8243; img_size=&#8221;full&#8221;][\/vc_column][vc_column width=&#8221;1\/2&#8243;][vc_column_text css=&#8221;.vc_custom_1743611460573{margin-bottom: 50px !important;}&#8221;]<\/p>\n<h1><strong>PROPOLIS<\/strong><\/h1>\n<h2>Rem\u00e8de naturel d\u2019abeille.<\/h2>\n<p><strong>CARACT\u00c9RISTIQUES DU PROPOLIS<\/strong><\/p>\n<p>La propolis est une r\u00e9sine de cire \u00e0 la composition complexe et \u00e0 la consistance visqueuse, produite par les abeilles \u00e0 partir des particules r\u00e9sineuses de divers v\u00e9g\u00e9taux. Elles l\u2019utilisent pour la r\u00e9paration, la protection et l\u2019isolation de la ruche, qui est ainsi l\u2019un des espaces naturels les plus st\u00e9riles.<\/p>\n<p>Employ\u00e9e depuis l\u2019Antiquit\u00e9 pour de multiples usages, la propolis est aujourd\u2019hui int\u00e9gr\u00e9e dans la fabrication de nombreux produits. Elle entre dans la composition de bonbons, d\u2019extraits alcooliques, de miel \u00e0 la propolis, d\u2019extraits glycoliques et mous, de poudre ou de morceaux de propolis, ainsi que de sirops, sprays, dentifrices, bains de bouche, cr\u00e8mes, pommades, shampooings, savons naturels, lotions toniques et d\u00e9odorants.[\/vc_column_text][vc_tta_accordion section_title_tag=&#8221;h3&#8243; style=&#8221;flat&#8221; shape=&#8221;square&#8221; color=&#8221;white&#8221; c_position=&#8221;right&#8221; active_section=&#8221;999&#8243; no_fill=&#8221;true&#8221; collapsible_all=&#8221;true&#8221;][vc_tta_section title=&#8221;Production de la propolis&#8221; tab_id=&#8221;Production&#8221;][vc_column_text]La propolis est cueillie suivant diff\u00e9rentes m\u00e9thodes. Les grilles, par exemple, constituent la m\u00e9thode la moins agressive pour les abeilles, en plus d\u2019\u00eatre celle qui offre la meilleure qualit\u00e9. Chez l\u2019Avi Llu\u00eds, toute la propolis que nous produisons est extraite directement sur les grilles.[\/vc_column_text][\/vc_tta_section][vc_tta_section title=&#8221;Propri\u00e9t\u00e9s de la propolis&#8221; tab_id=&#8221;Proprietes&#8221;][vc_column_text css=&#8221;&#8221;]La propolis contient des huiles essentielles qui lui conf\u00e8rent une odeur distinctive. Selon son origine botanique et la p\u00e9riode de r\u00e9colte, sa couleur varie du jaun\u00e2tre au jaune fonc\u00e9. Son go\u00fbt est marqu\u00e9 par une amertume caract\u00e9ristique, et sa consistance \u00e9volue de dure \u00e0 molle en fonction de sa composition.[\/vc_column_text][\/vc_tta_section][\/vc_tta_accordion][vc_btn title=&#8221;Fiche technique&#8221; style=&#8221;flat&#8221; shape=&#8221;square&#8221; color=&#8221;black&#8221; size=&#8221;lg&#8221; i_align=&#8221;right&#8221; i_icon_fontawesome=&#8221;far fa-file-pdf&#8221; add_icon=&#8221;true&#8221; link=&#8221;url:https%3A%2F%2Fperello.debonatinta.com%2Fwp-content%2Fuploads%2F2022%2F03%2FFITXA-TE%CC%80CNICA-BOSC-2020.pdf&#8221; el_class=&#8221;ficha&#8221;][\/vc_column][\/vc_row][vc_row][vc_column][vc_column_text css=&#8221;.vc_custom_1654083137892{margin-bottom: 15px !important;}&#8221;]<\/p>\n<h3 style=\"text-align: center;\"><strong>EMBALLAGES<\/strong><\/h3>\n<p>[\/vc_column_text][vc_column_text css=&#8221;.vc_custom_1654078871985{margin-bottom: 60px !important;}&#8221;]<\/p>\n<p style=\"text-align: center;\">L&#8217;ensemble du processus d&#8217;emballage est fait avec soin pour pr\u00e9server toutes ses propri\u00e9t\u00e9s.<\/p>\n<p>[\/vc_column_text][\/vc_column][\/vc_row][vc_row gap=&#8221;15&#8243; el_class=&#8221;formatos&#8221; css=&#8221;.vc_custom_1645553046136{margin-bottom: 60px !important;}&#8221;][vc_column width=&#8221;1\/3&#8243;][vc_single_image image=&#8221;9592&#8243; img_size=&#8221;full&#8221; alignment=&#8221;center&#8221; css=&#8221;.vc_custom_1648639009445{margin-bottom: 25px !important;}&#8221; image_hovers=&#8221;false&#8221;][vc_column_text css=&#8221;.vc_custom_1654078887625{margin-bottom: 40px !important;}&#8221;]<\/p>\n<h3 style=\"text-align: center;\">Ref. 800018 \u2013 PROPOLIS PUR<\/h3>\n<p style=\"text-align: center;\"><strong>EAN-13: 8436554510177<\/strong><br \/>\nPropolis pure 10 gr<\/p>\n<p>[\/vc_column_text][\/vc_column][vc_column width=&#8221;1\/3&#8243;][vc_single_image image=&#8221;9588&#8243; img_size=&#8221;full&#8221; alignment=&#8221;center&#8221; css=&#8221;.vc_custom_1648639029858{margin-bottom: 25px !important;}&#8221; image_hovers=&#8221;false&#8221;][vc_column_text css=&#8221;.vc_custom_1674548495571{margin-bottom: 40px !important;}&#8221;]<\/p>\n<h3 style=\"text-align: center;\">R\u00e9f. 400023 &#8211; POMMADE PROPOLIS<\/h3>\n<p style=\"text-align: center;\"><strong>EAN-13: 8436554510129<\/strong><br \/>\nPommade Propolis 15g.<\/p>\n<p>[\/vc_column_text][\/vc_column][vc_column width=&#8221;1\/3&#8243;][vc_single_image image=&#8221;9584&#8243; img_size=&#8221;full&#8221; alignment=&#8221;center&#8221; css=&#8221;.vc_custom_1648639050805{margin-bottom: 25px !important;}&#8221; image_hovers=&#8221;false&#8221;][vc_column_text css=&#8221;.vc_custom_1654078933166{margin-bottom: 40px !important;}&#8221;]<\/p>\n<h3 style=\"text-align: center;\">R\u00e9f. 800008 &#8211; TEINTURE PROPOLIS<\/h3>\n<p style=\"text-align: center;\"><strong>EAN: 8936554510139<\/strong><br \/>\nTeinture de propolis Avi Llu\u00eds<\/p>\n<p>[\/vc_column_text][\/vc_column][\/vc_row][vc_row full_width=&#8221;stretch_row_content_no_spaces&#8221; bg_type=&#8221;image&#8221; parallax_style=&#8221;vcpb-vz-jquery&#8221; bg_image_new=&#8221;id^9900|url^https:\/\/www.meldelperello.com\/wp-content\/uploads\/2022\/04\/bg-12.jpg|caption^null|alt^null|title^bg|description^null&#8221; bg_image_repeat=&#8221;no-repeat&#8221; bg_override=&#8221;full&#8221; disable_on_mobile_img_parallax=&#8221;disable_on_mobile_img_parallax_value&#8221; el_class=&#8221;blanco poema&#8221;][vc_column][vc_empty_space height=&#8221;450&#8243;][\/vc_column][\/vc_row]<\/p>\n<\/div>","protected":false},"excerpt":{"rendered":"<p>[vc_row gap=&#8221;25&#8243; el_class=&#8221;producto&#8221; css=&#8221;.vc_custom_1645552768280{margin-bottom: 60px !important;}&#8221;][vc_column width=&#8221;1\/2&#8243;][vc_single_image image=&#8221;9580&#8243; img_size=&#8221;full&#8221;][\/vc_column][vc_column width=&#8221;1\/2&#8243;][vc_column_text css=&#8221;.vc_custom_1743611460573{margin-bottom: 50px !important;}&#8221;] PROPOLIS Rem\u00e8de naturel d\u2019abeille. CARACT\u00c9RISTIQUES DU PROPOLIS La propolis est une r\u00e9sine de cire \u00e0 la composition complexe et \u00e0 la consistance visqueuse, produite par les abeilles \u00e0 partir des particules r\u00e9sineuses de divers v\u00e9g\u00e9taux. Elles l\u2019utilisent pour la r\u00e9paration, la protection&hellip;<\/p>\n","protected":false},"author":1,"featured_media":9580,"parent":10423,"menu_order":0,"comment_status":"closed","ping_status":"closed","template":"","meta":{"inline_featured_image":false,"footnotes":""},"class_list":["post-10483","page","type-page","status-publish","has-post-thumbnail","hentry","description-off"],"yoast_head":"<!-- This site is optimized with the Yoast SEO plugin v27.3 - https:\/\/yoast.com\/product\/yoast-seo-wordpress\/ -->\n<title>PROPOLIS - L&#039;Avi Llu\u00eds<\/title>\n<meta name=\"description\" content=\"Achetez de la Propolis pure directement chez l&#039;apiculteur \u2705 et profitez de la plus haute qualit\u00e9 D\u00e9couvrez nos offres ! Exp\u00e9dition 24-48h.\" \/>\n<meta name=\"robots\" content=\"index, follow, max-snippet:-1, max-image-preview:large, max-video-preview:-1\" \/>\n<link rel=\"canonical\" href=\"https:\/\/www.meldelperello.com\/fr\/produits\/propolis\/\" \/>\n<meta property=\"og:locale\" content=\"fr_FR\" \/>\n<meta property=\"og:type\" content=\"article\" \/>\n<meta property=\"og:title\" content=\"PROPOLIS - L&#039;Avi Llu\u00eds\" \/>\n<meta property=\"og:description\" content=\"Achetez de la Propolis pure directement chez l&#039;apiculteur \u2705 et profitez de la plus haute qualit\u00e9 D\u00e9couvrez nos offres ! Exp\u00e9dition 24-48h.\" \/>\n<meta property=\"og:url\" content=\"https:\/\/www.meldelperello.com\/fr\/produits\/propolis\/\" \/>\n<meta property=\"og:site_name\" content=\"L&#039;Avi Llu\u00eds\" \/>\n<meta property=\"article:publisher\" content=\"https:\/\/www.facebook.com\/avi.lluis\/\" \/>\n<meta property=\"article:modified_time\" content=\"2025-04-02T16:31:41+00:00\" \/>\n<meta property=\"og:image\" content=\"https:\/\/www.meldelperello.com\/wp-content\/uploads\/2022\/03\/propolis-1.jpg\" \/>\n\t<meta property=\"og:image:width\" content=\"1000\" \/>\n\t<meta property=\"og:image:height\" content=\"1000\" \/>\n\t<meta property=\"og:image:type\" content=\"image\/jpeg\" \/>\n<meta name=\"twitter:card\" content=\"summary_large_image\" \/>\n<meta name=\"twitter:label1\" content=\"Dur\u00e9e de lecture estim\u00e9e\" \/>\n\t<meta name=\"twitter:data1\" content=\"3 minutes\" \/>\n<script type=\"application\/ld+json\" class=\"yoast-schema-graph\">{\"@context\":\"https:\\\/\\\/schema.org\",\"@graph\":[{\"@type\":\"WebPage\",\"@id\":\"https:\\\/\\\/www.meldelperello.com\\\/fr\\\/produits\\\/propolis\\\/\",\"url\":\"https:\\\/\\\/www.meldelperello.com\\\/fr\\\/produits\\\/propolis\\\/\",\"name\":\"PROPOLIS - L&#039;Avi Llu\u00eds\",\"isPartOf\":{\"@id\":\"https:\\\/\\\/www.meldelperello.com\\\/fr\\\/#website\"},\"primaryImageOfPage\":{\"@id\":\"https:\\\/\\\/www.meldelperello.com\\\/fr\\\/produits\\\/propolis\\\/#primaryimage\"},\"image\":{\"@id\":\"https:\\\/\\\/www.meldelperello.com\\\/fr\\\/produits\\\/propolis\\\/#primaryimage\"},\"thumbnailUrl\":\"https:\\\/\\\/www.meldelperello.com\\\/wp-content\\\/uploads\\\/2022\\\/03\\\/propolis-1.jpg\",\"datePublished\":\"2022-03-24T17:09:14+00:00\",\"dateModified\":\"2025-04-02T16:31:41+00:00\",\"description\":\"Achetez de la Propolis pure directement chez l'apiculteur \u2705 et profitez de la plus haute qualit\u00e9 D\u00e9couvrez nos offres ! Exp\u00e9dition 24-48h.\",\"breadcrumb\":{\"@id\":\"https:\\\/\\\/www.meldelperello.com\\\/fr\\\/produits\\\/propolis\\\/#breadcrumb\"},\"inLanguage\":\"fr-FR\",\"potentialAction\":[{\"@type\":\"ReadAction\",\"target\":[\"https:\\\/\\\/www.meldelperello.com\\\/fr\\\/produits\\\/propolis\\\/\"]}]},{\"@type\":\"ImageObject\",\"inLanguage\":\"fr-FR\",\"@id\":\"https:\\\/\\\/www.meldelperello.com\\\/fr\\\/produits\\\/propolis\\\/#primaryimage\",\"url\":\"https:\\\/\\\/www.meldelperello.com\\\/wp-content\\\/uploads\\\/2022\\\/03\\\/propolis-1.jpg\",\"contentUrl\":\"https:\\\/\\\/www.meldelperello.com\\\/wp-content\\\/uploads\\\/2022\\\/03\\\/propolis-1.jpg\",\"width\":1000,\"height\":1000,\"caption\":\"Pr\u00f2polis\"},{\"@type\":\"BreadcrumbList\",\"@id\":\"https:\\\/\\\/www.meldelperello.com\\\/fr\\\/produits\\\/propolis\\\/#breadcrumb\",\"itemListElement\":[{\"@type\":\"ListItem\",\"position\":1,\"name\":\"Inici\",\"item\":\"https:\\\/\\\/www.meldelperello.com\\\/fr\\\/\"},{\"@type\":\"ListItem\",\"position\":2,\"name\":\"PRODUITS\",\"item\":\"https:\\\/\\\/www.meldelperello.com\\\/fr\\\/produits\\\/\"},{\"@type\":\"ListItem\",\"position\":3,\"name\":\"PROPOLIS\"}]},{\"@type\":\"WebSite\",\"@id\":\"https:\\\/\\\/www.meldelperello.com\\\/fr\\\/#website\",\"url\":\"https:\\\/\\\/www.meldelperello.com\\\/fr\\\/\",\"name\":\"L&#039;Avi Llu\u00eds\",\"description\":\"Apicultors i productors de mel natural, pura i artesana\",\"publisher\":{\"@id\":\"https:\\\/\\\/www.meldelperello.com\\\/fr\\\/#organization\"},\"potentialAction\":[{\"@type\":\"SearchAction\",\"target\":{\"@type\":\"EntryPoint\",\"urlTemplate\":\"https:\\\/\\\/www.meldelperello.com\\\/fr\\\/?s={search_term_string}\"},\"query-input\":{\"@type\":\"PropertyValueSpecification\",\"valueRequired\":true,\"valueName\":\"search_term_string\"}}],\"inLanguage\":\"fr-FR\"},{\"@type\":\"Organization\",\"@id\":\"https:\\\/\\\/www.meldelperello.com\\\/fr\\\/#organization\",\"name\":\"L'Avi Llu\u00eds\",\"url\":\"https:\\\/\\\/www.meldelperello.com\\\/fr\\\/\",\"logo\":{\"@type\":\"ImageObject\",\"inLanguage\":\"fr-FR\",\"@id\":\"https:\\\/\\\/www.meldelperello.com\\\/fr\\\/#\\\/schema\\\/logo\\\/image\\\/\",\"url\":\"https:\\\/\\\/www.meldelperello.com\\\/wp-content\\\/uploads\\\/2022\\\/02\\\/logo.svg\",\"contentUrl\":\"https:\\\/\\\/www.meldelperello.com\\\/wp-content\\\/uploads\\\/2022\\\/02\\\/logo.svg\",\"width\":137,\"height\":121,\"caption\":\"L'Avi Llu\u00eds\"},\"image\":{\"@id\":\"https:\\\/\\\/www.meldelperello.com\\\/fr\\\/#\\\/schema\\\/logo\\\/image\\\/\"},\"sameAs\":[\"https:\\\/\\\/www.facebook.com\\\/avi.lluis\\\/\",\"https:\\\/\\\/www.instagram.com\\\/avilluis_meldelperello\\\/\",\"https:\\\/\\\/www.youtube.com\\\/c\\\/MeldelperelloAviLluis\"]}]}<\/script>\n<!-- \/ Yoast SEO plugin. -->","yoast_head_json":{"title":"PROPOLIS - L&#039;Avi Llu\u00eds","description":"Achetez de la Propolis pure directement chez l'apiculteur \u2705 et profitez de la plus haute qualit\u00e9 D\u00e9couvrez nos offres ! Exp\u00e9dition 24-48h.","robots":{"index":"index","follow":"follow","max-snippet":"max-snippet:-1","max-image-preview":"max-image-preview:large","max-video-preview":"max-video-preview:-1"},"canonical":"https:\/\/www.meldelperello.com\/fr\/produits\/propolis\/","og_locale":"fr_FR","og_type":"article","og_title":"PROPOLIS - L&#039;Avi Llu\u00eds","og_description":"Achetez de la Propolis pure directement chez l'apiculteur \u2705 et profitez de la plus haute qualit\u00e9 D\u00e9couvrez nos offres ! Exp\u00e9dition 24-48h.","og_url":"https:\/\/www.meldelperello.com\/fr\/produits\/propolis\/","og_site_name":"L&#039;Avi Llu\u00eds","article_publisher":"https:\/\/www.facebook.com\/avi.lluis\/","article_modified_time":"2025-04-02T16:31:41+00:00","og_image":[{"width":1000,"height":1000,"url":"https:\/\/www.meldelperello.com\/wp-content\/uploads\/2022\/03\/propolis-1.jpg","type":"image\/jpeg"}],"twitter_card":"summary_large_image","twitter_misc":{"Dur\u00e9e de lecture estim\u00e9e":"3 minutes"},"schema":{"@context":"https:\/\/schema.org","@graph":[{"@type":"WebPage","@id":"https:\/\/www.meldelperello.com\/fr\/produits\/propolis\/","url":"https:\/\/www.meldelperello.com\/fr\/produits\/propolis\/","name":"PROPOLIS - L&#039;Avi Llu\u00eds","isPartOf":{"@id":"https:\/\/www.meldelperello.com\/fr\/#website"},"primaryImageOfPage":{"@id":"https:\/\/www.meldelperello.com\/fr\/produits\/propolis\/#primaryimage"},"image":{"@id":"https:\/\/www.meldelperello.com\/fr\/produits\/propolis\/#primaryimage"},"thumbnailUrl":"https:\/\/www.meldelperello.com\/wp-content\/uploads\/2022\/03\/propolis-1.jpg","datePublished":"2022-03-24T17:09:14+00:00","dateModified":"2025-04-02T16:31:41+00:00","description":"Achetez de la Propolis pure directement chez l'apiculteur \u2705 et profitez de la plus haute qualit\u00e9 D\u00e9couvrez nos offres ! Exp\u00e9dition 24-48h.","breadcrumb":{"@id":"https:\/\/www.meldelperello.com\/fr\/produits\/propolis\/#breadcrumb"},"inLanguage":"fr-FR","potentialAction":[{"@type":"ReadAction","target":["https:\/\/www.meldelperello.com\/fr\/produits\/propolis\/"]}]},{"@type":"ImageObject","inLanguage":"fr-FR","@id":"https:\/\/www.meldelperello.com\/fr\/produits\/propolis\/#primaryimage","url":"https:\/\/www.meldelperello.com\/wp-content\/uploads\/2022\/03\/propolis-1.jpg","contentUrl":"https:\/\/www.meldelperello.com\/wp-content\/uploads\/2022\/03\/propolis-1.jpg","width":1000,"height":1000,"caption":"Pr\u00f2polis"},{"@type":"BreadcrumbList","@id":"https:\/\/www.meldelperello.com\/fr\/produits\/propolis\/#breadcrumb","itemListElement":[{"@type":"ListItem","position":1,"name":"Inici","item":"https:\/\/www.meldelperello.com\/fr\/"},{"@type":"ListItem","position":2,"name":"PRODUITS","item":"https:\/\/www.meldelperello.com\/fr\/produits\/"},{"@type":"ListItem","position":3,"name":"PROPOLIS"}]},{"@type":"WebSite","@id":"https:\/\/www.meldelperello.com\/fr\/#website","url":"https:\/\/www.meldelperello.com\/fr\/","name":"L&#039;Avi Llu\u00eds","description":"Apicultors i productors de mel natural, pura i artesana","publisher":{"@id":"https:\/\/www.meldelperello.com\/fr\/#organization"},"potentialAction":[{"@type":"SearchAction","target":{"@type":"EntryPoint","urlTemplate":"https:\/\/www.meldelperello.com\/fr\/?s={search_term_string}"},"query-input":{"@type":"PropertyValueSpecification","valueRequired":true,"valueName":"search_term_string"}}],"inLanguage":"fr-FR"},{"@type":"Organization","@id":"https:\/\/www.meldelperello.com\/fr\/#organization","name":"L'Avi Llu\u00eds","url":"https:\/\/www.meldelperello.com\/fr\/","logo":{"@type":"ImageObject","inLanguage":"fr-FR","@id":"https:\/\/www.meldelperello.com\/fr\/#\/schema\/logo\/image\/","url":"https:\/\/www.meldelperello.com\/wp-content\/uploads\/2022\/02\/logo.svg","contentUrl":"https:\/\/www.meldelperello.com\/wp-content\/uploads\/2022\/02\/logo.svg","width":137,"height":121,"caption":"L'Avi Llu\u00eds"},"image":{"@id":"https:\/\/www.meldelperello.com\/fr\/#\/schema\/logo\/image\/"},"sameAs":["https:\/\/www.facebook.com\/avi.lluis\/","https:\/\/www.instagram.com\/avilluis_meldelperello\/","https:\/\/www.youtube.com\/c\/MeldelperelloAviLluis"]}]}},"_links":{"self":[{"href":"https:\/\/www.meldelperello.com\/fr\/wp-json\/wp\/v2\/pages\/10483","targetHints":{"allow":["GET"]}}],"collection":[{"href":"https:\/\/www.meldelperello.com\/fr\/wp-json\/wp\/v2\/pages"}],"about":[{"href":"https:\/\/www.meldelperello.com\/fr\/wp-json\/wp\/v2\/types\/page"}],"author":[{"embeddable":true,"href":"https:\/\/www.meldelperello.com\/fr\/wp-json\/wp\/v2\/users\/1"}],"replies":[{"embeddable":true,"href":"https:\/\/www.meldelperello.com\/fr\/wp-json\/wp\/v2\/comments?post=10483"}],"version-history":[{"count":6,"href":"https:\/\/www.meldelperello.com\/fr\/wp-json\/wp\/v2\/pages\/10483\/revisions"}],"predecessor-version":[{"id":11955,"href":"https:\/\/www.meldelperello.com\/fr\/wp-json\/wp\/v2\/pages\/10483\/revisions\/11955"}],"up":[{"embeddable":true,"href":"https:\/\/www.meldelperello.com\/fr\/wp-json\/wp\/v2\/pages\/10423"}],"wp:featuredmedia":[{"embeddable":true,"href":"https:\/\/www.meldelperello.com\/fr\/wp-json\/wp\/v2\/media\/9580"}],"wp:attachment":[{"href":"https:\/\/www.meldelperello.com\/fr\/wp-json\/wp\/v2\/media?parent=10483"}],"curies":[{"name":"wp","href":"https:\/\/api.w.org\/{rel}","templated":true}]}}