{"id":10466,"date":"2022-03-23T19:12:59","date_gmt":"2022-03-23T18:12:59","guid":{"rendered":"https:\/\/perello.debonatinta.com\/produits\/miel\/bosc\/"},"modified":"2025-04-02T18:16:07","modified_gmt":"2025-04-02T16:16:07","slug":"foret","status":"publish","type":"page","link":"https:\/\/www.meldelperello.com\/fr\/produits\/miel\/foret\/","title":{"rendered":"MIELLAT DE FOR\u00caT"},"content":{"rendered":"<div class=\"wpb-content-wrapper\"><p>[vc_row gap=&#8221;25&#8243; el_class=&#8221;producto&#8221; css=&#8221;.vc_custom_1645552768280{margin-bottom: 60px !important;}&#8221;][vc_column width=&#8221;1\/2&#8243;][vc_single_image image=&#8221;9394&#8243; img_size=&#8221;full&#8221;][\/vc_column][vc_column width=&#8221;1\/2&#8243;][vc_column_text css=&#8221;.vc_custom_1743610534678{margin-bottom: 50px !important;}&#8221;]<\/p>\n<h1><strong>MIELLAT DE FOR\u00caT OU MIELLAT DE CH\u00caNE ROUVRE ET DE CH\u00caNE VERT<\/strong><\/h1>\n<h2>Intense, avec des notes sal\u00e9es. Le baume des for\u00eats.<\/h2>\n<p><strong>CARACT\u00c9RISTIQUES DU MIELLAT DE FOR\u00caT<\/strong><\/p>\n<p>On appelle ce produit \u00ab miellat \u00bb en raison de son origine, car contrairement aux miels classiques, il ne provient pas du nectar des fleurs, mais d\u2019une s\u00e9cr\u00e9tion du gland du ch\u00eane rouvre et du ch\u00eane vert ainsi que des feuilles du ch\u00eane rouvre.<\/p>\n<p>Le miellat de for\u00eat se distingue par sa couleur fonc\u00e9e, tirant vers le noir, et son parfum puissant qui en fait un miel au caract\u00e8re marqu\u00e9 et authentique.[\/vc_column_text][vc_tta_accordion section_title_tag=&#8221;h3&#8243; style=&#8221;flat&#8221; shape=&#8221;square&#8221; color=&#8221;white&#8221; c_position=&#8221;right&#8221; active_section=&#8221;999&#8243; no_fill=&#8221;true&#8221; collapsible_all=&#8221;true&#8221;][vc_tta_section title=&#8221;Production du miellat de for\u00eat&#8221; tab_id=&#8221;Production&#8221;][vc_column_text]Nous le produisons pendant l\u2019\u00e9t\u00e9, dans la r\u00e9gion des Pr\u00e9-Pyr\u00e9n\u00e9es ou dans les for\u00eats de ch\u00eanes de l\u2019int\u00e9rieur de la p\u00e9ninsule ib\u00e9rique.[\/vc_column_text][\/vc_tta_section][vc_tta_section title=&#8221;Cristallisation du miellat de for\u00eat&#8221; tab_id=&#8221;Cristallisation&#8221;][vc_column_text]Du fait de sa composition, c\u2019est un miel tr\u00e8s fluide qui ne cristallise que rarement.[\/vc_column_text][\/vc_tta_section][vc_tta_section title=&#8221;Propri\u00e9t\u00e9s du miellat de for\u00eat&#8221; tab_id=&#8221;Proprietes&#8221;][vc_column_text css=&#8221;&#8221;]Sa texture fluide et sa cristallisation plus lente en font un miel particulier \u00e0 l\u2019identit\u00e9 marqu\u00e9e. Il d\u00e9voile des notes malt\u00e9es et de subtiles touches bois\u00e9es, offrant une palette aromatique riche et profonde, id\u00e9ale pour ceux qui appr\u00e9cient les saveurs intenses et nuanc\u00e9es.[\/vc_column_text][\/vc_tta_section][vc_tta_section title=&#8221;Comment d\u00e9guster le miellat de for\u00eat&#8221; tab_id=&#8221;deguster&#8221;][vc_column_text]En raison de son go\u00fbt intense et de ses notes sal\u00e9es, il se marie tr\u00e8s bien avec les sauces pour la viande, les fromages secs et frais et les vinaigrettes.[\/vc_column_text][\/vc_tta_section][\/vc_tta_accordion][vc_btn title=&#8221;Fiche technique&#8221; style=&#8221;flat&#8221; shape=&#8221;square&#8221; color=&#8221;black&#8221; size=&#8221;lg&#8221; i_align=&#8221;right&#8221; i_icon_fontawesome=&#8221;far fa-file-pdf&#8221; add_icon=&#8221;true&#8221; link=&#8221;url:https%3A%2F%2Fperello.debonatinta.com%2Fwp-content%2Fuploads%2F2022%2F03%2FFITXA-TE%CC%80CNICA-BOSC-2020.pdf&#8221; el_class=&#8221;ficha&#8221;][\/vc_column][\/vc_row][vc_row][vc_column][vc_column_text]<\/p>\n<h3 style=\"text-align: center;\"><strong>AUTRES FORMATS<br \/>\n<\/strong><\/h3>\n<p>[\/vc_column_text][\/vc_column][\/vc_row][vc_row gap=&#8221;15&#8243; el_class=&#8221;formatos&#8221; css=&#8221;.vc_custom_1645553046136{margin-bottom: 60px !important;}&#8221;][vc_column width=&#8221;1\/4&#8243;][vc_single_image image=&#8221;9017&#8243; img_size=&#8221;full&#8221; alignment=&#8221;center&#8221; css=&#8221;.vc_custom_1648059362230{margin-bottom: 25px !important;}&#8221; image_hovers=&#8221;false&#8221;][vc_column_text css=&#8221;.vc_custom_1654075156602{margin-bottom: 40px !important;}&#8221;]<\/p>\n<h3 style=\"text-align: center;\">Ref. 010802 \u2013 FOR\u00caT 50 GR.<\/h3>\n<p style=\"text-align: center;\"><strong>EAN-13: 8437013977562<\/strong><br \/>\nMiellat de for\u00eat avec pot en verre de 50 gr<\/p>\n<p>[\/vc_column_text][\/vc_column][vc_column width=&#8221;1\/4&#8243;][vc_single_image image=&#8221;9021&#8243; img_size=&#8221;full&#8221; alignment=&#8221;center&#8221; css=&#8221;.vc_custom_1648059408113{margin-bottom: 25px !important;}&#8221; image_hovers=&#8221;false&#8221;][vc_column_text css=&#8221;.vc_custom_1668511316065{margin-bottom: 40px !important;}&#8221;]<\/p>\n<h3 style=\"text-align: center;\">Ref. 010822 \u2013 FOR\u00caT 250 GR. ANTI-GOUTTE<\/h3>\n<p style=\"text-align: center;\"><strong>EAN-13: 8437013977692<\/strong><br \/>\nMiellat de for\u00eat en pot de 250 gr. plastique anti-goutte.<br \/>\n14 unit\u00e9s par bo\u00eete<\/p>\n<p>[\/vc_column_text][\/vc_column][vc_column width=&#8221;1\/4&#8243;][vc_single_image image=&#8221;9025&#8243; img_size=&#8221;full&#8221; alignment=&#8221;center&#8221; css=&#8221;.vc_custom_1648059450173{margin-bottom: 25px !important;}&#8221; image_hovers=&#8221;false&#8221;][vc_column_text css=&#8221;.vc_custom_1654075229222{margin-bottom: 40px !important;}&#8221;]<\/p>\n<h3 style=\"text-align: center;\">Ref. 010826 \u2013 FOR\u00caT 250 GR.<\/h3>\n<p style=\"text-align: center;\"><strong>EAN-13: 8437013977289<\/strong><br \/>\nMiellat de for\u00eat avec pot en verre de 250 gr.<br \/>\n12 unit\u00e9s par bo\u00eete<\/p>\n<p>[\/vc_column_text][\/vc_column][vc_column width=&#8221;1\/4&#8243;][vc_single_image image=&#8221;9029&#8243; img_size=&#8221;full&#8221; alignment=&#8221;center&#8221; css=&#8221;.vc_custom_1648059496028{margin-bottom: 25px !important;}&#8221; image_hovers=&#8221;false&#8221;][vc_column_text css=&#8221;.vc_custom_1699351651340{margin-bottom: 40px !important;}&#8221;]<\/p>\n<h3 style=\"text-align: center;\">Ref. 010805 \u2013 FOR\u00caT 490 GR.<\/h3>\n<p style=\"text-align: center;\"><strong>EAN-13: 8437001517787<\/strong><br \/>\nMiellat de for\u00eat avec pot en verre de 490 gr.<br \/>\n12 unit\u00e9s par bo\u00eete<\/p>\n<p>[\/vc_column_text][\/vc_column][\/vc_row][vc_row gap=&#8221;15&#8243; el_class=&#8221;formatos&#8221; css=&#8221;.vc_custom_1645553046136{margin-bottom: 60px !important;}&#8221;][vc_column width=&#8221;1\/4&#8243;][vc_single_image image=&#8221;9033&#8243; img_size=&#8221;full&#8221; alignment=&#8221;center&#8221; css=&#8221;.vc_custom_1648059542514{margin-bottom: 25px !important;}&#8221; image_hovers=&#8221;false&#8221;][vc_column_text css=&#8221;.vc_custom_1664524673643{margin-bottom: 40px !important;}&#8221;]<\/p>\n<h3 style=\"text-align: center;\">Ref. 010821 \u2013 FOR\u00caT 500 GR. ANTIDEGOTEIG<\/h3>\n<p style=\"text-align: center;\"><strong>EAN-13: 8437001517909<\/strong><br \/>\nMiellat de for\u00eat en pot de 500 gr. plastique anti-goutte.<br \/>\n11 unit\u00e9s par bo\u00eete<\/p>\n<p>[\/vc_column_text][\/vc_column][vc_column width=&#8221;1\/4&#8243;][vc_single_image image=&#8221;9037&#8243; img_size=&#8221;full&#8221; alignment=&#8221;center&#8221; css=&#8221;.vc_custom_1648059583948{margin-bottom: 25px !important;}&#8221; image_hovers=&#8221;false&#8221;][vc_column_text css=&#8221;.vc_custom_1654075318391{margin-bottom: 40px !important;}&#8221;]<\/p>\n<h3 style=\"text-align: center;\">Ref. 010807 \u2013 FOR\u00caT 980 GR.<\/h3>\n<p style=\"text-align: center;\"><strong>EAN-13: 8437001517794<\/strong><br \/>\nMiellat de for\u00eat avec un pot en verre de 980 gr.<br \/>\n6 unit\u00e9s par bo\u00eete<\/p>\n<p>[\/vc_column_text][\/vc_column][vc_column width=&#8221;1\/4&#8243;][vc_single_image image=&#8221;9041&#8243; img_size=&#8221;full&#8221; alignment=&#8221;center&#8221; css=&#8221;.vc_custom_1648059628284{margin-bottom: 25px !important;}&#8221; image_hovers=&#8221;false&#8221;][vc_column_text css=&#8221;.vc_custom_1654075350531{margin-bottom: 40px !important;}&#8221;]<\/p>\n<h3 style=\"text-align: center;\">Ref. 010809 \u2013 FOR\u00caT 2000 GR.<\/h3>\n<p style=\"text-align: center;\"><strong>EAN-13: 8437013977593<\/strong><br \/>\nMiellat de for\u00eat avec bouteille en plastique de 2000 gr.<br \/>\n6 unit\u00e9s par bo\u00eete<\/p>\n<p>[\/vc_column_text][\/vc_column][vc_column width=&#8221;1\/4&#8243;][vc_single_image image=&#8221;9045&#8243; img_size=&#8221;full&#8221; alignment=&#8221;center&#8221; css=&#8221;.vc_custom_1648059676898{margin-bottom: 25px !important;}&#8221; image_hovers=&#8221;false&#8221;][vc_column_text css=&#8221;.vc_custom_1654075371829{margin-bottom: 40px !important;}&#8221;]<\/p>\n<h3 style=\"text-align: center;\">Ref. 010810 \u2013 FOR\u00caT 3000 GR.<\/h3>\n<p style=\"text-align: center;\"><strong>EAN-13: 8437013977609<\/strong><br \/>\nMiellat de for\u00eat avec bouteille en plastique de 3000 gr.<br \/>\n5 unit\u00e9s par bo\u00eete<\/p>\n<p>[\/vc_column_text][\/vc_column][\/vc_row][vc_row gap=&#8221;15&#8243; el_class=&#8221;formatos&#8221; css=&#8221;.vc_custom_1645553046136{margin-bottom: 60px !important;}&#8221;][vc_column width=&#8221;1\/4&#8243;][vc_single_image image=&#8221;11232&#8243; img_size=&#8221;full&#8221; alignment=&#8221;center&#8221; css=&#8221;.vc_custom_1699951900348{margin-bottom: 25px !important;}&#8221; image_hovers=&#8221;false&#8221;][vc_column_text css=&#8221;.vc_custom_1699351667673{margin-bottom: 40px !important;}&#8221;]<\/p>\n<h3 style=\"text-align: center;\">Ref. 010811 \u2013 FOR\u00caT 5250 GR.<\/h3>\n<p style=\"text-align: center;\"><strong>EAN-13: 8437013977616<\/strong><br \/>\nMiellat de for\u00eat avec bouteille plastique de 5250 gr<\/p>\n<p>[\/vc_column_text][\/vc_column][vc_column width=&#8221;1\/4&#8243;][\/vc_column][vc_column width=&#8221;1\/4&#8243;][\/vc_column][vc_column width=&#8221;1\/4&#8243;][\/vc_column][\/vc_row][vc_row][vc_column][vc_column_text css=&#8221;.vc_custom_1654075404308{margin-bottom: 60px !important;}&#8221;]<\/p>\n<p style=\"text-align: center;\"><strong>Nous avons des seaux de 10 et 20 kg. et f\u00fbts de 300 kg.<\/strong><\/p>\n<p>[\/vc_column_text][\/vc_column][\/vc_row][vc_row full_width=&#8221;stretch_row_content_no_spaces&#8221; bg_type=&#8221;image&#8221; parallax_style=&#8221;vcpb-vz-jquery&#8221; bg_image_new=&#8221;id^9833|url^https:\/\/www.meldelperello.com\/wp-content\/uploads\/2022\/04\/bg-1.jpg|caption^null|alt^null|title^bg|description^null&#8221; bg_image_repeat=&#8221;no-repeat&#8221; bg_override=&#8221;full&#8221; disable_on_mobile_img_parallax=&#8221;disable_on_mobile_img_parallax_value&#8221; el_class=&#8221;blanco poema&#8221;][vc_column][vc_empty_space height=&#8221;400&#8243;][\/vc_column][\/vc_row]<\/p>\n<\/div>","protected":false},"excerpt":{"rendered":"<p>[vc_row gap=&#8221;25&#8243; el_class=&#8221;producto&#8221; css=&#8221;.vc_custom_1645552768280{margin-bottom: 60px !important;}&#8221;][vc_column width=&#8221;1\/2&#8243;][vc_single_image image=&#8221;9394&#8243; img_size=&#8221;full&#8221;][\/vc_column][vc_column width=&#8221;1\/2&#8243;][vc_column_text css=&#8221;.vc_custom_1743610534678{margin-bottom: 50px !important;}&#8221;] MIELLAT DE FOR\u00caT OU MIELLAT DE CH\u00caNE ROUVRE ET DE CH\u00caNE VERT Intense, avec des notes sal\u00e9es. Le baume des for\u00eats. CARACT\u00c9RISTIQUES DU MIELLAT DE FOR\u00caT On appelle ce produit \u00ab miellat \u00bb en raison de son origine, car contrairement aux miels&hellip;<\/p>\n","protected":false},"author":1,"featured_media":9025,"parent":10428,"menu_order":0,"comment_status":"closed","ping_status":"closed","template":"","meta":{"inline_featured_image":false,"footnotes":""},"class_list":["post-10466","page","type-page","status-publish","has-post-thumbnail","hentry","description-off"],"yoast_head":"<!-- This site is optimized with the Yoast SEO plugin v26.7 - https:\/\/yoast.com\/wordpress\/plugins\/seo\/ -->\n<title>MIELLAT DE FOR\u00caT - L&#039;Avi Llu\u00eds<\/title>\n<meta name=\"description\" content=\"Achetez du miellat de for\u00eat pur et artisanal directement chez l&#039;apiculteur et profitez de la plus haute qualit\u00e9 \u2705 D\u00e9couvrez nos offres ! Exp\u00e9dition 24-48h\" \/>\n<meta name=\"robots\" content=\"index, follow, max-snippet:-1, max-image-preview:large, max-video-preview:-1\" \/>\n<link rel=\"canonical\" href=\"https:\/\/www.meldelperello.com\/fr\/produits\/miel\/foret\/\" \/>\n<meta property=\"og:locale\" content=\"fr_FR\" \/>\n<meta property=\"og:type\" content=\"article\" \/>\n<meta property=\"og:title\" content=\"MIELLAT DE FOR\u00caT - L&#039;Avi Llu\u00eds\" \/>\n<meta property=\"og:description\" content=\"Achetez du miellat de for\u00eat pur et artisanal directement chez l&#039;apiculteur et profitez de la plus haute qualit\u00e9 \u2705 D\u00e9couvrez nos offres ! Exp\u00e9dition 24-48h\" \/>\n<meta property=\"og:url\" content=\"https:\/\/www.meldelperello.com\/fr\/produits\/miel\/foret\/\" \/>\n<meta property=\"og:site_name\" content=\"L&#039;Avi Llu\u00eds\" \/>\n<meta property=\"article:publisher\" content=\"https:\/\/www.facebook.com\/avi.lluis\/\" \/>\n<meta property=\"article:modified_time\" content=\"2025-04-02T16:16:07+00:00\" \/>\n<meta property=\"og:image\" content=\"https:\/\/www.meldelperello.com\/wp-content\/uploads\/2022\/03\/Mel-de-lAvi-Llui\u0301s-gener-2020-Bosc-250g.jpg\" \/>\n\t<meta property=\"og:image:width\" content=\"300\" \/>\n\t<meta property=\"og:image:height\" content=\"300\" \/>\n\t<meta property=\"og:image:type\" content=\"image\/jpeg\" \/>\n<meta name=\"twitter:card\" content=\"summary_large_image\" \/>\n<meta name=\"twitter:label1\" content=\"Dur\u00e9e de lecture estim\u00e9e\" \/>\n\t<meta name=\"twitter:data1\" content=\"6 minutes\" \/>\n<script type=\"application\/ld+json\" class=\"yoast-schema-graph\">{\"@context\":\"https:\/\/schema.org\",\"@graph\":[{\"@type\":\"WebPage\",\"@id\":\"https:\/\/www.meldelperello.com\/fr\/produits\/miel\/foret\/\",\"url\":\"https:\/\/www.meldelperello.com\/fr\/produits\/miel\/foret\/\",\"name\":\"MIELLAT DE FOR\u00caT - L&#039;Avi Llu\u00eds\",\"isPartOf\":{\"@id\":\"https:\/\/www.meldelperello.com\/fr\/#website\"},\"primaryImageOfPage\":{\"@id\":\"https:\/\/www.meldelperello.com\/fr\/produits\/miel\/foret\/#primaryimage\"},\"image\":{\"@id\":\"https:\/\/www.meldelperello.com\/fr\/produits\/miel\/foret\/#primaryimage\"},\"thumbnailUrl\":\"https:\/\/www.meldelperello.com\/wp-content\/uploads\/2022\/03\/Mel-de-lAvi-Llui\u0301s-gener-2020-Bosc-250g.jpg\",\"datePublished\":\"2022-03-23T18:12:59+00:00\",\"dateModified\":\"2025-04-02T16:16:07+00:00\",\"description\":\"Achetez du miellat de for\u00eat pur et artisanal directement chez l'apiculteur et profitez de la plus haute qualit\u00e9 \u2705 D\u00e9couvrez nos offres ! Exp\u00e9dition 24-48h\",\"breadcrumb\":{\"@id\":\"https:\/\/www.meldelperello.com\/fr\/produits\/miel\/foret\/#breadcrumb\"},\"inLanguage\":\"fr-FR\",\"potentialAction\":[{\"@type\":\"ReadAction\",\"target\":[\"https:\/\/www.meldelperello.com\/fr\/produits\/miel\/foret\/\"]}]},{\"@type\":\"ImageObject\",\"inLanguage\":\"fr-FR\",\"@id\":\"https:\/\/www.meldelperello.com\/fr\/produits\/miel\/foret\/#primaryimage\",\"url\":\"https:\/\/www.meldelperello.com\/wp-content\/uploads\/2022\/03\/Mel-de-lAvi-Llui\u0301s-gener-2020-Bosc-250g.jpg\",\"contentUrl\":\"https:\/\/www.meldelperello.com\/wp-content\/uploads\/2022\/03\/Mel-de-lAvi-Llui\u0301s-gener-2020-Bosc-250g.jpg\",\"width\":300,\"height\":300,\"caption\":\"mel avi lluis perello baix ebre catalunya - miel abejas panal natural eco\"},{\"@type\":\"BreadcrumbList\",\"@id\":\"https:\/\/www.meldelperello.com\/fr\/produits\/miel\/foret\/#breadcrumb\",\"itemListElement\":[{\"@type\":\"ListItem\",\"position\":1,\"name\":\"Inici\",\"item\":\"https:\/\/www.meldelperello.com\/fr\/\"},{\"@type\":\"ListItem\",\"position\":2,\"name\":\"PRODUITS\",\"item\":\"https:\/\/www.meldelperello.com\/fr\/produits\/\"},{\"@type\":\"ListItem\",\"position\":3,\"name\":\"MIEL\",\"item\":\"https:\/\/www.meldelperello.com\/fr\/produits\/miel\/\"},{\"@type\":\"ListItem\",\"position\":4,\"name\":\"MIELLAT DE FOR\u00caT\"}]},{\"@type\":\"WebSite\",\"@id\":\"https:\/\/www.meldelperello.com\/fr\/#website\",\"url\":\"https:\/\/www.meldelperello.com\/fr\/\",\"name\":\"L&#039;Avi Llu\u00eds\",\"description\":\"Apicultors i productors de mel natural, pura i artesana\",\"publisher\":{\"@id\":\"https:\/\/www.meldelperello.com\/fr\/#organization\"},\"potentialAction\":[{\"@type\":\"SearchAction\",\"target\":{\"@type\":\"EntryPoint\",\"urlTemplate\":\"https:\/\/www.meldelperello.com\/fr\/?s={search_term_string}\"},\"query-input\":{\"@type\":\"PropertyValueSpecification\",\"valueRequired\":true,\"valueName\":\"search_term_string\"}}],\"inLanguage\":\"fr-FR\"},{\"@type\":\"Organization\",\"@id\":\"https:\/\/www.meldelperello.com\/fr\/#organization\",\"name\":\"L'Avi Llu\u00eds\",\"url\":\"https:\/\/www.meldelperello.com\/fr\/\",\"logo\":{\"@type\":\"ImageObject\",\"inLanguage\":\"fr-FR\",\"@id\":\"https:\/\/www.meldelperello.com\/fr\/#\/schema\/logo\/image\/\",\"url\":\"https:\/\/www.meldelperello.com\/wp-content\/uploads\/2022\/02\/logo.svg\",\"contentUrl\":\"https:\/\/www.meldelperello.com\/wp-content\/uploads\/2022\/02\/logo.svg\",\"width\":137,\"height\":121,\"caption\":\"L'Avi Llu\u00eds\"},\"image\":{\"@id\":\"https:\/\/www.meldelperello.com\/fr\/#\/schema\/logo\/image\/\"},\"sameAs\":[\"https:\/\/www.facebook.com\/avi.lluis\/\",\"https:\/\/www.instagram.com\/avilluis_meldelperello\/\",\"https:\/\/www.youtube.com\/c\/MeldelperelloAviLluis\"]}]}<\/script>\n<!-- \/ Yoast SEO plugin. -->","yoast_head_json":{"title":"MIELLAT DE FOR\u00caT - L&#039;Avi Llu\u00eds","description":"Achetez du miellat de for\u00eat pur et artisanal directement chez l'apiculteur et profitez de la plus haute qualit\u00e9 \u2705 D\u00e9couvrez nos offres ! Exp\u00e9dition 24-48h","robots":{"index":"index","follow":"follow","max-snippet":"max-snippet:-1","max-image-preview":"max-image-preview:large","max-video-preview":"max-video-preview:-1"},"canonical":"https:\/\/www.meldelperello.com\/fr\/produits\/miel\/foret\/","og_locale":"fr_FR","og_type":"article","og_title":"MIELLAT DE FOR\u00caT - L&#039;Avi Llu\u00eds","og_description":"Achetez du miellat de for\u00eat pur et artisanal directement chez l'apiculteur et profitez de la plus haute qualit\u00e9 \u2705 D\u00e9couvrez nos offres ! Exp\u00e9dition 24-48h","og_url":"https:\/\/www.meldelperello.com\/fr\/produits\/miel\/foret\/","og_site_name":"L&#039;Avi Llu\u00eds","article_publisher":"https:\/\/www.facebook.com\/avi.lluis\/","article_modified_time":"2025-04-02T16:16:07+00:00","og_image":[{"width":300,"height":300,"url":"https:\/\/www.meldelperello.com\/wp-content\/uploads\/2022\/03\/Mel-de-lAvi-Llui\u0301s-gener-2020-Bosc-250g.jpg","type":"image\/jpeg"}],"twitter_card":"summary_large_image","twitter_misc":{"Dur\u00e9e de lecture estim\u00e9e":"6 minutes"},"schema":{"@context":"https:\/\/schema.org","@graph":[{"@type":"WebPage","@id":"https:\/\/www.meldelperello.com\/fr\/produits\/miel\/foret\/","url":"https:\/\/www.meldelperello.com\/fr\/produits\/miel\/foret\/","name":"MIELLAT DE FOR\u00caT - L&#039;Avi Llu\u00eds","isPartOf":{"@id":"https:\/\/www.meldelperello.com\/fr\/#website"},"primaryImageOfPage":{"@id":"https:\/\/www.meldelperello.com\/fr\/produits\/miel\/foret\/#primaryimage"},"image":{"@id":"https:\/\/www.meldelperello.com\/fr\/produits\/miel\/foret\/#primaryimage"},"thumbnailUrl":"https:\/\/www.meldelperello.com\/wp-content\/uploads\/2022\/03\/Mel-de-lAvi-Llui\u0301s-gener-2020-Bosc-250g.jpg","datePublished":"2022-03-23T18:12:59+00:00","dateModified":"2025-04-02T16:16:07+00:00","description":"Achetez du miellat de for\u00eat pur et artisanal directement chez l'apiculteur et profitez de la plus haute qualit\u00e9 \u2705 D\u00e9couvrez nos offres ! Exp\u00e9dition 24-48h","breadcrumb":{"@id":"https:\/\/www.meldelperello.com\/fr\/produits\/miel\/foret\/#breadcrumb"},"inLanguage":"fr-FR","potentialAction":[{"@type":"ReadAction","target":["https:\/\/www.meldelperello.com\/fr\/produits\/miel\/foret\/"]}]},{"@type":"ImageObject","inLanguage":"fr-FR","@id":"https:\/\/www.meldelperello.com\/fr\/produits\/miel\/foret\/#primaryimage","url":"https:\/\/www.meldelperello.com\/wp-content\/uploads\/2022\/03\/Mel-de-lAvi-Llui\u0301s-gener-2020-Bosc-250g.jpg","contentUrl":"https:\/\/www.meldelperello.com\/wp-content\/uploads\/2022\/03\/Mel-de-lAvi-Llui\u0301s-gener-2020-Bosc-250g.jpg","width":300,"height":300,"caption":"mel avi lluis perello baix ebre catalunya - miel abejas panal natural eco"},{"@type":"BreadcrumbList","@id":"https:\/\/www.meldelperello.com\/fr\/produits\/miel\/foret\/#breadcrumb","itemListElement":[{"@type":"ListItem","position":1,"name":"Inici","item":"https:\/\/www.meldelperello.com\/fr\/"},{"@type":"ListItem","position":2,"name":"PRODUITS","item":"https:\/\/www.meldelperello.com\/fr\/produits\/"},{"@type":"ListItem","position":3,"name":"MIEL","item":"https:\/\/www.meldelperello.com\/fr\/produits\/miel\/"},{"@type":"ListItem","position":4,"name":"MIELLAT DE FOR\u00caT"}]},{"@type":"WebSite","@id":"https:\/\/www.meldelperello.com\/fr\/#website","url":"https:\/\/www.meldelperello.com\/fr\/","name":"L&#039;Avi Llu\u00eds","description":"Apicultors i productors de mel natural, pura i artesana","publisher":{"@id":"https:\/\/www.meldelperello.com\/fr\/#organization"},"potentialAction":[{"@type":"SearchAction","target":{"@type":"EntryPoint","urlTemplate":"https:\/\/www.meldelperello.com\/fr\/?s={search_term_string}"},"query-input":{"@type":"PropertyValueSpecification","valueRequired":true,"valueName":"search_term_string"}}],"inLanguage":"fr-FR"},{"@type":"Organization","@id":"https:\/\/www.meldelperello.com\/fr\/#organization","name":"L'Avi Llu\u00eds","url":"https:\/\/www.meldelperello.com\/fr\/","logo":{"@type":"ImageObject","inLanguage":"fr-FR","@id":"https:\/\/www.meldelperello.com\/fr\/#\/schema\/logo\/image\/","url":"https:\/\/www.meldelperello.com\/wp-content\/uploads\/2022\/02\/logo.svg","contentUrl":"https:\/\/www.meldelperello.com\/wp-content\/uploads\/2022\/02\/logo.svg","width":137,"height":121,"caption":"L'Avi Llu\u00eds"},"image":{"@id":"https:\/\/www.meldelperello.com\/fr\/#\/schema\/logo\/image\/"},"sameAs":["https:\/\/www.facebook.com\/avi.lluis\/","https:\/\/www.instagram.com\/avilluis_meldelperello\/","https:\/\/www.youtube.com\/c\/MeldelperelloAviLluis"]}]}},"_links":{"self":[{"href":"https:\/\/www.meldelperello.com\/fr\/wp-json\/wp\/v2\/pages\/10466","targetHints":{"allow":["GET"]}}],"collection":[{"href":"https:\/\/www.meldelperello.com\/fr\/wp-json\/wp\/v2\/pages"}],"about":[{"href":"https:\/\/www.meldelperello.com\/fr\/wp-json\/wp\/v2\/types\/page"}],"author":[{"embeddable":true,"href":"https:\/\/www.meldelperello.com\/fr\/wp-json\/wp\/v2\/users\/1"}],"replies":[{"embeddable":true,"href":"https:\/\/www.meldelperello.com\/fr\/wp-json\/wp\/v2\/comments?post=10466"}],"version-history":[{"count":9,"href":"https:\/\/www.meldelperello.com\/fr\/wp-json\/wp\/v2\/pages\/10466\/revisions"}],"predecessor-version":[{"id":11948,"href":"https:\/\/www.meldelperello.com\/fr\/wp-json\/wp\/v2\/pages\/10466\/revisions\/11948"}],"up":[{"embeddable":true,"href":"https:\/\/www.meldelperello.com\/fr\/wp-json\/wp\/v2\/pages\/10428"}],"wp:featuredmedia":[{"embeddable":true,"href":"https:\/\/www.meldelperello.com\/fr\/wp-json\/wp\/v2\/media\/9025"}],"wp:attachment":[{"href":"https:\/\/www.meldelperello.com\/fr\/wp-json\/wp\/v2\/media?parent=10466"}],"curies":[{"name":"wp","href":"https:\/\/api.w.org\/{rel}","templated":true}]}}