{"id":10445,"date":"2022-03-23T18:22:03","date_gmt":"2022-03-23T17:22:03","guid":{"rendered":"https:\/\/perello.debonatinta.com\/produits\/miel\/mil-flors\/"},"modified":"2025-04-02T18:12:07","modified_gmt":"2025-04-02T16:12:07","slug":"mille-fleurs","status":"publish","type":"page","link":"https:\/\/www.meldelperello.com\/fr\/produits\/miel\/mille-fleurs\/","title":{"rendered":"MIEL DE MILLE FLEURS"},"content":{"rendered":"<div class=\"wpb-content-wrapper\"><p>[vc_row gap=&#8221;25&#8243; el_class=&#8221;producto&#8221; css=&#8221;.vc_custom_1645552768280{margin-bottom: 60px !important;}&#8221;][vc_column width=&#8221;1\/2&#8243;][vc_single_image image=&#8221;9415&#8243; img_size=&#8221;full&#8221;][\/vc_column][vc_column width=&#8221;1\/2&#8243;][vc_column_text css=&#8221;.vc_custom_1743610297645{margin-bottom: 50px !important;}&#8221;]<\/p>\n<h1><strong>MIEL DE MILLE FLEURS<\/strong><\/h1>\n<h2>La s\u00e9lection florale des abeilles. Le miel de toujours.<\/h2>\n<p><strong>CARACT\u00c9RISTIQUES DU MIEL DE MILLE FLEURS<\/strong><\/p>\n<p>Le miel de mille fleurs poss\u00e8de une odeur et une saveur vari\u00e9es, influenc\u00e9es par les plantes qui le composent. Les miels multifloraux offrent une infinit\u00e9 de go\u00fbts et de sensations, refl\u00e9tant la diversit\u00e9 florale butin\u00e9e par les abeilles.<\/p>\n<p>Appr\u00e9ci\u00e9 pour sa richesse aromatique, ce miel est une excellente option pour ceux qui recherchent une douceur naturelle aux saveurs nuanc\u00e9es.[\/vc_column_text][vc_tta_accordion section_title_tag=&#8221;h3&#8243; style=&#8221;flat&#8221; shape=&#8221;square&#8221; color=&#8221;white&#8221; c_position=&#8221;right&#8221; active_section=&#8221;999&#8243; no_fill=&#8221;true&#8221; collapsible_all=&#8221;true&#8221;][vc_tta_section title=&#8221;Production du miel de mille fleurs&#8221; tab_id=&#8221;Production&#8221;][vc_column_text]La zone de production du miel de mille fleurs est tr\u00e8s vaste. Nous commen\u00e7ons l\u2019extraction d\u00e8s la floraison des premiers amandiers de la r\u00e9gion littorale de Tarragone, \u00e0 la fin f\u00e9vrier, et nous pouvons finir par les derni\u00e8res bruy\u00e8res en automne. Si lorsque nous extrayons le miel, son origine botanique n&#8217;est pas clairement marqu\u00e9e, nous le commercialisons sous la d\u00e9signation de \u00ab\u00a0mille fleurs\u00a0\u00bb.[\/vc_column_text][\/vc_tta_section][vc_tta_section title=&#8221;Cristallisation du miel de mille fleurs&#8221; tab_id=&#8221;Cristallisation&#8221;][vc_column_text]Par sa puret\u00e9, notre miel de mille fleurs cristallise tr\u00e8s facilement. On peut aussi modifier sa texture et la faire devenir plus liquide si on le chauffe \u00e0 moins de 40 \u00baC au bain-marie. La cristallisation du miel de mille fleurs d\u00e9pend de son origine botanique.[\/vc_column_text][\/vc_tta_section][vc_tta_section title=&#8221;Propri\u00e9t\u00e9s du miel de mille fleurs&#8221; tab_id=&#8221;proprietes&#8221;][vc_column_text css=&#8221;&#8221;]Ce miel est tr\u00e8s appr\u00e9ci\u00e9 pour sa polyvalence, car il s&#8217;int\u00e8gre ais\u00e9ment dans diverses pr\u00e9parations culinaires, qu&#8217;il s&#8217;agisse d&#8217;adoucir les boissons ou d&#8217;enrichir les recettes de p\u00e2tisserie. La diversit\u00e9 des nectars qui le composent lui conf\u00e8re une richesse aromatique unique, faisant de lui un choix de qualit\u00e9 pour les amateurs de miel.[\/vc_column_text][\/vc_tta_section][vc_tta_section title=&#8221;Comment d\u00e9guster le miel de mille fleurs&#8221; tab_id=&#8221;deguster&#8221;][vc_column_text css=&#8221;&#8221;]Le miel de mille fleurs s\u2019utilise principalement dans la cuisine ou la p\u00e2tisserie, en accompagnement du pain ou du pain grill\u00e9, et comme additif dans plusieurs boissons, par exemple le th\u00e9. Il est recommand\u00e9 en tant que substitut du sucre, car il adoucit tout en apportant beaucoup moins de calories que le sucre raffin\u00e9.[\/vc_column_text][\/vc_tta_section][\/vc_tta_accordion][vc_btn title=&#8221;Fiche technique&#8221; style=&#8221;flat&#8221; shape=&#8221;square&#8221; color=&#8221;black&#8221; size=&#8221;lg&#8221; i_align=&#8221;right&#8221; i_icon_fontawesome=&#8221;far fa-file-pdf&#8221; add_icon=&#8221;true&#8221; link=&#8221;url:https%3A%2F%2Fperello.debonatinta.com%2Fwp-content%2Fuploads%2F2022%2F03%2FFITXA-TE%CC%80CNICA-MIL-FLORS-2020.pdf&#8221; el_class=&#8221;ficha&#8221;][\/vc_column][\/vc_row][vc_row][vc_column][vc_column_text]<\/p>\n<h3 style=\"text-align: center;\"><strong>AUTRES FORMATS<br \/>\n<\/strong><\/h3>\n<p>[\/vc_column_text][\/vc_column][\/vc_row][vc_row gap=&#8221;15&#8243; el_class=&#8221;formatos&#8221; css=&#8221;.vc_custom_1645553046136{margin-bottom: 60px !important;}&#8221;][vc_column width=&#8221;1\/4&#8243;][vc_single_image image=&#8221;8826&#8243; img_size=&#8221;full&#8221; alignment=&#8221;center&#8221; css=&#8221;.vc_custom_1648056346019{margin-bottom: 25px !important;}&#8221; image_hovers=&#8221;false&#8221;][vc_column_text css=&#8221;.vc_custom_1654019412619{margin-bottom: 40px !important;}&#8221;]<\/p>\n<h3 style=\"text-align: center;\">Ref. 010202 \u2013 MILLE FLEURS 50 GR.<\/h3>\n<p style=\"text-align: center;\"><strong>EAN-13: 8437001517558<\/strong><br \/>\nMiel de Mille Fleurs en pot de verre 50 gr<\/p>\n<p>[\/vc_column_text][\/vc_column][vc_column width=&#8221;1\/4&#8243;][vc_single_image image=&#8221;8830&#8243; img_size=&#8221;full&#8221; alignment=&#8221;center&#8221; css=&#8221;.vc_custom_1648056392036{margin-bottom: 25px !important;}&#8221; image_hovers=&#8221;false&#8221;][vc_column_text css=&#8221;.vc_custom_1668507557823{margin-bottom: 40px !important;}&#8221;]<\/p>\n<h3 style=\"text-align: center;\">Ref. 010222 \u2013 MILLE FLEURS 250 GR. ANTI-GOUTTE<\/h3>\n<p style=\"text-align: center;\"><strong>EAN-13: 8437013977197<\/strong><br \/>\nMiel de Mille Fleurs en pot de 250 gr. plastique anti-goutte.<br \/>\n14 unit\u00e9s par bo\u00eete<\/p>\n<p>[\/vc_column_text][\/vc_column][vc_column width=&#8221;1\/4&#8243;][vc_single_image image=&#8221;8834&#8243; img_size=&#8221;full&#8221; alignment=&#8221;center&#8221; css=&#8221;.vc_custom_1648056438114{margin-bottom: 25px !important;}&#8221; image_hovers=&#8221;false&#8221;][vc_column_text css=&#8221;.vc_custom_1664353134701{margin-bottom: 40px !important;}&#8221;]<\/p>\n<h3 style=\"text-align: center;\">Ref. 010226 \u2013 MILLE FLEURS 250 GR.<\/h3>\n<p style=\"text-align: center;\"><strong>EAN-13: 8437013977210<\/strong><br \/>\nMiel de Mille Fleurs en pot de verre de 250 gr.<br \/>\n12 unit\u00e9s par bo\u00eete<\/p>\n<p>[\/vc_column_text][\/vc_column][vc_column width=&#8221;1\/4&#8243;][vc_single_image image=&#8221;8838&#8243; img_size=&#8221;full&#8221; alignment=&#8221;center&#8221; css=&#8221;.vc_custom_1648056485160{margin-bottom: 25px !important;}&#8221; image_hovers=&#8221;false&#8221;][vc_column_text css=&#8221;.vc_custom_1699951101943{margin-bottom: 40px !important;}&#8221;]<\/p>\n<h3 style=\"text-align: center;\">Ref. 010205 \u2013 MILLE FLEURS 490 GR.<\/h3>\n<p style=\"text-align: center;\"><strong>EAN-13: 8437001517060<\/strong><br \/>\nMiel de mille fleurs en pot de verre de 490 gr.<br \/>\n12 unit\u00e9s par bo\u00eete<\/p>\n<p>[\/vc_column_text][\/vc_column][\/vc_row][vc_row gap=&#8221;15&#8243; el_class=&#8221;formatos&#8221; css=&#8221;.vc_custom_1645553046136{margin-bottom: 60px !important;}&#8221;][vc_column width=&#8221;1\/4&#8243;][vc_single_image image=&#8221;8842&#8243; img_size=&#8221;full&#8221; alignment=&#8221;center&#8221; css=&#8221;.vc_custom_1648056533057{margin-bottom: 25px !important;}&#8221; image_hovers=&#8221;false&#8221;][vc_column_text css=&#8221;.vc_custom_1664526918438{margin-bottom: 40px !important;}&#8221;]<\/p>\n<h3 style=\"text-align: center;\">Ref. 010221 \u2013 MILLE FLEURS 500 GR. ANTI-GOUTTE<\/h3>\n<p style=\"text-align: center;\"><strong>EAN-13: 8437001517879<\/strong><br \/>\nMiel de Mille Fleurs en pot de 500 gr. plastique anti-goutte.<br \/>\n11 unit\u00e9s par bo\u00eete<\/p>\n<p>[\/vc_column_text][\/vc_column][vc_column width=&#8221;1\/4&#8243;][vc_single_image image=&#8221;8846&#8243; img_size=&#8221;full&#8221; alignment=&#8221;center&#8221; css=&#8221;.vc_custom_1648056576977{margin-bottom: 25px !important;}&#8221; image_hovers=&#8221;false&#8221;][vc_column_text css=&#8221;.vc_custom_1654019561897{margin-bottom: 40px !important;}&#8221;]<\/p>\n<h3 style=\"text-align: center;\">Ref. 010207 \u2013 MILLE FLEURS 980 GR.<\/h3>\n<p style=\"text-align: center;\"><strong>EAN-13: 8437001517053<\/strong><br \/>\nMiel de Mille Fleurs avec pot en verre de 980 gr.<br \/>\n6 unit\u00e9s par bo\u00eete<\/p>\n<p>[\/vc_column_text][\/vc_column][vc_column width=&#8221;1\/4&#8243;][vc_single_image image=&#8221;8850&#8243; img_size=&#8221;full&#8221; alignment=&#8221;center&#8221; css=&#8221;.vc_custom_1648056645655{margin-bottom: 25px !important;}&#8221; image_hovers=&#8221;false&#8221;][vc_column_text css=&#8221;.vc_custom_1654019590506{margin-bottom: 40px !important;}&#8221;]<\/p>\n<h3 style=\"text-align: center;\">Ref. 010209 \u2013 MILLE FLEURS 2000 GR.<\/h3>\n<p style=\"text-align: center;\"><strong>EAN-13:8437001517190<\/strong><br \/>\nMiel de Mille Fleurs avec bouteille en plastique de 2000 gr.<br \/>\n6 unit\u00e9s par bo\u00eete<\/p>\n<p>[\/vc_column_text][\/vc_column][vc_column width=&#8221;1\/4&#8243;][vc_single_image image=&#8221;8854&#8243; img_size=&#8221;full&#8221; alignment=&#8221;center&#8221; css=&#8221;.vc_custom_1648056698676{margin-bottom: 25px !important;}&#8221; image_hovers=&#8221;false&#8221;][vc_column_text css=&#8221;.vc_custom_1654019616055{margin-bottom: 40px !important;}&#8221;]<\/p>\n<h3 style=\"text-align: center;\">Ref. 010210 \u2013MILLE FLEURS 3000 GR.<\/h3>\n<p style=\"text-align: center;\"><strong>EAN-13: 8437001517206<\/strong><br \/>\nMiel de Mille Fleurs avec bouteille en plastique de 3000 gr.<br \/>\n5 unit\u00e9s par bo\u00eete<\/p>\n<p>[\/vc_column_text][\/vc_column][\/vc_row][vc_row gap=&#8221;15&#8243; el_class=&#8221;formatos&#8221; css=&#8221;.vc_custom_1645553046136{margin-bottom: 60px !important;}&#8221;][vc_column width=&#8221;1\/4&#8243;][vc_single_image image=&#8221;11240&#8243; img_size=&#8221;full&#8221; alignment=&#8221;center&#8221; css=&#8221;.vc_custom_1699951074247{margin-bottom: 25px !important;}&#8221; image_hovers=&#8221;false&#8221;][vc_column_text css=&#8221;.vc_custom_1699951088010{margin-bottom: 40px !important;}&#8221;]<\/p>\n<h3 style=\"text-align: center;\">Ref. 010211 \u2013 MILLE FLEURS 5250 GR.<\/h3>\n<p style=\"text-align: center;\"><strong>EAN-13: 8437001517213<\/strong><br \/>\nMiel de MIlle Fleurs avec bouteille plastique 5250 gr<\/p>\n<p>[\/vc_column_text][\/vc_column][vc_column width=&#8221;1\/4&#8243;][\/vc_column][vc_column width=&#8221;1\/4&#8243;][\/vc_column][vc_column width=&#8221;1\/4&#8243;][\/vc_column][\/vc_row][vc_row][vc_column][vc_column_text css=&#8221;.vc_custom_1654019666717{margin-bottom: 60px !important;}&#8221;]<\/p>\n<p style=\"text-align: center;\"><strong>Nous avons des seaux de 10 et 20 kg. et f\u00fbts de 300 kg.<\/strong><\/p>\n<p>[\/vc_column_text][\/vc_column][\/vc_row][vc_row full_width=&#8221;stretch_row_content_no_spaces&#8221; bg_type=&#8221;image&#8221; parallax_style=&#8221;vcpb-vz-jquery&#8221; bg_image_new=&#8221;id^9854|url^https:\/\/www.meldelperello.com\/wp-content\/uploads\/2022\/04\/bg-5.jpg|caption^null|alt^null|title^bg|description^null&#8221; bg_image_repeat=&#8221;no-repeat&#8221; bg_override=&#8221;full&#8221; disable_on_mobile_img_parallax=&#8221;disable_on_mobile_img_parallax_value&#8221; el_class=&#8221;blanco poema&#8221;][vc_column][vc_empty_space height=&#8221;400&#8243;][\/vc_column][\/vc_row]<\/p>\n<\/div>","protected":false},"excerpt":{"rendered":"<p>[vc_row gap=&#8221;25&#8243; el_class=&#8221;producto&#8221; css=&#8221;.vc_custom_1645552768280{margin-bottom: 60px !important;}&#8221;][vc_column width=&#8221;1\/2&#8243;][vc_single_image image=&#8221;9415&#8243; img_size=&#8221;full&#8221;][\/vc_column][vc_column width=&#8221;1\/2&#8243;][vc_column_text css=&#8221;.vc_custom_1743610297645{margin-bottom: 50px !important;}&#8221;] MIEL DE MILLE FLEURS La s\u00e9lection florale des abeilles. Le miel de toujours. CARACT\u00c9RISTIQUES DU MIEL DE MILLE FLEURS Le miel de mille fleurs poss\u00e8de une odeur et une saveur vari\u00e9es, influenc\u00e9es par les plantes qui le composent. Les miels multifloraux offrent&hellip;<\/p>\n","protected":false},"author":1,"featured_media":8834,"parent":10428,"menu_order":0,"comment_status":"closed","ping_status":"closed","template":"","meta":{"inline_featured_image":false,"footnotes":""},"class_list":["post-10445","page","type-page","status-publish","has-post-thumbnail","hentry","description-off"],"yoast_head":"<!-- This site is optimized with the Yoast SEO plugin v27.3 - https:\/\/yoast.com\/product\/yoast-seo-wordpress\/ -->\n<title>MIEL DE MILLE FLEURS - L&#039;Avi Llu\u00eds<\/title>\n<meta name=\"description\" content=\"Achetez du Miel de Mille Fleurs pur et artisanal directement chez l&#039;apiculteur et profitez de la plus haute qualit\u00e9 \u2705 D\u00e9couvrez nos offres ! Exp\u00e9dition 24-48h\" \/>\n<meta name=\"robots\" content=\"index, follow, max-snippet:-1, max-image-preview:large, max-video-preview:-1\" \/>\n<link rel=\"canonical\" href=\"https:\/\/www.meldelperello.com\/fr\/produits\/miel\/mille-fleurs\/\" \/>\n<meta property=\"og:locale\" content=\"fr_FR\" \/>\n<meta property=\"og:type\" content=\"article\" \/>\n<meta property=\"og:title\" content=\"MIEL DE MILLE FLEURS - L&#039;Avi Llu\u00eds\" \/>\n<meta property=\"og:description\" content=\"Achetez du Miel de Mille Fleurs pur et artisanal directement chez l&#039;apiculteur et profitez de la plus haute qualit\u00e9 \u2705 D\u00e9couvrez nos offres ! Exp\u00e9dition 24-48h\" \/>\n<meta property=\"og:url\" content=\"https:\/\/www.meldelperello.com\/fr\/produits\/miel\/mille-fleurs\/\" \/>\n<meta property=\"og:site_name\" content=\"L&#039;Avi Llu\u00eds\" \/>\n<meta property=\"article:publisher\" content=\"https:\/\/www.facebook.com\/avi.lluis\/\" \/>\n<meta property=\"article:modified_time\" content=\"2025-04-02T16:12:07+00:00\" \/>\n<meta property=\"og:image\" content=\"https:\/\/www.meldelperello.com\/wp-content\/uploads\/2022\/03\/Mel-de-lAvi-Llui\u0301s-gener-2020-Mil-Flors-250g.jpg\" \/>\n\t<meta property=\"og:image:width\" content=\"300\" \/>\n\t<meta property=\"og:image:height\" content=\"300\" \/>\n\t<meta property=\"og:image:type\" content=\"image\/jpeg\" \/>\n<meta name=\"twitter:card\" content=\"summary_large_image\" \/>\n<meta name=\"twitter:label1\" content=\"Dur\u00e9e de lecture estim\u00e9e\" \/>\n\t<meta name=\"twitter:data1\" content=\"6 minutes\" \/>\n<script type=\"application\/ld+json\" class=\"yoast-schema-graph\">{\"@context\":\"https:\\\/\\\/schema.org\",\"@graph\":[{\"@type\":\"WebPage\",\"@id\":\"https:\\\/\\\/www.meldelperello.com\\\/fr\\\/produits\\\/miel\\\/mille-fleurs\\\/\",\"url\":\"https:\\\/\\\/www.meldelperello.com\\\/fr\\\/produits\\\/miel\\\/mille-fleurs\\\/\",\"name\":\"MIEL DE MILLE FLEURS - L&#039;Avi Llu\u00eds\",\"isPartOf\":{\"@id\":\"https:\\\/\\\/www.meldelperello.com\\\/fr\\\/#website\"},\"primaryImageOfPage\":{\"@id\":\"https:\\\/\\\/www.meldelperello.com\\\/fr\\\/produits\\\/miel\\\/mille-fleurs\\\/#primaryimage\"},\"image\":{\"@id\":\"https:\\\/\\\/www.meldelperello.com\\\/fr\\\/produits\\\/miel\\\/mille-fleurs\\\/#primaryimage\"},\"thumbnailUrl\":\"https:\\\/\\\/www.meldelperello.com\\\/wp-content\\\/uploads\\\/2022\\\/03\\\/Mel-de-lAvi-Llui\u0301s-gener-2020-Mil-Flors-250g.jpg\",\"datePublished\":\"2022-03-23T17:22:03+00:00\",\"dateModified\":\"2025-04-02T16:12:07+00:00\",\"description\":\"Achetez du Miel de Mille Fleurs pur et artisanal directement chez l'apiculteur et profitez de la plus haute qualit\u00e9 \u2705 D\u00e9couvrez nos offres ! Exp\u00e9dition 24-48h\",\"breadcrumb\":{\"@id\":\"https:\\\/\\\/www.meldelperello.com\\\/fr\\\/produits\\\/miel\\\/mille-fleurs\\\/#breadcrumb\"},\"inLanguage\":\"fr-FR\",\"potentialAction\":[{\"@type\":\"ReadAction\",\"target\":[\"https:\\\/\\\/www.meldelperello.com\\\/fr\\\/produits\\\/miel\\\/mille-fleurs\\\/\"]}]},{\"@type\":\"ImageObject\",\"inLanguage\":\"fr-FR\",\"@id\":\"https:\\\/\\\/www.meldelperello.com\\\/fr\\\/produits\\\/miel\\\/mille-fleurs\\\/#primaryimage\",\"url\":\"https:\\\/\\\/www.meldelperello.com\\\/wp-content\\\/uploads\\\/2022\\\/03\\\/Mel-de-lAvi-Llui\u0301s-gener-2020-Mil-Flors-250g.jpg\",\"contentUrl\":\"https:\\\/\\\/www.meldelperello.com\\\/wp-content\\\/uploads\\\/2022\\\/03\\\/Mel-de-lAvi-Llui\u0301s-gener-2020-Mil-Flors-250g.jpg\",\"width\":300,\"height\":300,\"caption\":\"mel avi lluis perello baix ebre catalunya - miel abejas panal natural eco\"},{\"@type\":\"BreadcrumbList\",\"@id\":\"https:\\\/\\\/www.meldelperello.com\\\/fr\\\/produits\\\/miel\\\/mille-fleurs\\\/#breadcrumb\",\"itemListElement\":[{\"@type\":\"ListItem\",\"position\":1,\"name\":\"Inici\",\"item\":\"https:\\\/\\\/www.meldelperello.com\\\/fr\\\/\"},{\"@type\":\"ListItem\",\"position\":2,\"name\":\"PRODUITS\",\"item\":\"https:\\\/\\\/www.meldelperello.com\\\/fr\\\/produits\\\/\"},{\"@type\":\"ListItem\",\"position\":3,\"name\":\"MIEL\",\"item\":\"https:\\\/\\\/www.meldelperello.com\\\/fr\\\/produits\\\/miel\\\/\"},{\"@type\":\"ListItem\",\"position\":4,\"name\":\"MIEL DE MILLE FLEURS\"}]},{\"@type\":\"WebSite\",\"@id\":\"https:\\\/\\\/www.meldelperello.com\\\/fr\\\/#website\",\"url\":\"https:\\\/\\\/www.meldelperello.com\\\/fr\\\/\",\"name\":\"L&#039;Avi Llu\u00eds\",\"description\":\"Apicultors i productors de mel natural, pura i artesana\",\"publisher\":{\"@id\":\"https:\\\/\\\/www.meldelperello.com\\\/fr\\\/#organization\"},\"potentialAction\":[{\"@type\":\"SearchAction\",\"target\":{\"@type\":\"EntryPoint\",\"urlTemplate\":\"https:\\\/\\\/www.meldelperello.com\\\/fr\\\/?s={search_term_string}\"},\"query-input\":{\"@type\":\"PropertyValueSpecification\",\"valueRequired\":true,\"valueName\":\"search_term_string\"}}],\"inLanguage\":\"fr-FR\"},{\"@type\":\"Organization\",\"@id\":\"https:\\\/\\\/www.meldelperello.com\\\/fr\\\/#organization\",\"name\":\"L'Avi Llu\u00eds\",\"url\":\"https:\\\/\\\/www.meldelperello.com\\\/fr\\\/\",\"logo\":{\"@type\":\"ImageObject\",\"inLanguage\":\"fr-FR\",\"@id\":\"https:\\\/\\\/www.meldelperello.com\\\/fr\\\/#\\\/schema\\\/logo\\\/image\\\/\",\"url\":\"https:\\\/\\\/www.meldelperello.com\\\/wp-content\\\/uploads\\\/2022\\\/02\\\/logo.svg\",\"contentUrl\":\"https:\\\/\\\/www.meldelperello.com\\\/wp-content\\\/uploads\\\/2022\\\/02\\\/logo.svg\",\"width\":137,\"height\":121,\"caption\":\"L'Avi Llu\u00eds\"},\"image\":{\"@id\":\"https:\\\/\\\/www.meldelperello.com\\\/fr\\\/#\\\/schema\\\/logo\\\/image\\\/\"},\"sameAs\":[\"https:\\\/\\\/www.facebook.com\\\/avi.lluis\\\/\",\"https:\\\/\\\/www.instagram.com\\\/avilluis_meldelperello\\\/\",\"https:\\\/\\\/www.youtube.com\\\/c\\\/MeldelperelloAviLluis\"]}]}<\/script>\n<!-- \/ Yoast SEO plugin. -->","yoast_head_json":{"title":"MIEL DE MILLE FLEURS - L&#039;Avi Llu\u00eds","description":"Achetez du Miel de Mille Fleurs pur et artisanal directement chez l'apiculteur et profitez de la plus haute qualit\u00e9 \u2705 D\u00e9couvrez nos offres ! Exp\u00e9dition 24-48h","robots":{"index":"index","follow":"follow","max-snippet":"max-snippet:-1","max-image-preview":"max-image-preview:large","max-video-preview":"max-video-preview:-1"},"canonical":"https:\/\/www.meldelperello.com\/fr\/produits\/miel\/mille-fleurs\/","og_locale":"fr_FR","og_type":"article","og_title":"MIEL DE MILLE FLEURS - L&#039;Avi Llu\u00eds","og_description":"Achetez du Miel de Mille Fleurs pur et artisanal directement chez l'apiculteur et profitez de la plus haute qualit\u00e9 \u2705 D\u00e9couvrez nos offres ! Exp\u00e9dition 24-48h","og_url":"https:\/\/www.meldelperello.com\/fr\/produits\/miel\/mille-fleurs\/","og_site_name":"L&#039;Avi Llu\u00eds","article_publisher":"https:\/\/www.facebook.com\/avi.lluis\/","article_modified_time":"2025-04-02T16:12:07+00:00","og_image":[{"width":300,"height":300,"url":"https:\/\/www.meldelperello.com\/wp-content\/uploads\/2022\/03\/Mel-de-lAvi-Llui\u0301s-gener-2020-Mil-Flors-250g.jpg","type":"image\/jpeg"}],"twitter_card":"summary_large_image","twitter_misc":{"Dur\u00e9e de lecture estim\u00e9e":"6 minutes"},"schema":{"@context":"https:\/\/schema.org","@graph":[{"@type":"WebPage","@id":"https:\/\/www.meldelperello.com\/fr\/produits\/miel\/mille-fleurs\/","url":"https:\/\/www.meldelperello.com\/fr\/produits\/miel\/mille-fleurs\/","name":"MIEL DE MILLE FLEURS - L&#039;Avi Llu\u00eds","isPartOf":{"@id":"https:\/\/www.meldelperello.com\/fr\/#website"},"primaryImageOfPage":{"@id":"https:\/\/www.meldelperello.com\/fr\/produits\/miel\/mille-fleurs\/#primaryimage"},"image":{"@id":"https:\/\/www.meldelperello.com\/fr\/produits\/miel\/mille-fleurs\/#primaryimage"},"thumbnailUrl":"https:\/\/www.meldelperello.com\/wp-content\/uploads\/2022\/03\/Mel-de-lAvi-Llui\u0301s-gener-2020-Mil-Flors-250g.jpg","datePublished":"2022-03-23T17:22:03+00:00","dateModified":"2025-04-02T16:12:07+00:00","description":"Achetez du Miel de Mille Fleurs pur et artisanal directement chez l'apiculteur et profitez de la plus haute qualit\u00e9 \u2705 D\u00e9couvrez nos offres ! Exp\u00e9dition 24-48h","breadcrumb":{"@id":"https:\/\/www.meldelperello.com\/fr\/produits\/miel\/mille-fleurs\/#breadcrumb"},"inLanguage":"fr-FR","potentialAction":[{"@type":"ReadAction","target":["https:\/\/www.meldelperello.com\/fr\/produits\/miel\/mille-fleurs\/"]}]},{"@type":"ImageObject","inLanguage":"fr-FR","@id":"https:\/\/www.meldelperello.com\/fr\/produits\/miel\/mille-fleurs\/#primaryimage","url":"https:\/\/www.meldelperello.com\/wp-content\/uploads\/2022\/03\/Mel-de-lAvi-Llui\u0301s-gener-2020-Mil-Flors-250g.jpg","contentUrl":"https:\/\/www.meldelperello.com\/wp-content\/uploads\/2022\/03\/Mel-de-lAvi-Llui\u0301s-gener-2020-Mil-Flors-250g.jpg","width":300,"height":300,"caption":"mel avi lluis perello baix ebre catalunya - miel abejas panal natural eco"},{"@type":"BreadcrumbList","@id":"https:\/\/www.meldelperello.com\/fr\/produits\/miel\/mille-fleurs\/#breadcrumb","itemListElement":[{"@type":"ListItem","position":1,"name":"Inici","item":"https:\/\/www.meldelperello.com\/fr\/"},{"@type":"ListItem","position":2,"name":"PRODUITS","item":"https:\/\/www.meldelperello.com\/fr\/produits\/"},{"@type":"ListItem","position":3,"name":"MIEL","item":"https:\/\/www.meldelperello.com\/fr\/produits\/miel\/"},{"@type":"ListItem","position":4,"name":"MIEL DE MILLE FLEURS"}]},{"@type":"WebSite","@id":"https:\/\/www.meldelperello.com\/fr\/#website","url":"https:\/\/www.meldelperello.com\/fr\/","name":"L&#039;Avi Llu\u00eds","description":"Apicultors i productors de mel natural, pura i artesana","publisher":{"@id":"https:\/\/www.meldelperello.com\/fr\/#organization"},"potentialAction":[{"@type":"SearchAction","target":{"@type":"EntryPoint","urlTemplate":"https:\/\/www.meldelperello.com\/fr\/?s={search_term_string}"},"query-input":{"@type":"PropertyValueSpecification","valueRequired":true,"valueName":"search_term_string"}}],"inLanguage":"fr-FR"},{"@type":"Organization","@id":"https:\/\/www.meldelperello.com\/fr\/#organization","name":"L'Avi Llu\u00eds","url":"https:\/\/www.meldelperello.com\/fr\/","logo":{"@type":"ImageObject","inLanguage":"fr-FR","@id":"https:\/\/www.meldelperello.com\/fr\/#\/schema\/logo\/image\/","url":"https:\/\/www.meldelperello.com\/wp-content\/uploads\/2022\/02\/logo.svg","contentUrl":"https:\/\/www.meldelperello.com\/wp-content\/uploads\/2022\/02\/logo.svg","width":137,"height":121,"caption":"L'Avi Llu\u00eds"},"image":{"@id":"https:\/\/www.meldelperello.com\/fr\/#\/schema\/logo\/image\/"},"sameAs":["https:\/\/www.facebook.com\/avi.lluis\/","https:\/\/www.instagram.com\/avilluis_meldelperello\/","https:\/\/www.youtube.com\/c\/MeldelperelloAviLluis"]}]}},"_links":{"self":[{"href":"https:\/\/www.meldelperello.com\/fr\/wp-json\/wp\/v2\/pages\/10445","targetHints":{"allow":["GET"]}}],"collection":[{"href":"https:\/\/www.meldelperello.com\/fr\/wp-json\/wp\/v2\/pages"}],"about":[{"href":"https:\/\/www.meldelperello.com\/fr\/wp-json\/wp\/v2\/types\/page"}],"author":[{"embeddable":true,"href":"https:\/\/www.meldelperello.com\/fr\/wp-json\/wp\/v2\/users\/1"}],"replies":[{"embeddable":true,"href":"https:\/\/www.meldelperello.com\/fr\/wp-json\/wp\/v2\/comments?post=10445"}],"version-history":[{"count":9,"href":"https:\/\/www.meldelperello.com\/fr\/wp-json\/wp\/v2\/pages\/10445\/revisions"}],"predecessor-version":[{"id":11945,"href":"https:\/\/www.meldelperello.com\/fr\/wp-json\/wp\/v2\/pages\/10445\/revisions\/11945"}],"up":[{"embeddable":true,"href":"https:\/\/www.meldelperello.com\/fr\/wp-json\/wp\/v2\/pages\/10428"}],"wp:featuredmedia":[{"embeddable":true,"href":"https:\/\/www.meldelperello.com\/fr\/wp-json\/wp\/v2\/media\/8834"}],"wp:attachment":[{"href":"https:\/\/www.meldelperello.com\/fr\/wp-json\/wp\/v2\/media?parent=10445"}],"curies":[{"name":"wp","href":"https:\/\/api.w.org\/{rel}","templated":true}]}}