{"id":10439,"date":"2022-03-23T17:25:57","date_gmt":"2022-03-23T16:25:57","guid":{"rendered":"https:\/\/perello.debonatinta.com\/produits\/miel\/taronger\/"},"modified":"2025-04-02T18:04:04","modified_gmt":"2025-04-02T16:04:04","slug":"oranger","status":"publish","type":"page","link":"https:\/\/www.meldelperello.com\/fr\/produits\/miel\/oranger\/","title":{"rendered":"MIEL DE FLEUR D\u2019ORANGER"},"content":{"rendered":"<div class=\"wpb-content-wrapper\"><p>[vc_row gap=&#8221;25&#8243; el_class=&#8221;producto&#8221; css=&#8221;.vc_custom_1645552768280{margin-bottom: 60px !important;}&#8221;][vc_column width=&#8221;1\/2&#8243;][vc_single_image image=&#8221;9399&#8243; img_size=&#8221;full&#8221;][\/vc_column][vc_column width=&#8221;1\/2&#8243;][vc_column_text css=&#8221;.vc_custom_1743609794958{margin-bottom: 50px !important;}&#8221;]<\/p>\n<h1><strong>MIEL DE FLEUR D\u2019ORANGER<\/strong><\/h1>\n<h2>Nectar d\u2019orange. Le doux calme m\u00e9diterran\u00e9en. Aux ar\u00f4mes d\u2019agrumes.<\/h2>\n<p><strong>CARACT\u00c9RISTIQUES DU MIEL D&#8217;ORANGER<\/strong><\/p>\n<p>*&#8221;Ce miel est produit \u00e0 partir du nectar de fleurs de divers agrumes (Citrus spp.), tels que l\u2019oranger, le citronnier et le mandarinier. De couleur jaune ambr\u00e9, il est tr\u00e8s parfum\u00e9 et offre une saveur douce et fruit\u00e9e, tr\u00e8s appr\u00e9ci\u00e9e pour sa finesse.<\/p>\n<p>Son ar\u00f4me distinctif provient de l\u2019anthranilate de m\u00e9thyle, un compos\u00e9 naturel pr\u00e9sent dans les fleurs d\u2019oranger, qui rappelle la senteur des agrumes en floraison. Son intensit\u00e9 et sa persistance varient en fonction de la r\u00e9gion de r\u00e9colte, des vari\u00e9t\u00e9s et de la richesse des plantations d\u2019agrumes.[\/vc_column_text][vc_tta_accordion section_title_tag=&#8221;h3&#8243; style=&#8221;flat&#8221; shape=&#8221;square&#8221; color=&#8221;white&#8221; c_position=&#8221;right&#8221; active_section=&#8221;999&#8243; no_fill=&#8221;true&#8221; collapsible_all=&#8221;true&#8221;][vc_tta_section title=&#8221;Production du miel d&#8217;oranger&#8221; tab_id=&#8221;Production&#8221;][vc_column_text]Il est produit \u00e0 partir des orangers du sud de la Catalogne, dans la R\u00e9serve de biosph\u00e8re des Terres de l\u2019\u00c8bre et sa r\u00e9colte dure de d\u00e9but avril \u00e0 fin mai.[\/vc_column_text][\/vc_tta_section][vc_tta_section title=&#8221;Cristallisation du miel d&#8217;oranger&#8221; tab_id=&#8221;Cristallisation&#8221;][vc_column_text]Gr\u00e2ce \u00e0 sa puret\u00e9, le miel d\u2019oranger cristallise tr\u00e8s rapidement, de mani\u00e8re compacte et d\u00e9sordonn\u00e9e en cristaux de taille moyenne. On peut aussi modifier sa texture et la faire devenir plus liquide si on le chauffe \u00e0 moins de 40 \u00baC au bain-marie.[\/vc_column_text][\/vc_tta_section][vc_tta_section title=&#8221;Propri\u00e9t\u00e9s du miel d&#8217;oranger&#8221; tab_id=&#8221;proprietes&#8221;][vc_column_text css=&#8221;&#8221;]Le miel de fleur d&#8217;oranger se distingue par sa saveur douce et florale, avec une touche citronn\u00e9e qui le rend particuli\u00e8rement appr\u00e9ci\u00e9 en p\u00e2tisserie et dans les infusions. Sa couleur varie du dor\u00e9 clair \u00e0 l&#8217;ambre, et sa texture est lisse et fluide. Son profil aromatique et sa finesse en font un choix recherch\u00e9 parmi les amateurs de miel.[\/vc_column_text][\/vc_tta_section][vc_tta_section title=&#8221;Comment d\u00e9guster le miel d\u2019oranger&#8221; tab_id=&#8221;deguster&#8221;][vc_column_text]Gr\u00e2ce \u00e0 ses propri\u00e9t\u00e9s, le miel d\u2019oranger est tr\u00e8s subtil et d\u00e9licat en bouche. On peut l\u2019utiliser de mani\u00e8re th\u00e9rapeutique ou profiter de ses bienfaits nutritionnels pour cr\u00e9er des cosm\u00e9tiques.<\/p>\n<p>De plus, le miel d\u2019oranger est particuli\u00e8rement recommand\u00e9 pour l\u2019\u00e9laboration de desserts, du fait de ses parfums et son go\u00fbt qui apportent une note unique. Par exemple, le miel d\u2019oranger est l\u2019alli\u00e9 parfait pour faire des \u00ab\u00a0borraines\u00a0\u00bb, un dessert typique des Terres de l\u2019\u00c8bre.[\/vc_column_text][\/vc_tta_section][\/vc_tta_accordion][vc_btn title=&#8221;Fiche technique&#8221; style=&#8221;flat&#8221; shape=&#8221;square&#8221; color=&#8221;black&#8221; size=&#8221;lg&#8221; i_align=&#8221;right&#8221; i_icon_fontawesome=&#8221;far fa-file-pdf&#8221; add_icon=&#8221;true&#8221; link=&#8221;url:https%3A%2F%2Fperello.debonatinta.com%2Fwp-content%2Fuploads%2F2022%2F03%2FFITXA-TE%CC%80CNICA-TARONGER-2020.pdf&#8221; el_class=&#8221;ficha&#8221;][\/vc_column][\/vc_row][vc_row][vc_column][vc_column_text]<\/p>\n<h3 style=\"text-align: center;\"><strong>AUTRES FORMATS<\/strong><\/h3>\n<p>[\/vc_column_text][\/vc_column][\/vc_row][vc_row gap=&#8221;15&#8243; el_class=&#8221;formatos&#8221; css=&#8221;.vc_custom_1645553046136{margin-bottom: 60px !important;}&#8221;][vc_column width=&#8221;1\/4&#8243;][vc_single_image image=&#8221;8780&#8243; img_size=&#8221;full&#8221; alignment=&#8221;center&#8221; css=&#8221;.vc_custom_1648055449182{margin-bottom: 25px !important;}&#8221; image_hovers=&#8221;false&#8221;][vc_column_text css=&#8221;.vc_custom_1654018864131{margin-bottom: 40px !important;}&#8221;]<\/p>\n<h3 style=\"text-align: center;\">Ref. 010102 \u2013 ORANGER 50 GR.<\/h3>\n<p style=\"text-align: center;\"><strong>EAN-13: 8437001517527<\/strong><br \/>\nMiel d&#8217;oranger pot verre 50 gr<\/p>\n<p>[\/vc_column_text][\/vc_column][vc_column width=&#8221;1\/4&#8243;][vc_single_image image=&#8221;8784&#8243; img_size=&#8221;full&#8221; alignment=&#8221;center&#8221; css=&#8221;.vc_custom_1648055576915{margin-bottom: 25px !important;}&#8221; image_hovers=&#8221;false&#8221;][vc_column_text css=&#8221;.vc_custom_1668507130778{margin-bottom: 40px !important;}&#8221;]<\/p>\n<h3 style=\"text-align: center;\">Ref. 010122 \u2013 ORANGER 250 GR. ANTI-GOUTTE<\/h3>\n<p style=\"text-align: center;\"><strong>EAN-13: 8437013977128<\/strong><br \/>\nMiel d&#8217;Oranger en pot de 250 gr. plastique anti-goutte.<br \/>\n14 unit\u00e9s par bo\u00eete<\/p>\n<p>[\/vc_column_text][\/vc_column][vc_column width=&#8221;1\/4&#8243;][vc_single_image image=&#8221;8788&#8243; img_size=&#8221;full&#8221; alignment=&#8221;center&#8221; css=&#8221;.vc_custom_1648055634487{margin-bottom: 25px !important;}&#8221; image_hovers=&#8221;false&#8221;][vc_column_text css=&#8221;.vc_custom_1654018945581{margin-bottom: 40px !important;}&#8221;]<\/p>\n<h3 style=\"text-align: center;\">Ref. 010126 \u2013 ORANGER 250 GR.<\/h3>\n<p style=\"text-align: center;\"><strong>EAN-13: 8437013977142<\/strong><br \/>\nMiel d&#8217;oranger avec pot en verre de 250 gr.<br \/>\n12 unit\u00e9s par bo\u00eete.<\/p>\n<p>[\/vc_column_text][\/vc_column][vc_column width=&#8221;1\/4&#8243;][vc_single_image image=&#8221;8792&#8243; img_size=&#8221;full&#8221; alignment=&#8221;center&#8221; css=&#8221;.vc_custom_1648055685716{margin-bottom: 25px !important;}&#8221; image_hovers=&#8221;false&#8221;][vc_column_text css=&#8221;.vc_custom_1699353772669{margin-bottom: 40px !important;}&#8221;]<\/p>\n<h3 style=\"text-align: center;\">Ref. 010105 \u2013 ORANGER 490 GR.<\/h3>\n<p style=\"text-align: center;\"><strong>EAN-13: 8437001517046<\/strong><br \/>\nMiel d&#8217;oranger avec pot en verre de 490 gr.<br \/>\n12 unit\u00e9s par bo\u00eete.<\/p>\n<p>[\/vc_column_text][\/vc_column][\/vc_row][vc_row gap=&#8221;15&#8243; el_class=&#8221;formatos&#8221; css=&#8221;.vc_custom_1645553046136{margin-bottom: 60px !important;}&#8221;][vc_column width=&#8221;1\/4&#8243;][vc_single_image image=&#8221;8797&#8243; img_size=&#8221;full&#8221; alignment=&#8221;center&#8221; css=&#8221;.vc_custom_1648055761113{margin-bottom: 25px !important;}&#8221; image_hovers=&#8221;false&#8221;][vc_column_text css=&#8221;.vc_custom_1664528828074{margin-bottom: 40px !important;}&#8221;]<\/p>\n<h3 style=\"text-align: center;\">Ref. 010121 \u2013 ORANGER 500 GR. ANTI-GOUTTE<\/h3>\n<p style=\"text-align: center;\"><strong>EAN-13: 8437001517862<\/strong><br \/>\nMiel d&#8217;Oranger en pot de 500 gr. plastique anti-goutte.<br \/>\n11 unit\u00e9s par bo\u00eete<\/p>\n<p>[\/vc_column_text][\/vc_column][vc_column width=&#8221;1\/4&#8243;][vc_single_image image=&#8221;8801&#8243; img_size=&#8221;full&#8221; alignment=&#8221;center&#8221; css=&#8221;.vc_custom_1648055808426{margin-bottom: 25px !important;}&#8221; image_hovers=&#8221;false&#8221;][vc_column_text css=&#8221;.vc_custom_1654018999945{margin-bottom: 40px !important;}&#8221;]<\/p>\n<h3 style=\"text-align: center;\">Ref. 010107 \u2013 ORANGER 980 GR.<\/h3>\n<p style=\"text-align: center;\"><strong>EAN-13: 8437001517039<\/strong><br \/>\nMiel d&#8217;oranger avec pot en verre de 980 gr.<br \/>\n6 unit\u00e9s par bo\u00eete<\/p>\n<p>[\/vc_column_text][\/vc_column][vc_column width=&#8221;1\/4&#8243;][vc_single_image image=&#8221;8805&#8243; img_size=&#8221;full&#8221; alignment=&#8221;center&#8221; css=&#8221;.vc_custom_1648055858748{margin-bottom: 25px !important;}&#8221; image_hovers=&#8221;false&#8221;][vc_column_text css=&#8221;.vc_custom_1654019019440{margin-bottom: 40px !important;}&#8221;]<\/p>\n<h3 style=\"text-align: center;\">Ref. 010109 \u2013 ORANGER 2000 GR.<\/h3>\n<p style=\"text-align: center;\"><strong>EAN-13: 8437001517169<\/strong><br \/>\nMiel d&#8217;oranger avec bouteille en plastique de 2000 gr.<br \/>\n6 unit\u00e9s par bo\u00eete<\/p>\n<p>[\/vc_column_text][\/vc_column][vc_column width=&#8221;1\/4&#8243;][vc_single_image image=&#8221;8809&#8243; img_size=&#8221;full&#8221; alignment=&#8221;center&#8221; css=&#8221;.vc_custom_1648055913501{margin-bottom: 25px !important;}&#8221; image_hovers=&#8221;false&#8221;][vc_column_text css=&#8221;.vc_custom_1654019037395{margin-bottom: 40px !important;}&#8221;]<\/p>\n<h3 style=\"text-align: center;\">Ref. 010110 \u2013 ORANGER 3000 GR.<\/h3>\n<p style=\"text-align: center;\"><strong>EAN-13: 8437001517176<\/strong><br \/>\nMiel d&#8217;oranger avec bouteille en plastique de 3000 gr.<br \/>\n5 unit\u00e9s par bo\u00eete<\/p>\n<p>[\/vc_column_text][\/vc_column][\/vc_row][vc_row gap=&#8221;15&#8243; el_class=&#8221;formatos&#8221; css=&#8221;.vc_custom_1645553046136{margin-bottom: 60px !important;}&#8221;][vc_column width=&#8221;1\/4&#8243;][vc_single_image image=&#8221;11137&#8243; img_size=&#8221;full&#8221; alignment=&#8221;center&#8221; css=&#8221;.vc_custom_1699353803075{margin-bottom: 25px !important;}&#8221; image_hovers=&#8221;false&#8221;][vc_column_text css=&#8221;.vc_custom_1699353790570{margin-bottom: 40px !important;}&#8221;]<\/p>\n<h3 style=\"text-align: center;\">Ref. 010111 \u2013 ORANGER 5250 GR.<\/h3>\n<p style=\"text-align: center;\"><strong>EAN-13: 8437001517183<\/strong><br \/>\nMiel d&#8217;oranger avec bouteille en plastique de 5250 gr<\/p>\n<p>[\/vc_column_text][\/vc_column][vc_column width=&#8221;1\/4&#8243;][\/vc_column][vc_column width=&#8221;1\/4&#8243;][\/vc_column][vc_column width=&#8221;1\/4&#8243;][\/vc_column][\/vc_row][vc_row][vc_column][vc_column_text css=&#8221;.vc_custom_1654019067407{margin-bottom: 60px !important;}&#8221;]<\/p>\n<p style=\"text-align: center;\"><strong>Nous avons des seaux de 10 et 20 kg. et f\u00fbts de 300 kg.<\/strong><\/p>\n<p>[\/vc_column_text][\/vc_column][\/vc_row][vc_row full_width=&#8221;stretch_row_content_no_spaces&#8221; bg_type=&#8221;image&#8221; parallax_style=&#8221;vcpb-vz-jquery&#8221; bg_image_new=&#8221;id^9870|url^https:\/\/www.meldelperello.com\/wp-content\/uploads\/2022\/04\/bg-8.jpg|caption^null|alt^null|title^bg|description^null&#8221; bg_image_repeat=&#8221;no-repeat&#8221; bg_override=&#8221;full&#8221; disable_on_mobile_img_parallax=&#8221;disable_on_mobile_img_parallax_value&#8221; el_class=&#8221;blanco poema&#8221;][vc_column][vc_empty_space height=&#8221;400&#8243;][\/vc_column][\/vc_row]<\/p>\n<\/div>","protected":false},"excerpt":{"rendered":"<p>[vc_row gap=&#8221;25&#8243; el_class=&#8221;producto&#8221; css=&#8221;.vc_custom_1645552768280{margin-bottom: 60px !important;}&#8221;][vc_column width=&#8221;1\/2&#8243;][vc_single_image image=&#8221;9399&#8243; img_size=&#8221;full&#8221;][\/vc_column][vc_column width=&#8221;1\/2&#8243;][vc_column_text css=&#8221;.vc_custom_1743609794958{margin-bottom: 50px !important;}&#8221;] MIEL DE FLEUR D\u2019ORANGER Nectar d\u2019orange. Le doux calme m\u00e9diterran\u00e9en. Aux ar\u00f4mes d\u2019agrumes. CARACT\u00c9RISTIQUES DU MIEL D&#8217;ORANGER *&#8221;Ce miel est produit \u00e0 partir du nectar de fleurs de divers agrumes (Citrus spp.), tels que l\u2019oranger, le citronnier et le mandarinier. De couleur&hellip;<\/p>\n","protected":false},"author":1,"featured_media":8788,"parent":10428,"menu_order":0,"comment_status":"closed","ping_status":"closed","template":"","meta":{"inline_featured_image":false,"footnotes":""},"class_list":["post-10439","page","type-page","status-publish","has-post-thumbnail","hentry","description-off"],"yoast_head":"<!-- This site is optimized with the Yoast SEO plugin v27.3 - https:\/\/yoast.com\/product\/yoast-seo-wordpress\/ -->\n<title>MIEL DE FLEUR D\u2019ORANGER - L&#039;Avi Llu\u00eds<\/title>\n<meta name=\"description\" content=\"Achetez du Miel d&#039;Oranger pur et artisanal directement chez l&#039;apiculteur et profitez de la plus haute qualit\u00e9 \u2705 D\u00e9couvrez nos offres ! Exp\u00e9dition en 24-48h\" \/>\n<meta name=\"robots\" content=\"index, follow, max-snippet:-1, max-image-preview:large, max-video-preview:-1\" \/>\n<link rel=\"canonical\" href=\"https:\/\/www.meldelperello.com\/fr\/produits\/miel\/oranger\/\" \/>\n<meta property=\"og:locale\" content=\"fr_FR\" \/>\n<meta property=\"og:type\" content=\"article\" \/>\n<meta property=\"og:title\" content=\"MIEL DE FLEUR D\u2019ORANGER - L&#039;Avi Llu\u00eds\" \/>\n<meta property=\"og:description\" content=\"Achetez du Miel d&#039;Oranger pur et artisanal directement chez l&#039;apiculteur et profitez de la plus haute qualit\u00e9 \u2705 D\u00e9couvrez nos offres ! Exp\u00e9dition en 24-48h\" \/>\n<meta property=\"og:url\" content=\"https:\/\/www.meldelperello.com\/fr\/produits\/miel\/oranger\/\" \/>\n<meta property=\"og:site_name\" content=\"L&#039;Avi Llu\u00eds\" \/>\n<meta property=\"article:publisher\" content=\"https:\/\/www.facebook.com\/avi.lluis\/\" \/>\n<meta property=\"article:modified_time\" content=\"2025-04-02T16:04:04+00:00\" \/>\n<meta property=\"og:image\" content=\"https:\/\/www.meldelperello.com\/wp-content\/uploads\/2022\/03\/Mel-de-lAvi-Llui\u0301s-gener-2020-Taronger-250g.jpg\" \/>\n\t<meta property=\"og:image:width\" content=\"300\" \/>\n\t<meta property=\"og:image:height\" content=\"300\" \/>\n\t<meta property=\"og:image:type\" content=\"image\/jpeg\" \/>\n<meta name=\"twitter:card\" content=\"summary_large_image\" \/>\n<meta name=\"twitter:label1\" content=\"Dur\u00e9e de lecture estim\u00e9e\" \/>\n\t<meta name=\"twitter:data1\" content=\"6 minutes\" \/>\n<script type=\"application\/ld+json\" class=\"yoast-schema-graph\">{\"@context\":\"https:\\\/\\\/schema.org\",\"@graph\":[{\"@type\":\"WebPage\",\"@id\":\"https:\\\/\\\/www.meldelperello.com\\\/fr\\\/produits\\\/miel\\\/oranger\\\/\",\"url\":\"https:\\\/\\\/www.meldelperello.com\\\/fr\\\/produits\\\/miel\\\/oranger\\\/\",\"name\":\"MIEL DE FLEUR D\u2019ORANGER - L&#039;Avi Llu\u00eds\",\"isPartOf\":{\"@id\":\"https:\\\/\\\/www.meldelperello.com\\\/fr\\\/#website\"},\"primaryImageOfPage\":{\"@id\":\"https:\\\/\\\/www.meldelperello.com\\\/fr\\\/produits\\\/miel\\\/oranger\\\/#primaryimage\"},\"image\":{\"@id\":\"https:\\\/\\\/www.meldelperello.com\\\/fr\\\/produits\\\/miel\\\/oranger\\\/#primaryimage\"},\"thumbnailUrl\":\"https:\\\/\\\/www.meldelperello.com\\\/wp-content\\\/uploads\\\/2022\\\/03\\\/Mel-de-lAvi-Llui\u0301s-gener-2020-Taronger-250g.jpg\",\"datePublished\":\"2022-03-23T16:25:57+00:00\",\"dateModified\":\"2025-04-02T16:04:04+00:00\",\"description\":\"Achetez du Miel d'Oranger pur et artisanal directement chez l'apiculteur et profitez de la plus haute qualit\u00e9 \u2705 D\u00e9couvrez nos offres ! Exp\u00e9dition en 24-48h\",\"breadcrumb\":{\"@id\":\"https:\\\/\\\/www.meldelperello.com\\\/fr\\\/produits\\\/miel\\\/oranger\\\/#breadcrumb\"},\"inLanguage\":\"fr-FR\",\"potentialAction\":[{\"@type\":\"ReadAction\",\"target\":[\"https:\\\/\\\/www.meldelperello.com\\\/fr\\\/produits\\\/miel\\\/oranger\\\/\"]}]},{\"@type\":\"ImageObject\",\"inLanguage\":\"fr-FR\",\"@id\":\"https:\\\/\\\/www.meldelperello.com\\\/fr\\\/produits\\\/miel\\\/oranger\\\/#primaryimage\",\"url\":\"https:\\\/\\\/www.meldelperello.com\\\/wp-content\\\/uploads\\\/2022\\\/03\\\/Mel-de-lAvi-Llui\u0301s-gener-2020-Taronger-250g.jpg\",\"contentUrl\":\"https:\\\/\\\/www.meldelperello.com\\\/wp-content\\\/uploads\\\/2022\\\/03\\\/Mel-de-lAvi-Llui\u0301s-gener-2020-Taronger-250g.jpg\",\"width\":300,\"height\":300,\"caption\":\"mel avi lluis perello baix ebre catalunya - miel abejas panal natural eco\"},{\"@type\":\"BreadcrumbList\",\"@id\":\"https:\\\/\\\/www.meldelperello.com\\\/fr\\\/produits\\\/miel\\\/oranger\\\/#breadcrumb\",\"itemListElement\":[{\"@type\":\"ListItem\",\"position\":1,\"name\":\"Inici\",\"item\":\"https:\\\/\\\/www.meldelperello.com\\\/fr\\\/\"},{\"@type\":\"ListItem\",\"position\":2,\"name\":\"PRODUITS\",\"item\":\"https:\\\/\\\/www.meldelperello.com\\\/fr\\\/produits\\\/\"},{\"@type\":\"ListItem\",\"position\":3,\"name\":\"MIEL\",\"item\":\"https:\\\/\\\/www.meldelperello.com\\\/fr\\\/produits\\\/miel\\\/\"},{\"@type\":\"ListItem\",\"position\":4,\"name\":\"MIEL DE FLEUR D\u2019ORANGER\"}]},{\"@type\":\"WebSite\",\"@id\":\"https:\\\/\\\/www.meldelperello.com\\\/fr\\\/#website\",\"url\":\"https:\\\/\\\/www.meldelperello.com\\\/fr\\\/\",\"name\":\"L&#039;Avi Llu\u00eds\",\"description\":\"Apicultors i productors de mel natural, pura i artesana\",\"publisher\":{\"@id\":\"https:\\\/\\\/www.meldelperello.com\\\/fr\\\/#organization\"},\"potentialAction\":[{\"@type\":\"SearchAction\",\"target\":{\"@type\":\"EntryPoint\",\"urlTemplate\":\"https:\\\/\\\/www.meldelperello.com\\\/fr\\\/?s={search_term_string}\"},\"query-input\":{\"@type\":\"PropertyValueSpecification\",\"valueRequired\":true,\"valueName\":\"search_term_string\"}}],\"inLanguage\":\"fr-FR\"},{\"@type\":\"Organization\",\"@id\":\"https:\\\/\\\/www.meldelperello.com\\\/fr\\\/#organization\",\"name\":\"L'Avi Llu\u00eds\",\"url\":\"https:\\\/\\\/www.meldelperello.com\\\/fr\\\/\",\"logo\":{\"@type\":\"ImageObject\",\"inLanguage\":\"fr-FR\",\"@id\":\"https:\\\/\\\/www.meldelperello.com\\\/fr\\\/#\\\/schema\\\/logo\\\/image\\\/\",\"url\":\"https:\\\/\\\/www.meldelperello.com\\\/wp-content\\\/uploads\\\/2022\\\/02\\\/logo.svg\",\"contentUrl\":\"https:\\\/\\\/www.meldelperello.com\\\/wp-content\\\/uploads\\\/2022\\\/02\\\/logo.svg\",\"width\":137,\"height\":121,\"caption\":\"L'Avi Llu\u00eds\"},\"image\":{\"@id\":\"https:\\\/\\\/www.meldelperello.com\\\/fr\\\/#\\\/schema\\\/logo\\\/image\\\/\"},\"sameAs\":[\"https:\\\/\\\/www.facebook.com\\\/avi.lluis\\\/\",\"https:\\\/\\\/www.instagram.com\\\/avilluis_meldelperello\\\/\",\"https:\\\/\\\/www.youtube.com\\\/c\\\/MeldelperelloAviLluis\"]}]}<\/script>\n<!-- \/ Yoast SEO plugin. -->","yoast_head_json":{"title":"MIEL DE FLEUR D\u2019ORANGER - L&#039;Avi Llu\u00eds","description":"Achetez du Miel d'Oranger pur et artisanal directement chez l'apiculteur et profitez de la plus haute qualit\u00e9 \u2705 D\u00e9couvrez nos offres ! Exp\u00e9dition en 24-48h","robots":{"index":"index","follow":"follow","max-snippet":"max-snippet:-1","max-image-preview":"max-image-preview:large","max-video-preview":"max-video-preview:-1"},"canonical":"https:\/\/www.meldelperello.com\/fr\/produits\/miel\/oranger\/","og_locale":"fr_FR","og_type":"article","og_title":"MIEL DE FLEUR D\u2019ORANGER - L&#039;Avi Llu\u00eds","og_description":"Achetez du Miel d'Oranger pur et artisanal directement chez l'apiculteur et profitez de la plus haute qualit\u00e9 \u2705 D\u00e9couvrez nos offres ! Exp\u00e9dition en 24-48h","og_url":"https:\/\/www.meldelperello.com\/fr\/produits\/miel\/oranger\/","og_site_name":"L&#039;Avi Llu\u00eds","article_publisher":"https:\/\/www.facebook.com\/avi.lluis\/","article_modified_time":"2025-04-02T16:04:04+00:00","og_image":[{"width":300,"height":300,"url":"https:\/\/www.meldelperello.com\/wp-content\/uploads\/2022\/03\/Mel-de-lAvi-Llui\u0301s-gener-2020-Taronger-250g.jpg","type":"image\/jpeg"}],"twitter_card":"summary_large_image","twitter_misc":{"Dur\u00e9e de lecture estim\u00e9e":"6 minutes"},"schema":{"@context":"https:\/\/schema.org","@graph":[{"@type":"WebPage","@id":"https:\/\/www.meldelperello.com\/fr\/produits\/miel\/oranger\/","url":"https:\/\/www.meldelperello.com\/fr\/produits\/miel\/oranger\/","name":"MIEL DE FLEUR D\u2019ORANGER - L&#039;Avi Llu\u00eds","isPartOf":{"@id":"https:\/\/www.meldelperello.com\/fr\/#website"},"primaryImageOfPage":{"@id":"https:\/\/www.meldelperello.com\/fr\/produits\/miel\/oranger\/#primaryimage"},"image":{"@id":"https:\/\/www.meldelperello.com\/fr\/produits\/miel\/oranger\/#primaryimage"},"thumbnailUrl":"https:\/\/www.meldelperello.com\/wp-content\/uploads\/2022\/03\/Mel-de-lAvi-Llui\u0301s-gener-2020-Taronger-250g.jpg","datePublished":"2022-03-23T16:25:57+00:00","dateModified":"2025-04-02T16:04:04+00:00","description":"Achetez du Miel d'Oranger pur et artisanal directement chez l'apiculteur et profitez de la plus haute qualit\u00e9 \u2705 D\u00e9couvrez nos offres ! Exp\u00e9dition en 24-48h","breadcrumb":{"@id":"https:\/\/www.meldelperello.com\/fr\/produits\/miel\/oranger\/#breadcrumb"},"inLanguage":"fr-FR","potentialAction":[{"@type":"ReadAction","target":["https:\/\/www.meldelperello.com\/fr\/produits\/miel\/oranger\/"]}]},{"@type":"ImageObject","inLanguage":"fr-FR","@id":"https:\/\/www.meldelperello.com\/fr\/produits\/miel\/oranger\/#primaryimage","url":"https:\/\/www.meldelperello.com\/wp-content\/uploads\/2022\/03\/Mel-de-lAvi-Llui\u0301s-gener-2020-Taronger-250g.jpg","contentUrl":"https:\/\/www.meldelperello.com\/wp-content\/uploads\/2022\/03\/Mel-de-lAvi-Llui\u0301s-gener-2020-Taronger-250g.jpg","width":300,"height":300,"caption":"mel avi lluis perello baix ebre catalunya - miel abejas panal natural eco"},{"@type":"BreadcrumbList","@id":"https:\/\/www.meldelperello.com\/fr\/produits\/miel\/oranger\/#breadcrumb","itemListElement":[{"@type":"ListItem","position":1,"name":"Inici","item":"https:\/\/www.meldelperello.com\/fr\/"},{"@type":"ListItem","position":2,"name":"PRODUITS","item":"https:\/\/www.meldelperello.com\/fr\/produits\/"},{"@type":"ListItem","position":3,"name":"MIEL","item":"https:\/\/www.meldelperello.com\/fr\/produits\/miel\/"},{"@type":"ListItem","position":4,"name":"MIEL DE FLEUR D\u2019ORANGER"}]},{"@type":"WebSite","@id":"https:\/\/www.meldelperello.com\/fr\/#website","url":"https:\/\/www.meldelperello.com\/fr\/","name":"L&#039;Avi Llu\u00eds","description":"Apicultors i productors de mel natural, pura i artesana","publisher":{"@id":"https:\/\/www.meldelperello.com\/fr\/#organization"},"potentialAction":[{"@type":"SearchAction","target":{"@type":"EntryPoint","urlTemplate":"https:\/\/www.meldelperello.com\/fr\/?s={search_term_string}"},"query-input":{"@type":"PropertyValueSpecification","valueRequired":true,"valueName":"search_term_string"}}],"inLanguage":"fr-FR"},{"@type":"Organization","@id":"https:\/\/www.meldelperello.com\/fr\/#organization","name":"L'Avi Llu\u00eds","url":"https:\/\/www.meldelperello.com\/fr\/","logo":{"@type":"ImageObject","inLanguage":"fr-FR","@id":"https:\/\/www.meldelperello.com\/fr\/#\/schema\/logo\/image\/","url":"https:\/\/www.meldelperello.com\/wp-content\/uploads\/2022\/02\/logo.svg","contentUrl":"https:\/\/www.meldelperello.com\/wp-content\/uploads\/2022\/02\/logo.svg","width":137,"height":121,"caption":"L'Avi Llu\u00eds"},"image":{"@id":"https:\/\/www.meldelperello.com\/fr\/#\/schema\/logo\/image\/"},"sameAs":["https:\/\/www.facebook.com\/avi.lluis\/","https:\/\/www.instagram.com\/avilluis_meldelperello\/","https:\/\/www.youtube.com\/c\/MeldelperelloAviLluis"]}]}},"_links":{"self":[{"href":"https:\/\/www.meldelperello.com\/fr\/wp-json\/wp\/v2\/pages\/10439","targetHints":{"allow":["GET"]}}],"collection":[{"href":"https:\/\/www.meldelperello.com\/fr\/wp-json\/wp\/v2\/pages"}],"about":[{"href":"https:\/\/www.meldelperello.com\/fr\/wp-json\/wp\/v2\/types\/page"}],"author":[{"embeddable":true,"href":"https:\/\/www.meldelperello.com\/fr\/wp-json\/wp\/v2\/users\/1"}],"replies":[{"embeddable":true,"href":"https:\/\/www.meldelperello.com\/fr\/wp-json\/wp\/v2\/comments?post=10439"}],"version-history":[{"count":9,"href":"https:\/\/www.meldelperello.com\/fr\/wp-json\/wp\/v2\/pages\/10439\/revisions"}],"predecessor-version":[{"id":11941,"href":"https:\/\/www.meldelperello.com\/fr\/wp-json\/wp\/v2\/pages\/10439\/revisions\/11941"}],"up":[{"embeddable":true,"href":"https:\/\/www.meldelperello.com\/fr\/wp-json\/wp\/v2\/pages\/10428"}],"wp:featuredmedia":[{"embeddable":true,"href":"https:\/\/www.meldelperello.com\/fr\/wp-json\/wp\/v2\/media\/8788"}],"wp:attachment":[{"href":"https:\/\/www.meldelperello.com\/fr\/wp-json\/wp\/v2\/media?parent=10439"}],"curies":[{"name":"wp","href":"https:\/\/api.w.org\/{rel}","templated":true}]}}