{"id":10434,"date":"2022-02-22T17:50:22","date_gmt":"2022-02-22T16:50:22","guid":{"rendered":"https:\/\/perello.debonatinta.com\/produits\/miel\/romani\/"},"modified":"2025-04-02T18:01:00","modified_gmt":"2025-04-02T16:01:00","slug":"romarin","status":"publish","type":"page","link":"https:\/\/www.meldelperello.com\/fr\/produits\/miel\/romarin\/","title":{"rendered":"MIEL DE ROMARIN"},"content":{"rendered":"<div class=\"wpb-content-wrapper\"><p>[vc_row gap=&#8221;25&#8243; el_class=&#8221;producto&#8221; css=&#8221;.vc_custom_1645552768280{margin-bottom: 60px !important;}&#8221;][vc_column width=&#8221;1\/2&#8243;][vc_single_image image=&#8221;9404&#8243; img_size=&#8221;full&#8221;][\/vc_column][vc_column width=&#8221;1\/2&#8243;][vc_column_text css=&#8221;.vc_custom_1743609626785{margin-bottom: 50px !important;}&#8221;]<\/p>\n<h1><strong>MIEL DE ROMARIN<\/strong><\/h1>\n<h2>Pour sucrer vos boissons et vos recettes, ou \u00e0 d\u00e9guster \u00e0 la cuill\u00e8re. Le plus pris\u00e9.<\/h2>\n<p><strong>CARACTER\u00cdSTIQUE DU MIEL DE ROMARIN<\/strong><\/p>\n<p>Le miel de romarin est issu du nectar des fleurs de romarin (Rosmarinus officinalis). Il se distingue par sa couleur tr\u00e8s claire et son ar\u00f4me p\u00e9n\u00e9trant, offrant une saveur d\u00e9licate et agr\u00e9able. Appr\u00e9ci\u00e9 pour sa finesse, il est un ingr\u00e9dient recherch\u00e9 en gastronomie et dans diverses pr\u00e9parations.[\/vc_column_text][vc_tta_accordion section_title_tag=&#8221;h3&#8243; style=&#8221;flat&#8221; shape=&#8221;square&#8221; color=&#8221;white&#8221; c_position=&#8221;right&#8221; active_section=&#8221;999&#8243; no_fill=&#8221;true&#8221; collapsible_all=&#8221;true&#8221;][vc_tta_section title=&#8221;Production du miel de romarin&#8221; tab_id=&#8221;Production&#8221;][vc_column_text]Le temps de production du miel de romarin est tr\u00e8s long, \u00e9tant donn\u00e9 que sa r\u00e9colte commence en mars dans les zones proches du littoral et finit en mai \u00e0 l\u2019int\u00e9rieur des terres. Nous produisons la grande majorit\u00e9 du miel de romarin dans la R\u00e9serve de biosph\u00e8re des Terres de l\u2019\u00c8bre, mais nous en faisons \u00e9galement dans le Bas Aragon et en Catalogne centrale.[\/vc_column_text][\/vc_tta_section][vc_tta_section title=&#8221;Cristallisation du miel de romarin&#8221; tab_id=&#8221;Cristallisation&#8221;][vc_column_text]La seva cristal\u00b7litzaci\u00f3 \u00e9s fina, pr\u00e0cticament cremosa, i es torna d\u2019un color blanc opac. Tamb\u00e9 podem modificar-ne la textura i fer-la m\u00e9s l\u00edquida si l\u2019escalfem a menys de 40 \u00b0C al bany maria.[\/vc_column_text][\/vc_tta_section][vc_tta_section title=&#8221;Propri\u00e9t\u00e9s du miel de romarin&#8221; tab_id=&#8221;proprietes&#8221;][vc_column_text css=&#8221;&#8221;]Le miel de romarin est appr\u00e9ci\u00e9 pour sa saveur unique, associant des notes herbac\u00e9es \u00e0 une l\u00e9g\u00e8re amertume. Sa couleur varie du dor\u00e9 \u00e0 l&#8217;ambre clair, et sa texture est dense et lisse. Ce miel se distingue par son profil aromatique raffin\u00e9 et son caract\u00e8re d\u00e9licat, qui en fait un choix recherch\u00e9 parmi les miels.[\/vc_column_text][\/vc_tta_section][vc_tta_section title=&#8221;Conseils d\u2019utilisation du miel de romarin&#8221; tab_id=&#8221;Conseils&#8221;][vc_column_text]Le miel de romarin est un \u00e9l\u00e9ment culinaire qui peut se marier avec de nombreux aliments. Sa douceur le rend id\u00e9al pour sucrer le caf\u00e9, le lait, etc. On peut aussi l\u2019utiliser dans les plats gastronomiques.[\/vc_column_text][\/vc_tta_section][\/vc_tta_accordion][vc_btn title=&#8221;Fiche technique&#8221; style=&#8221;flat&#8221; shape=&#8221;square&#8221; color=&#8221;black&#8221; size=&#8221;lg&#8221; i_align=&#8221;right&#8221; i_icon_fontawesome=&#8221;far fa-file-pdf&#8221; add_icon=&#8221;true&#8221; link=&#8221;url:https%3A%2F%2Fperello.debonatinta.com%2Fwp-content%2Fuploads%2F2022%2F02%2FFITXA-TE%CC%80CNICA-ROMANI%CC%81-2021.pdf&#8221; el_class=&#8221;ficha&#8221;][\/vc_column][\/vc_row][vc_row][vc_column][vc_column_text]<\/p>\n<h3 style=\"text-align: center;\"><strong>AUTRES FORMATS DU MIEL DE ROMARIN<\/strong><\/h3>\n<p>[\/vc_column_text][\/vc_column][\/vc_row][vc_row gap=&#8221;15&#8243; el_class=&#8221;formatos&#8221; css=&#8221;.vc_custom_1645553046136{margin-bottom: 60px !important;}&#8221;][vc_column width=&#8221;1\/4&#8243;][vc_single_image image=&#8221;8444&#8243; img_size=&#8221;full&#8221; alignment=&#8221;center&#8221; css=&#8221;.vc_custom_1647972909472{margin-bottom: 25px !important;}&#8221; image_hovers=&#8221;false&#8221;][vc_column_text css=&#8221;.vc_custom_1654018380693{margin-bottom: 40px !important;}&#8221;]<\/p>\n<h3 style=\"text-align: center;\">Ref. 010002 \u2013 ROMARIN 50 GR.<\/h3>\n<p style=\"text-align: center;\"><strong>EAN-13: 8437001517497<\/strong><br \/>\nMiel de romarin avec pot en verre de 50 gr.<\/p>\n<p>[\/vc_column_text][\/vc_column][vc_column width=&#8221;1\/4&#8243;][vc_single_image image=&#8221;8722&#8243; img_size=&#8221;full&#8221; alignment=&#8221;center&#8221; css=&#8221;.vc_custom_1647972901007{margin-bottom: 25px !important;}&#8221; image_hovers=&#8221;false&#8221;][vc_column_text css=&#8221;.vc_custom_1668505735934{margin-bottom: 40px !important;}&#8221;]<\/p>\n<h3 style=\"text-align: center;\">R\u00e9f. 010022 &#8211; ROMARIN 250 GR. ANTI-GOUTTE<\/h3>\n<p style=\"text-align: center;\"><strong>EAN-13: 8437013977050<br \/>\n<\/strong>Miel de romarin en pot de 250 gr. plastique anti-goutte.<br \/>\n14 unit\u00e9s par bo\u00eete.<\/p>\n<p>[\/vc_column_text][\/vc_column][vc_column width=&#8221;1\/4&#8243;][vc_single_image image=&#8221;8727&#8243; img_size=&#8221;full&#8221; alignment=&#8221;center&#8221; css=&#8221;.vc_custom_1647972970340{margin-bottom: 25px !important;}&#8221; image_hovers=&#8221;false&#8221;][vc_column_text css=&#8221;.vc_custom_1654018438350{margin-bottom: 40px !important;}&#8221;]<\/p>\n<h3 style=\"text-align: center;\">Ref. 010026 \u2013 ROMARIN 250 GR.<\/h3>\n<p style=\"text-align: center;\"><strong>EAN-13: 8437013977074\u00a0<\/strong><br \/>\nMiel de romarin avec pot en verre de 250 gr.<br \/>\n12 unit\u00e9s par bo\u00eete.<\/p>\n<p>[\/vc_column_text][\/vc_column][vc_column width=&#8221;1\/4&#8243;][vc_single_image image=&#8221;8731&#8243; img_size=&#8221;full&#8221; alignment=&#8221;center&#8221; css=&#8221;.vc_custom_1647973049158{margin-bottom: 25px !important;}&#8221; image_hovers=&#8221;false&#8221;][vc_column_text css=&#8221;.vc_custom_1699353202117{margin-bottom: 40px !important;}&#8221;]<\/p>\n<h3 style=\"text-align: center;\">Ref. 010005 \u2013 ROMARIN 490 GR.<\/h3>\n<p style=\"text-align: center;\"><strong>EAN-13: 8437001517022<\/strong><br \/>\nMiel de romarin avec pot en verre de 490 gr.<br \/>\n12 unit\u00e9s par bo\u00eete.<\/p>\n<p>[\/vc_column_text][\/vc_column][\/vc_row][vc_row gap=&#8221;15&#8243; el_class=&#8221;formatos&#8221; css=&#8221;.vc_custom_1645553046136{margin-bottom: 60px !important;}&#8221;][vc_column width=&#8221;1\/4&#8243;][vc_single_image image=&#8221;8736&#8243; img_size=&#8221;full&#8221; alignment=&#8221;center&#8221; css=&#8221;.vc_custom_1647973134143{margin-bottom: 25px !important;}&#8221; image_hovers=&#8221;false&#8221;][vc_column_text css=&#8221;.vc_custom_1664528409805{margin-bottom: 40px !important;}&#8221;]<\/p>\n<h3 style=\"text-align: center;\">Ref. 010021 \u2013 ROMARIN 500 GR. ANTI-GOUTTE<\/h3>\n<p style=\"text-align: center;\"><strong>EAN-13: 8437001517848<\/strong><br \/>\nMiel de romarin en pot de 500 gr. plastique anti-goutte.<br \/>\n11 unit\u00e9s par bo\u00eete.<\/p>\n<p>[\/vc_column_text][\/vc_column][vc_column width=&#8221;1\/4&#8243;][vc_single_image image=&#8221;8740&#8243; img_size=&#8221;full&#8221; alignment=&#8221;center&#8221; css=&#8221;.vc_custom_1647973182771{margin-bottom: 25px !important;}&#8221; image_hovers=&#8221;false&#8221;][vc_column_text css=&#8221;.vc_custom_1654018500056{margin-bottom: 40px !important;}&#8221;]<\/p>\n<h3 style=\"text-align: center;\">Ref. 010007 \u2013 ROMARIN 980 GR.<\/h3>\n<p style=\"text-align: center;\"><strong>EAN-13: 8437001517015<\/strong><br \/>\nMiel de romarin avec pot en verre de 980 gr.<br \/>\n6 unit\u00e9s par bo\u00eete.<\/p>\n<p>[\/vc_column_text][\/vc_column][vc_column width=&#8221;1\/4&#8243;][vc_single_image image=&#8221;8744&#8243; img_size=&#8221;full&#8221; alignment=&#8221;center&#8221; css=&#8221;.vc_custom_1647973233735{margin-bottom: 25px !important;}&#8221; image_hovers=&#8221;false&#8221;][vc_column_text css=&#8221;.vc_custom_1654018520012{margin-bottom: 40px !important;}&#8221;]<\/p>\n<h3 style=\"text-align: center;\">Ref. 010009 \u2013 ROMARIN 2000 GR.<\/h3>\n<p style=\"text-align: center;\"><strong>EAN-13: 8437001517138<\/strong><br \/>\nMiel de romarin avec bouteille en plastique de 2000 gr.<br \/>\n6 unit\u00e9s par bo\u00eete.<\/p>\n<p>[\/vc_column_text][\/vc_column][vc_column width=&#8221;1\/4&#8243;][vc_single_image image=&#8221;8748&#8243; img_size=&#8221;full&#8221; alignment=&#8221;center&#8221; css=&#8221;.vc_custom_1647973286626{margin-bottom: 25px !important;}&#8221; image_hovers=&#8221;false&#8221;][vc_column_text css=&#8221;.vc_custom_1654018538520{margin-bottom: 40px !important;}&#8221;]<\/p>\n<h3 style=\"text-align: center;\">Ref. 010010 \u2013 ROMARIN 3000 GR.<\/h3>\n<p style=\"text-align: center;\"><strong>EAN-13: 8437001517145<\/strong><br \/>\nMiel de romarin avec bouteille en plastique de 3000 gr.<br \/>\n5 unit\u00e9s par bo\u00eete.<\/p>\n<p>[\/vc_column_text][\/vc_column][\/vc_row][vc_row gap=&#8221;15&#8243; el_class=&#8221;formatos&#8221; css=&#8221;.vc_custom_1645553046136{margin-bottom: 60px !important;}&#8221;][vc_column width=&#8221;1\/4&#8243;][vc_single_image image=&#8221;11228&#8243; img_size=&#8221;full&#8221; alignment=&#8221;center&#8221; css=&#8221;.vc_custom_1699956991446{margin-bottom: 25px !important;}&#8221; image_hovers=&#8221;false&#8221;][vc_column_text css=&#8221;.vc_custom_1699353222158{margin-bottom: 40px !important;}&#8221;]<\/p>\n<h3 style=\"text-align: center;\">Ref. 010011 \u2013 ROMARIN 5250 GR.<\/h3>\n<p style=\"text-align: center;\"><strong>EAN-13: 8437001517152<\/strong><br \/>\nMiel de romarin avec bouteille en plastique de 5250 gr.<\/p>\n<p>[\/vc_column_text][\/vc_column][vc_column width=&#8221;1\/4&#8243;][\/vc_column][vc_column width=&#8221;1\/4&#8243;][\/vc_column][vc_column width=&#8221;1\/4&#8243;][\/vc_column][\/vc_row][vc_row][vc_column][vc_column_text css=&#8221;.vc_custom_1654018569840{margin-bottom: 60px !important;}&#8221;]<\/p>\n<p style=\"text-align: center;\"><strong>Nous avons des seaux de 10 et 20 kg. et f\u00fbts de 300 kg.<\/strong><\/p>\n<p>[\/vc_column_text][\/vc_column][\/vc_row][vc_row full_width=&#8221;stretch_row_content_no_spaces&#8221; bg_type=&#8221;image&#8221; parallax_style=&#8221;vcpb-vz-jquery&#8221; bg_image_new=&#8221;id^9865|url^https:\/\/www.meldelperello.com\/wp-content\/uploads\/2022\/04\/bg-7.jpg|caption^null|alt^null|title^bg|description^null&#8221; bg_image_repeat=&#8221;no-repeat&#8221; bg_override=&#8221;full&#8221; disable_on_mobile_img_parallax=&#8221;disable_on_mobile_img_parallax_value&#8221; el_class=&#8221;blanco poema&#8221;][vc_column][vc_empty_space height=&#8221;400&#8243;][\/vc_column][\/vc_row]<\/p>\n<\/div>","protected":false},"excerpt":{"rendered":"<p>[vc_row gap=&#8221;25&#8243; el_class=&#8221;producto&#8221; css=&#8221;.vc_custom_1645552768280{margin-bottom: 60px !important;}&#8221;][vc_column width=&#8221;1\/2&#8243;][vc_single_image image=&#8221;9404&#8243; img_size=&#8221;full&#8221;][\/vc_column][vc_column width=&#8221;1\/2&#8243;][vc_column_text css=&#8221;.vc_custom_1743609626785{margin-bottom: 50px !important;}&#8221;] MIEL DE ROMARIN Pour sucrer vos boissons et vos recettes, ou \u00e0 d\u00e9guster \u00e0 la cuill\u00e8re. Le plus pris\u00e9. CARACTER\u00cdSTIQUE DU MIEL DE ROMARIN Le miel de romarin est issu du nectar des fleurs de romarin (Rosmarinus officinalis). Il se distingue par&hellip;<\/p>\n","protected":false},"author":1,"featured_media":8727,"parent":10428,"menu_order":0,"comment_status":"closed","ping_status":"closed","template":"","meta":{"inline_featured_image":false,"footnotes":""},"class_list":["post-10434","page","type-page","status-publish","has-post-thumbnail","hentry","description-off"],"yoast_head":"<!-- This site is optimized with the Yoast SEO plugin v27.3 - https:\/\/yoast.com\/product\/yoast-seo-wordpress\/ -->\n<title>MIEL DE ROMARIN - L&#039;Avi Llu\u00eds<\/title>\n<meta name=\"description\" content=\"Achetez du miel de romarin pur et artisanal directement chez l&#039;apiculteur et profitez de la meilleure qualit\u00e9 \u2705 D\u00e9couvrez nos offres ! Exp\u00e9dition 24-48h\" \/>\n<meta name=\"robots\" content=\"index, follow, max-snippet:-1, max-image-preview:large, max-video-preview:-1\" \/>\n<link rel=\"canonical\" href=\"https:\/\/www.meldelperello.com\/fr\/produits\/miel\/romarin\/\" \/>\n<meta property=\"og:locale\" content=\"fr_FR\" \/>\n<meta property=\"og:type\" content=\"article\" \/>\n<meta property=\"og:title\" content=\"MIEL DE ROMARIN - L&#039;Avi Llu\u00eds\" \/>\n<meta property=\"og:description\" content=\"Achetez du miel de romarin pur et artisanal directement chez l&#039;apiculteur et profitez de la meilleure qualit\u00e9 \u2705 D\u00e9couvrez nos offres ! Exp\u00e9dition 24-48h\" \/>\n<meta property=\"og:url\" content=\"https:\/\/www.meldelperello.com\/fr\/produits\/miel\/romarin\/\" \/>\n<meta property=\"og:site_name\" content=\"L&#039;Avi Llu\u00eds\" \/>\n<meta property=\"article:publisher\" content=\"https:\/\/www.facebook.com\/avi.lluis\/\" \/>\n<meta property=\"article:modified_time\" content=\"2025-04-02T16:01:00+00:00\" \/>\n<meta property=\"og:image\" content=\"https:\/\/www.meldelperello.com\/wp-content\/uploads\/2022\/03\/Mel-de-lAvi-Llui\u0301s-gener-2020-Romani-250g-1.jpg\" \/>\n\t<meta property=\"og:image:width\" content=\"300\" \/>\n\t<meta property=\"og:image:height\" content=\"300\" \/>\n\t<meta property=\"og:image:type\" content=\"image\/jpeg\" \/>\n<meta name=\"twitter:card\" content=\"summary_large_image\" \/>\n<meta name=\"twitter:label1\" content=\"Dur\u00e9e de lecture estim\u00e9e\" \/>\n\t<meta name=\"twitter:data1\" content=\"6 minutes\" \/>\n<script type=\"application\/ld+json\" class=\"yoast-schema-graph\">{\"@context\":\"https:\\\/\\\/schema.org\",\"@graph\":[{\"@type\":\"WebPage\",\"@id\":\"https:\\\/\\\/www.meldelperello.com\\\/fr\\\/produits\\\/miel\\\/romarin\\\/\",\"url\":\"https:\\\/\\\/www.meldelperello.com\\\/fr\\\/produits\\\/miel\\\/romarin\\\/\",\"name\":\"MIEL DE ROMARIN - L&#039;Avi Llu\u00eds\",\"isPartOf\":{\"@id\":\"https:\\\/\\\/www.meldelperello.com\\\/fr\\\/#website\"},\"primaryImageOfPage\":{\"@id\":\"https:\\\/\\\/www.meldelperello.com\\\/fr\\\/produits\\\/miel\\\/romarin\\\/#primaryimage\"},\"image\":{\"@id\":\"https:\\\/\\\/www.meldelperello.com\\\/fr\\\/produits\\\/miel\\\/romarin\\\/#primaryimage\"},\"thumbnailUrl\":\"https:\\\/\\\/www.meldelperello.com\\\/wp-content\\\/uploads\\\/2022\\\/03\\\/Mel-de-lAvi-Llui\u0301s-gener-2020-Romani-250g-1.jpg\",\"datePublished\":\"2022-02-22T16:50:22+00:00\",\"dateModified\":\"2025-04-02T16:01:00+00:00\",\"description\":\"Achetez du miel de romarin pur et artisanal directement chez l'apiculteur et profitez de la meilleure qualit\u00e9 \u2705 D\u00e9couvrez nos offres ! Exp\u00e9dition 24-48h\",\"breadcrumb\":{\"@id\":\"https:\\\/\\\/www.meldelperello.com\\\/fr\\\/produits\\\/miel\\\/romarin\\\/#breadcrumb\"},\"inLanguage\":\"fr-FR\",\"potentialAction\":[{\"@type\":\"ReadAction\",\"target\":[\"https:\\\/\\\/www.meldelperello.com\\\/fr\\\/produits\\\/miel\\\/romarin\\\/\"]}]},{\"@type\":\"ImageObject\",\"inLanguage\":\"fr-FR\",\"@id\":\"https:\\\/\\\/www.meldelperello.com\\\/fr\\\/produits\\\/miel\\\/romarin\\\/#primaryimage\",\"url\":\"https:\\\/\\\/www.meldelperello.com\\\/wp-content\\\/uploads\\\/2022\\\/03\\\/Mel-de-lAvi-Llui\u0301s-gener-2020-Romani-250g-1.jpg\",\"contentUrl\":\"https:\\\/\\\/www.meldelperello.com\\\/wp-content\\\/uploads\\\/2022\\\/03\\\/Mel-de-lAvi-Llui\u0301s-gener-2020-Romani-250g-1.jpg\",\"width\":300,\"height\":300,\"caption\":\"mel avi lluis perello baix ebre catalunya - miel abejas panal natural eco\"},{\"@type\":\"BreadcrumbList\",\"@id\":\"https:\\\/\\\/www.meldelperello.com\\\/fr\\\/produits\\\/miel\\\/romarin\\\/#breadcrumb\",\"itemListElement\":[{\"@type\":\"ListItem\",\"position\":1,\"name\":\"Inici\",\"item\":\"https:\\\/\\\/www.meldelperello.com\\\/fr\\\/\"},{\"@type\":\"ListItem\",\"position\":2,\"name\":\"PRODUITS\",\"item\":\"https:\\\/\\\/www.meldelperello.com\\\/fr\\\/produits\\\/\"},{\"@type\":\"ListItem\",\"position\":3,\"name\":\"MIEL\",\"item\":\"https:\\\/\\\/www.meldelperello.com\\\/fr\\\/produits\\\/miel\\\/\"},{\"@type\":\"ListItem\",\"position\":4,\"name\":\"MIEL DE ROMARIN\"}]},{\"@type\":\"WebSite\",\"@id\":\"https:\\\/\\\/www.meldelperello.com\\\/fr\\\/#website\",\"url\":\"https:\\\/\\\/www.meldelperello.com\\\/fr\\\/\",\"name\":\"L&#039;Avi Llu\u00eds\",\"description\":\"Apicultors i productors de mel natural, pura i artesana\",\"publisher\":{\"@id\":\"https:\\\/\\\/www.meldelperello.com\\\/fr\\\/#organization\"},\"potentialAction\":[{\"@type\":\"SearchAction\",\"target\":{\"@type\":\"EntryPoint\",\"urlTemplate\":\"https:\\\/\\\/www.meldelperello.com\\\/fr\\\/?s={search_term_string}\"},\"query-input\":{\"@type\":\"PropertyValueSpecification\",\"valueRequired\":true,\"valueName\":\"search_term_string\"}}],\"inLanguage\":\"fr-FR\"},{\"@type\":\"Organization\",\"@id\":\"https:\\\/\\\/www.meldelperello.com\\\/fr\\\/#organization\",\"name\":\"L'Avi Llu\u00eds\",\"url\":\"https:\\\/\\\/www.meldelperello.com\\\/fr\\\/\",\"logo\":{\"@type\":\"ImageObject\",\"inLanguage\":\"fr-FR\",\"@id\":\"https:\\\/\\\/www.meldelperello.com\\\/fr\\\/#\\\/schema\\\/logo\\\/image\\\/\",\"url\":\"https:\\\/\\\/www.meldelperello.com\\\/wp-content\\\/uploads\\\/2022\\\/02\\\/logo.svg\",\"contentUrl\":\"https:\\\/\\\/www.meldelperello.com\\\/wp-content\\\/uploads\\\/2022\\\/02\\\/logo.svg\",\"width\":137,\"height\":121,\"caption\":\"L'Avi Llu\u00eds\"},\"image\":{\"@id\":\"https:\\\/\\\/www.meldelperello.com\\\/fr\\\/#\\\/schema\\\/logo\\\/image\\\/\"},\"sameAs\":[\"https:\\\/\\\/www.facebook.com\\\/avi.lluis\\\/\",\"https:\\\/\\\/www.instagram.com\\\/avilluis_meldelperello\\\/\",\"https:\\\/\\\/www.youtube.com\\\/c\\\/MeldelperelloAviLluis\"]}]}<\/script>\n<!-- \/ Yoast SEO plugin. -->","yoast_head_json":{"title":"MIEL DE ROMARIN - L&#039;Avi Llu\u00eds","description":"Achetez du miel de romarin pur et artisanal directement chez l'apiculteur et profitez de la meilleure qualit\u00e9 \u2705 D\u00e9couvrez nos offres ! Exp\u00e9dition 24-48h","robots":{"index":"index","follow":"follow","max-snippet":"max-snippet:-1","max-image-preview":"max-image-preview:large","max-video-preview":"max-video-preview:-1"},"canonical":"https:\/\/www.meldelperello.com\/fr\/produits\/miel\/romarin\/","og_locale":"fr_FR","og_type":"article","og_title":"MIEL DE ROMARIN - L&#039;Avi Llu\u00eds","og_description":"Achetez du miel de romarin pur et artisanal directement chez l'apiculteur et profitez de la meilleure qualit\u00e9 \u2705 D\u00e9couvrez nos offres ! Exp\u00e9dition 24-48h","og_url":"https:\/\/www.meldelperello.com\/fr\/produits\/miel\/romarin\/","og_site_name":"L&#039;Avi Llu\u00eds","article_publisher":"https:\/\/www.facebook.com\/avi.lluis\/","article_modified_time":"2025-04-02T16:01:00+00:00","og_image":[{"width":300,"height":300,"url":"https:\/\/www.meldelperello.com\/wp-content\/uploads\/2022\/03\/Mel-de-lAvi-Llui\u0301s-gener-2020-Romani-250g-1.jpg","type":"image\/jpeg"}],"twitter_card":"summary_large_image","twitter_misc":{"Dur\u00e9e de lecture estim\u00e9e":"6 minutes"},"schema":{"@context":"https:\/\/schema.org","@graph":[{"@type":"WebPage","@id":"https:\/\/www.meldelperello.com\/fr\/produits\/miel\/romarin\/","url":"https:\/\/www.meldelperello.com\/fr\/produits\/miel\/romarin\/","name":"MIEL DE ROMARIN - L&#039;Avi Llu\u00eds","isPartOf":{"@id":"https:\/\/www.meldelperello.com\/fr\/#website"},"primaryImageOfPage":{"@id":"https:\/\/www.meldelperello.com\/fr\/produits\/miel\/romarin\/#primaryimage"},"image":{"@id":"https:\/\/www.meldelperello.com\/fr\/produits\/miel\/romarin\/#primaryimage"},"thumbnailUrl":"https:\/\/www.meldelperello.com\/wp-content\/uploads\/2022\/03\/Mel-de-lAvi-Llui\u0301s-gener-2020-Romani-250g-1.jpg","datePublished":"2022-02-22T16:50:22+00:00","dateModified":"2025-04-02T16:01:00+00:00","description":"Achetez du miel de romarin pur et artisanal directement chez l'apiculteur et profitez de la meilleure qualit\u00e9 \u2705 D\u00e9couvrez nos offres ! Exp\u00e9dition 24-48h","breadcrumb":{"@id":"https:\/\/www.meldelperello.com\/fr\/produits\/miel\/romarin\/#breadcrumb"},"inLanguage":"fr-FR","potentialAction":[{"@type":"ReadAction","target":["https:\/\/www.meldelperello.com\/fr\/produits\/miel\/romarin\/"]}]},{"@type":"ImageObject","inLanguage":"fr-FR","@id":"https:\/\/www.meldelperello.com\/fr\/produits\/miel\/romarin\/#primaryimage","url":"https:\/\/www.meldelperello.com\/wp-content\/uploads\/2022\/03\/Mel-de-lAvi-Llui\u0301s-gener-2020-Romani-250g-1.jpg","contentUrl":"https:\/\/www.meldelperello.com\/wp-content\/uploads\/2022\/03\/Mel-de-lAvi-Llui\u0301s-gener-2020-Romani-250g-1.jpg","width":300,"height":300,"caption":"mel avi lluis perello baix ebre catalunya - miel abejas panal natural eco"},{"@type":"BreadcrumbList","@id":"https:\/\/www.meldelperello.com\/fr\/produits\/miel\/romarin\/#breadcrumb","itemListElement":[{"@type":"ListItem","position":1,"name":"Inici","item":"https:\/\/www.meldelperello.com\/fr\/"},{"@type":"ListItem","position":2,"name":"PRODUITS","item":"https:\/\/www.meldelperello.com\/fr\/produits\/"},{"@type":"ListItem","position":3,"name":"MIEL","item":"https:\/\/www.meldelperello.com\/fr\/produits\/miel\/"},{"@type":"ListItem","position":4,"name":"MIEL DE ROMARIN"}]},{"@type":"WebSite","@id":"https:\/\/www.meldelperello.com\/fr\/#website","url":"https:\/\/www.meldelperello.com\/fr\/","name":"L&#039;Avi Llu\u00eds","description":"Apicultors i productors de mel natural, pura i artesana","publisher":{"@id":"https:\/\/www.meldelperello.com\/fr\/#organization"},"potentialAction":[{"@type":"SearchAction","target":{"@type":"EntryPoint","urlTemplate":"https:\/\/www.meldelperello.com\/fr\/?s={search_term_string}"},"query-input":{"@type":"PropertyValueSpecification","valueRequired":true,"valueName":"search_term_string"}}],"inLanguage":"fr-FR"},{"@type":"Organization","@id":"https:\/\/www.meldelperello.com\/fr\/#organization","name":"L'Avi Llu\u00eds","url":"https:\/\/www.meldelperello.com\/fr\/","logo":{"@type":"ImageObject","inLanguage":"fr-FR","@id":"https:\/\/www.meldelperello.com\/fr\/#\/schema\/logo\/image\/","url":"https:\/\/www.meldelperello.com\/wp-content\/uploads\/2022\/02\/logo.svg","contentUrl":"https:\/\/www.meldelperello.com\/wp-content\/uploads\/2022\/02\/logo.svg","width":137,"height":121,"caption":"L'Avi Llu\u00eds"},"image":{"@id":"https:\/\/www.meldelperello.com\/fr\/#\/schema\/logo\/image\/"},"sameAs":["https:\/\/www.facebook.com\/avi.lluis\/","https:\/\/www.instagram.com\/avilluis_meldelperello\/","https:\/\/www.youtube.com\/c\/MeldelperelloAviLluis"]}]}},"_links":{"self":[{"href":"https:\/\/www.meldelperello.com\/fr\/wp-json\/wp\/v2\/pages\/10434","targetHints":{"allow":["GET"]}}],"collection":[{"href":"https:\/\/www.meldelperello.com\/fr\/wp-json\/wp\/v2\/pages"}],"about":[{"href":"https:\/\/www.meldelperello.com\/fr\/wp-json\/wp\/v2\/types\/page"}],"author":[{"embeddable":true,"href":"https:\/\/www.meldelperello.com\/fr\/wp-json\/wp\/v2\/users\/1"}],"replies":[{"embeddable":true,"href":"https:\/\/www.meldelperello.com\/fr\/wp-json\/wp\/v2\/comments?post=10434"}],"version-history":[{"count":9,"href":"https:\/\/www.meldelperello.com\/fr\/wp-json\/wp\/v2\/pages\/10434\/revisions"}],"predecessor-version":[{"id":11940,"href":"https:\/\/www.meldelperello.com\/fr\/wp-json\/wp\/v2\/pages\/10434\/revisions\/11940"}],"up":[{"embeddable":true,"href":"https:\/\/www.meldelperello.com\/fr\/wp-json\/wp\/v2\/pages\/10428"}],"wp:featuredmedia":[{"embeddable":true,"href":"https:\/\/www.meldelperello.com\/fr\/wp-json\/wp\/v2\/media\/8727"}],"wp:attachment":[{"href":"https:\/\/www.meldelperello.com\/fr\/wp-json\/wp\/v2\/media?parent=10434"}],"curies":[{"name":"wp","href":"https:\/\/api.w.org\/{rel}","templated":true}]}}