{"id":10428,"date":"2022-02-22T17:27:21","date_gmt":"2022-02-22T16:27:21","guid":{"rendered":"https:\/\/perello.debonatinta.com\/produits\/mel\/"},"modified":"2022-06-01T13:47:38","modified_gmt":"2022-06-01T11:47:38","slug":"miel","status":"publish","type":"page","link":"https:\/\/www.meldelperello.com\/fr\/produits\/miel\/","title":{"rendered":"MIEL"},"content":{"rendered":"<div class=\"wpb-content-wrapper\"><p>[vc_row][vc_column][vc_column_text css=&#8221;.vc_custom_1654017458475{margin-bottom: 50px !important;}&#8221;]<\/p>\n<h1 style=\"text-align: center;\">NOUS SOMMES PRODUCTEURS DE MIEL<br \/>\n<strong>NOS MIELS<\/strong><\/h1>\n<p>[\/vc_column_text][vc_column_text css=&#8221;.vc_custom_1654017489345{margin-bottom: 50px !important;}&#8221;]<\/p>\n<p style=\"text-align: center;\">Le miel est sans aucun doute notre produit phare. Ici, vous trouverez toutes une vari\u00e9t\u00e9 de miels d\u2019une qualit\u00e9 et go\u00fbt extraordinaires, issue de notre propre r\u00e9colte. Le miel de l\u2019Avi Llu\u00eds passe directement de la ruche au pot et du pot \u00e0 votre table. Un miel non manipul\u00e9 qui conserve 100\u00a0% de son essence et que nous conditionnons nous-m\u00eames.<\/p>\n<p>[\/vc_column_text][\/vc_column][\/vc_row][vc_row gap=&#8221;15&#8243; el_class=&#8221;productos&#8221;][vc_column width=&#8221;1\/4&#8243;][vc_single_image image=&#8221;8396&#8243; img_size=&#8221;full&#8221; alignment=&#8221;center&#8221; onclick=&#8221;custom_link&#8221; image_hovers=&#8221;false&#8221; css=&#8221;.vc_custom_1654017554335{margin-bottom: 25px !important;}&#8221; link=&#8221;\/fr\/produits\/miel\/romarin\/&#8221;][vc_column_text css=&#8221;.vc_custom_1654017545215{margin-bottom: 40px !important;}&#8221;]<\/p>\n<h3 style=\"text-align: center;\"><strong>MIEL DE ROMARIN<\/strong><\/h3>\n<p style=\"text-align: center;\">Il est produit par le nectar de la fleur de romarin, a une couleur tr\u00e8s claire, un ar\u00f4me p\u00e9n\u00e9trant et tr\u00e8s agr\u00e9able.<\/p>\n<p style=\"text-align: center;\"><a href=\"\/fr\/produits\/miel\/romarin\/\">D\u00c9COUVREZ LE<\/a><\/p>\n<p>[\/vc_column_text][\/vc_column][vc_column width=&#8221;1\/4&#8243;][vc_single_image image=&#8221;8400&#8243; img_size=&#8221;full&#8221; alignment=&#8221;center&#8221; onclick=&#8221;custom_link&#8221; image_hovers=&#8221;false&#8221; css=&#8221;.vc_custom_1654017614613{margin-bottom: 25px !important;}&#8221; link=&#8221;\/fr\/produits\/miel\/oranger\/&#8221;][vc_column_text css=&#8221;.vc_custom_1654017606335{margin-bottom: 40px !important;}&#8221;]<\/p>\n<h3 style=\"text-align: center;\"><strong>MIEL DE FLEUR D\u2019ORANGER<\/strong><\/h3>\n<p style=\"text-align: center;\">Il est produit par le nectar de la fleur d&#8217;oranger, a une couleur jaune ambr\u00e9e, est tr\u00e8s parfum\u00e9 et a un go\u00fbt tr\u00e8s fin.<\/p>\n<p style=\"text-align: center;\"><a href=\"\/fr\/produits\/miel\/oranger\/\">D\u00c9COUVREZ LE<\/a><\/p>\n<p>[\/vc_column_text][\/vc_column][vc_column width=&#8221;1\/4&#8243;][vc_single_image image=&#8221;8384&#8243; img_size=&#8221;full&#8221; alignment=&#8221;center&#8221; onclick=&#8221;custom_link&#8221; image_hovers=&#8221;false&#8221; css=&#8221;.vc_custom_1654017836340{margin-bottom: 25px !important;}&#8221; link=&#8221;\/fr\/produits\/miel\/thym\/&#8221;][vc_column_text css=&#8221;.vc_custom_1654017828830{margin-bottom: 40px !important;}&#8221;]<\/p>\n<h3 style=\"text-align: center;\"><strong>MIEL DE THYM<\/strong><\/h3>\n<p style=\"text-align: center;\">Il est produit par le nectar de la fleur de thym, a une couleur ambr\u00e9e fonc\u00e9e, son go\u00fbt est doux avec des notes aigres claires, avec un ar\u00f4me tr\u00e8s intense et persistant.<\/p>\n<p style=\"text-align: center;\"><a href=\"\/fr\/produits\/miel\/thym\/\">D\u00c9COUVREZ LE<\/a><\/p>\n<p>[\/vc_column_text][\/vc_column][vc_column width=&#8221;1\/4&#8243;][vc_single_image image=&#8221;8392&#8243; img_size=&#8221;full&#8221; alignment=&#8221;center&#8221; onclick=&#8221;custom_link&#8221; image_hovers=&#8221;false&#8221; css=&#8221;.vc_custom_1654017755696{margin-bottom: 25px !important;}&#8221; link=&#8221;\/fr\/produits\/miel\/montagne\/&#8221;][vc_column_text css=&#8221;.vc_custom_1654017741383{margin-bottom: 40px !important;}&#8221;]<\/p>\n<h3 style=\"text-align: center;\"><strong>MIEL DE MONTAGNE<\/strong><\/h3>\n<p style=\"text-align: center;\">Produit dans les Pyr\u00e9n\u00e9es. Sa couleur varie de tr\u00e8s fonc\u00e9e \u00e0 tr\u00e8s claire, selon les fleurs pr\u00e9dominantes, elle a beaucoup d&#8217;ar\u00f4me et une douceur intense.<\/p>\n<p style=\"text-align: center;\"><a href=\"\/fr\/produits\/miel\/montagne\/\">D\u00c9COUVREZ LE<\/a><\/p>\n<p>[\/vc_column_text][\/vc_column][\/vc_row][vc_row gap=&#8221;15&#8243; el_class=&#8221;productos&#8221;][vc_column width=&#8221;1\/4&#8243;][vc_single_image image=&#8221;8388&#8243; img_size=&#8221;full&#8221; alignment=&#8221;center&#8221; onclick=&#8221;custom_link&#8221; image_hovers=&#8221;false&#8221; css=&#8221;.vc_custom_1654017683496{margin-bottom: 25px !important;}&#8221; link=&#8221;\/fr\/produits\/miel\/mille-fleurs\/&#8221;][vc_column_text css=&#8221;.vc_custom_1654017676189{margin-bottom: 40px !important;}&#8221;]<\/p>\n<h3 style=\"text-align: center;\"><strong>MIEL DE MILLE FLEURS<\/strong><\/h3>\n<p style=\"text-align: center;\">Ce miel a une origine botanique tr\u00e8s diversifi\u00e9e, son go\u00fbt et sa couleur varient selon les efflorescences pr\u00e9dominantes. Il est r\u00e9colt\u00e9 presque toute l&#8217;ann\u00e9e.<\/p>\n<p style=\"text-align: center;\"><a href=\"\/fr\/produits\/miel\/mille-fleurs\/\">D\u00c9COUVREZ LE<\/a><\/p>\n<p>[\/vc_column_text][\/vc_column][vc_column width=&#8221;1\/4&#8243;][vc_single_image image=&#8221;8380&#8243; img_size=&#8221;full&#8221; alignment=&#8221;center&#8221; onclick=&#8221;custom_link&#8221; image_hovers=&#8221;false&#8221; css=&#8221;.vc_custom_1654017890982{margin-bottom: 25px !important;}&#8221; link=&#8221;\/fr\/produits\/miel\/eucalyptus\/&#8221;][vc_column_text css=&#8221;.vc_custom_1654017883304{margin-bottom: 40px !important;}&#8221;]<\/p>\n<h3 style=\"text-align: center;\"><strong>MIEL D\u2019EUCALYPTUS<\/strong><\/h3>\n<p style=\"text-align: center;\">Il est produit par le nectar de la fleur d&#8217;eucalyptus. Sa couleur peut varier selon l&#8217;\u00e9poque de la r\u00e9colte, elle peut \u00eatre claire ou fonc\u00e9e, son go\u00fbt est tr\u00e8s agr\u00e9able.<\/p>\n<p style=\"text-align: center;\"><a href=\"\/fr\/produits\/miel\/eucalyptus\/\">D\u00c9COUVREZ LE<\/a><\/p>\n<p>[\/vc_column_text][\/vc_column][vc_column width=&#8221;1\/4&#8243;][vc_single_image image=&#8221;8404&#8243; img_size=&#8221;full&#8221; alignment=&#8221;center&#8221; onclick=&#8221;custom_link&#8221; image_hovers=&#8221;false&#8221; css=&#8221;.vc_custom_1654017950210{margin-bottom: 25px !important;}&#8221; link=&#8221;\/fr\/produits\/miel\/foret\/&#8221;][vc_column_text css=&#8221;.vc_custom_1654017941892{margin-bottom: 40px !important;}&#8221;]<\/p>\n<h3 style=\"text-align: center;\"><strong>MIELLAT DE FOR\u00caT<\/strong><\/h3>\n<p style=\"text-align: center;\">Produit dans les for\u00eats de ch\u00eanes et de ch\u00eanes verts du Preprineu. Sa couleur est ambre fonc\u00e9 virant au noir, il a une odeur tr\u00e8s forte et une saveur particuli\u00e8re et douce avec de nettes notes sal\u00e9es.<\/p>\n<p style=\"text-align: center;\"><a href=\"\/fr\/produits\/miel\/foret\/\">D\u00c9COUVREZ LE<\/a><\/p>\n<p>[\/vc_column_text][\/vc_column][vc_column width=&#8221;1\/4&#8243;][vc_single_image image=&#8221;10643&#8243; img_size=&#8221;full&#8221; alignment=&#8221;center&#8221; onclick=&#8221;custom_link&#8221; image_hovers=&#8221;false&#8221; css=&#8221;.vc_custom_1654084054629{margin-bottom: 25px !important;}&#8221; link=&#8221;\/fr\/produits\/miel\/bruyere\/&#8221;][vc_column_text css=&#8221;.vc_custom_1654018002960{margin-bottom: 40px !important;}&#8221;]<\/p>\n<h3 style=\"text-align: center;\"><strong>MIEL DE BRUY\u00c8RE<\/strong><\/h3>\n<p style=\"text-align: center;\">Il est produit par le nectar de la fleur de bruy\u00e8re ; il a une couleur sombre avec des tons rouge\u00e2tres, son go\u00fbt est doux avec des composants amers et des notes sal\u00e9es claires, avec un ar\u00f4me tr\u00e8s intense et persistant.<\/p>\n<p style=\"text-align: center;\"><a href=\"\/fr\/produits\/miel\/bruyere\/\">D\u00c9COUVREZ LE<\/a><\/p>\n<p>[\/vc_column_text][\/vc_column][\/vc_row]<\/p>\n<\/div>","protected":false},"excerpt":{"rendered":"<p>[vc_row][vc_column][vc_column_text css=&#8221;.vc_custom_1654017458475{margin-bottom: 50px !important;}&#8221;] NOUS SOMMES PRODUCTEURS DE MIEL NOS MIELS [\/vc_column_text][vc_column_text css=&#8221;.vc_custom_1654017489345{margin-bottom: 50px !important;}&#8221;] Le miel est sans aucun doute notre produit phare. Ici, vous trouverez toutes une vari\u00e9t\u00e9 de miels d\u2019une qualit\u00e9 et go\u00fbt extraordinaires, issue de notre propre r\u00e9colte. Le miel de l\u2019Avi Llu\u00eds passe directement de la ruche au pot et&hellip;<\/p>\n","protected":false},"author":1,"featured_media":8931,"parent":10423,"menu_order":0,"comment_status":"closed","ping_status":"closed","template":"","meta":{"inline_featured_image":false,"footnotes":""},"class_list":["post-10428","page","type-page","status-publish","has-post-thumbnail","hentry","description-off"],"yoast_head":"<!-- This site is optimized with the Yoast SEO plugin v27.3 - https:\/\/yoast.com\/product\/yoast-seo-wordpress\/ -->\n<title>MIEL - L&#039;Avi Llu\u00eds<\/title>\n<meta name=\"description\" content=\"Achetez du miel pur et artisanal en ligne \u2705 Achetez du miel naturel directement aupr\u00e8s de l&#039;apiculteur et profitez de la plus haute qualit\u00e9. Fabriqu\u00e9 \u00e0 la main pour la famille Brull Casanova depuis 3 g\u00e9n\u00e9rations. D\u00e9couvrez nos offres ! exp\u00e9dition 24-48h\" \/>\n<meta name=\"robots\" content=\"index, follow, max-snippet:-1, max-image-preview:large, max-video-preview:-1\" \/>\n<link rel=\"canonical\" href=\"https:\/\/www.meldelperello.com\/fr\/produits\/miel\/\" \/>\n<meta property=\"og:locale\" content=\"fr_FR\" \/>\n<meta property=\"og:type\" content=\"article\" \/>\n<meta property=\"og:title\" content=\"MIEL - L&#039;Avi Llu\u00eds\" \/>\n<meta property=\"og:description\" content=\"Achetez du miel pur et artisanal en ligne \u2705 Achetez du miel naturel directement aupr\u00e8s de l&#039;apiculteur et profitez de la plus haute qualit\u00e9. Fabriqu\u00e9 \u00e0 la main pour la famille Brull Casanova depuis 3 g\u00e9n\u00e9rations. D\u00e9couvrez nos offres ! exp\u00e9dition 24-48h\" \/>\n<meta property=\"og:url\" content=\"https:\/\/www.meldelperello.com\/fr\/produits\/miel\/\" \/>\n<meta property=\"og:site_name\" content=\"L&#039;Avi Llu\u00eds\" \/>\n<meta property=\"article:publisher\" content=\"https:\/\/www.facebook.com\/avi.lluis\/\" \/>\n<meta property=\"article:modified_time\" content=\"2022-06-01T11:47:38+00:00\" \/>\n<meta property=\"og:image\" content=\"https:\/\/www.meldelperello.com\/wp-content\/uploads\/2022\/03\/Mel-de-lAvi-Llui\u0301s-gener-2020-Farigola-250g.jpg\" \/>\n\t<meta property=\"og:image:width\" content=\"300\" \/>\n\t<meta property=\"og:image:height\" content=\"300\" \/>\n\t<meta property=\"og:image:type\" content=\"image\/jpeg\" \/>\n<meta name=\"twitter:card\" content=\"summary_large_image\" \/>\n<meta name=\"twitter:label1\" content=\"Dur\u00e9e de lecture estim\u00e9e\" \/>\n\t<meta name=\"twitter:data1\" content=\"3 minutes\" \/>\n<script type=\"application\/ld+json\" class=\"yoast-schema-graph\">{\"@context\":\"https:\\\/\\\/schema.org\",\"@graph\":[{\"@type\":\"WebPage\",\"@id\":\"https:\\\/\\\/www.meldelperello.com\\\/fr\\\/produits\\\/miel\\\/\",\"url\":\"https:\\\/\\\/www.meldelperello.com\\\/fr\\\/produits\\\/miel\\\/\",\"name\":\"MIEL - L&#039;Avi Llu\u00eds\",\"isPartOf\":{\"@id\":\"https:\\\/\\\/www.meldelperello.com\\\/fr\\\/#website\"},\"primaryImageOfPage\":{\"@id\":\"https:\\\/\\\/www.meldelperello.com\\\/fr\\\/produits\\\/miel\\\/#primaryimage\"},\"image\":{\"@id\":\"https:\\\/\\\/www.meldelperello.com\\\/fr\\\/produits\\\/miel\\\/#primaryimage\"},\"thumbnailUrl\":\"https:\\\/\\\/www.meldelperello.com\\\/wp-content\\\/uploads\\\/2022\\\/03\\\/Mel-de-lAvi-Llui\u0301s-gener-2020-Farigola-250g.jpg\",\"datePublished\":\"2022-02-22T16:27:21+00:00\",\"dateModified\":\"2022-06-01T11:47:38+00:00\",\"description\":\"Achetez du miel pur et artisanal en ligne \u2705 Achetez du miel naturel directement aupr\u00e8s de l'apiculteur et profitez de la plus haute qualit\u00e9. Fabriqu\u00e9 \u00e0 la main pour la famille Brull Casanova depuis 3 g\u00e9n\u00e9rations. D\u00e9couvrez nos offres ! exp\u00e9dition 24-48h\",\"breadcrumb\":{\"@id\":\"https:\\\/\\\/www.meldelperello.com\\\/fr\\\/produits\\\/miel\\\/#breadcrumb\"},\"inLanguage\":\"fr-FR\",\"potentialAction\":[{\"@type\":\"ReadAction\",\"target\":[\"https:\\\/\\\/www.meldelperello.com\\\/fr\\\/produits\\\/miel\\\/\"]}]},{\"@type\":\"ImageObject\",\"inLanguage\":\"fr-FR\",\"@id\":\"https:\\\/\\\/www.meldelperello.com\\\/fr\\\/produits\\\/miel\\\/#primaryimage\",\"url\":\"https:\\\/\\\/www.meldelperello.com\\\/wp-content\\\/uploads\\\/2022\\\/03\\\/Mel-de-lAvi-Llui\u0301s-gener-2020-Farigola-250g.jpg\",\"contentUrl\":\"https:\\\/\\\/www.meldelperello.com\\\/wp-content\\\/uploads\\\/2022\\\/03\\\/Mel-de-lAvi-Llui\u0301s-gener-2020-Farigola-250g.jpg\",\"width\":300,\"height\":300,\"caption\":\"mel avi lluis perello baix ebre catalunya - miel abejas panal natural eco\"},{\"@type\":\"BreadcrumbList\",\"@id\":\"https:\\\/\\\/www.meldelperello.com\\\/fr\\\/produits\\\/miel\\\/#breadcrumb\",\"itemListElement\":[{\"@type\":\"ListItem\",\"position\":1,\"name\":\"Inici\",\"item\":\"https:\\\/\\\/www.meldelperello.com\\\/fr\\\/\"},{\"@type\":\"ListItem\",\"position\":2,\"name\":\"PRODUITS\",\"item\":\"https:\\\/\\\/www.meldelperello.com\\\/fr\\\/produits\\\/\"},{\"@type\":\"ListItem\",\"position\":3,\"name\":\"MIEL\"}]},{\"@type\":\"WebSite\",\"@id\":\"https:\\\/\\\/www.meldelperello.com\\\/fr\\\/#website\",\"url\":\"https:\\\/\\\/www.meldelperello.com\\\/fr\\\/\",\"name\":\"L&#039;Avi Llu\u00eds\",\"description\":\"Apicultors i productors de mel natural, pura i artesana\",\"publisher\":{\"@id\":\"https:\\\/\\\/www.meldelperello.com\\\/fr\\\/#organization\"},\"potentialAction\":[{\"@type\":\"SearchAction\",\"target\":{\"@type\":\"EntryPoint\",\"urlTemplate\":\"https:\\\/\\\/www.meldelperello.com\\\/fr\\\/?s={search_term_string}\"},\"query-input\":{\"@type\":\"PropertyValueSpecification\",\"valueRequired\":true,\"valueName\":\"search_term_string\"}}],\"inLanguage\":\"fr-FR\"},{\"@type\":\"Organization\",\"@id\":\"https:\\\/\\\/www.meldelperello.com\\\/fr\\\/#organization\",\"name\":\"L'Avi Llu\u00eds\",\"url\":\"https:\\\/\\\/www.meldelperello.com\\\/fr\\\/\",\"logo\":{\"@type\":\"ImageObject\",\"inLanguage\":\"fr-FR\",\"@id\":\"https:\\\/\\\/www.meldelperello.com\\\/fr\\\/#\\\/schema\\\/logo\\\/image\\\/\",\"url\":\"https:\\\/\\\/www.meldelperello.com\\\/wp-content\\\/uploads\\\/2022\\\/02\\\/logo.svg\",\"contentUrl\":\"https:\\\/\\\/www.meldelperello.com\\\/wp-content\\\/uploads\\\/2022\\\/02\\\/logo.svg\",\"width\":137,\"height\":121,\"caption\":\"L'Avi Llu\u00eds\"},\"image\":{\"@id\":\"https:\\\/\\\/www.meldelperello.com\\\/fr\\\/#\\\/schema\\\/logo\\\/image\\\/\"},\"sameAs\":[\"https:\\\/\\\/www.facebook.com\\\/avi.lluis\\\/\",\"https:\\\/\\\/www.instagram.com\\\/avilluis_meldelperello\\\/\",\"https:\\\/\\\/www.youtube.com\\\/c\\\/MeldelperelloAviLluis\"]}]}<\/script>\n<!-- \/ Yoast SEO plugin. -->","yoast_head_json":{"title":"MIEL - L&#039;Avi Llu\u00eds","description":"Achetez du miel pur et artisanal en ligne \u2705 Achetez du miel naturel directement aupr\u00e8s de l'apiculteur et profitez de la plus haute qualit\u00e9. Fabriqu\u00e9 \u00e0 la main pour la famille Brull Casanova depuis 3 g\u00e9n\u00e9rations. D\u00e9couvrez nos offres ! exp\u00e9dition 24-48h","robots":{"index":"index","follow":"follow","max-snippet":"max-snippet:-1","max-image-preview":"max-image-preview:large","max-video-preview":"max-video-preview:-1"},"canonical":"https:\/\/www.meldelperello.com\/fr\/produits\/miel\/","og_locale":"fr_FR","og_type":"article","og_title":"MIEL - L&#039;Avi Llu\u00eds","og_description":"Achetez du miel pur et artisanal en ligne \u2705 Achetez du miel naturel directement aupr\u00e8s de l'apiculteur et profitez de la plus haute qualit\u00e9. Fabriqu\u00e9 \u00e0 la main pour la famille Brull Casanova depuis 3 g\u00e9n\u00e9rations. D\u00e9couvrez nos offres ! exp\u00e9dition 24-48h","og_url":"https:\/\/www.meldelperello.com\/fr\/produits\/miel\/","og_site_name":"L&#039;Avi Llu\u00eds","article_publisher":"https:\/\/www.facebook.com\/avi.lluis\/","article_modified_time":"2022-06-01T11:47:38+00:00","og_image":[{"width":300,"height":300,"url":"https:\/\/www.meldelperello.com\/wp-content\/uploads\/2022\/03\/Mel-de-lAvi-Llui\u0301s-gener-2020-Farigola-250g.jpg","type":"image\/jpeg"}],"twitter_card":"summary_large_image","twitter_misc":{"Dur\u00e9e de lecture estim\u00e9e":"3 minutes"},"schema":{"@context":"https:\/\/schema.org","@graph":[{"@type":"WebPage","@id":"https:\/\/www.meldelperello.com\/fr\/produits\/miel\/","url":"https:\/\/www.meldelperello.com\/fr\/produits\/miel\/","name":"MIEL - L&#039;Avi Llu\u00eds","isPartOf":{"@id":"https:\/\/www.meldelperello.com\/fr\/#website"},"primaryImageOfPage":{"@id":"https:\/\/www.meldelperello.com\/fr\/produits\/miel\/#primaryimage"},"image":{"@id":"https:\/\/www.meldelperello.com\/fr\/produits\/miel\/#primaryimage"},"thumbnailUrl":"https:\/\/www.meldelperello.com\/wp-content\/uploads\/2022\/03\/Mel-de-lAvi-Llui\u0301s-gener-2020-Farigola-250g.jpg","datePublished":"2022-02-22T16:27:21+00:00","dateModified":"2022-06-01T11:47:38+00:00","description":"Achetez du miel pur et artisanal en ligne \u2705 Achetez du miel naturel directement aupr\u00e8s de l'apiculteur et profitez de la plus haute qualit\u00e9. Fabriqu\u00e9 \u00e0 la main pour la famille Brull Casanova depuis 3 g\u00e9n\u00e9rations. D\u00e9couvrez nos offres ! exp\u00e9dition 24-48h","breadcrumb":{"@id":"https:\/\/www.meldelperello.com\/fr\/produits\/miel\/#breadcrumb"},"inLanguage":"fr-FR","potentialAction":[{"@type":"ReadAction","target":["https:\/\/www.meldelperello.com\/fr\/produits\/miel\/"]}]},{"@type":"ImageObject","inLanguage":"fr-FR","@id":"https:\/\/www.meldelperello.com\/fr\/produits\/miel\/#primaryimage","url":"https:\/\/www.meldelperello.com\/wp-content\/uploads\/2022\/03\/Mel-de-lAvi-Llui\u0301s-gener-2020-Farigola-250g.jpg","contentUrl":"https:\/\/www.meldelperello.com\/wp-content\/uploads\/2022\/03\/Mel-de-lAvi-Llui\u0301s-gener-2020-Farigola-250g.jpg","width":300,"height":300,"caption":"mel avi lluis perello baix ebre catalunya - miel abejas panal natural eco"},{"@type":"BreadcrumbList","@id":"https:\/\/www.meldelperello.com\/fr\/produits\/miel\/#breadcrumb","itemListElement":[{"@type":"ListItem","position":1,"name":"Inici","item":"https:\/\/www.meldelperello.com\/fr\/"},{"@type":"ListItem","position":2,"name":"PRODUITS","item":"https:\/\/www.meldelperello.com\/fr\/produits\/"},{"@type":"ListItem","position":3,"name":"MIEL"}]},{"@type":"WebSite","@id":"https:\/\/www.meldelperello.com\/fr\/#website","url":"https:\/\/www.meldelperello.com\/fr\/","name":"L&#039;Avi Llu\u00eds","description":"Apicultors i productors de mel natural, pura i artesana","publisher":{"@id":"https:\/\/www.meldelperello.com\/fr\/#organization"},"potentialAction":[{"@type":"SearchAction","target":{"@type":"EntryPoint","urlTemplate":"https:\/\/www.meldelperello.com\/fr\/?s={search_term_string}"},"query-input":{"@type":"PropertyValueSpecification","valueRequired":true,"valueName":"search_term_string"}}],"inLanguage":"fr-FR"},{"@type":"Organization","@id":"https:\/\/www.meldelperello.com\/fr\/#organization","name":"L'Avi Llu\u00eds","url":"https:\/\/www.meldelperello.com\/fr\/","logo":{"@type":"ImageObject","inLanguage":"fr-FR","@id":"https:\/\/www.meldelperello.com\/fr\/#\/schema\/logo\/image\/","url":"https:\/\/www.meldelperello.com\/wp-content\/uploads\/2022\/02\/logo.svg","contentUrl":"https:\/\/www.meldelperello.com\/wp-content\/uploads\/2022\/02\/logo.svg","width":137,"height":121,"caption":"L'Avi Llu\u00eds"},"image":{"@id":"https:\/\/www.meldelperello.com\/fr\/#\/schema\/logo\/image\/"},"sameAs":["https:\/\/www.facebook.com\/avi.lluis\/","https:\/\/www.instagram.com\/avilluis_meldelperello\/","https:\/\/www.youtube.com\/c\/MeldelperelloAviLluis"]}]}},"_links":{"self":[{"href":"https:\/\/www.meldelperello.com\/fr\/wp-json\/wp\/v2\/pages\/10428","targetHints":{"allow":["GET"]}}],"collection":[{"href":"https:\/\/www.meldelperello.com\/fr\/wp-json\/wp\/v2\/pages"}],"about":[{"href":"https:\/\/www.meldelperello.com\/fr\/wp-json\/wp\/v2\/types\/page"}],"author":[{"embeddable":true,"href":"https:\/\/www.meldelperello.com\/fr\/wp-json\/wp\/v2\/users\/1"}],"replies":[{"embeddable":true,"href":"https:\/\/www.meldelperello.com\/fr\/wp-json\/wp\/v2\/comments?post=10428"}],"version-history":[{"count":5,"href":"https:\/\/www.meldelperello.com\/fr\/wp-json\/wp\/v2\/pages\/10428\/revisions"}],"predecessor-version":[{"id":10431,"href":"https:\/\/www.meldelperello.com\/fr\/wp-json\/wp\/v2\/pages\/10428\/revisions\/10431"}],"up":[{"embeddable":true,"href":"https:\/\/www.meldelperello.com\/fr\/wp-json\/wp\/v2\/pages\/10423"}],"wp:featuredmedia":[{"embeddable":true,"href":"https:\/\/www.meldelperello.com\/fr\/wp-json\/wp\/v2\/media\/8931"}],"wp:attachment":[{"href":"https:\/\/www.meldelperello.com\/fr\/wp-json\/wp\/v2\/media?parent=10428"}],"curies":[{"name":"wp","href":"https:\/\/api.w.org\/{rel}","templated":true}]}}