{"id":10106,"date":"2022-03-29T19:14:23","date_gmt":"2022-03-29T17:14:23","guid":{"rendered":"https:\/\/perello.debonatinta.com\/majoristes\/"},"modified":"2022-05-26T15:59:23","modified_gmt":"2022-05-26T13:59:23","slug":"grossistes","status":"publish","type":"page","link":"https:\/\/www.meldelperello.com\/fr\/grossistes\/","title":{"rendered":"Grossistes"},"content":{"rendered":"<div class=\"wpb-content-wrapper\"><p>[vc_row][vc_column][vc_single_image image=&#8221;9459&#8243; img_size=&#8221;full&#8221;][\/vc_column][\/vc_row][vc_row el_class=&#8221;majoristes&#8221;][vc_column][vc_column_text]<\/p>\n<h1 style=\"text-align: center;\">GROSSISTE ET FOURNISSEUR DE MIEL ET DE PRODUITS D\u00c9RIV\u00c9S<\/h1>\n<h2 style=\"text-align: center;\">Vous souhaitez acheter du miel ou des produits d\u00e9riv\u00e9s des abeilles de grande qualit\u00e9 directement aux producteurs ?<\/h2>\n<h3 style=\"text-align: center;\"><strong>Nous sommes la meilleure option !<\/strong><\/h3>\n<p>[\/vc_column_text][vc_btn title=&#8221;JE SOUHAITE ACHETER EN GROS&#8221; style=&#8221;flat&#8221; shape=&#8221;square&#8221; color=&#8221;danger&#8221; align=&#8221;center&#8221; link=&#8221;url:%2Ffr%2Fcontacter&#8221; css=&#8221;.vc_custom_1653573411275{margin-bottom: 100px !important;}&#8221;][vc_column_text]<\/p>\n<h3 style=\"text-align: center;\"><strong>TRAVAILLEZ AVEC UNE FAMILLE QUI<\/strong><br \/>\n<strong>PRODUIT, CONDITIONNE ET DISTRIBUE<\/strong><\/h3>\n<p style=\"text-align: center;\">Nous sommes une famille d\u2019apiculteurs d\u2019El Perell\u00f3 qui propose du miel et des produits apicoles de qualit\u00e9 exceptionnelle sans interm\u00e9diaires. Nous nous chargeons nous-m\u00eames de l\u2019ensemble du processus : de la production du miel \u00e0 sa distribution, sans aucune manipulation afin d\u2019offrir une puret\u00e9 maximale. Notre \u00e9quipe vous offrira un service familial, \u00e0 la hauteur de notre marque.<\/p>\n<p>[\/vc_column_text][vc_single_image image=&#8221;9943&#8243; img_size=&#8221;full&#8221; css=&#8221;.vc_custom_1649864884658{margin-bottom: 60px !important;}&#8221;][\/vc_column][\/vc_row][vc_row bg_type=&#8221;bg_color&#8221; bg_override=&#8221;full&#8221; bg_color_value=&#8221;#ede8df&#8221; css=&#8221;.vc_custom_1648575815543{margin-bottom: 40px !important;padding-top: 30px !important;padding-bottom: 20px !important;}&#8221;][vc_column width=&#8221;1\/6&#8243;][\/vc_column][vc_column width=&#8221;2\/3&#8243;][vc_single_image image=&#8221;9479&#8243; img_size=&#8221;full&#8221; alignment=&#8221;center&#8221; css=&#8221;.vc_custom_1648575400859{margin-bottom: 15px !important;}&#8221;][vc_column_text css=&#8221;.vc_custom_1653573473882{margin-bottom: 50px !important;}&#8221;]<\/p>\n<h3 style=\"text-align: center;\"><strong>MIEL PUR 100 % NATUREL<\/strong><\/h3>\n<p style=\"text-align: center;\">Nous sommes la troisi\u00e8me g\u00e9n\u00e9ration d\u2019apiculteurs et nous proposons des produits apicoles ainsi que notre miel naturel, sans manipulation, qui conserve toutes ses propri\u00e9t\u00e9s.<\/p>\n<p>[\/vc_column_text][vc_single_image image=&#8221;9487&#8243; img_size=&#8221;full&#8221; alignment=&#8221;center&#8221; css=&#8221;.vc_custom_1648575465417{margin-bottom: 15px !important;}&#8221;][vc_column_text css=&#8221;.vc_custom_1653573490500{margin-bottom: 50px !important;}&#8221;]<\/p>\n<h3 style=\"text-align: center;\"><strong>NOUS NOUS ADAPTONS \u00c0 VOTRE COMMERCE<\/strong><\/h3>\n<p style=\"text-align: center;\">Nous sommes pr\u00e9par\u00e9s pour vous envoyer pile la quantit\u00e9 qu\u2019il vous faut. Ni plus ni moins. Que ce soit un seul carton ou plusieurs palettes, nous nous adaptons au volume de votre commerce<\/p>\n<p>[\/vc_column_text][vc_single_image image=&#8221;9483&#8243; img_size=&#8221;full&#8221; alignment=&#8221;center&#8221; css=&#8221;.vc_custom_1648575482780{margin-bottom: 15px !important;}&#8221;][vc_column_text css=&#8221;.vc_custom_1653573509523{margin-bottom: 50px !important;}&#8221;]<\/p>\n<h3 style=\"text-align: center;\"><strong>TRAVAILLEZ SANS RISQUE<\/strong><\/h3>\n<p style=\"text-align: center;\">Ne prenez aucun risque dans vos commandes ; avec nous, il n\u2019existe aucune perte. Nous vous \u00e9changeons le produit lorsqu\u2019il est sur le point de p\u00e9rimer ou si vous avez du mal \u00e0 le vendre.<\/p>\n<p>[\/vc_column_text][\/vc_column][vc_column width=&#8221;1\/6&#8243;][\/vc_column][\/vc_row][vc_row el_class=&#8221;majoristes&#8221;][vc_column width=&#8221;1\/6&#8243;][\/vc_column][vc_column width=&#8221;2\/3&#8243;][vc_column_text]<\/p>\n<h2 style=\"text-align: center;\">ACHETER DU MIEL EN GROS<\/h2>\n<p style=\"text-align: center;\">Si vous tenez une boutique ou un commerce, contactez-nous et nous vous enverrons notre catalogue de miel et de produits apicoles sans engagement.<\/p>\n<p>[\/vc_column_text][vc_btn title=&#8221;JE SOUHAITE ACHETER EN GROS&#8221; style=&#8221;flat&#8221; shape=&#8221;square&#8221; color=&#8221;danger&#8221; align=&#8221;center&#8221; link=&#8221;url:%2Ffr%2Fcontacter|title:Grossistes&#8221; css=&#8221;.vc_custom_1653573427731{margin-bottom: 100px !important;}&#8221;][\/vc_column][vc_column width=&#8221;1\/6&#8243;][\/vc_column][\/vc_row]<\/p>\n<\/div>","protected":false},"excerpt":{"rendered":"<p>[vc_row][vc_column][vc_single_image image=&#8221;9459&#8243; img_size=&#8221;full&#8221;][\/vc_column][\/vc_row][vc_row el_class=&#8221;majoristes&#8221;][vc_column][vc_column_text] GROSSISTE ET FOURNISSEUR DE MIEL ET DE PRODUITS D\u00c9RIV\u00c9S Vous souhaitez acheter du miel ou des produits d\u00e9riv\u00e9s des abeilles de grande qualit\u00e9 directement aux producteurs ? Nous sommes la meilleure option ! [\/vc_column_text][vc_btn title=&#8221;JE SOUHAITE ACHETER EN GROS&#8221; style=&#8221;flat&#8221; shape=&#8221;square&#8221; color=&#8221;danger&#8221; align=&#8221;center&#8221; link=&#8221;url:%2Ffr%2Fcontacter&#8221; css=&#8221;.vc_custom_1653573411275{margin-bottom: 100px !important;}&#8221;][vc_column_text] TRAVAILLEZ AVEC UNE FAMILLE&hellip;<\/p>\n","protected":false},"author":1,"featured_media":9333,"parent":0,"menu_order":0,"comment_status":"closed","ping_status":"closed","template":"","meta":{"inline_featured_image":false,"footnotes":""},"class_list":["post-10106","page","type-page","status-publish","has-post-thumbnail","hentry","description-off"],"yoast_head":"<!-- This site is optimized with the Yoast SEO plugin v27.3 - https:\/\/yoast.com\/product\/yoast-seo-wordpress\/ -->\n<title>Grossistes - L&#039;Avi Llu\u00eds<\/title>\n<meta name=\"description\" content=\"Contacter Apicola Brull Casanova SCCL. Doutes, commandes, prix, toutes les informations \u00e0 port\u00e9e de main. Contact maintenant plus facile par WhatsApp!\" \/>\n<meta name=\"robots\" content=\"index, follow, max-snippet:-1, max-image-preview:large, max-video-preview:-1\" \/>\n<link rel=\"canonical\" href=\"https:\/\/www.meldelperello.com\/fr\/grossistes\/\" \/>\n<meta property=\"og:locale\" content=\"fr_FR\" \/>\n<meta property=\"og:type\" content=\"article\" \/>\n<meta property=\"og:title\" content=\"Grossistes - L&#039;Avi Llu\u00eds\" \/>\n<meta property=\"og:description\" content=\"Contacter Apicola Brull Casanova SCCL. Doutes, commandes, prix, toutes les informations \u00e0 port\u00e9e de main. Contact maintenant plus facile par WhatsApp!\" \/>\n<meta property=\"og:url\" content=\"https:\/\/www.meldelperello.com\/fr\/grossistes\/\" \/>\n<meta property=\"og:site_name\" content=\"L&#039;Avi Llu\u00eds\" \/>\n<meta property=\"article:publisher\" content=\"https:\/\/www.facebook.com\/avi.lluis\/\" \/>\n<meta property=\"article:modified_time\" content=\"2022-05-26T13:59:23+00:00\" \/>\n<meta property=\"og:image\" content=\"https:\/\/www.meldelperello.com\/wp-content\/uploads\/2022\/03\/mel.jpg\" \/>\n\t<meta property=\"og:image:width\" content=\"600\" \/>\n\t<meta property=\"og:image:height\" content=\"650\" \/>\n\t<meta property=\"og:image:type\" content=\"image\/jpeg\" \/>\n<meta name=\"twitter:card\" content=\"summary_large_image\" \/>\n<meta name=\"twitter:label1\" content=\"Dur\u00e9e de lecture estim\u00e9e\" \/>\n\t<meta name=\"twitter:data1\" content=\"2 minutes\" \/>\n<script type=\"application\/ld+json\" class=\"yoast-schema-graph\">{\"@context\":\"https:\\\/\\\/schema.org\",\"@graph\":[{\"@type\":\"WebPage\",\"@id\":\"https:\\\/\\\/www.meldelperello.com\\\/fr\\\/grossistes\\\/\",\"url\":\"https:\\\/\\\/www.meldelperello.com\\\/fr\\\/grossistes\\\/\",\"name\":\"Grossistes - L&#039;Avi Llu\u00eds\",\"isPartOf\":{\"@id\":\"https:\\\/\\\/www.meldelperello.com\\\/fr\\\/#website\"},\"primaryImageOfPage\":{\"@id\":\"https:\\\/\\\/www.meldelperello.com\\\/fr\\\/grossistes\\\/#primaryimage\"},\"image\":{\"@id\":\"https:\\\/\\\/www.meldelperello.com\\\/fr\\\/grossistes\\\/#primaryimage\"},\"thumbnailUrl\":\"https:\\\/\\\/www.meldelperello.com\\\/wp-content\\\/uploads\\\/2022\\\/03\\\/mel.jpg\",\"datePublished\":\"2022-03-29T17:14:23+00:00\",\"dateModified\":\"2022-05-26T13:59:23+00:00\",\"description\":\"Contacter Apicola Brull Casanova SCCL. Doutes, commandes, prix, toutes les informations \u00e0 port\u00e9e de main. Contact maintenant plus facile par WhatsApp!\",\"breadcrumb\":{\"@id\":\"https:\\\/\\\/www.meldelperello.com\\\/fr\\\/grossistes\\\/#breadcrumb\"},\"inLanguage\":\"fr-FR\",\"potentialAction\":[{\"@type\":\"ReadAction\",\"target\":[\"https:\\\/\\\/www.meldelperello.com\\\/fr\\\/grossistes\\\/\"]}]},{\"@type\":\"ImageObject\",\"inLanguage\":\"fr-FR\",\"@id\":\"https:\\\/\\\/www.meldelperello.com\\\/fr\\\/grossistes\\\/#primaryimage\",\"url\":\"https:\\\/\\\/www.meldelperello.com\\\/wp-content\\\/uploads\\\/2022\\\/03\\\/mel.jpg\",\"contentUrl\":\"https:\\\/\\\/www.meldelperello.com\\\/wp-content\\\/uploads\\\/2022\\\/03\\\/mel.jpg\",\"width\":600,\"height\":650,\"caption\":\"Mel\"},{\"@type\":\"BreadcrumbList\",\"@id\":\"https:\\\/\\\/www.meldelperello.com\\\/fr\\\/grossistes\\\/#breadcrumb\",\"itemListElement\":[{\"@type\":\"ListItem\",\"position\":1,\"name\":\"Inici\",\"item\":\"https:\\\/\\\/www.meldelperello.com\\\/fr\\\/\"},{\"@type\":\"ListItem\",\"position\":2,\"name\":\"Grossistes\"}]},{\"@type\":\"WebSite\",\"@id\":\"https:\\\/\\\/www.meldelperello.com\\\/fr\\\/#website\",\"url\":\"https:\\\/\\\/www.meldelperello.com\\\/fr\\\/\",\"name\":\"L&#039;Avi Llu\u00eds\",\"description\":\"Apicultors i productors de mel natural, pura i artesana\",\"publisher\":{\"@id\":\"https:\\\/\\\/www.meldelperello.com\\\/fr\\\/#organization\"},\"potentialAction\":[{\"@type\":\"SearchAction\",\"target\":{\"@type\":\"EntryPoint\",\"urlTemplate\":\"https:\\\/\\\/www.meldelperello.com\\\/fr\\\/?s={search_term_string}\"},\"query-input\":{\"@type\":\"PropertyValueSpecification\",\"valueRequired\":true,\"valueName\":\"search_term_string\"}}],\"inLanguage\":\"fr-FR\"},{\"@type\":\"Organization\",\"@id\":\"https:\\\/\\\/www.meldelperello.com\\\/fr\\\/#organization\",\"name\":\"L'Avi Llu\u00eds\",\"url\":\"https:\\\/\\\/www.meldelperello.com\\\/fr\\\/\",\"logo\":{\"@type\":\"ImageObject\",\"inLanguage\":\"fr-FR\",\"@id\":\"https:\\\/\\\/www.meldelperello.com\\\/fr\\\/#\\\/schema\\\/logo\\\/image\\\/\",\"url\":\"https:\\\/\\\/www.meldelperello.com\\\/wp-content\\\/uploads\\\/2022\\\/02\\\/logo.svg\",\"contentUrl\":\"https:\\\/\\\/www.meldelperello.com\\\/wp-content\\\/uploads\\\/2022\\\/02\\\/logo.svg\",\"width\":137,\"height\":121,\"caption\":\"L'Avi Llu\u00eds\"},\"image\":{\"@id\":\"https:\\\/\\\/www.meldelperello.com\\\/fr\\\/#\\\/schema\\\/logo\\\/image\\\/\"},\"sameAs\":[\"https:\\\/\\\/www.facebook.com\\\/avi.lluis\\\/\",\"https:\\\/\\\/www.instagram.com\\\/avilluis_meldelperello\\\/\",\"https:\\\/\\\/www.youtube.com\\\/c\\\/MeldelperelloAviLluis\"]}]}<\/script>\n<!-- \/ Yoast SEO plugin. -->","yoast_head_json":{"title":"Grossistes - L&#039;Avi Llu\u00eds","description":"Contacter Apicola Brull Casanova SCCL. Doutes, commandes, prix, toutes les informations \u00e0 port\u00e9e de main. Contact maintenant plus facile par WhatsApp!","robots":{"index":"index","follow":"follow","max-snippet":"max-snippet:-1","max-image-preview":"max-image-preview:large","max-video-preview":"max-video-preview:-1"},"canonical":"https:\/\/www.meldelperello.com\/fr\/grossistes\/","og_locale":"fr_FR","og_type":"article","og_title":"Grossistes - L&#039;Avi Llu\u00eds","og_description":"Contacter Apicola Brull Casanova SCCL. Doutes, commandes, prix, toutes les informations \u00e0 port\u00e9e de main. Contact maintenant plus facile par WhatsApp!","og_url":"https:\/\/www.meldelperello.com\/fr\/grossistes\/","og_site_name":"L&#039;Avi Llu\u00eds","article_publisher":"https:\/\/www.facebook.com\/avi.lluis\/","article_modified_time":"2022-05-26T13:59:23+00:00","og_image":[{"width":600,"height":650,"url":"https:\/\/www.meldelperello.com\/wp-content\/uploads\/2022\/03\/mel.jpg","type":"image\/jpeg"}],"twitter_card":"summary_large_image","twitter_misc":{"Dur\u00e9e de lecture estim\u00e9e":"2 minutes"},"schema":{"@context":"https:\/\/schema.org","@graph":[{"@type":"WebPage","@id":"https:\/\/www.meldelperello.com\/fr\/grossistes\/","url":"https:\/\/www.meldelperello.com\/fr\/grossistes\/","name":"Grossistes - L&#039;Avi Llu\u00eds","isPartOf":{"@id":"https:\/\/www.meldelperello.com\/fr\/#website"},"primaryImageOfPage":{"@id":"https:\/\/www.meldelperello.com\/fr\/grossistes\/#primaryimage"},"image":{"@id":"https:\/\/www.meldelperello.com\/fr\/grossistes\/#primaryimage"},"thumbnailUrl":"https:\/\/www.meldelperello.com\/wp-content\/uploads\/2022\/03\/mel.jpg","datePublished":"2022-03-29T17:14:23+00:00","dateModified":"2022-05-26T13:59:23+00:00","description":"Contacter Apicola Brull Casanova SCCL. Doutes, commandes, prix, toutes les informations \u00e0 port\u00e9e de main. Contact maintenant plus facile par WhatsApp!","breadcrumb":{"@id":"https:\/\/www.meldelperello.com\/fr\/grossistes\/#breadcrumb"},"inLanguage":"fr-FR","potentialAction":[{"@type":"ReadAction","target":["https:\/\/www.meldelperello.com\/fr\/grossistes\/"]}]},{"@type":"ImageObject","inLanguage":"fr-FR","@id":"https:\/\/www.meldelperello.com\/fr\/grossistes\/#primaryimage","url":"https:\/\/www.meldelperello.com\/wp-content\/uploads\/2022\/03\/mel.jpg","contentUrl":"https:\/\/www.meldelperello.com\/wp-content\/uploads\/2022\/03\/mel.jpg","width":600,"height":650,"caption":"Mel"},{"@type":"BreadcrumbList","@id":"https:\/\/www.meldelperello.com\/fr\/grossistes\/#breadcrumb","itemListElement":[{"@type":"ListItem","position":1,"name":"Inici","item":"https:\/\/www.meldelperello.com\/fr\/"},{"@type":"ListItem","position":2,"name":"Grossistes"}]},{"@type":"WebSite","@id":"https:\/\/www.meldelperello.com\/fr\/#website","url":"https:\/\/www.meldelperello.com\/fr\/","name":"L&#039;Avi Llu\u00eds","description":"Apicultors i productors de mel natural, pura i artesana","publisher":{"@id":"https:\/\/www.meldelperello.com\/fr\/#organization"},"potentialAction":[{"@type":"SearchAction","target":{"@type":"EntryPoint","urlTemplate":"https:\/\/www.meldelperello.com\/fr\/?s={search_term_string}"},"query-input":{"@type":"PropertyValueSpecification","valueRequired":true,"valueName":"search_term_string"}}],"inLanguage":"fr-FR"},{"@type":"Organization","@id":"https:\/\/www.meldelperello.com\/fr\/#organization","name":"L'Avi Llu\u00eds","url":"https:\/\/www.meldelperello.com\/fr\/","logo":{"@type":"ImageObject","inLanguage":"fr-FR","@id":"https:\/\/www.meldelperello.com\/fr\/#\/schema\/logo\/image\/","url":"https:\/\/www.meldelperello.com\/wp-content\/uploads\/2022\/02\/logo.svg","contentUrl":"https:\/\/www.meldelperello.com\/wp-content\/uploads\/2022\/02\/logo.svg","width":137,"height":121,"caption":"L'Avi Llu\u00eds"},"image":{"@id":"https:\/\/www.meldelperello.com\/fr\/#\/schema\/logo\/image\/"},"sameAs":["https:\/\/www.facebook.com\/avi.lluis\/","https:\/\/www.instagram.com\/avilluis_meldelperello\/","https:\/\/www.youtube.com\/c\/MeldelperelloAviLluis"]}]}},"_links":{"self":[{"href":"https:\/\/www.meldelperello.com\/fr\/wp-json\/wp\/v2\/pages\/10106","targetHints":{"allow":["GET"]}}],"collection":[{"href":"https:\/\/www.meldelperello.com\/fr\/wp-json\/wp\/v2\/pages"}],"about":[{"href":"https:\/\/www.meldelperello.com\/fr\/wp-json\/wp\/v2\/types\/page"}],"author":[{"embeddable":true,"href":"https:\/\/www.meldelperello.com\/fr\/wp-json\/wp\/v2\/users\/1"}],"replies":[{"embeddable":true,"href":"https:\/\/www.meldelperello.com\/fr\/wp-json\/wp\/v2\/comments?post=10106"}],"version-history":[{"count":5,"href":"https:\/\/www.meldelperello.com\/fr\/wp-json\/wp\/v2\/pages\/10106\/revisions"}],"predecessor-version":[{"id":10114,"href":"https:\/\/www.meldelperello.com\/fr\/wp-json\/wp\/v2\/pages\/10106\/revisions\/10114"}],"wp:featuredmedia":[{"embeddable":true,"href":"https:\/\/www.meldelperello.com\/fr\/wp-json\/wp\/v2\/media\/9333"}],"wp:attachment":[{"href":"https:\/\/www.meldelperello.com\/fr\/wp-json\/wp\/v2\/media?parent=10106"}],"curies":[{"name":"wp","href":"https:\/\/api.w.org\/{rel}","templated":true}]}}