{"id":10264,"date":"2022-03-23T19:33:06","date_gmt":"2022-03-23T18:33:06","guid":{"rendered":"https:\/\/perello.debonatinta.com\/productos\/miel\/bruc\/"},"modified":"2025-04-02T17:03:11","modified_gmt":"2025-04-02T15:03:11","slug":"brezo","status":"publish","type":"page","link":"https:\/\/www.meldelperello.com\/es\/productos\/miel\/brezo\/","title":{"rendered":"MIEL DE BREZO"},"content":{"rendered":"<div class=\"wpb-content-wrapper\"><p>[vc_row gap=&#8221;25&#8243; el_class=&#8221;producto&#8221; css=&#8221;.vc_custom_1645552768280{margin-bottom: 60px !important;}&#8221;][vc_column width=&#8221;1\/2&#8243;][vc_single_image image=&#8221;9426&#8243; img_size=&#8221;full&#8221;][\/vc_column][vc_column width=&#8221;1\/2&#8243;][vc_column_text css=&#8221;.vc_custom_1742830932738{margin-bottom: 50px !important;}&#8221;]<\/p>\n<h1><strong>MIEL DE BREZO<\/strong><\/h1>\n<h2>Miel oscura, intensa, para cocinar y degustar. Para fans de la miel.<\/h2>\n<p><strong>CARACTER\u00cdSTICAS DE LA MIEL DE BREZO<\/strong><\/p>\n<p>La miel de brezo es producida por el n\u00e9ctar procedente de la flor de brezo (<em>Erica cinerea<\/em>; <em>Erica vagans<\/em>). Esta miel tiene un color oscuro con tonalidades rojizas y con un aroma muy intenso y persistente.<\/p>\n<p>La miel de brezo tiene un sabor dulce con componentes amargos y claras notas saladas.[\/vc_column_text][vc_tta_accordion section_title_tag=&#8221;h3&#8243; style=&#8221;flat&#8221; shape=&#8221;square&#8221; color=&#8221;white&#8221; c_position=&#8221;right&#8221; active_section=&#8221;999&#8243; no_fill=&#8221;true&#8221; collapsible_all=&#8221;true&#8221;][vc_tta_section title=&#8221;Producci\u00f3n de la miel de brezo&#8221; tab_id=&#8221;produccion&#8221;][vc_column_text]El \u00e1mbito de producci\u00f3n es la zona norte de la Pen\u00ednsula, y su cosecha puede variar desde junio hasta finales de septiembre, dependiendo del tipo de brezo.[\/vc_column_text][\/vc_tta_section][vc_tta_section title=&#8221;Cristalizaci\u00f3n de la miel de brezo&#8221; tab_id=&#8221;cristalizacion&#8221;][vc_column_text]Gracias a la pureza de nuestra miel, esta cristaliza. La cristalizaci\u00f3n de la miel de brezo es mediana: m\u00e1s o menos r\u00e1pida seg\u00fan el tipo de brezo. Tambi\u00e9n podemos modificar su textura y hacerla m\u00e1s l\u00edquida si la calentamos a menos de 40 \u00b0C al ba\u00f1o mar\u00eda.[\/vc_column_text][\/vc_tta_section][vc_tta_section title=&#8221;Propiedades de la miel de brezo&#8221; tab_id=&#8221;propiedades&#8221;][vc_column_text css=&#8221;&#8221;]El brezo es una planta apreciada por su aroma caracter\u00edstico y su presencia en distintos entornos naturales. Su miel destaca por su sabor intenso y por su composici\u00f3n, que incluye un alto contenido en elementos naturales. Su perfil distintivo la convierte en una opci\u00f3n valorada entre las distintas variedades de miel.[\/vc_column_text][\/vc_tta_section][vc_tta_section title=&#8221;C\u00f3mo tomar la miel de brezo&#8221; tab_id=&#8221;como-tomar&#8221;][vc_column_text]\u00c9s una mel molt poc dol\u00e7a, amb un gust molt peculiar, ideal per als amants de la mel. \u00c9s molt apropiada per a la cuina i per ser combinada amb formatges, com ara quallades o mat\u00f3. Incl\u00fas amb llet. \u00c9s una mel que all\u00e0 on la poses deixa el seu segell: una aroma i un gust penetrants, i deixa encisat a tot aquell qui la prova.[\/vc_column_text][\/vc_tta_section][\/vc_tta_accordion][vc_btn title=&#8221;Ficha t\u00e9cnica&#8221; style=&#8221;flat&#8221; shape=&#8221;square&#8221; color=&#8221;black&#8221; size=&#8221;lg&#8221; i_align=&#8221;right&#8221; i_icon_fontawesome=&#8221;far fa-file-pdf&#8221; add_icon=&#8221;true&#8221; link=&#8221;url:https%3A%2F%2Fwww.meldelperello.com%2Fwp-content%2Fuploads%2F2022%2F06%2FFT-BREZO-V1.pdf&#8221; el_class=&#8221;ficha&#8221;][\/vc_column][\/vc_row][vc_row][vc_column][vc_column_text]<\/p>\n<h3 style=\"text-align: center;\"><strong>OTROS FORMATOS DE LA MIEL DE BREZO<br \/>\n<\/strong><\/h3>\n<p>[\/vc_column_text][\/vc_column][\/vc_row][vc_row gap=&#8221;15&#8243; el_class=&#8221;formatos&#8221; css=&#8221;.vc_custom_1645553046136{margin-bottom: 60px !important;}&#8221;][vc_column width=&#8221;1\/4&#8243;][vc_single_image image=&#8221;9063&#8243; img_size=&#8221;full&#8221; alignment=&#8221;center&#8221; css=&#8221;.vc_custom_1648060617484{margin-bottom: 25px !important;}&#8221; image_hovers=&#8221;false&#8221;][vc_column_text css=&#8221;.vc_custom_1653826367705{margin-bottom: 40px !important;}&#8221;]<\/p>\n<h3 style=\"text-align: center;\">Ref. 011102 \u2013 BREZO 50 GR.<\/h3>\n<p style=\"text-align: center;\"><strong>EAN-13: 8437013977746<\/strong><br \/>\nMiel de Brezo en bote de 50 gr de vidrio.<\/p>\n<p>[\/vc_column_text][\/vc_column][vc_column width=&#8221;1\/4&#8243;][vc_single_image image=&#8221;9067&#8243; img_size=&#8221;full&#8221; alignment=&#8221;center&#8221; css=&#8221;.vc_custom_1648060660280{margin-bottom: 25px !important;}&#8221; image_hovers=&#8221;false&#8221;][vc_column_text css=&#8221;.vc_custom_1668512521338{margin-bottom: 40px !important;}&#8221;]<\/p>\n<h3 style=\"text-align: center;\">Ref. 011122 \u2013 BREZO 250 GR. ANTIGOTEO<\/h3>\n<p style=\"text-align: center;\"><strong>EAN-13: 8437013977913<\/strong><br \/>\nMiel de Brezo en bote de 250 gr. antigoteo de pl\u00e1stico.<br \/>\n14 unidades por caja<\/p>\n<p>[\/vc_column_text][\/vc_column][vc_column width=&#8221;1\/4&#8243;][vc_single_image image=&#8221;9071&#8243; img_size=&#8221;full&#8221; alignment=&#8221;center&#8221; css=&#8221;.vc_custom_1648060704301{margin-bottom: 25px !important;}&#8221; image_hovers=&#8221;false&#8221;][vc_column_text css=&#8221;.vc_custom_1653826418973{margin-bottom: 40px !important;}&#8221;]<\/p>\n<h3 style=\"text-align: center;\">Ref. 011126 \u2013 BREZO 250GR.<\/h3>\n<p style=\"text-align: center;\"><strong>EAN-13: 8437013977937<\/strong><br \/>\nMiel de Brezo en bote de 250 gr de vidrio.<br \/>\n12 unidades por caja<\/p>\n<p>[\/vc_column_text][\/vc_column][vc_column width=&#8221;1\/4&#8243;][vc_single_image image=&#8221;9075&#8243; img_size=&#8221;full&#8221; alignment=&#8221;center&#8221; css=&#8221;.vc_custom_1648060745184{margin-bottom: 25px !important;}&#8221; image_hovers=&#8221;false&#8221;][vc_column_text css=&#8221;.vc_custom_1699354312872{margin-bottom: 40px !important;}&#8221;]<\/p>\n<h3 style=\"text-align: center;\">Ref. 011105 \u2013 BREZO 490 GR.<\/h3>\n<p style=\"text-align: center;\"><strong>EAN-13: 8437013977777<\/strong><br \/>\nMiel de Brezo en bote de 490 gr de vidrio.<br \/>\n12 unidades por caja<\/p>\n<p>[\/vc_column_text][\/vc_column][\/vc_row][vc_row gap=&#8221;15&#8243; el_class=&#8221;formatos&#8221; css=&#8221;.vc_custom_1645553046136{margin-bottom: 60px !important;}&#8221;][vc_column width=&#8221;1\/4&#8243;][vc_single_image image=&#8221;9079&#8243; img_size=&#8221;full&#8221; alignment=&#8221;center&#8221; css=&#8221;.vc_custom_1648060788411{margin-bottom: 25px !important;}&#8221; image_hovers=&#8221;false&#8221;][vc_column_text css=&#8221;.vc_custom_1664525181449{margin-bottom: 40px !important;}&#8221;]<\/p>\n<h3 style=\"text-align: center;\">Ref. 011121 \u2013 BREZO 500 GR. ANTIGOTEO<\/h3>\n<p style=\"text-align: center;\"><strong>EAN-13: 8437001517916<\/strong><br \/>\nMiel de Brezo en bote de 500 gr. antigoteo de pl\u00e1stico.<br \/>\n11 unidades por caja<\/p>\n<p>[\/vc_column_text][\/vc_column][vc_column width=&#8221;1\/4&#8243;][vc_single_image image=&#8221;9083&#8243; img_size=&#8221;full&#8221; alignment=&#8221;center&#8221; css=&#8221;.vc_custom_1648060830790{margin-bottom: 25px !important;}&#8221; image_hovers=&#8221;false&#8221;][vc_column_text css=&#8221;.vc_custom_1653826485372{margin-bottom: 40px !important;}&#8221;]<\/p>\n<h3 style=\"text-align: center;\">Ref. 011107 \u2013 BREZO 980 GR.<\/h3>\n<p style=\"text-align: center;\"><strong>EAN-13: 8437013977791<\/strong><br \/>\nMiel de Brezo en bote de 980 gr de vidrio.<br \/>\n6 unidades por caja<\/p>\n<p>[\/vc_column_text][\/vc_column][vc_column width=&#8221;1\/4&#8243;][vc_single_image image=&#8221;9087&#8243; img_size=&#8221;full&#8221; alignment=&#8221;center&#8221; css=&#8221;.vc_custom_1648060873451{margin-bottom: 25px !important;}&#8221; image_hovers=&#8221;false&#8221;][vc_column_text css=&#8221;.vc_custom_1653826507759{margin-bottom: 40px !important;}&#8221;]<\/p>\n<h3 style=\"text-align: center;\">Ref. 011109 \u2013 BREZO 2000 GR.<\/h3>\n<p style=\"text-align: center;\"><strong>EAN-13: 8437013977814<\/strong><br \/>\nMiel de Brezo en bombona de 2000 gr de pl\u00e1stico.<br \/>\n6 unidades por caja<\/p>\n<p>[\/vc_column_text][\/vc_column][vc_column width=&#8221;1\/4&#8243;][vc_single_image image=&#8221;9091&#8243; img_size=&#8221;full&#8221; alignment=&#8221;center&#8221; css=&#8221;.vc_custom_1648060917123{margin-bottom: 25px !important;}&#8221; image_hovers=&#8221;false&#8221;][vc_column_text css=&#8221;.vc_custom_1653826527142{margin-bottom: 40px !important;}&#8221;]<\/p>\n<h3 style=\"text-align: center;\">Ref. 011110 \u2013 BREZO 3000 GR.<\/h3>\n<p style=\"text-align: center;\"><strong>EAN-13: 8437013977821<\/strong><br \/>\nMiel de Brezo en bombona de 3000 gr de pl\u00e1stico.<br \/>\n5 unidades por caja<\/p>\n<p>[\/vc_column_text][\/vc_column][\/vc_row][vc_row gap=&#8221;15&#8243; el_class=&#8221;formatos&#8221; css=&#8221;.vc_custom_1645553046136{margin-bottom: 60px !important;}&#8221;][vc_column width=&#8221;1\/4&#8243;][vc_single_image image=&#8221;11237&#8243; img_size=&#8221;full&#8221; alignment=&#8221;center&#8221; css=&#8221;.vc_custom_1699441576386{margin-bottom: 25px !important;}&#8221; image_hovers=&#8221;false&#8221;][vc_column_text css=&#8221;.vc_custom_1699354326075{margin-bottom: 40px !important;}&#8221;]<\/p>\n<h3 style=\"text-align: center;\">Ref. 011111 \u2013 BREZO 5250 GR.<\/h3>\n<p style=\"text-align: center;\"><strong>EAN-13: 8437013977838<\/strong><br \/>\nMiel de Brezo en bombona de 5250 gr de pl\u00e1stico<\/p>\n<p>[\/vc_column_text][\/vc_column][vc_column width=&#8221;1\/4&#8243;][\/vc_column][vc_column width=&#8221;1\/4&#8243;][\/vc_column][vc_column width=&#8221;1\/4&#8243;][\/vc_column][\/vc_row][vc_row][vc_column][vc_column_text css=&#8221;.vc_custom_1653826557395{margin-bottom: 60px !important;}&#8221;]<\/p>\n<p style=\"text-align: center;\"><strong>Disponemos de cubos de 10 y 20 kg. y bidones de 300 kg.<\/strong><\/p>\n<p>[\/vc_column_text][\/vc_column][\/vc_row][vc_row full_width=&#8221;stretch_row_content_no_spaces&#8221; bg_type=&#8221;image&#8221; parallax_style=&#8221;vcpb-vz-jquery&#8221; bg_image_new=&#8221;id^9839|url^https:\/\/www.meldelperello.com\/wp-content\/uploads\/2022\/04\/bg-2.jpg|caption^null|alt^null|title^bg|description^null&#8221; bg_image_repeat=&#8221;no-repeat&#8221; bg_override=&#8221;full&#8221; disable_on_mobile_img_parallax=&#8221;disable_on_mobile_img_parallax_value&#8221; el_class=&#8221;blanco poema&#8221;][vc_column][vc_empty_space height=&#8221;400&#8243;][\/vc_column][\/vc_row]<\/p>\n<\/div>","protected":false},"excerpt":{"rendered":"<p>[vc_row gap=&#8221;25&#8243; el_class=&#8221;producto&#8221; css=&#8221;.vc_custom_1645552768280{margin-bottom: 60px !important;}&#8221;][vc_column width=&#8221;1\/2&#8243;][vc_single_image image=&#8221;9426&#8243; img_size=&#8221;full&#8221;][\/vc_column][vc_column width=&#8221;1\/2&#8243;][vc_column_text css=&#8221;.vc_custom_1742830932738{margin-bottom: 50px !important;}&#8221;] MIEL DE BREZO Miel oscura, intensa, para cocinar y degustar. Para fans de la miel. CARACTER\u00cdSTICAS DE LA MIEL DE BREZO La miel de brezo es producida por el n\u00e9ctar procedente de la flor de brezo (Erica cinerea; Erica vagans). Esta miel&hellip;<\/p>\n","protected":false},"author":1,"featured_media":9071,"parent":10218,"menu_order":0,"comment_status":"closed","ping_status":"closed","template":"","meta":{"inline_featured_image":false,"footnotes":""},"class_list":["post-10264","page","type-page","status-publish","has-post-thumbnail","hentry","description-off"],"yoast_head":"<!-- This site is optimized with the Yoast SEO plugin v27.3 - https:\/\/yoast.com\/product\/yoast-seo-wordpress\/ -->\n<title>MIEL DE BREZO - L&#039;Avi Llu\u00eds<\/title>\n<meta name=\"description\" content=\"Compra Miel de Brezo pura y artesanal directamente en el Apicultor y disfruta de la M\u00e1xima Calidad \u2705 \u00a1Descubre nuestras ofertas! Env\u00edo 24-48h\" \/>\n<meta name=\"robots\" content=\"index, follow, max-snippet:-1, max-image-preview:large, max-video-preview:-1\" \/>\n<link rel=\"canonical\" href=\"https:\/\/www.meldelperello.com\/es\/productos\/miel\/brezo\/\" \/>\n<meta property=\"og:locale\" content=\"es_ES\" \/>\n<meta property=\"og:type\" content=\"article\" \/>\n<meta property=\"og:title\" content=\"MIEL DE BREZO - L&#039;Avi Llu\u00eds\" \/>\n<meta property=\"og:description\" content=\"Compra Miel de Brezo pura y artesanal directamente en el Apicultor y disfruta de la M\u00e1xima Calidad \u2705 \u00a1Descubre nuestras ofertas! Env\u00edo 24-48h\" \/>\n<meta property=\"og:url\" content=\"https:\/\/www.meldelperello.com\/es\/productos\/miel\/brezo\/\" \/>\n<meta property=\"og:site_name\" content=\"L&#039;Avi Llu\u00eds\" \/>\n<meta property=\"article:publisher\" content=\"https:\/\/www.facebook.com\/avi.lluis\/\" \/>\n<meta property=\"article:modified_time\" content=\"2025-04-02T15:03:11+00:00\" \/>\n<meta property=\"og:image\" content=\"https:\/\/www.meldelperello.com\/wp-content\/uploads\/2022\/03\/Mel-de-lAvi-Llui\u0301s-gener-2020-Bruc-250g.jpg\" \/>\n\t<meta property=\"og:image:width\" content=\"300\" \/>\n\t<meta property=\"og:image:height\" content=\"300\" \/>\n\t<meta property=\"og:image:type\" content=\"image\/jpeg\" \/>\n<meta name=\"twitter:card\" content=\"summary_large_image\" \/>\n<meta name=\"twitter:label1\" content=\"Tiempo de lectura\" \/>\n\t<meta name=\"twitter:data1\" content=\"4 minutos\" \/>\n<script type=\"application\/ld+json\" class=\"yoast-schema-graph\">{\"@context\":\"https:\\\/\\\/schema.org\",\"@graph\":[{\"@type\":\"WebPage\",\"@id\":\"https:\\\/\\\/www.meldelperello.com\\\/es\\\/productos\\\/miel\\\/brezo\\\/\",\"url\":\"https:\\\/\\\/www.meldelperello.com\\\/es\\\/productos\\\/miel\\\/brezo\\\/\",\"name\":\"MIEL DE BREZO - L&#039;Avi Llu\u00eds\",\"isPartOf\":{\"@id\":\"https:\\\/\\\/www.meldelperello.com\\\/es\\\/#website\"},\"primaryImageOfPage\":{\"@id\":\"https:\\\/\\\/www.meldelperello.com\\\/es\\\/productos\\\/miel\\\/brezo\\\/#primaryimage\"},\"image\":{\"@id\":\"https:\\\/\\\/www.meldelperello.com\\\/es\\\/productos\\\/miel\\\/brezo\\\/#primaryimage\"},\"thumbnailUrl\":\"https:\\\/\\\/www.meldelperello.com\\\/wp-content\\\/uploads\\\/2022\\\/03\\\/Mel-de-lAvi-Llui\u0301s-gener-2020-Bruc-250g.jpg\",\"datePublished\":\"2022-03-23T18:33:06+00:00\",\"dateModified\":\"2025-04-02T15:03:11+00:00\",\"description\":\"Compra Miel de Brezo pura y artesanal directamente en el Apicultor y disfruta de la M\u00e1xima Calidad \u2705 \u00a1Descubre nuestras ofertas! Env\u00edo 24-48h\",\"breadcrumb\":{\"@id\":\"https:\\\/\\\/www.meldelperello.com\\\/es\\\/productos\\\/miel\\\/brezo\\\/#breadcrumb\"},\"inLanguage\":\"es\",\"potentialAction\":[{\"@type\":\"ReadAction\",\"target\":[\"https:\\\/\\\/www.meldelperello.com\\\/es\\\/productos\\\/miel\\\/brezo\\\/\"]}]},{\"@type\":\"ImageObject\",\"inLanguage\":\"es\",\"@id\":\"https:\\\/\\\/www.meldelperello.com\\\/es\\\/productos\\\/miel\\\/brezo\\\/#primaryimage\",\"url\":\"https:\\\/\\\/www.meldelperello.com\\\/wp-content\\\/uploads\\\/2022\\\/03\\\/Mel-de-lAvi-Llui\u0301s-gener-2020-Bruc-250g.jpg\",\"contentUrl\":\"https:\\\/\\\/www.meldelperello.com\\\/wp-content\\\/uploads\\\/2022\\\/03\\\/Mel-de-lAvi-Llui\u0301s-gener-2020-Bruc-250g.jpg\",\"width\":300,\"height\":300,\"caption\":\"mel avi lluis perello baix ebre catalunya - miel abejas panal natural eco\"},{\"@type\":\"BreadcrumbList\",\"@id\":\"https:\\\/\\\/www.meldelperello.com\\\/es\\\/productos\\\/miel\\\/brezo\\\/#breadcrumb\",\"itemListElement\":[{\"@type\":\"ListItem\",\"position\":1,\"name\":\"Inici\",\"item\":\"https:\\\/\\\/www.meldelperello.com\\\/es\\\/\"},{\"@type\":\"ListItem\",\"position\":2,\"name\":\"PRODUCTOS\",\"item\":\"https:\\\/\\\/www.meldelperello.com\\\/es\\\/productos\\\/\"},{\"@type\":\"ListItem\",\"position\":3,\"name\":\"MIEL\",\"item\":\"https:\\\/\\\/www.meldelperello.com\\\/es\\\/productos\\\/miel\\\/\"},{\"@type\":\"ListItem\",\"position\":4,\"name\":\"MIEL DE BREZO\"}]},{\"@type\":\"WebSite\",\"@id\":\"https:\\\/\\\/www.meldelperello.com\\\/es\\\/#website\",\"url\":\"https:\\\/\\\/www.meldelperello.com\\\/es\\\/\",\"name\":\"L&#039;Avi Llu\u00eds\",\"description\":\"Apicultors i productors de mel natural, pura i artesana\",\"publisher\":{\"@id\":\"https:\\\/\\\/www.meldelperello.com\\\/es\\\/#organization\"},\"potentialAction\":[{\"@type\":\"SearchAction\",\"target\":{\"@type\":\"EntryPoint\",\"urlTemplate\":\"https:\\\/\\\/www.meldelperello.com\\\/es\\\/?s={search_term_string}\"},\"query-input\":{\"@type\":\"PropertyValueSpecification\",\"valueRequired\":true,\"valueName\":\"search_term_string\"}}],\"inLanguage\":\"es\"},{\"@type\":\"Organization\",\"@id\":\"https:\\\/\\\/www.meldelperello.com\\\/es\\\/#organization\",\"name\":\"L'Avi Llu\u00eds\",\"url\":\"https:\\\/\\\/www.meldelperello.com\\\/es\\\/\",\"logo\":{\"@type\":\"ImageObject\",\"inLanguage\":\"es\",\"@id\":\"https:\\\/\\\/www.meldelperello.com\\\/es\\\/#\\\/schema\\\/logo\\\/image\\\/\",\"url\":\"https:\\\/\\\/www.meldelperello.com\\\/wp-content\\\/uploads\\\/2022\\\/02\\\/logo.svg\",\"contentUrl\":\"https:\\\/\\\/www.meldelperello.com\\\/wp-content\\\/uploads\\\/2022\\\/02\\\/logo.svg\",\"width\":137,\"height\":121,\"caption\":\"L'Avi Llu\u00eds\"},\"image\":{\"@id\":\"https:\\\/\\\/www.meldelperello.com\\\/es\\\/#\\\/schema\\\/logo\\\/image\\\/\"},\"sameAs\":[\"https:\\\/\\\/www.facebook.com\\\/avi.lluis\\\/\",\"https:\\\/\\\/www.instagram.com\\\/avilluis_meldelperello\\\/\",\"https:\\\/\\\/www.youtube.com\\\/c\\\/MeldelperelloAviLluis\"]}]}<\/script>\n<!-- \/ Yoast SEO plugin. -->","yoast_head_json":{"title":"MIEL DE BREZO - L&#039;Avi Llu\u00eds","description":"Compra Miel de Brezo pura y artesanal directamente en el Apicultor y disfruta de la M\u00e1xima Calidad \u2705 \u00a1Descubre nuestras ofertas! Env\u00edo 24-48h","robots":{"index":"index","follow":"follow","max-snippet":"max-snippet:-1","max-image-preview":"max-image-preview:large","max-video-preview":"max-video-preview:-1"},"canonical":"https:\/\/www.meldelperello.com\/es\/productos\/miel\/brezo\/","og_locale":"es_ES","og_type":"article","og_title":"MIEL DE BREZO - L&#039;Avi Llu\u00eds","og_description":"Compra Miel de Brezo pura y artesanal directamente en el Apicultor y disfruta de la M\u00e1xima Calidad \u2705 \u00a1Descubre nuestras ofertas! Env\u00edo 24-48h","og_url":"https:\/\/www.meldelperello.com\/es\/productos\/miel\/brezo\/","og_site_name":"L&#039;Avi Llu\u00eds","article_publisher":"https:\/\/www.facebook.com\/avi.lluis\/","article_modified_time":"2025-04-02T15:03:11+00:00","og_image":[{"width":300,"height":300,"url":"https:\/\/www.meldelperello.com\/wp-content\/uploads\/2022\/03\/Mel-de-lAvi-Llui\u0301s-gener-2020-Bruc-250g.jpg","type":"image\/jpeg"}],"twitter_card":"summary_large_image","twitter_misc":{"Tiempo de lectura":"4 minutos"},"schema":{"@context":"https:\/\/schema.org","@graph":[{"@type":"WebPage","@id":"https:\/\/www.meldelperello.com\/es\/productos\/miel\/brezo\/","url":"https:\/\/www.meldelperello.com\/es\/productos\/miel\/brezo\/","name":"MIEL DE BREZO - L&#039;Avi Llu\u00eds","isPartOf":{"@id":"https:\/\/www.meldelperello.com\/es\/#website"},"primaryImageOfPage":{"@id":"https:\/\/www.meldelperello.com\/es\/productos\/miel\/brezo\/#primaryimage"},"image":{"@id":"https:\/\/www.meldelperello.com\/es\/productos\/miel\/brezo\/#primaryimage"},"thumbnailUrl":"https:\/\/www.meldelperello.com\/wp-content\/uploads\/2022\/03\/Mel-de-lAvi-Llui\u0301s-gener-2020-Bruc-250g.jpg","datePublished":"2022-03-23T18:33:06+00:00","dateModified":"2025-04-02T15:03:11+00:00","description":"Compra Miel de Brezo pura y artesanal directamente en el Apicultor y disfruta de la M\u00e1xima Calidad \u2705 \u00a1Descubre nuestras ofertas! Env\u00edo 24-48h","breadcrumb":{"@id":"https:\/\/www.meldelperello.com\/es\/productos\/miel\/brezo\/#breadcrumb"},"inLanguage":"es","potentialAction":[{"@type":"ReadAction","target":["https:\/\/www.meldelperello.com\/es\/productos\/miel\/brezo\/"]}]},{"@type":"ImageObject","inLanguage":"es","@id":"https:\/\/www.meldelperello.com\/es\/productos\/miel\/brezo\/#primaryimage","url":"https:\/\/www.meldelperello.com\/wp-content\/uploads\/2022\/03\/Mel-de-lAvi-Llui\u0301s-gener-2020-Bruc-250g.jpg","contentUrl":"https:\/\/www.meldelperello.com\/wp-content\/uploads\/2022\/03\/Mel-de-lAvi-Llui\u0301s-gener-2020-Bruc-250g.jpg","width":300,"height":300,"caption":"mel avi lluis perello baix ebre catalunya - miel abejas panal natural eco"},{"@type":"BreadcrumbList","@id":"https:\/\/www.meldelperello.com\/es\/productos\/miel\/brezo\/#breadcrumb","itemListElement":[{"@type":"ListItem","position":1,"name":"Inici","item":"https:\/\/www.meldelperello.com\/es\/"},{"@type":"ListItem","position":2,"name":"PRODUCTOS","item":"https:\/\/www.meldelperello.com\/es\/productos\/"},{"@type":"ListItem","position":3,"name":"MIEL","item":"https:\/\/www.meldelperello.com\/es\/productos\/miel\/"},{"@type":"ListItem","position":4,"name":"MIEL DE BREZO"}]},{"@type":"WebSite","@id":"https:\/\/www.meldelperello.com\/es\/#website","url":"https:\/\/www.meldelperello.com\/es\/","name":"L&#039;Avi Llu\u00eds","description":"Apicultors i productors de mel natural, pura i artesana","publisher":{"@id":"https:\/\/www.meldelperello.com\/es\/#organization"},"potentialAction":[{"@type":"SearchAction","target":{"@type":"EntryPoint","urlTemplate":"https:\/\/www.meldelperello.com\/es\/?s={search_term_string}"},"query-input":{"@type":"PropertyValueSpecification","valueRequired":true,"valueName":"search_term_string"}}],"inLanguage":"es"},{"@type":"Organization","@id":"https:\/\/www.meldelperello.com\/es\/#organization","name":"L'Avi Llu\u00eds","url":"https:\/\/www.meldelperello.com\/es\/","logo":{"@type":"ImageObject","inLanguage":"es","@id":"https:\/\/www.meldelperello.com\/es\/#\/schema\/logo\/image\/","url":"https:\/\/www.meldelperello.com\/wp-content\/uploads\/2022\/02\/logo.svg","contentUrl":"https:\/\/www.meldelperello.com\/wp-content\/uploads\/2022\/02\/logo.svg","width":137,"height":121,"caption":"L'Avi Llu\u00eds"},"image":{"@id":"https:\/\/www.meldelperello.com\/es\/#\/schema\/logo\/image\/"},"sameAs":["https:\/\/www.facebook.com\/avi.lluis\/","https:\/\/www.instagram.com\/avilluis_meldelperello\/","https:\/\/www.youtube.com\/c\/MeldelperelloAviLluis"]}]}},"_links":{"self":[{"href":"https:\/\/www.meldelperello.com\/es\/wp-json\/wp\/v2\/pages\/10264","targetHints":{"allow":["GET"]}}],"collection":[{"href":"https:\/\/www.meldelperello.com\/es\/wp-json\/wp\/v2\/pages"}],"about":[{"href":"https:\/\/www.meldelperello.com\/es\/wp-json\/wp\/v2\/types\/page"}],"author":[{"embeddable":true,"href":"https:\/\/www.meldelperello.com\/es\/wp-json\/wp\/v2\/users\/1"}],"replies":[{"embeddable":true,"href":"https:\/\/www.meldelperello.com\/es\/wp-json\/wp\/v2\/comments?post=10264"}],"version-history":[{"count":11,"href":"https:\/\/www.meldelperello.com\/es\/wp-json\/wp\/v2\/pages\/10264\/revisions"}],"predecessor-version":[{"id":11915,"href":"https:\/\/www.meldelperello.com\/es\/wp-json\/wp\/v2\/pages\/10264\/revisions\/11915"}],"up":[{"embeddable":true,"href":"https:\/\/www.meldelperello.com\/es\/wp-json\/wp\/v2\/pages\/10218"}],"wp:featuredmedia":[{"embeddable":true,"href":"https:\/\/www.meldelperello.com\/es\/wp-json\/wp\/v2\/media\/9071"}],"wp:attachment":[{"href":"https:\/\/www.meldelperello.com\/es\/wp-json\/wp\/v2\/media?parent=10264"}],"curies":[{"name":"wp","href":"https:\/\/api.w.org\/{rel}","templated":true}]}}