{"id":10258,"date":"2022-03-23T19:12:59","date_gmt":"2022-03-23T18:12:59","guid":{"rendered":"https:\/\/perello.debonatinta.com\/productos\/miel\/bosc\/"},"modified":"2025-04-02T16:59:46","modified_gmt":"2025-04-02T14:59:46","slug":"bosque","status":"publish","type":"page","link":"https:\/\/www.meldelperello.com\/es\/productos\/miel\/bosque\/","title":{"rendered":"MIEL DE BOSQUE"},"content":{"rendered":"<div class=\"wpb-content-wrapper\"><p>[vc_row gap=&#8221;25&#8243; el_class=&#8221;producto&#8221; css=&#8221;.vc_custom_1645552768280{margin-bottom: 60px !important;}&#8221;][vc_column width=&#8221;1\/2&#8243;][vc_single_image image=&#8221;9395&#8243; img_size=&#8221;full&#8221;][\/vc_column][vc_column width=&#8221;1\/2&#8243;][vc_column_text css=&#8221;.vc_custom_1742830836894{margin-bottom: 50px !important;}&#8221;]<\/p>\n<h1><strong>MIELATO DE BOSQUE O MIELATO DE ROBLE Y ENCINA<\/strong><\/h1>\n<h2>Intenso, con toques salados. El b\u00e1lsamo del bosque.<\/h2>\n<p><strong>CARACTER\u00cdSTICAS DEL MIELATO DE BOSQUE<\/strong><\/p>\n<p>Este producto se llama <em>mielato <\/em>por su origen, ya que, al contrario de las diferentes mieles, no proviene del n\u00e9ctar de las flores, sino de una segregaci\u00f3n de la bellota de roble y de la de encina, y tambi\u00e9n de las hojas del roble. Es una miel muy rica en sales minerales y enzimas.<\/p>\n<p>El mielato de bosque tiene un color tirando a negro y un olor potente.[\/vc_column_text][vc_tta_accordion section_title_tag=&#8221;h3&#8243; style=&#8221;flat&#8221; shape=&#8221;square&#8221; color=&#8221;white&#8221; c_position=&#8221;right&#8221; active_section=&#8221;999&#8243; no_fill=&#8221;true&#8221; collapsible_all=&#8221;true&#8221;][vc_tta_section title=&#8221;Producci\u00f3n del mielato de bosque&#8221; tab_id=&#8221;produccion&#8221;][vc_column_text]Lo producimos en los Prepirineos o en los bosques de roble del interior de la pen\u00ednsula Ib\u00e9rica durante el verano.[\/vc_column_text][\/vc_tta_section][vc_tta_section title=&#8221;Cristalizaci\u00f3n del mielato de bosque&#8221; tab_id=&#8221;cristalizacion&#8221;][vc_column_text]Gracias a su composici\u00f3n, es una miel muy fluida, que raramente cristaliza.[\/vc_column_text][\/vc_tta_section][vc_tta_section title=&#8221;Propiedades del mielato de bosque&#8221; tab_id=&#8221;propiedades&#8221;][vc_column_text css=&#8221;&#8221;]El mielato de bosque se distingue por su sabor profundo y su composici\u00f3n particular. Su perfil gustativo y su elevada presencia de fructosa lo convierten en una opci\u00f3n apreciada por su singularidad y riqueza sensorial.[\/vc_column_text][\/vc_tta_section][vc_tta_section title=&#8221;C\u00f3mo tomar mielato de bosque&#8221; tab_id=&#8221;como-tomar&#8221;][vc_column_text]Debido a su sabor intenso y sus notas saladas, se combina muy bien con salsas para carne, quesos curados y frescos, y con las vinagretas.[\/vc_column_text][\/vc_tta_section][\/vc_tta_accordion][vc_btn title=&#8221;Ficha t\u00e9cnica&#8221; style=&#8221;flat&#8221; shape=&#8221;square&#8221; color=&#8221;black&#8221; size=&#8221;lg&#8221; i_align=&#8221;right&#8221; i_icon_fontawesome=&#8221;far fa-file-pdf&#8221; add_icon=&#8221;true&#8221; link=&#8221;url:https%3A%2F%2Fmeldelperello.com%2Fwp-content%2Fuploads%2F2022%2F06%2FFT-BOSQUE-V1.pdf&#8221; el_class=&#8221;ficha&#8221;][\/vc_column][\/vc_row][vc_row][vc_column][vc_column_text]<\/p>\n<h3 style=\"text-align: center;\"><strong>OTROS FORMATOS DEL MIELATO DE BOSQUE<br \/>\n<\/strong><\/h3>\n<p>[\/vc_column_text][\/vc_column][\/vc_row][vc_row gap=&#8221;15&#8243; el_class=&#8221;formatos&#8221; css=&#8221;.vc_custom_1645553046136{margin-bottom: 60px !important;}&#8221;][vc_column width=&#8221;1\/4&#8243;][vc_single_image image=&#8221;9018&#8243; img_size=&#8221;full&#8221; alignment=&#8221;center&#8221; css=&#8221;.vc_custom_1648059362230{margin-bottom: 25px !important;}&#8221; image_hovers=&#8221;false&#8221;][vc_column_text css=&#8221;.vc_custom_1653825829400{margin-bottom: 40px !important;}&#8221;]<\/p>\n<h3 style=\"text-align: center;\">Ref. 010802 \u2013 BOSQUE 50 GR.<\/h3>\n<p style=\"text-align: center;\"><strong>EAN-13: 8437013977562<\/strong><br \/>\nMielato de Bosque en de 50 gr de vidrio<\/p>\n<p>[\/vc_column_text][\/vc_column][vc_column width=&#8221;1\/4&#8243;][vc_single_image image=&#8221;9022&#8243; img_size=&#8221;full&#8221; alignment=&#8221;center&#8221; css=&#8221;.vc_custom_1648059408113{margin-bottom: 25px !important;}&#8221; image_hovers=&#8221;false&#8221;][vc_column_text css=&#8221;.vc_custom_1653825860944{margin-bottom: 40px !important;}&#8221;]<\/p>\n<h3 style=\"text-align: center;\">Ref. 010822 \u2013 BOSQUE 250 GR. ANTIGOTEO<\/h3>\n<p style=\"text-align: center;\"><strong>EAN-13: 8437013977692<\/strong><br \/>\nMielato de Bosque en bote de 250 gr. antigoteo de pl\u00e1stico.<br \/>\n20 unidades por caja<\/p>\n<p>[\/vc_column_text][\/vc_column][vc_column width=&#8221;1\/4&#8243;][vc_single_image image=&#8221;9026&#8243; img_size=&#8221;full&#8221; alignment=&#8221;center&#8221; css=&#8221;.vc_custom_1648059450173{margin-bottom: 25px !important;}&#8221; image_hovers=&#8221;false&#8221;][vc_column_text css=&#8221;.vc_custom_1653825883715{margin-bottom: 40px !important;}&#8221;]<\/p>\n<h3 style=\"text-align: center;\">Ref. 010826 \u2013 BOSQUE 250 GR.<\/h3>\n<p style=\"text-align: center;\"><strong>EAN-13: 8437013977289<\/strong><br \/>\nMielato de Bosque en bote de 250 gr de vidrio.<br \/>\n12 unidades por caja<\/p>\n<p>[\/vc_column_text][\/vc_column][vc_column width=&#8221;1\/4&#8243;][vc_single_image image=&#8221;9030&#8243; img_size=&#8221;full&#8221; alignment=&#8221;center&#8221; css=&#8221;.vc_custom_1648059496028{margin-bottom: 25px !important;}&#8221; image_hovers=&#8221;false&#8221;][vc_column_text css=&#8221;.vc_custom_1699351270828{margin-bottom: 40px !important;}&#8221;]<\/p>\n<h3 style=\"text-align: center;\">Ref. 010805 \u2013 BOSQUE 490 GR.<\/h3>\n<p style=\"text-align: center;\"><strong>EAN-13: 8437001517787<\/strong><br \/>\nMielato de Bosque en bote de 490 gr de vidrio.<br \/>\n12 unidades por caja<\/p>\n<p>[\/vc_column_text][\/vc_column][\/vc_row][vc_row gap=&#8221;15&#8243; el_class=&#8221;formatos&#8221; css=&#8221;.vc_custom_1645553046136{margin-bottom: 60px !important;}&#8221;][vc_column width=&#8221;1\/4&#8243;][vc_single_image image=&#8221;9034&#8243; img_size=&#8221;full&#8221; alignment=&#8221;center&#8221; css=&#8221;.vc_custom_1648059542514{margin-bottom: 25px !important;}&#8221; image_hovers=&#8221;false&#8221;][vc_column_text css=&#8221;.vc_custom_1664524424717{margin-bottom: 40px !important;}&#8221;]<\/p>\n<h3 style=\"text-align: center;\">Ref. 010821 \u2013 BOSQUE 500 GR. ANTIGOTEO<\/h3>\n<p style=\"text-align: center;\"><strong>EAN-13: 8437001517909<\/strong><br \/>\nMielato de Bosque en bote de 500 gr. antigoteo de pl\u00e1stico.<br \/>\n11 unidades por caja<\/p>\n<p>[\/vc_column_text][\/vc_column][vc_column width=&#8221;1\/4&#8243;][vc_single_image image=&#8221;9038&#8243; img_size=&#8221;full&#8221; alignment=&#8221;center&#8221; css=&#8221;.vc_custom_1648059583948{margin-bottom: 25px !important;}&#8221; image_hovers=&#8221;false&#8221;][vc_column_text css=&#8221;.vc_custom_1653825955232{margin-bottom: 40px !important;}&#8221;]<\/p>\n<h3 style=\"text-align: center;\">Ref. 010807 \u2013 BOSQUE 980 GR.<\/h3>\n<p style=\"text-align: center;\"><strong>EAN-13: 8437001517794<\/strong><br \/>\nMielato de Bosque en bote de 980 gr de vidrio.<br \/>\n6 unidades por caja<\/p>\n<p>[\/vc_column_text][\/vc_column][vc_column width=&#8221;1\/4&#8243;][vc_single_image image=&#8221;9042&#8243; img_size=&#8221;full&#8221; alignment=&#8221;center&#8221; css=&#8221;.vc_custom_1648059628284{margin-bottom: 25px !important;}&#8221; image_hovers=&#8221;false&#8221;][vc_column_text css=&#8221;.vc_custom_1653825975595{margin-bottom: 40px !important;}&#8221;]<\/p>\n<h3 style=\"text-align: center;\">Ref. 010809 \u2013 BOSQUE 2000 GR.<\/h3>\n<p style=\"text-align: center;\"><strong>EAN-13: 8437013977593<\/strong><br \/>\nMielato de Bosque en bombona de 2000 gr de pl\u00e1stico.<br \/>\n6 unidades por caja<\/p>\n<p>[\/vc_column_text][\/vc_column][vc_column width=&#8221;1\/4&#8243;][vc_single_image image=&#8221;9046&#8243; img_size=&#8221;full&#8221; alignment=&#8221;center&#8221; css=&#8221;.vc_custom_1648059676898{margin-bottom: 25px !important;}&#8221; image_hovers=&#8221;false&#8221;][vc_column_text css=&#8221;.vc_custom_1653826002741{margin-bottom: 40px !important;}&#8221;]<\/p>\n<h3 style=\"text-align: center;\">Ref. 010810 \u2013 BOSQUE 3000 GR.<\/h3>\n<p style=\"text-align: center;\"><strong>EAN-13: 8437013977609<\/strong><br \/>\nMielato de Bosque en bombona de 3000 gr de pl\u00e1stico.<br \/>\n5 unidades por caja<\/p>\n<p>[\/vc_column_text][\/vc_column][\/vc_row][vc_row gap=&#8221;15&#8243; el_class=&#8221;formatos&#8221; css=&#8221;.vc_custom_1645553046136{margin-bottom: 60px !important;}&#8221;][vc_column width=&#8221;1\/4&#8243;][vc_single_image image=&#8221;11233&#8243; img_size=&#8221;full&#8221; alignment=&#8221;center&#8221; css=&#8221;.vc_custom_1699951628999{margin-bottom: 25px !important;}&#8221; image_hovers=&#8221;false&#8221;][vc_column_text css=&#8221;.vc_custom_1699351290288{margin-bottom: 40px !important;}&#8221;]<\/p>\n<h3 style=\"text-align: center;\">Ref. 010811 \u2013 BOSQUE 5250 GR.<\/h3>\n<p style=\"text-align: center;\"><strong>EAN-13: 8437013977616<\/strong><br \/>\nMielato de Bosque en bombona de 5250 gr de pl\u00e1stico<\/p>\n<p>[\/vc_column_text][\/vc_column][vc_column width=&#8221;1\/4&#8243;][\/vc_column][vc_column width=&#8221;1\/4&#8243;][\/vc_column][vc_column width=&#8221;1\/4&#8243;][\/vc_column][\/vc_row][vc_row][vc_column][vc_column_text css=&#8221;.vc_custom_1653826034217{margin-bottom: 60px !important;}&#8221;]<\/p>\n<p style=\"text-align: center;\"><strong>Disponemos de cubos de 10 y 20 kg. y bidones de 300 kg.<\/strong><\/p>\n<p>[\/vc_column_text][\/vc_column][\/vc_row][vc_row full_width=&#8221;stretch_row_content_no_spaces&#8221; bg_type=&#8221;image&#8221; parallax_style=&#8221;vcpb-vz-jquery&#8221; bg_image_new=&#8221;id^9833|url^https:\/\/www.meldelperello.com\/wp-content\/uploads\/2022\/04\/bg-1.jpg|caption^null|alt^null|title^bg|description^null&#8221; bg_image_repeat=&#8221;no-repeat&#8221; bg_override=&#8221;full&#8221; disable_on_mobile_img_parallax=&#8221;disable_on_mobile_img_parallax_value&#8221; el_class=&#8221;blanco poema&#8221;][vc_column][vc_empty_space height=&#8221;400&#8243;][\/vc_column][\/vc_row]<\/p>\n<\/div>","protected":false},"excerpt":{"rendered":"<p>[vc_row gap=&#8221;25&#8243; el_class=&#8221;producto&#8221; css=&#8221;.vc_custom_1645552768280{margin-bottom: 60px !important;}&#8221;][vc_column width=&#8221;1\/2&#8243;][vc_single_image image=&#8221;9395&#8243; img_size=&#8221;full&#8221;][\/vc_column][vc_column width=&#8221;1\/2&#8243;][vc_column_text css=&#8221;.vc_custom_1742830836894{margin-bottom: 50px !important;}&#8221;] MIELATO DE BOSQUE O MIELATO DE ROBLE Y ENCINA Intenso, con toques salados. El b\u00e1lsamo del bosque. CARACTER\u00cdSTICAS DEL MIELATO DE BOSQUE Este producto se llama mielato por su origen, ya que, al contrario de las diferentes mieles, no proviene del n\u00e9ctar&hellip;<\/p>\n","protected":false},"author":1,"featured_media":9026,"parent":10218,"menu_order":0,"comment_status":"closed","ping_status":"closed","template":"","meta":{"inline_featured_image":false,"footnotes":""},"class_list":["post-10258","page","type-page","status-publish","has-post-thumbnail","hentry","description-off"],"yoast_head":"<!-- This site is optimized with the Yoast SEO plugin v27.3 - https:\/\/yoast.com\/product\/yoast-seo-wordpress\/ -->\n<title>MIEL DE BOSQUE - L&#039;Avi Llu\u00eds<\/title>\n<meta name=\"description\" content=\"Compra Mielado de Bosque puro y artesanal directamente en el Apicultor y disfruta de la M\u00e1xima Calidad \u2705 \u00a1Descubre nuestras ofertas! Env\u00edo 24-48h\" \/>\n<meta name=\"robots\" content=\"index, follow, max-snippet:-1, max-image-preview:large, max-video-preview:-1\" \/>\n<link rel=\"canonical\" href=\"https:\/\/www.meldelperello.com\/es\/productos\/miel\/bosque\/\" \/>\n<meta property=\"og:locale\" content=\"es_ES\" \/>\n<meta property=\"og:type\" content=\"article\" \/>\n<meta property=\"og:title\" content=\"MIEL DE BOSQUE - L&#039;Avi Llu\u00eds\" \/>\n<meta property=\"og:description\" content=\"Compra Mielado de Bosque puro y artesanal directamente en el Apicultor y disfruta de la M\u00e1xima Calidad \u2705 \u00a1Descubre nuestras ofertas! Env\u00edo 24-48h\" \/>\n<meta property=\"og:url\" content=\"https:\/\/www.meldelperello.com\/es\/productos\/miel\/bosque\/\" \/>\n<meta property=\"og:site_name\" content=\"L&#039;Avi Llu\u00eds\" \/>\n<meta property=\"article:publisher\" content=\"https:\/\/www.facebook.com\/avi.lluis\/\" \/>\n<meta property=\"article:modified_time\" content=\"2025-04-02T14:59:46+00:00\" \/>\n<meta property=\"og:image\" content=\"https:\/\/www.meldelperello.com\/wp-content\/uploads\/2022\/03\/Mel-de-lAvi-Llui\u0301s-gener-2020-Bosc-250g.jpg\" \/>\n\t<meta property=\"og:image:width\" content=\"300\" \/>\n\t<meta property=\"og:image:height\" content=\"300\" \/>\n\t<meta property=\"og:image:type\" content=\"image\/jpeg\" \/>\n<meta name=\"twitter:card\" content=\"summary_large_image\" \/>\n<meta name=\"twitter:label1\" content=\"Tiempo de lectura\" \/>\n\t<meta name=\"twitter:data1\" content=\"4 minutos\" \/>\n<script type=\"application\/ld+json\" class=\"yoast-schema-graph\">{\"@context\":\"https:\\\/\\\/schema.org\",\"@graph\":[{\"@type\":\"WebPage\",\"@id\":\"https:\\\/\\\/www.meldelperello.com\\\/es\\\/productos\\\/miel\\\/bosque\\\/\",\"url\":\"https:\\\/\\\/www.meldelperello.com\\\/es\\\/productos\\\/miel\\\/bosque\\\/\",\"name\":\"MIEL DE BOSQUE - L&#039;Avi Llu\u00eds\",\"isPartOf\":{\"@id\":\"https:\\\/\\\/www.meldelperello.com\\\/es\\\/#website\"},\"primaryImageOfPage\":{\"@id\":\"https:\\\/\\\/www.meldelperello.com\\\/es\\\/productos\\\/miel\\\/bosque\\\/#primaryimage\"},\"image\":{\"@id\":\"https:\\\/\\\/www.meldelperello.com\\\/es\\\/productos\\\/miel\\\/bosque\\\/#primaryimage\"},\"thumbnailUrl\":\"https:\\\/\\\/www.meldelperello.com\\\/wp-content\\\/uploads\\\/2022\\\/03\\\/Mel-de-lAvi-Llui\u0301s-gener-2020-Bosc-250g.jpg\",\"datePublished\":\"2022-03-23T18:12:59+00:00\",\"dateModified\":\"2025-04-02T14:59:46+00:00\",\"description\":\"Compra Mielado de Bosque puro y artesanal directamente en el Apicultor y disfruta de la M\u00e1xima Calidad \u2705 \u00a1Descubre nuestras ofertas! Env\u00edo 24-48h\",\"breadcrumb\":{\"@id\":\"https:\\\/\\\/www.meldelperello.com\\\/es\\\/productos\\\/miel\\\/bosque\\\/#breadcrumb\"},\"inLanguage\":\"es\",\"potentialAction\":[{\"@type\":\"ReadAction\",\"target\":[\"https:\\\/\\\/www.meldelperello.com\\\/es\\\/productos\\\/miel\\\/bosque\\\/\"]}]},{\"@type\":\"ImageObject\",\"inLanguage\":\"es\",\"@id\":\"https:\\\/\\\/www.meldelperello.com\\\/es\\\/productos\\\/miel\\\/bosque\\\/#primaryimage\",\"url\":\"https:\\\/\\\/www.meldelperello.com\\\/wp-content\\\/uploads\\\/2022\\\/03\\\/Mel-de-lAvi-Llui\u0301s-gener-2020-Bosc-250g.jpg\",\"contentUrl\":\"https:\\\/\\\/www.meldelperello.com\\\/wp-content\\\/uploads\\\/2022\\\/03\\\/Mel-de-lAvi-Llui\u0301s-gener-2020-Bosc-250g.jpg\",\"width\":300,\"height\":300,\"caption\":\"mel avi lluis perello baix ebre catalunya - miel abejas panal natural eco\"},{\"@type\":\"BreadcrumbList\",\"@id\":\"https:\\\/\\\/www.meldelperello.com\\\/es\\\/productos\\\/miel\\\/bosque\\\/#breadcrumb\",\"itemListElement\":[{\"@type\":\"ListItem\",\"position\":1,\"name\":\"Inici\",\"item\":\"https:\\\/\\\/www.meldelperello.com\\\/es\\\/\"},{\"@type\":\"ListItem\",\"position\":2,\"name\":\"PRODUCTOS\",\"item\":\"https:\\\/\\\/www.meldelperello.com\\\/es\\\/productos\\\/\"},{\"@type\":\"ListItem\",\"position\":3,\"name\":\"MIEL\",\"item\":\"https:\\\/\\\/www.meldelperello.com\\\/es\\\/productos\\\/miel\\\/\"},{\"@type\":\"ListItem\",\"position\":4,\"name\":\"MIEL DE BOSQUE\"}]},{\"@type\":\"WebSite\",\"@id\":\"https:\\\/\\\/www.meldelperello.com\\\/es\\\/#website\",\"url\":\"https:\\\/\\\/www.meldelperello.com\\\/es\\\/\",\"name\":\"L&#039;Avi Llu\u00eds\",\"description\":\"Apicultors i productors de mel natural, pura i artesana\",\"publisher\":{\"@id\":\"https:\\\/\\\/www.meldelperello.com\\\/es\\\/#organization\"},\"potentialAction\":[{\"@type\":\"SearchAction\",\"target\":{\"@type\":\"EntryPoint\",\"urlTemplate\":\"https:\\\/\\\/www.meldelperello.com\\\/es\\\/?s={search_term_string}\"},\"query-input\":{\"@type\":\"PropertyValueSpecification\",\"valueRequired\":true,\"valueName\":\"search_term_string\"}}],\"inLanguage\":\"es\"},{\"@type\":\"Organization\",\"@id\":\"https:\\\/\\\/www.meldelperello.com\\\/es\\\/#organization\",\"name\":\"L'Avi Llu\u00eds\",\"url\":\"https:\\\/\\\/www.meldelperello.com\\\/es\\\/\",\"logo\":{\"@type\":\"ImageObject\",\"inLanguage\":\"es\",\"@id\":\"https:\\\/\\\/www.meldelperello.com\\\/es\\\/#\\\/schema\\\/logo\\\/image\\\/\",\"url\":\"https:\\\/\\\/www.meldelperello.com\\\/wp-content\\\/uploads\\\/2022\\\/02\\\/logo.svg\",\"contentUrl\":\"https:\\\/\\\/www.meldelperello.com\\\/wp-content\\\/uploads\\\/2022\\\/02\\\/logo.svg\",\"width\":137,\"height\":121,\"caption\":\"L'Avi Llu\u00eds\"},\"image\":{\"@id\":\"https:\\\/\\\/www.meldelperello.com\\\/es\\\/#\\\/schema\\\/logo\\\/image\\\/\"},\"sameAs\":[\"https:\\\/\\\/www.facebook.com\\\/avi.lluis\\\/\",\"https:\\\/\\\/www.instagram.com\\\/avilluis_meldelperello\\\/\",\"https:\\\/\\\/www.youtube.com\\\/c\\\/MeldelperelloAviLluis\"]}]}<\/script>\n<!-- \/ Yoast SEO plugin. -->","yoast_head_json":{"title":"MIEL DE BOSQUE - L&#039;Avi Llu\u00eds","description":"Compra Mielado de Bosque puro y artesanal directamente en el Apicultor y disfruta de la M\u00e1xima Calidad \u2705 \u00a1Descubre nuestras ofertas! Env\u00edo 24-48h","robots":{"index":"index","follow":"follow","max-snippet":"max-snippet:-1","max-image-preview":"max-image-preview:large","max-video-preview":"max-video-preview:-1"},"canonical":"https:\/\/www.meldelperello.com\/es\/productos\/miel\/bosque\/","og_locale":"es_ES","og_type":"article","og_title":"MIEL DE BOSQUE - L&#039;Avi Llu\u00eds","og_description":"Compra Mielado de Bosque puro y artesanal directamente en el Apicultor y disfruta de la M\u00e1xima Calidad \u2705 \u00a1Descubre nuestras ofertas! Env\u00edo 24-48h","og_url":"https:\/\/www.meldelperello.com\/es\/productos\/miel\/bosque\/","og_site_name":"L&#039;Avi Llu\u00eds","article_publisher":"https:\/\/www.facebook.com\/avi.lluis\/","article_modified_time":"2025-04-02T14:59:46+00:00","og_image":[{"width":300,"height":300,"url":"https:\/\/www.meldelperello.com\/wp-content\/uploads\/2022\/03\/Mel-de-lAvi-Llui\u0301s-gener-2020-Bosc-250g.jpg","type":"image\/jpeg"}],"twitter_card":"summary_large_image","twitter_misc":{"Tiempo de lectura":"4 minutos"},"schema":{"@context":"https:\/\/schema.org","@graph":[{"@type":"WebPage","@id":"https:\/\/www.meldelperello.com\/es\/productos\/miel\/bosque\/","url":"https:\/\/www.meldelperello.com\/es\/productos\/miel\/bosque\/","name":"MIEL DE BOSQUE - L&#039;Avi Llu\u00eds","isPartOf":{"@id":"https:\/\/www.meldelperello.com\/es\/#website"},"primaryImageOfPage":{"@id":"https:\/\/www.meldelperello.com\/es\/productos\/miel\/bosque\/#primaryimage"},"image":{"@id":"https:\/\/www.meldelperello.com\/es\/productos\/miel\/bosque\/#primaryimage"},"thumbnailUrl":"https:\/\/www.meldelperello.com\/wp-content\/uploads\/2022\/03\/Mel-de-lAvi-Llui\u0301s-gener-2020-Bosc-250g.jpg","datePublished":"2022-03-23T18:12:59+00:00","dateModified":"2025-04-02T14:59:46+00:00","description":"Compra Mielado de Bosque puro y artesanal directamente en el Apicultor y disfruta de la M\u00e1xima Calidad \u2705 \u00a1Descubre nuestras ofertas! Env\u00edo 24-48h","breadcrumb":{"@id":"https:\/\/www.meldelperello.com\/es\/productos\/miel\/bosque\/#breadcrumb"},"inLanguage":"es","potentialAction":[{"@type":"ReadAction","target":["https:\/\/www.meldelperello.com\/es\/productos\/miel\/bosque\/"]}]},{"@type":"ImageObject","inLanguage":"es","@id":"https:\/\/www.meldelperello.com\/es\/productos\/miel\/bosque\/#primaryimage","url":"https:\/\/www.meldelperello.com\/wp-content\/uploads\/2022\/03\/Mel-de-lAvi-Llui\u0301s-gener-2020-Bosc-250g.jpg","contentUrl":"https:\/\/www.meldelperello.com\/wp-content\/uploads\/2022\/03\/Mel-de-lAvi-Llui\u0301s-gener-2020-Bosc-250g.jpg","width":300,"height":300,"caption":"mel avi lluis perello baix ebre catalunya - miel abejas panal natural eco"},{"@type":"BreadcrumbList","@id":"https:\/\/www.meldelperello.com\/es\/productos\/miel\/bosque\/#breadcrumb","itemListElement":[{"@type":"ListItem","position":1,"name":"Inici","item":"https:\/\/www.meldelperello.com\/es\/"},{"@type":"ListItem","position":2,"name":"PRODUCTOS","item":"https:\/\/www.meldelperello.com\/es\/productos\/"},{"@type":"ListItem","position":3,"name":"MIEL","item":"https:\/\/www.meldelperello.com\/es\/productos\/miel\/"},{"@type":"ListItem","position":4,"name":"MIEL DE BOSQUE"}]},{"@type":"WebSite","@id":"https:\/\/www.meldelperello.com\/es\/#website","url":"https:\/\/www.meldelperello.com\/es\/","name":"L&#039;Avi Llu\u00eds","description":"Apicultors i productors de mel natural, pura i artesana","publisher":{"@id":"https:\/\/www.meldelperello.com\/es\/#organization"},"potentialAction":[{"@type":"SearchAction","target":{"@type":"EntryPoint","urlTemplate":"https:\/\/www.meldelperello.com\/es\/?s={search_term_string}"},"query-input":{"@type":"PropertyValueSpecification","valueRequired":true,"valueName":"search_term_string"}}],"inLanguage":"es"},{"@type":"Organization","@id":"https:\/\/www.meldelperello.com\/es\/#organization","name":"L'Avi Llu\u00eds","url":"https:\/\/www.meldelperello.com\/es\/","logo":{"@type":"ImageObject","inLanguage":"es","@id":"https:\/\/www.meldelperello.com\/es\/#\/schema\/logo\/image\/","url":"https:\/\/www.meldelperello.com\/wp-content\/uploads\/2022\/02\/logo.svg","contentUrl":"https:\/\/www.meldelperello.com\/wp-content\/uploads\/2022\/02\/logo.svg","width":137,"height":121,"caption":"L'Avi Llu\u00eds"},"image":{"@id":"https:\/\/www.meldelperello.com\/es\/#\/schema\/logo\/image\/"},"sameAs":["https:\/\/www.facebook.com\/avi.lluis\/","https:\/\/www.instagram.com\/avilluis_meldelperello\/","https:\/\/www.youtube.com\/c\/MeldelperelloAviLluis"]}]}},"_links":{"self":[{"href":"https:\/\/www.meldelperello.com\/es\/wp-json\/wp\/v2\/pages\/10258","targetHints":{"allow":["GET"]}}],"collection":[{"href":"https:\/\/www.meldelperello.com\/es\/wp-json\/wp\/v2\/pages"}],"about":[{"href":"https:\/\/www.meldelperello.com\/es\/wp-json\/wp\/v2\/types\/page"}],"author":[{"embeddable":true,"href":"https:\/\/www.meldelperello.com\/es\/wp-json\/wp\/v2\/users\/1"}],"replies":[{"embeddable":true,"href":"https:\/\/www.meldelperello.com\/es\/wp-json\/wp\/v2\/comments?post=10258"}],"version-history":[{"count":11,"href":"https:\/\/www.meldelperello.com\/es\/wp-json\/wp\/v2\/pages\/10258\/revisions"}],"predecessor-version":[{"id":11914,"href":"https:\/\/www.meldelperello.com\/es\/wp-json\/wp\/v2\/pages\/10258\/revisions\/11914"}],"up":[{"embeddable":true,"href":"https:\/\/www.meldelperello.com\/es\/wp-json\/wp\/v2\/pages\/10218"}],"wp:featuredmedia":[{"embeddable":true,"href":"https:\/\/www.meldelperello.com\/es\/wp-json\/wp\/v2\/media\/9026"}],"wp:attachment":[{"href":"https:\/\/www.meldelperello.com\/es\/wp-json\/wp\/v2\/media?parent=10258"}],"curies":[{"name":"wp","href":"https:\/\/api.w.org\/{rel}","templated":true}]}}