{"id":10240,"date":"2022-03-23T18:22:03","date_gmt":"2022-03-23T17:22:03","guid":{"rendered":"https:\/\/perello.debonatinta.com\/productos\/miel\/mil-flors\/"},"modified":"2025-09-04T09:04:45","modified_gmt":"2025-09-04T07:04:45","slug":"mil-flores","status":"publish","type":"page","link":"https:\/\/www.meldelperello.com\/es\/productos\/miel\/mil-flores\/","title":{"rendered":"MIEL DE MIL FLORES"},"content":{"rendered":"<div class=\"wpb-content-wrapper\"><p>[vc_row gap=&#8221;25&#8243; el_class=&#8221;producto&#8221; css=&#8221;.vc_custom_1645552768280{margin-bottom: 60px !important;}&#8221;][vc_column width=&#8221;1\/2&#8243;][vc_single_image image=&#8221;9416&#8243; img_size=&#8221;full&#8221;][\/vc_column][vc_column width=&#8221;1\/2&#8243;][vc_column_text css=&#8221;.vc_custom_1742831155010{margin-bottom: 50px !important;}&#8221;]<\/p>\n<h1><strong>MIEL DE MIL FLORES<\/strong><\/h1>\n<h2>La selecci\u00f3n floral de las abejas. La miel de toda la vida.<\/h2>\n<p><strong>CARACTER\u00cdSTICAS DE LA MIEL DE MIL FLORES<\/strong><\/p>\n<p>La miel de mil flores tiene un olor y un sabor y variados, siempre en funci\u00f3n de las especies que la conforman. En las mieles multiflorales se pueden encontrar un sinf\u00edn de gustos y sensaciones. Es muy completa debido a la gran variedad de flores que liban las abejas y puede actuar como sustituta del az\u00facar.[\/vc_column_text][vc_tta_accordion section_title_tag=&#8221;h3&#8243; style=&#8221;flat&#8221; shape=&#8221;square&#8221; color=&#8221;white&#8221; c_position=&#8221;right&#8221; active_section=&#8221;999&#8243; no_fill=&#8221;true&#8221; collapsible_all=&#8221;true&#8221;][vc_tta_section title=&#8221;Producci\u00f3n de la miel de mil flores&#8221; tab_id=&#8221;produccion&#8221;][vc_column_text]La miel de mil flores tiene una zona de producci\u00f3n muy extensa. Empezamos a extraerla desde que florecen los primeros almendros en la zona litoral de Tarragona, a finales de febrero, y podemos terminar en los \u00faltimos brezos del oto\u00f1o. Si, al extraer la miel, no tiene marcado claramente un origen bot\u00e1nico concreto, esta miel la comercializamos como mil flores.[\/vc_column_text][\/vc_tta_section][vc_tta_section title=&#8221;Cristalizaci\u00f3n de la miel de mil flores&#8221; tab_id=&#8221;cristalizacion&#8221;][vc_column_text]Gracias a su pureza, nuestra miel de mil flores cristaliza con mucha facilidad. Tambi\u00e9n podemos modificar su textura y hacerla m\u00e1s l\u00edquida si la calentamos a menos de 40 \u00b0C al ba\u00f1o mar\u00eda. La cristalizaci\u00f3n de la miel de mil flores depende de su origen bot\u00e1nico.[\/vc_column_text][\/vc_tta_section][vc_tta_section title=&#8221;Propiedades de la miel de mil flores&#8221; tab_id=&#8221;propiedades&#8221;][vc_column_text css=&#8221;&#8221;]La miel de mil flores destaca por su gran diversidad de matices, ya que su composici\u00f3n var\u00eda seg\u00fan las plantas de las que proviene el n\u00e9ctar. Esta riqueza le otorga un perfil arom\u00e1tico y gustativo \u00fanico, convirti\u00e9ndola en una opci\u00f3n apreciada por su car\u00e1cter especial.[\/vc_column_text][\/vc_tta_section][vc_tta_section title=&#8221;C\u00f3mo tomar la miel de mil flores&#8221; tab_id=&#8221;como-tomar&#8221;][vc_column_text]La miel de mil flores se usa principalmente en la cocina y la pasteler\u00eda, como acompa\u00f1amiento del pan y tostadas y como aditivo de diversas bebidas, como el t\u00e9. Es recomendada como sustituto del az\u00facar, ya que endulza pero aporta muchas menos calor\u00edas que el az\u00facar refinado. Tambi\u00e9n contiene muchas sustancias beneficiosas para el organismo: vitaminas, prote\u00ednas, amino\u00e1cidos, \u00e1cidos org\u00e1nicos, elementos minerales y enzimas, entre otras.[\/vc_column_text][\/vc_tta_section][\/vc_tta_accordion][vc_btn title=&#8221;Ficha t\u00e9cnica&#8221; style=&#8221;flat&#8221; shape=&#8221;square&#8221; color=&#8221;black&#8221; size=&#8221;lg&#8221; i_align=&#8221;right&#8221; i_icon_fontawesome=&#8221;&#8221; css=&#8221;&#8221; add_icon=&#8221;true&#8221; link=&#8221;url:https%3A%2F%2Fdrive.google.com%2Ffile%2Fd%2F1KjMqyi5jDpuYCE6o426DZwEpt6ZBviUV%2Fview%3Fusp%3Dsharing&#8221; el_class=&#8221;ficha&#8221;][\/vc_column][\/vc_row][vc_row][vc_column][vc_column_text]<\/p>\n<h3 style=\"text-align: center;\"><strong>OTROS FORMATOS DE LA MIEL DE MIL FLORES<br \/>\n<\/strong><\/h3>\n<p>[\/vc_column_text][\/vc_column][\/vc_row][vc_row gap=&#8221;15&#8243; el_class=&#8221;formatos&#8221; css=&#8221;.vc_custom_1645553046136{margin-bottom: 60px !important;}&#8221;][vc_column width=&#8221;1\/4&#8243;][vc_single_image image=&#8221;8827&#8243; img_size=&#8221;full&#8221; alignment=&#8221;center&#8221; css=&#8221;.vc_custom_1648056346019{margin-bottom: 25px !important;}&#8221; image_hovers=&#8221;false&#8221;][vc_column_text css=&#8221;.vc_custom_1653824262054{margin-bottom: 40px !important;}&#8221;]<\/p>\n<h3 style=\"text-align: center;\">Ref. 010202 \u2013 MIL FLORES 50 GR.<\/h3>\n<p style=\"text-align: center;\"><strong>EAN-13: 8437001517558<\/strong><br \/>\nMiel de Mil Flores en bote de 50 gr de vidrio<\/p>\n<p>[\/vc_column_text][\/vc_column][vc_column width=&#8221;1\/4&#8243;][vc_single_image image=&#8221;8831&#8243; img_size=&#8221;full&#8221; alignment=&#8221;center&#8221; css=&#8221;.vc_custom_1648056392036{margin-bottom: 25px !important;}&#8221; image_hovers=&#8221;false&#8221;][vc_column_text css=&#8221;.vc_custom_1668507345254{margin-bottom: 40px !important;}&#8221;]<\/p>\n<h3 style=\"text-align: center;\">Ref. 010222 \u2013 MIL FLORES 250 GR. ANTIGOTEO<\/h3>\n<p style=\"text-align: center;\"><strong>EAN-13: 8437013977197<\/strong><br \/>\nMiel de Mil Flores en bote de 250 gr. antigoteo de pl\u00e1stico.<br \/>\n14 unidades por caja<\/p>\n<p>[\/vc_column_text][\/vc_column][vc_column width=&#8221;1\/4&#8243;][vc_single_image image=&#8221;8835&#8243; img_size=&#8221;full&#8221; alignment=&#8221;center&#8221; css=&#8221;.vc_custom_1648056438114{margin-bottom: 25px !important;}&#8221; image_hovers=&#8221;false&#8221;][vc_column_text css=&#8221;.vc_custom_1664352484263{margin-bottom: 40px !important;}&#8221;]<\/p>\n<h3 style=\"text-align: center;\">Ref. 010226 \u2013 MIL FLORES 250 GR.<\/h3>\n<p style=\"text-align: center;\"><strong>EAN-13: 8437013977210<\/strong><br \/>\nMiel de Mil Flores en bote de 250 gr de vidrio.<br \/>\n12 unidades por caja<\/p>\n<p>[\/vc_column_text][\/vc_column][vc_column width=&#8221;1\/4&#8243;][vc_single_image image=&#8221;8839&#8243; img_size=&#8221;full&#8221; alignment=&#8221;center&#8221; css=&#8221;.vc_custom_1648056485160{margin-bottom: 25px !important;}&#8221; image_hovers=&#8221;false&#8221;][vc_column_text css=&#8221;.vc_custom_1699355877514{margin-bottom: 40px !important;}&#8221;]<\/p>\n<h3 style=\"text-align: center;\">Ref. 010205 \u2013 MIL FLORES 490 GR.<\/h3>\n<p style=\"text-align: center;\"><strong>EAN-13: 8437001517060<\/strong><br \/>\nMiel de Mil Flores en bote de 490 gr de vidrio.<br \/>\n12 unidades por caja<\/p>\n<p>[\/vc_column_text][\/vc_column][\/vc_row][vc_row gap=&#8221;15&#8243; el_class=&#8221;formatos&#8221; css=&#8221;.vc_custom_1645553046136{margin-bottom: 60px !important;}&#8221;][vc_column width=&#8221;1\/4&#8243;][vc_single_image image=&#8221;8843&#8243; img_size=&#8221;full&#8221; alignment=&#8221;center&#8221; css=&#8221;.vc_custom_1648056533057{margin-bottom: 25px !important;}&#8221; image_hovers=&#8221;false&#8221;][vc_column_text css=&#8221;.vc_custom_1664526989145{margin-bottom: 40px !important;}&#8221;]<\/p>\n<h3 style=\"text-align: center;\">Ref. 010221 \u2013 MIL FLORES 500 GR. ANTIGOTEO<\/h3>\n<p style=\"text-align: center;\"><strong>EAN-13: 8437001517879<\/strong><br \/>\nMiel de Mil Flores en bote de 500 gr. antigoteo de pl\u00e1stico.<br \/>\n11 unidades por caja<\/p>\n<p>[\/vc_column_text][\/vc_column][vc_column width=&#8221;1\/4&#8243;][vc_single_image image=&#8221;8847&#8243; img_size=&#8221;full&#8221; alignment=&#8221;center&#8221; css=&#8221;.vc_custom_1648056576977{margin-bottom: 25px !important;}&#8221; image_hovers=&#8221;false&#8221;][vc_column_text css=&#8221;.vc_custom_1653824361478{margin-bottom: 40px !important;}&#8221;]<\/p>\n<h3 style=\"text-align: center;\">Ref. 010207 \u2013 MIL FLORES 980 GR.<\/h3>\n<p style=\"text-align: center;\"><strong>EAN-13: 8437001517053<\/strong><br \/>\nMiel de Mil Flores en bote de 980 gr de vidrio.<br \/>\n6 unidades por caja<\/p>\n<p>[\/vc_column_text][\/vc_column][vc_column width=&#8221;1\/4&#8243;][vc_single_image image=&#8221;8851&#8243; img_size=&#8221;full&#8221; alignment=&#8221;center&#8221; css=&#8221;.vc_custom_1648056645655{margin-bottom: 25px !important;}&#8221; image_hovers=&#8221;false&#8221;][vc_column_text css=&#8221;.vc_custom_1653824377920{margin-bottom: 40px !important;}&#8221;]<\/p>\n<h3 style=\"text-align: center;\">Ref. 010209 \u2013 MIL FLORES 2000 GR.<\/h3>\n<p style=\"text-align: center;\"><strong>EAN-13:8437001517190<\/strong><br \/>\nMiel de Mil Flores en bombona de 2000 gr de pl\u00e1stico.<br \/>\n6 unidades por caja<\/p>\n<p>[\/vc_column_text][\/vc_column][vc_column width=&#8221;1\/4&#8243;][vc_single_image image=&#8221;8855&#8243; img_size=&#8221;full&#8221; alignment=&#8221;center&#8221; css=&#8221;.vc_custom_1648056698676{margin-bottom: 25px !important;}&#8221; image_hovers=&#8221;false&#8221;][vc_column_text css=&#8221;.vc_custom_1653824398249{margin-bottom: 40px !important;}&#8221;]<\/p>\n<h3 style=\"text-align: center;\">Ref. 010210 \u2013 MIL FLORES 3000 GR.<\/h3>\n<p style=\"text-align: center;\"><strong>EAN-13: 8437001517206<\/strong><br \/>\nMiel de Mil Flores en bombona de 3000 gr de pl\u00e1stico.<br \/>\n5 unidades por caja<\/p>\n<p>[\/vc_column_text][\/vc_column][\/vc_row][vc_row gap=&#8221;15&#8243; el_class=&#8221;formatos&#8221; css=&#8221;.vc_custom_1645553046136{margin-bottom: 60px !important;}&#8221;][vc_column width=&#8221;1\/4&#8243;][vc_single_image image=&#8221;11241&#8243; img_size=&#8221;full&#8221; alignment=&#8221;center&#8221; css=&#8221;.vc_custom_1699950673896{margin-bottom: 25px !important;}&#8221; image_hovers=&#8221;false&#8221;][vc_column_text css=&#8221;.vc_custom_1699355898378{margin-bottom: 40px !important;}&#8221;]<\/p>\n<h3 style=\"text-align: center;\">Ref. 010211 \u2013 MIL FLORES 5250 GR.<\/h3>\n<p style=\"text-align: center;\"><strong>EAN-13: 8437001517213<\/strong><br \/>\nMiel de Mil Flores en bombona de 5250 gr de pl\u00e1stico<\/p>\n<p>[\/vc_column_text][\/vc_column][vc_column width=&#8221;1\/4&#8243;][\/vc_column][vc_column width=&#8221;1\/4&#8243;][\/vc_column][vc_column width=&#8221;1\/4&#8243;][\/vc_column][\/vc_row][vc_row][vc_column][vc_column_text css=&#8221;.vc_custom_1653824431614{margin-bottom: 60px !important;}&#8221;]<\/p>\n<p style=\"text-align: center;\"><strong>Disponemos de cubos de 10 y 20 kg. y bidones de 300 kg.<\/strong><\/p>\n<p>[\/vc_column_text][\/vc_column][\/vc_row][vc_row full_width=&#8221;stretch_row_content_no_spaces&#8221; bg_type=&#8221;image&#8221; parallax_style=&#8221;vcpb-vz-jquery&#8221; bg_image_new=&#8221;id^9854|url^https:\/\/www.meldelperello.com\/wp-content\/uploads\/2022\/04\/bg-5.jpg|caption^null|alt^null|title^bg|description^null&#8221; bg_image_repeat=&#8221;no-repeat&#8221; bg_override=&#8221;full&#8221; disable_on_mobile_img_parallax=&#8221;disable_on_mobile_img_parallax_value&#8221; el_class=&#8221;blanco poema&#8221;][vc_column][vc_empty_space height=&#8221;400&#8243;][\/vc_column][\/vc_row]<\/p>\n<\/div>","protected":false},"excerpt":{"rendered":"<p>[vc_row gap=&#8221;25&#8243; el_class=&#8221;producto&#8221; css=&#8221;.vc_custom_1645552768280{margin-bottom: 60px !important;}&#8221;][vc_column width=&#8221;1\/2&#8243;][vc_single_image image=&#8221;9416&#8243; img_size=&#8221;full&#8221;][\/vc_column][vc_column width=&#8221;1\/2&#8243;][vc_column_text css=&#8221;.vc_custom_1742831155010{margin-bottom: 50px !important;}&#8221;] MIEL DE MIL FLORES La selecci\u00f3n floral de las abejas. La miel de toda la vida. CARACTER\u00cdSTICAS DE LA MIEL DE MIL FLORES La miel de mil flores tiene un olor y un sabor y variados, siempre en funci\u00f3n de las especies&hellip;<\/p>\n","protected":false},"author":1,"featured_media":8835,"parent":10218,"menu_order":0,"comment_status":"closed","ping_status":"closed","template":"","meta":{"inline_featured_image":false,"footnotes":""},"class_list":["post-10240","page","type-page","status-publish","has-post-thumbnail","hentry","description-off"],"yoast_head":"<!-- This site is optimized with the Yoast SEO plugin v27.3 - https:\/\/yoast.com\/product\/yoast-seo-wordpress\/ -->\n<title>MIEL DE MIL FLORES - L&#039;Avi Llu\u00eds<\/title>\n<meta name=\"description\" content=\"Compra Mel de Mil Flors pura i artesanal directament a l&#039;Apicultor i gaudeix de la M\u00e0xima Qualitat \u2705 Descobreix les nostres ofertes! Enviament 24-48h\" \/>\n<meta name=\"robots\" content=\"index, follow, max-snippet:-1, max-image-preview:large, max-video-preview:-1\" \/>\n<link rel=\"canonical\" href=\"https:\/\/www.meldelperello.com\/es\/productos\/miel\/mil-flores\/\" \/>\n<meta property=\"og:locale\" content=\"es_ES\" \/>\n<meta property=\"og:type\" content=\"article\" \/>\n<meta property=\"og:title\" content=\"MIEL DE MIL FLORES - L&#039;Avi Llu\u00eds\" \/>\n<meta property=\"og:description\" content=\"Compra Mel de Mil Flors pura i artesanal directament a l&#039;Apicultor i gaudeix de la M\u00e0xima Qualitat \u2705 Descobreix les nostres ofertes! Enviament 24-48h\" \/>\n<meta property=\"og:url\" content=\"https:\/\/www.meldelperello.com\/es\/productos\/miel\/mil-flores\/\" \/>\n<meta property=\"og:site_name\" content=\"L&#039;Avi Llu\u00eds\" \/>\n<meta property=\"article:publisher\" content=\"https:\/\/www.facebook.com\/avi.lluis\/\" \/>\n<meta property=\"article:modified_time\" content=\"2025-09-04T07:04:45+00:00\" \/>\n<meta property=\"og:image\" content=\"https:\/\/www.meldelperello.com\/wp-content\/uploads\/2022\/03\/Mel-de-lAvi-Llui\u0301s-gener-2020-Mil-Flors-250g.jpg\" \/>\n\t<meta property=\"og:image:width\" content=\"300\" \/>\n\t<meta property=\"og:image:height\" content=\"300\" \/>\n\t<meta property=\"og:image:type\" content=\"image\/jpeg\" \/>\n<meta name=\"twitter:card\" content=\"summary_large_image\" \/>\n<meta name=\"twitter:label1\" content=\"Tiempo de lectura\" \/>\n\t<meta name=\"twitter:data1\" content=\"7 minutos\" \/>\n<script type=\"application\/ld+json\" class=\"yoast-schema-graph\">{\"@context\":\"https:\\\/\\\/schema.org\",\"@graph\":[{\"@type\":\"WebPage\",\"@id\":\"https:\\\/\\\/www.meldelperello.com\\\/es\\\/productos\\\/miel\\\/mil-flores\\\/\",\"url\":\"https:\\\/\\\/www.meldelperello.com\\\/es\\\/productos\\\/miel\\\/mil-flores\\\/\",\"name\":\"MIEL DE MIL FLORES - L&#039;Avi Llu\u00eds\",\"isPartOf\":{\"@id\":\"https:\\\/\\\/www.meldelperello.com\\\/es\\\/#website\"},\"primaryImageOfPage\":{\"@id\":\"https:\\\/\\\/www.meldelperello.com\\\/es\\\/productos\\\/miel\\\/mil-flores\\\/#primaryimage\"},\"image\":{\"@id\":\"https:\\\/\\\/www.meldelperello.com\\\/es\\\/productos\\\/miel\\\/mil-flores\\\/#primaryimage\"},\"thumbnailUrl\":\"https:\\\/\\\/www.meldelperello.com\\\/wp-content\\\/uploads\\\/2022\\\/03\\\/Mel-de-lAvi-Llui\u0301s-gener-2020-Mil-Flors-250g.jpg\",\"datePublished\":\"2022-03-23T17:22:03+00:00\",\"dateModified\":\"2025-09-04T07:04:45+00:00\",\"description\":\"Compra Mel de Mil Flors pura i artesanal directament a l'Apicultor i gaudeix de la M\u00e0xima Qualitat \u2705 Descobreix les nostres ofertes! Enviament 24-48h\",\"breadcrumb\":{\"@id\":\"https:\\\/\\\/www.meldelperello.com\\\/es\\\/productos\\\/miel\\\/mil-flores\\\/#breadcrumb\"},\"inLanguage\":\"es\",\"potentialAction\":[{\"@type\":\"ReadAction\",\"target\":[\"https:\\\/\\\/www.meldelperello.com\\\/es\\\/productos\\\/miel\\\/mil-flores\\\/\"]}]},{\"@type\":\"ImageObject\",\"inLanguage\":\"es\",\"@id\":\"https:\\\/\\\/www.meldelperello.com\\\/es\\\/productos\\\/miel\\\/mil-flores\\\/#primaryimage\",\"url\":\"https:\\\/\\\/www.meldelperello.com\\\/wp-content\\\/uploads\\\/2022\\\/03\\\/Mel-de-lAvi-Llui\u0301s-gener-2020-Mil-Flors-250g.jpg\",\"contentUrl\":\"https:\\\/\\\/www.meldelperello.com\\\/wp-content\\\/uploads\\\/2022\\\/03\\\/Mel-de-lAvi-Llui\u0301s-gener-2020-Mil-Flors-250g.jpg\",\"width\":300,\"height\":300,\"caption\":\"mel avi lluis perello baix ebre catalunya - miel abejas panal natural eco\"},{\"@type\":\"BreadcrumbList\",\"@id\":\"https:\\\/\\\/www.meldelperello.com\\\/es\\\/productos\\\/miel\\\/mil-flores\\\/#breadcrumb\",\"itemListElement\":[{\"@type\":\"ListItem\",\"position\":1,\"name\":\"Inici\",\"item\":\"https:\\\/\\\/www.meldelperello.com\\\/es\\\/\"},{\"@type\":\"ListItem\",\"position\":2,\"name\":\"PRODUCTOS\",\"item\":\"https:\\\/\\\/www.meldelperello.com\\\/es\\\/productos\\\/\"},{\"@type\":\"ListItem\",\"position\":3,\"name\":\"MIEL\",\"item\":\"https:\\\/\\\/www.meldelperello.com\\\/es\\\/productos\\\/miel\\\/\"},{\"@type\":\"ListItem\",\"position\":4,\"name\":\"MIEL DE MIL FLORES\"}]},{\"@type\":\"WebSite\",\"@id\":\"https:\\\/\\\/www.meldelperello.com\\\/es\\\/#website\",\"url\":\"https:\\\/\\\/www.meldelperello.com\\\/es\\\/\",\"name\":\"L&#039;Avi Llu\u00eds\",\"description\":\"Apicultors i productors de mel natural, pura i artesana\",\"publisher\":{\"@id\":\"https:\\\/\\\/www.meldelperello.com\\\/es\\\/#organization\"},\"potentialAction\":[{\"@type\":\"SearchAction\",\"target\":{\"@type\":\"EntryPoint\",\"urlTemplate\":\"https:\\\/\\\/www.meldelperello.com\\\/es\\\/?s={search_term_string}\"},\"query-input\":{\"@type\":\"PropertyValueSpecification\",\"valueRequired\":true,\"valueName\":\"search_term_string\"}}],\"inLanguage\":\"es\"},{\"@type\":\"Organization\",\"@id\":\"https:\\\/\\\/www.meldelperello.com\\\/es\\\/#organization\",\"name\":\"L'Avi Llu\u00eds\",\"url\":\"https:\\\/\\\/www.meldelperello.com\\\/es\\\/\",\"logo\":{\"@type\":\"ImageObject\",\"inLanguage\":\"es\",\"@id\":\"https:\\\/\\\/www.meldelperello.com\\\/es\\\/#\\\/schema\\\/logo\\\/image\\\/\",\"url\":\"https:\\\/\\\/www.meldelperello.com\\\/wp-content\\\/uploads\\\/2022\\\/02\\\/logo.svg\",\"contentUrl\":\"https:\\\/\\\/www.meldelperello.com\\\/wp-content\\\/uploads\\\/2022\\\/02\\\/logo.svg\",\"width\":137,\"height\":121,\"caption\":\"L'Avi Llu\u00eds\"},\"image\":{\"@id\":\"https:\\\/\\\/www.meldelperello.com\\\/es\\\/#\\\/schema\\\/logo\\\/image\\\/\"},\"sameAs\":[\"https:\\\/\\\/www.facebook.com\\\/avi.lluis\\\/\",\"https:\\\/\\\/www.instagram.com\\\/avilluis_meldelperello\\\/\",\"https:\\\/\\\/www.youtube.com\\\/c\\\/MeldelperelloAviLluis\"]}]}<\/script>\n<!-- \/ Yoast SEO plugin. -->","yoast_head_json":{"title":"MIEL DE MIL FLORES - L&#039;Avi Llu\u00eds","description":"Compra Mel de Mil Flors pura i artesanal directament a l'Apicultor i gaudeix de la M\u00e0xima Qualitat \u2705 Descobreix les nostres ofertes! Enviament 24-48h","robots":{"index":"index","follow":"follow","max-snippet":"max-snippet:-1","max-image-preview":"max-image-preview:large","max-video-preview":"max-video-preview:-1"},"canonical":"https:\/\/www.meldelperello.com\/es\/productos\/miel\/mil-flores\/","og_locale":"es_ES","og_type":"article","og_title":"MIEL DE MIL FLORES - L&#039;Avi Llu\u00eds","og_description":"Compra Mel de Mil Flors pura i artesanal directament a l'Apicultor i gaudeix de la M\u00e0xima Qualitat \u2705 Descobreix les nostres ofertes! Enviament 24-48h","og_url":"https:\/\/www.meldelperello.com\/es\/productos\/miel\/mil-flores\/","og_site_name":"L&#039;Avi Llu\u00eds","article_publisher":"https:\/\/www.facebook.com\/avi.lluis\/","article_modified_time":"2025-09-04T07:04:45+00:00","og_image":[{"width":300,"height":300,"url":"https:\/\/www.meldelperello.com\/wp-content\/uploads\/2022\/03\/Mel-de-lAvi-Llui\u0301s-gener-2020-Mil-Flors-250g.jpg","type":"image\/jpeg"}],"twitter_card":"summary_large_image","twitter_misc":{"Tiempo de lectura":"7 minutos"},"schema":{"@context":"https:\/\/schema.org","@graph":[{"@type":"WebPage","@id":"https:\/\/www.meldelperello.com\/es\/productos\/miel\/mil-flores\/","url":"https:\/\/www.meldelperello.com\/es\/productos\/miel\/mil-flores\/","name":"MIEL DE MIL FLORES - L&#039;Avi Llu\u00eds","isPartOf":{"@id":"https:\/\/www.meldelperello.com\/es\/#website"},"primaryImageOfPage":{"@id":"https:\/\/www.meldelperello.com\/es\/productos\/miel\/mil-flores\/#primaryimage"},"image":{"@id":"https:\/\/www.meldelperello.com\/es\/productos\/miel\/mil-flores\/#primaryimage"},"thumbnailUrl":"https:\/\/www.meldelperello.com\/wp-content\/uploads\/2022\/03\/Mel-de-lAvi-Llui\u0301s-gener-2020-Mil-Flors-250g.jpg","datePublished":"2022-03-23T17:22:03+00:00","dateModified":"2025-09-04T07:04:45+00:00","description":"Compra Mel de Mil Flors pura i artesanal directament a l'Apicultor i gaudeix de la M\u00e0xima Qualitat \u2705 Descobreix les nostres ofertes! Enviament 24-48h","breadcrumb":{"@id":"https:\/\/www.meldelperello.com\/es\/productos\/miel\/mil-flores\/#breadcrumb"},"inLanguage":"es","potentialAction":[{"@type":"ReadAction","target":["https:\/\/www.meldelperello.com\/es\/productos\/miel\/mil-flores\/"]}]},{"@type":"ImageObject","inLanguage":"es","@id":"https:\/\/www.meldelperello.com\/es\/productos\/miel\/mil-flores\/#primaryimage","url":"https:\/\/www.meldelperello.com\/wp-content\/uploads\/2022\/03\/Mel-de-lAvi-Llui\u0301s-gener-2020-Mil-Flors-250g.jpg","contentUrl":"https:\/\/www.meldelperello.com\/wp-content\/uploads\/2022\/03\/Mel-de-lAvi-Llui\u0301s-gener-2020-Mil-Flors-250g.jpg","width":300,"height":300,"caption":"mel avi lluis perello baix ebre catalunya - miel abejas panal natural eco"},{"@type":"BreadcrumbList","@id":"https:\/\/www.meldelperello.com\/es\/productos\/miel\/mil-flores\/#breadcrumb","itemListElement":[{"@type":"ListItem","position":1,"name":"Inici","item":"https:\/\/www.meldelperello.com\/es\/"},{"@type":"ListItem","position":2,"name":"PRODUCTOS","item":"https:\/\/www.meldelperello.com\/es\/productos\/"},{"@type":"ListItem","position":3,"name":"MIEL","item":"https:\/\/www.meldelperello.com\/es\/productos\/miel\/"},{"@type":"ListItem","position":4,"name":"MIEL DE MIL FLORES"}]},{"@type":"WebSite","@id":"https:\/\/www.meldelperello.com\/es\/#website","url":"https:\/\/www.meldelperello.com\/es\/","name":"L&#039;Avi Llu\u00eds","description":"Apicultors i productors de mel natural, pura i artesana","publisher":{"@id":"https:\/\/www.meldelperello.com\/es\/#organization"},"potentialAction":[{"@type":"SearchAction","target":{"@type":"EntryPoint","urlTemplate":"https:\/\/www.meldelperello.com\/es\/?s={search_term_string}"},"query-input":{"@type":"PropertyValueSpecification","valueRequired":true,"valueName":"search_term_string"}}],"inLanguage":"es"},{"@type":"Organization","@id":"https:\/\/www.meldelperello.com\/es\/#organization","name":"L'Avi Llu\u00eds","url":"https:\/\/www.meldelperello.com\/es\/","logo":{"@type":"ImageObject","inLanguage":"es","@id":"https:\/\/www.meldelperello.com\/es\/#\/schema\/logo\/image\/","url":"https:\/\/www.meldelperello.com\/wp-content\/uploads\/2022\/02\/logo.svg","contentUrl":"https:\/\/www.meldelperello.com\/wp-content\/uploads\/2022\/02\/logo.svg","width":137,"height":121,"caption":"L'Avi Llu\u00eds"},"image":{"@id":"https:\/\/www.meldelperello.com\/es\/#\/schema\/logo\/image\/"},"sameAs":["https:\/\/www.facebook.com\/avi.lluis\/","https:\/\/www.instagram.com\/avilluis_meldelperello\/","https:\/\/www.youtube.com\/c\/MeldelperelloAviLluis"]}]}},"_links":{"self":[{"href":"https:\/\/www.meldelperello.com\/es\/wp-json\/wp\/v2\/pages\/10240","targetHints":{"allow":["GET"]}}],"collection":[{"href":"https:\/\/www.meldelperello.com\/es\/wp-json\/wp\/v2\/pages"}],"about":[{"href":"https:\/\/www.meldelperello.com\/es\/wp-json\/wp\/v2\/types\/page"}],"author":[{"embeddable":true,"href":"https:\/\/www.meldelperello.com\/es\/wp-json\/wp\/v2\/users\/1"}],"replies":[{"embeddable":true,"href":"https:\/\/www.meldelperello.com\/es\/wp-json\/wp\/v2\/comments?post=10240"}],"version-history":[{"count":14,"href":"https:\/\/www.meldelperello.com\/es\/wp-json\/wp\/v2\/pages\/10240\/revisions"}],"predecessor-version":[{"id":12146,"href":"https:\/\/www.meldelperello.com\/es\/wp-json\/wp\/v2\/pages\/10240\/revisions\/12146"}],"up":[{"embeddable":true,"href":"https:\/\/www.meldelperello.com\/es\/wp-json\/wp\/v2\/pages\/10218"}],"wp:featuredmedia":[{"embeddable":true,"href":"https:\/\/www.meldelperello.com\/es\/wp-json\/wp\/v2\/media\/8835"}],"wp:attachment":[{"href":"https:\/\/www.meldelperello.com\/es\/wp-json\/wp\/v2\/media?parent=10240"}],"curies":[{"name":"wp","href":"https:\/\/api.w.org\/{rel}","templated":true}]}}