{"id":10218,"date":"2022-02-22T17:27:21","date_gmt":"2022-02-22T16:27:21","guid":{"rendered":"https:\/\/perello.debonatinta.com\/productos\/mel\/"},"modified":"2022-06-01T13:47:56","modified_gmt":"2022-06-01T11:47:56","slug":"miel","status":"publish","type":"page","link":"https:\/\/www.meldelperello.com\/es\/productos\/miel\/","title":{"rendered":"MIEL"},"content":{"rendered":"<div class=\"wpb-content-wrapper\"><p>[vc_row][vc_column][vc_column_text css=&#8221;.vc_custom_1653675487406{margin-bottom: 50px !important;}&#8221;]<\/p>\n<h1 style=\"text-align: center;\">SOMOS PRODUCTORES DE MIEL<strong><br \/>\nNUESTRAS MIELES<br \/>\n<\/strong><\/h1>\n<p>[\/vc_column_text][vc_column_text css=&#8221;.vc_custom_1653675517074{margin-bottom: 50px !important;}&#8221;]<\/p>\n<p style=\"text-align: center;\">La miel es indiscutiblemente nuestro producto estrella. Aqu\u00ed podr\u00e1s encontrar todas nuestras variedades de miel, de cosecha propia y de una calidad y sabor extraordinarios. La miel del Avi Llu\u00eds va directamente de la colmena al bote, y del bote a tu mesa. Una miel sin manipulaci\u00f3n que conserva el 100% de su esencia y que envasamos nosotros mismos.<\/p>\n<p>[\/vc_column_text][\/vc_column][\/vc_row][vc_row gap=&#8221;15&#8243; el_class=&#8221;productos&#8221;][vc_column width=&#8221;1\/4&#8243;][vc_single_image image=&#8221;8397&#8243; img_size=&#8221;full&#8221; alignment=&#8221;center&#8221; onclick=&#8221;custom_link&#8221; image_hovers=&#8221;false&#8221; css=&#8221;.vc_custom_1653675579377{margin-bottom: 25px !important;}&#8221; link=&#8221;\/es\/productos\/miel\/romero\/&#8221;][vc_column_text css=&#8221;.vc_custom_1653675569363{margin-bottom: 40px !important;}&#8221;]<\/p>\n<h3 style=\"text-align: center;\"><strong>MIEL DE ROMERO<\/strong><\/h3>\n<p style=\"text-align: center;\">Es la producida por el n\u00e9ctar de la flor de romero, tiene un color muy claro, un aroma penetrante y muy agradable.<\/p>\n<p style=\"text-align: center;\"><a href=\"\/es\/productos\/miel\/romero\/\">DESC\u00daBRELA<\/a><\/p>\n<p>[\/vc_column_text][\/vc_column][vc_column width=&#8221;1\/4&#8243;][vc_single_image image=&#8221;8401&#8243; img_size=&#8221;full&#8221; alignment=&#8221;center&#8221; onclick=&#8221;custom_link&#8221; image_hovers=&#8221;false&#8221; css=&#8221;.vc_custom_1653826823544{margin-bottom: 25px !important;}&#8221; link=&#8221;\/es\/productos\/miel\/naranjo\/&#8221;][vc_column_text css=&#8221;.vc_custom_1654083651729{margin-bottom: 40px !important;}&#8221;]<\/p>\n<h3 style=\"text-align: center;\"><strong>MIEL DE NARANJO<\/strong><\/h3>\n<p style=\"text-align: center;\">Es producida por el n\u00e9ctar de la flor de azahar, tiene un color amarillo \u00e1mbar, es muy perfumada y de un sabor muy fino.<\/p>\n<p style=\"text-align: center;\"><a href=\"\/es\/productos\/miel\/naranjo\/\">DESC\u00daBRELA<\/a><\/p>\n<p>[\/vc_column_text][\/vc_column][vc_column width=&#8221;1\/4&#8243;][vc_single_image image=&#8221;8385&#8243; img_size=&#8221;full&#8221; alignment=&#8221;center&#8221; onclick=&#8221;custom_link&#8221; image_hovers=&#8221;false&#8221; css=&#8221;.vc_custom_1653675697786{margin-bottom: 25px !important;}&#8221; link=&#8221;\/es\/productos\/miel\/tomillo\/&#8221;][vc_column_text css=&#8221;.vc_custom_1653675689650{margin-bottom: 40px !important;}&#8221;]<\/p>\n<h3 style=\"text-align: center;\"><strong>MIEL DE TOMILLO<\/strong><\/h3>\n<p style=\"text-align: center;\">Es producida por el n\u00e9ctar de la flor de tomillo, tiene un color \u00e1mbar oscuro, su sabor es dulce con claras notas \u00e1cidas, con un aroma muy intenso y persistente.<\/p>\n<p style=\"text-align: center;\"><a href=\"\/es\/productos\/miel\/tomillo\/\">DESC\u00daBRELA<\/a><\/p>\n<p>[\/vc_column_text][\/vc_column][vc_column width=&#8221;1\/4&#8243;][vc_single_image image=&#8221;8393&#8243; img_size=&#8221;full&#8221; alignment=&#8221;center&#8221; onclick=&#8221;custom_link&#8221; image_hovers=&#8221;false&#8221; css=&#8221;.vc_custom_1653675753364{margin-bottom: 25px !important;}&#8221; link=&#8221;\/es\/productos\/miel\/montana\/&#8221;][vc_column_text css=&#8221;.vc_custom_1654083673386{margin-bottom: 40px !important;}&#8221;]<\/p>\n<h3 style=\"text-align: center;\"><strong>MIEL DE ALTA MONTA\u00d1A<\/strong><\/h3>\n<p style=\"text-align: center;\">Producida en las cordilleras del Pirineo. Su color var\u00eda desde muy oscuro a muy clarito, dependiendo de las floraciones predominantes, tiene mucho aroma y una dulzura intensa.<\/p>\n<p style=\"text-align: center;\"><a href=\"\/es\/productos\/miel\/montana\/\">DESC\u00daBRELA<\/a><\/p>\n<p>[\/vc_column_text][\/vc_column][\/vc_row][vc_row gap=&#8221;15&#8243; el_class=&#8221;productos&#8221;][vc_column width=&#8221;1\/4&#8243;][vc_single_image image=&#8221;8389&#8243; img_size=&#8221;full&#8221; alignment=&#8221;center&#8221; onclick=&#8221;custom_link&#8221; image_hovers=&#8221;false&#8221; css=&#8221;.vc_custom_1653675804846{margin-bottom: 25px !important;}&#8221; link=&#8221;\/es\/productos\/miel\/mil-flores\/&#8221;][vc_column_text css=&#8221;.vc_custom_1653675796625{margin-bottom: 40px !important;}&#8221;]<\/p>\n<h3 style=\"text-align: center;\"><strong>MIEL DE MIL FLORES<br \/>\n<\/strong><\/h3>\n<p style=\"text-align: center;\">Esta miel tiene un origen bot\u00e1nico muy diverso, su sabor y color var\u00edan seg\u00fan las floraciones predominantes. Su cosecha es pr\u00e1cticamente todo el a\u00f1o.<\/p>\n<p style=\"text-align: center;\"><a href=\"\/es\/productos\/miel\/mil-flores\/\">DESC\u00daBRELA<\/a><\/p>\n<p>[\/vc_column_text][\/vc_column][vc_column width=&#8221;1\/4&#8243;][vc_single_image image=&#8221;8381&#8243; img_size=&#8221;full&#8221; alignment=&#8221;center&#8221; onclick=&#8221;custom_link&#8221; image_hovers=&#8221;false&#8221; css=&#8221;.vc_custom_1653675861714{margin-bottom: 25px !important;}&#8221; link=&#8221;\/es\/productos\/miel\/eucalipto\/&#8221;][vc_column_text css=&#8221;.vc_custom_1653675854530{margin-bottom: 40px !important;}&#8221;]<\/p>\n<h3 style=\"text-align: center;\"><strong>MIEL DE EUCALIPTO<br \/>\n<\/strong><\/h3>\n<p style=\"text-align: center;\">Es producida por el n\u00e9ctar procedente de la flor del eucalipto. Su color puede variar dependiendo de la \u00e9poca de recogida, puede ser clara u oscura, su sabor es muy agradable.<\/p>\n<p style=\"text-align: center;\"><a href=\"\/es\/productos\/miel\/eucalipto\/\">DESC\u00daBRELA<\/a><\/p>\n<p>[\/vc_column_text][\/vc_column][vc_column width=&#8221;1\/4&#8243;][vc_single_image image=&#8221;8405&#8243; img_size=&#8221;full&#8221; alignment=&#8221;center&#8221; onclick=&#8221;custom_link&#8221; image_hovers=&#8221;false&#8221; css=&#8221;.vc_custom_1653675917029{margin-bottom: 25px !important;}&#8221; link=&#8221;\/es\/productos\/miel\/bosque\/&#8221;][vc_column_text css=&#8221;.vc_custom_1653675909688{margin-bottom: 40px !important;}&#8221;]<\/p>\n<h3 style=\"text-align: center;\"><strong>MIEL DE BOSQUE<\/strong><\/h3>\n<p style=\"text-align: center;\">Producida en los bosques de robles y encinas del Preprineo. Su color es \u00e1mbar oscuro tirando a negro, tiene un olor muy potente y un sabor peculiar, suave con claras notas saladas.<\/p>\n<p style=\"text-align: center;\"><a href=\"\/es\/productos\/miel\/bosque\/\">DESC\u00daBRELA<\/a><\/p>\n<p>[\/vc_column_text][\/vc_column][vc_column width=&#8221;1\/4&#8243;][vc_single_image image=&#8221;10644&#8243; img_size=&#8221;full&#8221; alignment=&#8221;center&#8221; onclick=&#8221;custom_link&#8221; image_hovers=&#8221;false&#8221; css=&#8221;.vc_custom_1654084073396{margin-bottom: 25px !important;}&#8221; link=&#8221;\/es\/productos\/miel\/brezo\/&#8221;][vc_column_text css=&#8221;.vc_custom_1653826676565{margin-bottom: 40px !important;}&#8221;]<\/p>\n<h3 style=\"text-align: center;\"><strong>MIEL DE BREZO<\/strong><\/h3>\n<p style=\"text-align: center;\">Es producida por el n\u00e9ctar procedente de la flor de brezo; tiene un color oscuro con tonalidades rojizas, su sabor es dulce con componentes amargos y claras notas saladas, con un aroma muy intenso y persistente.<\/p>\n<p style=\"text-align: center;\"><a href=\"\/es\/productos\/miel\/brezo\/\">DESC\u00daBRELA<\/a><\/p>\n<p>[\/vc_column_text][\/vc_column][\/vc_row]<\/p>\n<\/div>","protected":false},"excerpt":{"rendered":"<p>[vc_row][vc_column][vc_column_text css=&#8221;.vc_custom_1653675487406{margin-bottom: 50px !important;}&#8221;] SOMOS PRODUCTORES DE MIEL NUESTRAS MIELES [\/vc_column_text][vc_column_text css=&#8221;.vc_custom_1653675517074{margin-bottom: 50px !important;}&#8221;] La miel es indiscutiblemente nuestro producto estrella. Aqu\u00ed podr\u00e1s encontrar todas nuestras variedades de miel, de cosecha propia y de una calidad y sabor extraordinarios. La miel del Avi Llu\u00eds va directamente de la colmena al bote, y del bote a&hellip;<\/p>\n","protected":false},"author":1,"featured_media":8932,"parent":10137,"menu_order":0,"comment_status":"closed","ping_status":"closed","template":"","meta":{"inline_featured_image":false,"footnotes":""},"class_list":["post-10218","page","type-page","status-publish","has-post-thumbnail","hentry","description-off"],"yoast_head":"<!-- This site is optimized with the Yoast SEO plugin v27.3 - https:\/\/yoast.com\/product\/yoast-seo-wordpress\/ -->\n<title>MIEL - L&#039;Avi Llu\u00eds<\/title>\n<meta name=\"description\" content=\"Comprar Miel Online Pura y Artesanal \u2705 Compra la Miel natural directamente al Apicultor y disfruta de la M\u00e1xima Calidad. Elaboraci\u00f3n artesanal para la familia Brull Casanova desde hace 3 generaciones. \u00a1Descubre nuestras ofertas! env\u00edo 24-48h\" \/>\n<meta name=\"robots\" content=\"index, follow, max-snippet:-1, max-image-preview:large, max-video-preview:-1\" \/>\n<link rel=\"canonical\" href=\"https:\/\/www.meldelperello.com\/es\/productos\/miel\/\" \/>\n<meta property=\"og:locale\" content=\"es_ES\" \/>\n<meta property=\"og:type\" content=\"article\" \/>\n<meta property=\"og:title\" content=\"MIEL - L&#039;Avi Llu\u00eds\" \/>\n<meta property=\"og:description\" content=\"Comprar Miel Online Pura y Artesanal \u2705 Compra la Miel natural directamente al Apicultor y disfruta de la M\u00e1xima Calidad. Elaboraci\u00f3n artesanal para la familia Brull Casanova desde hace 3 generaciones. \u00a1Descubre nuestras ofertas! env\u00edo 24-48h\" \/>\n<meta property=\"og:url\" content=\"https:\/\/www.meldelperello.com\/es\/productos\/miel\/\" \/>\n<meta property=\"og:site_name\" content=\"L&#039;Avi Llu\u00eds\" \/>\n<meta property=\"article:publisher\" content=\"https:\/\/www.facebook.com\/avi.lluis\/\" \/>\n<meta property=\"article:modified_time\" content=\"2022-06-01T11:47:56+00:00\" \/>\n<meta property=\"og:image\" content=\"https:\/\/www.meldelperello.com\/wp-content\/uploads\/2022\/03\/Mel-de-lAvi-Llui\u0301s-gener-2020-Farigola-250g.jpg\" \/>\n\t<meta property=\"og:image:width\" content=\"300\" \/>\n\t<meta property=\"og:image:height\" content=\"300\" \/>\n\t<meta property=\"og:image:type\" content=\"image\/jpeg\" \/>\n<meta name=\"twitter:card\" content=\"summary_large_image\" \/>\n<meta name=\"twitter:label1\" content=\"Tiempo de lectura\" \/>\n\t<meta name=\"twitter:data1\" content=\"3 minutos\" \/>\n<script type=\"application\/ld+json\" class=\"yoast-schema-graph\">{\"@context\":\"https:\\\/\\\/schema.org\",\"@graph\":[{\"@type\":\"WebPage\",\"@id\":\"https:\\\/\\\/www.meldelperello.com\\\/es\\\/productos\\\/miel\\\/\",\"url\":\"https:\\\/\\\/www.meldelperello.com\\\/es\\\/productos\\\/miel\\\/\",\"name\":\"MIEL - L&#039;Avi Llu\u00eds\",\"isPartOf\":{\"@id\":\"https:\\\/\\\/www.meldelperello.com\\\/es\\\/#website\"},\"primaryImageOfPage\":{\"@id\":\"https:\\\/\\\/www.meldelperello.com\\\/es\\\/productos\\\/miel\\\/#primaryimage\"},\"image\":{\"@id\":\"https:\\\/\\\/www.meldelperello.com\\\/es\\\/productos\\\/miel\\\/#primaryimage\"},\"thumbnailUrl\":\"https:\\\/\\\/www.meldelperello.com\\\/wp-content\\\/uploads\\\/2022\\\/03\\\/Mel-de-lAvi-Llui\u0301s-gener-2020-Farigola-250g.jpg\",\"datePublished\":\"2022-02-22T16:27:21+00:00\",\"dateModified\":\"2022-06-01T11:47:56+00:00\",\"description\":\"Comprar Miel Online Pura y Artesanal \u2705 Compra la Miel natural directamente al Apicultor y disfruta de la M\u00e1xima Calidad. Elaboraci\u00f3n artesanal para la familia Brull Casanova desde hace 3 generaciones. \u00a1Descubre nuestras ofertas! env\u00edo 24-48h\",\"breadcrumb\":{\"@id\":\"https:\\\/\\\/www.meldelperello.com\\\/es\\\/productos\\\/miel\\\/#breadcrumb\"},\"inLanguage\":\"es\",\"potentialAction\":[{\"@type\":\"ReadAction\",\"target\":[\"https:\\\/\\\/www.meldelperello.com\\\/es\\\/productos\\\/miel\\\/\"]}]},{\"@type\":\"ImageObject\",\"inLanguage\":\"es\",\"@id\":\"https:\\\/\\\/www.meldelperello.com\\\/es\\\/productos\\\/miel\\\/#primaryimage\",\"url\":\"https:\\\/\\\/www.meldelperello.com\\\/wp-content\\\/uploads\\\/2022\\\/03\\\/Mel-de-lAvi-Llui\u0301s-gener-2020-Farigola-250g.jpg\",\"contentUrl\":\"https:\\\/\\\/www.meldelperello.com\\\/wp-content\\\/uploads\\\/2022\\\/03\\\/Mel-de-lAvi-Llui\u0301s-gener-2020-Farigola-250g.jpg\",\"width\":300,\"height\":300,\"caption\":\"mel avi lluis perello baix ebre catalunya - miel abejas panal natural eco\"},{\"@type\":\"BreadcrumbList\",\"@id\":\"https:\\\/\\\/www.meldelperello.com\\\/es\\\/productos\\\/miel\\\/#breadcrumb\",\"itemListElement\":[{\"@type\":\"ListItem\",\"position\":1,\"name\":\"Inici\",\"item\":\"https:\\\/\\\/www.meldelperello.com\\\/es\\\/\"},{\"@type\":\"ListItem\",\"position\":2,\"name\":\"PRODUCTOS\",\"item\":\"https:\\\/\\\/www.meldelperello.com\\\/es\\\/productos\\\/\"},{\"@type\":\"ListItem\",\"position\":3,\"name\":\"MIEL\"}]},{\"@type\":\"WebSite\",\"@id\":\"https:\\\/\\\/www.meldelperello.com\\\/es\\\/#website\",\"url\":\"https:\\\/\\\/www.meldelperello.com\\\/es\\\/\",\"name\":\"L&#039;Avi Llu\u00eds\",\"description\":\"Apicultors i productors de mel natural, pura i artesana\",\"publisher\":{\"@id\":\"https:\\\/\\\/www.meldelperello.com\\\/es\\\/#organization\"},\"potentialAction\":[{\"@type\":\"SearchAction\",\"target\":{\"@type\":\"EntryPoint\",\"urlTemplate\":\"https:\\\/\\\/www.meldelperello.com\\\/es\\\/?s={search_term_string}\"},\"query-input\":{\"@type\":\"PropertyValueSpecification\",\"valueRequired\":true,\"valueName\":\"search_term_string\"}}],\"inLanguage\":\"es\"},{\"@type\":\"Organization\",\"@id\":\"https:\\\/\\\/www.meldelperello.com\\\/es\\\/#organization\",\"name\":\"L'Avi Llu\u00eds\",\"url\":\"https:\\\/\\\/www.meldelperello.com\\\/es\\\/\",\"logo\":{\"@type\":\"ImageObject\",\"inLanguage\":\"es\",\"@id\":\"https:\\\/\\\/www.meldelperello.com\\\/es\\\/#\\\/schema\\\/logo\\\/image\\\/\",\"url\":\"https:\\\/\\\/www.meldelperello.com\\\/wp-content\\\/uploads\\\/2022\\\/02\\\/logo.svg\",\"contentUrl\":\"https:\\\/\\\/www.meldelperello.com\\\/wp-content\\\/uploads\\\/2022\\\/02\\\/logo.svg\",\"width\":137,\"height\":121,\"caption\":\"L'Avi Llu\u00eds\"},\"image\":{\"@id\":\"https:\\\/\\\/www.meldelperello.com\\\/es\\\/#\\\/schema\\\/logo\\\/image\\\/\"},\"sameAs\":[\"https:\\\/\\\/www.facebook.com\\\/avi.lluis\\\/\",\"https:\\\/\\\/www.instagram.com\\\/avilluis_meldelperello\\\/\",\"https:\\\/\\\/www.youtube.com\\\/c\\\/MeldelperelloAviLluis\"]}]}<\/script>\n<!-- \/ Yoast SEO plugin. -->","yoast_head_json":{"title":"MIEL - L&#039;Avi Llu\u00eds","description":"Comprar Miel Online Pura y Artesanal \u2705 Compra la Miel natural directamente al Apicultor y disfruta de la M\u00e1xima Calidad. Elaboraci\u00f3n artesanal para la familia Brull Casanova desde hace 3 generaciones. \u00a1Descubre nuestras ofertas! env\u00edo 24-48h","robots":{"index":"index","follow":"follow","max-snippet":"max-snippet:-1","max-image-preview":"max-image-preview:large","max-video-preview":"max-video-preview:-1"},"canonical":"https:\/\/www.meldelperello.com\/es\/productos\/miel\/","og_locale":"es_ES","og_type":"article","og_title":"MIEL - L&#039;Avi Llu\u00eds","og_description":"Comprar Miel Online Pura y Artesanal \u2705 Compra la Miel natural directamente al Apicultor y disfruta de la M\u00e1xima Calidad. Elaboraci\u00f3n artesanal para la familia Brull Casanova desde hace 3 generaciones. \u00a1Descubre nuestras ofertas! env\u00edo 24-48h","og_url":"https:\/\/www.meldelperello.com\/es\/productos\/miel\/","og_site_name":"L&#039;Avi Llu\u00eds","article_publisher":"https:\/\/www.facebook.com\/avi.lluis\/","article_modified_time":"2022-06-01T11:47:56+00:00","og_image":[{"width":300,"height":300,"url":"https:\/\/www.meldelperello.com\/wp-content\/uploads\/2022\/03\/Mel-de-lAvi-Llui\u0301s-gener-2020-Farigola-250g.jpg","type":"image\/jpeg"}],"twitter_card":"summary_large_image","twitter_misc":{"Tiempo de lectura":"3 minutos"},"schema":{"@context":"https:\/\/schema.org","@graph":[{"@type":"WebPage","@id":"https:\/\/www.meldelperello.com\/es\/productos\/miel\/","url":"https:\/\/www.meldelperello.com\/es\/productos\/miel\/","name":"MIEL - L&#039;Avi Llu\u00eds","isPartOf":{"@id":"https:\/\/www.meldelperello.com\/es\/#website"},"primaryImageOfPage":{"@id":"https:\/\/www.meldelperello.com\/es\/productos\/miel\/#primaryimage"},"image":{"@id":"https:\/\/www.meldelperello.com\/es\/productos\/miel\/#primaryimage"},"thumbnailUrl":"https:\/\/www.meldelperello.com\/wp-content\/uploads\/2022\/03\/Mel-de-lAvi-Llui\u0301s-gener-2020-Farigola-250g.jpg","datePublished":"2022-02-22T16:27:21+00:00","dateModified":"2022-06-01T11:47:56+00:00","description":"Comprar Miel Online Pura y Artesanal \u2705 Compra la Miel natural directamente al Apicultor y disfruta de la M\u00e1xima Calidad. Elaboraci\u00f3n artesanal para la familia Brull Casanova desde hace 3 generaciones. \u00a1Descubre nuestras ofertas! env\u00edo 24-48h","breadcrumb":{"@id":"https:\/\/www.meldelperello.com\/es\/productos\/miel\/#breadcrumb"},"inLanguage":"es","potentialAction":[{"@type":"ReadAction","target":["https:\/\/www.meldelperello.com\/es\/productos\/miel\/"]}]},{"@type":"ImageObject","inLanguage":"es","@id":"https:\/\/www.meldelperello.com\/es\/productos\/miel\/#primaryimage","url":"https:\/\/www.meldelperello.com\/wp-content\/uploads\/2022\/03\/Mel-de-lAvi-Llui\u0301s-gener-2020-Farigola-250g.jpg","contentUrl":"https:\/\/www.meldelperello.com\/wp-content\/uploads\/2022\/03\/Mel-de-lAvi-Llui\u0301s-gener-2020-Farigola-250g.jpg","width":300,"height":300,"caption":"mel avi lluis perello baix ebre catalunya - miel abejas panal natural eco"},{"@type":"BreadcrumbList","@id":"https:\/\/www.meldelperello.com\/es\/productos\/miel\/#breadcrumb","itemListElement":[{"@type":"ListItem","position":1,"name":"Inici","item":"https:\/\/www.meldelperello.com\/es\/"},{"@type":"ListItem","position":2,"name":"PRODUCTOS","item":"https:\/\/www.meldelperello.com\/es\/productos\/"},{"@type":"ListItem","position":3,"name":"MIEL"}]},{"@type":"WebSite","@id":"https:\/\/www.meldelperello.com\/es\/#website","url":"https:\/\/www.meldelperello.com\/es\/","name":"L&#039;Avi Llu\u00eds","description":"Apicultors i productors de mel natural, pura i artesana","publisher":{"@id":"https:\/\/www.meldelperello.com\/es\/#organization"},"potentialAction":[{"@type":"SearchAction","target":{"@type":"EntryPoint","urlTemplate":"https:\/\/www.meldelperello.com\/es\/?s={search_term_string}"},"query-input":{"@type":"PropertyValueSpecification","valueRequired":true,"valueName":"search_term_string"}}],"inLanguage":"es"},{"@type":"Organization","@id":"https:\/\/www.meldelperello.com\/es\/#organization","name":"L'Avi Llu\u00eds","url":"https:\/\/www.meldelperello.com\/es\/","logo":{"@type":"ImageObject","inLanguage":"es","@id":"https:\/\/www.meldelperello.com\/es\/#\/schema\/logo\/image\/","url":"https:\/\/www.meldelperello.com\/wp-content\/uploads\/2022\/02\/logo.svg","contentUrl":"https:\/\/www.meldelperello.com\/wp-content\/uploads\/2022\/02\/logo.svg","width":137,"height":121,"caption":"L'Avi Llu\u00eds"},"image":{"@id":"https:\/\/www.meldelperello.com\/es\/#\/schema\/logo\/image\/"},"sameAs":["https:\/\/www.facebook.com\/avi.lluis\/","https:\/\/www.instagram.com\/avilluis_meldelperello\/","https:\/\/www.youtube.com\/c\/MeldelperelloAviLluis"]}]}},"_links":{"self":[{"href":"https:\/\/www.meldelperello.com\/es\/wp-json\/wp\/v2\/pages\/10218","targetHints":{"allow":["GET"]}}],"collection":[{"href":"https:\/\/www.meldelperello.com\/es\/wp-json\/wp\/v2\/pages"}],"about":[{"href":"https:\/\/www.meldelperello.com\/es\/wp-json\/wp\/v2\/types\/page"}],"author":[{"embeddable":true,"href":"https:\/\/www.meldelperello.com\/es\/wp-json\/wp\/v2\/users\/1"}],"replies":[{"embeddable":true,"href":"https:\/\/www.meldelperello.com\/es\/wp-json\/wp\/v2\/comments?post=10218"}],"version-history":[{"count":8,"href":"https:\/\/www.meldelperello.com\/es\/wp-json\/wp\/v2\/pages\/10218\/revisions"}],"predecessor-version":[{"id":10648,"href":"https:\/\/www.meldelperello.com\/es\/wp-json\/wp\/v2\/pages\/10218\/revisions\/10648"}],"up":[{"embeddable":true,"href":"https:\/\/www.meldelperello.com\/es\/wp-json\/wp\/v2\/pages\/10137"}],"wp:featuredmedia":[{"embeddable":true,"href":"https:\/\/www.meldelperello.com\/es\/wp-json\/wp\/v2\/media\/8932"}],"wp:attachment":[{"href":"https:\/\/www.meldelperello.com\/es\/wp-json\/wp\/v2\/media?parent=10218"}],"curies":[{"name":"wp","href":"https:\/\/api.w.org\/{rel}","templated":true}]}}