{"id":10207,"date":"2022-03-24T18:09:14","date_gmt":"2022-03-24T17:09:14","guid":{"rendered":"https:\/\/perello.debonatinta.com\/productos\/propolis\/"},"modified":"2025-09-24T09:30:10","modified_gmt":"2025-09-24T07:30:10","slug":"propoleo","status":"publish","type":"page","link":"https:\/\/www.meldelperello.com\/es\/productos\/propoleo\/","title":{"rendered":"PROP\u00d3LEO"},"content":{"rendered":"<div class=\"wpb-content-wrapper\"><p>[vc_row gap=&#8221;25&#8243; el_class=&#8221;producto&#8221; css=&#8221;.vc_custom_1645552768280{margin-bottom: 60px !important;}&#8221;][vc_column width=&#8221;1\/2&#8243;][vc_single_image image=&#8221;9581&#8243; img_size=&#8221;full&#8221;][\/vc_column][vc_column width=&#8221;1\/2&#8243;][vc_column_text css=&#8221;.vc_custom_1743607199006{margin-bottom: 50px !important;}&#8221;]<\/p>\n<h1><strong>PROP\u00d3LEO DEL AVI LLU\u00cdS<\/strong><\/h1>\n<h2>Medicina natural de abeja.<\/h2>\n<p><strong>CARACTER\u00cdSTICAS DEL PROP\u00d3LEO<\/strong><\/p>\n<p>*&#8221;El prop\u00f3leo es una resina c\u00e9rea de composici\u00f3n compleja y consistencia viscosa, producida por las abejas a partir de part\u00edculas resinosas de diferentes vegetales. Su funci\u00f3n principal es la protecci\u00f3n y mantenimiento de la colmena, desempe\u00f1ando un papel esencial en su estructura.<\/p>\n<p>Desde tiempos antiguos, ha sido valorado por sus caracter\u00edsticas naturales, y su inter\u00e9s se ha mantenido hasta la actualidad. Su versatilidad y propiedades han hecho que se utilice en distintos \u00e1mbitos.<\/p>\n<p>Las abejas emplean el prop\u00f3leo para la reparaci\u00f3n y aislamiento de la colmena, contribuyendo a su conservaci\u00f3n en condiciones \u00f3ptimas.[\/vc_column_text][vc_tta_accordion section_title_tag=&#8221;h3&#8243; style=&#8221;flat&#8221; shape=&#8221;square&#8221; color=&#8221;white&#8221; c_position=&#8221;right&#8221; active_section=&#8221;999&#8243; no_fill=&#8221;true&#8221; collapsible_all=&#8221;true&#8221;][vc_tta_section title=&#8221;Producci\u00f3n del prop\u00f3leo&#8221; tab_id=&#8221;produccioN&#8221;][vc_column_text]El prop\u00f3leo se recolecta mediante diferentes m\u00e9todos. El de las rejas, por ejemplo, es el menos agresivo para las abejas y el que mayor calidad ofrece. En Avi Llu\u00eds, todo el prop\u00f3leo que producimos es extra\u00eddo directamente de las rejas.[\/vc_column_text][\/vc_tta_section][vc_tta_section title=&#8221;Propiedades del prop\u00f3leo&#8221; tab_id=&#8221;propiedades&#8221;][vc_column_text]El prop\u00f3leo contiene aceites esenciales que hacen que tenga un olor peculiar. En funci\u00f3n del origen bot\u00e1nico y de la \u00e9poca de recolecci\u00f3n, su color var\u00eda de amarillento hasta oscuro. Tiene un gusto amargo y su consistencia va de m\u00e1s duro a m\u00e1s blando.[\/vc_column_text][\/vc_tta_section][\/vc_tta_accordion][vc_btn title=&#8221;Ficha t\u00e9cnica&#8221; style=&#8221;flat&#8221; shape=&#8221;square&#8221; color=&#8221;black&#8221; size=&#8221;lg&#8221; i_align=&#8221;right&#8221; i_icon_fontawesome=&#8221;far fa-file-pdf&#8221; add_icon=&#8221;true&#8221; link=&#8221;url:https%3A%2F%2Fwww.meldelperello.com%2Fwp-content%2Fuploads%2F2022%2F06%2FFT-PROPOLEOS-V0.pdf&#8221; el_class=&#8221;ficha&#8221;][\/vc_column][\/vc_row][vc_row][vc_column][vc_column_text css=&#8221;.vc_custom_1653674813141{margin-bottom: 15px !important;}&#8221;]<\/p>\n<h3 style=\"text-align: center;\"><strong>ENVASES DE PROP\u00d3LEO<\/strong><\/h3>\n<p>[\/vc_column_text][vc_column_text css=&#8221;.vc_custom_1648139594881{margin-bottom: 60px !important;}&#8221;]<\/p>\n<p style=\"text-align: center;\">Tot el proc\u00e9s d\u2019envasat es fa acuradament per preservar-ne totes les seves propietats.<\/p>\n<p>[\/vc_column_text][\/vc_column][\/vc_row][vc_row gap=&#8221;15&#8243; el_class=&#8221;formatos&#8221; css=&#8221;.vc_custom_1645553046136{margin-bottom: 60px !important;}&#8221;][vc_column width=&#8221;1\/3&#8243;][vc_single_image image=&#8221;9593&#8243; img_size=&#8221;full&#8221; alignment=&#8221;center&#8221; css=&#8221;.vc_custom_1648639009445{margin-bottom: 25px !important;}&#8221; image_hovers=&#8221;false&#8221;][vc_column_text css=&#8221;.vc_custom_1653674831818{margin-bottom: 40px !important;}&#8221;]<\/p>\n<h3 style=\"text-align: center;\">Ref. 800018 \u2013 PROP\u00d3LEO PURO<\/h3>\n<p style=\"text-align: center;\"><strong>EAN-13: 8436554510177<\/strong><br \/>\nProp\u00f3leo puro 10 gr<\/p>\n<p>[\/vc_column_text][\/vc_column][vc_column width=&#8221;1\/3&#8243;][vc_single_image image=&#8221;9589&#8243; img_size=&#8221;full&#8221; alignment=&#8221;center&#8221; css=&#8221;.vc_custom_1648639029858{margin-bottom: 25px !important;}&#8221; image_hovers=&#8221;false&#8221;][vc_column_text css=&#8221;.vc_custom_1674548352617{margin-bottom: 40px !important;}&#8221;]<\/p>\n<h3 style=\"text-align: center;\">Ref. 400023 \u2013 UNG\u00dcENTO PROP\u00d3LEO<\/h3>\n<p style=\"text-align: center;\"><strong>EAN-13: 8436554510129<\/strong><br \/>\nUng\u00fcento de prop\u00f3leo 15gr.<\/p>\n<p>[\/vc_column_text][\/vc_column][vc_column width=&#8221;1\/3&#8243;][vc_single_image image=&#8221;9585&#8243; img_size=&#8221;full&#8221; alignment=&#8221;center&#8221; css=&#8221;.vc_custom_1648639050805{margin-bottom: 25px !important;}&#8221; image_hovers=&#8221;false&#8221;][vc_column_text css=&#8221;.vc_custom_1653674861035{margin-bottom: 40px !important;}&#8221;]<\/p>\n<h3 style=\"text-align: center;\">Ref. 800008 \u2013 TINTURA PROP\u00d3LEO<\/h3>\n<p style=\"text-align: center;\"><strong>EAN: 8936554510139<\/strong><br \/>\nTintura prop\u00f3leo Avi Llu\u00eds<\/p>\n<p>[\/vc_column_text][\/vc_column][\/vc_row][vc_row full_width=&#8221;stretch_row_content_no_spaces&#8221; bg_type=&#8221;image&#8221; parallax_style=&#8221;vcpb-vz-jquery&#8221; bg_image_new=&#8221;id^9900|url^https:\/\/www.meldelperello.com\/wp-content\/uploads\/2022\/04\/bg-12.jpg|caption^null|alt^null|title^bg|description^null&#8221; bg_image_repeat=&#8221;no-repeat&#8221; bg_override=&#8221;full&#8221; disable_on_mobile_img_parallax=&#8221;disable_on_mobile_img_parallax_value&#8221; el_class=&#8221;blanco poema&#8221;][vc_column][vc_empty_space height=&#8221;450&#8243;][\/vc_column][\/vc_row]<\/p>\n<\/div>","protected":false},"excerpt":{"rendered":"<p>[vc_row gap=&#8221;25&#8243; el_class=&#8221;producto&#8221; css=&#8221;.vc_custom_1645552768280{margin-bottom: 60px !important;}&#8221;][vc_column width=&#8221;1\/2&#8243;][vc_single_image image=&#8221;9581&#8243; img_size=&#8221;full&#8221;][\/vc_column][vc_column width=&#8221;1\/2&#8243;][vc_column_text css=&#8221;.vc_custom_1743607199006{margin-bottom: 50px !important;}&#8221;] PROP\u00d3LEO DEL AVI LLU\u00cdS Medicina natural de abeja. CARACTER\u00cdSTICAS DEL PROP\u00d3LEO *&#8221;El prop\u00f3leo es una resina c\u00e9rea de composici\u00f3n compleja y consistencia viscosa, producida por las abejas a partir de part\u00edculas resinosas de diferentes vegetales. Su funci\u00f3n principal es la protecci\u00f3n y&hellip;<\/p>\n","protected":false},"author":1,"featured_media":9581,"parent":10137,"menu_order":0,"comment_status":"closed","ping_status":"closed","template":"","meta":{"inline_featured_image":false,"footnotes":""},"class_list":["post-10207","page","type-page","status-publish","has-post-thumbnail","hentry","description-off"],"yoast_head":"<!-- This site is optimized with the Yoast SEO plugin v27.3 - https:\/\/yoast.com\/product\/yoast-seo-wordpress\/ -->\n<title>PROP\u00d3LEO - L&#039;Avi Llu\u00eds<\/title>\n<meta name=\"description\" content=\"Compra Prop\u00f3leo Puro directamente en el Apicultor \u2705 y disfruta de la M\u00e1xima Calidad \u00a1Descubre nuestras ofertas! Env\u00edo 24-48h.\" \/>\n<meta name=\"robots\" content=\"index, follow, max-snippet:-1, max-image-preview:large, max-video-preview:-1\" \/>\n<link rel=\"canonical\" href=\"https:\/\/www.meldelperello.com\/es\/productos\/propoleo\/\" \/>\n<meta property=\"og:locale\" content=\"es_ES\" \/>\n<meta property=\"og:type\" content=\"article\" \/>\n<meta property=\"og:title\" content=\"PROP\u00d3LEO - L&#039;Avi Llu\u00eds\" \/>\n<meta property=\"og:description\" content=\"Compra Prop\u00f3leo Puro directamente en el Apicultor \u2705 y disfruta de la M\u00e1xima Calidad \u00a1Descubre nuestras ofertas! Env\u00edo 24-48h.\" \/>\n<meta property=\"og:url\" content=\"https:\/\/www.meldelperello.com\/es\/productos\/propoleo\/\" \/>\n<meta property=\"og:site_name\" content=\"L&#039;Avi Llu\u00eds\" \/>\n<meta property=\"article:publisher\" content=\"https:\/\/www.facebook.com\/avi.lluis\/\" \/>\n<meta property=\"article:modified_time\" content=\"2025-09-24T07:30:10+00:00\" \/>\n<meta property=\"og:image\" content=\"https:\/\/www.meldelperello.com\/wp-content\/uploads\/2022\/03\/propolis-1.jpg\" \/>\n\t<meta property=\"og:image:width\" content=\"1000\" \/>\n\t<meta property=\"og:image:height\" content=\"1000\" \/>\n\t<meta property=\"og:image:type\" content=\"image\/jpeg\" \/>\n<meta name=\"twitter:card\" content=\"summary_large_image\" \/>\n<meta name=\"twitter:label1\" content=\"Tiempo de lectura\" \/>\n\t<meta name=\"twitter:data1\" content=\"3 minutos\" \/>\n<script type=\"application\/ld+json\" class=\"yoast-schema-graph\">{\"@context\":\"https:\\\/\\\/schema.org\",\"@graph\":[{\"@type\":\"WebPage\",\"@id\":\"https:\\\/\\\/www.meldelperello.com\\\/es\\\/productos\\\/propoleo\\\/\",\"url\":\"https:\\\/\\\/www.meldelperello.com\\\/es\\\/productos\\\/propoleo\\\/\",\"name\":\"PROP\u00d3LEO - L&#039;Avi Llu\u00eds\",\"isPartOf\":{\"@id\":\"https:\\\/\\\/www.meldelperello.com\\\/es\\\/#website\"},\"primaryImageOfPage\":{\"@id\":\"https:\\\/\\\/www.meldelperello.com\\\/es\\\/productos\\\/propoleo\\\/#primaryimage\"},\"image\":{\"@id\":\"https:\\\/\\\/www.meldelperello.com\\\/es\\\/productos\\\/propoleo\\\/#primaryimage\"},\"thumbnailUrl\":\"https:\\\/\\\/www.meldelperello.com\\\/wp-content\\\/uploads\\\/2022\\\/03\\\/propolis-1.jpg\",\"datePublished\":\"2022-03-24T17:09:14+00:00\",\"dateModified\":\"2025-09-24T07:30:10+00:00\",\"description\":\"Compra Prop\u00f3leo Puro directamente en el Apicultor \u2705 y disfruta de la M\u00e1xima Calidad \u00a1Descubre nuestras ofertas! Env\u00edo 24-48h.\",\"breadcrumb\":{\"@id\":\"https:\\\/\\\/www.meldelperello.com\\\/es\\\/productos\\\/propoleo\\\/#breadcrumb\"},\"inLanguage\":\"es\",\"potentialAction\":[{\"@type\":\"ReadAction\",\"target\":[\"https:\\\/\\\/www.meldelperello.com\\\/es\\\/productos\\\/propoleo\\\/\"]}]},{\"@type\":\"ImageObject\",\"inLanguage\":\"es\",\"@id\":\"https:\\\/\\\/www.meldelperello.com\\\/es\\\/productos\\\/propoleo\\\/#primaryimage\",\"url\":\"https:\\\/\\\/www.meldelperello.com\\\/wp-content\\\/uploads\\\/2022\\\/03\\\/propolis-1.jpg\",\"contentUrl\":\"https:\\\/\\\/www.meldelperello.com\\\/wp-content\\\/uploads\\\/2022\\\/03\\\/propolis-1.jpg\",\"width\":1000,\"height\":1000,\"caption\":\"Pr\u00f2polis\"},{\"@type\":\"BreadcrumbList\",\"@id\":\"https:\\\/\\\/www.meldelperello.com\\\/es\\\/productos\\\/propoleo\\\/#breadcrumb\",\"itemListElement\":[{\"@type\":\"ListItem\",\"position\":1,\"name\":\"Inici\",\"item\":\"https:\\\/\\\/www.meldelperello.com\\\/es\\\/\"},{\"@type\":\"ListItem\",\"position\":2,\"name\":\"PRODUCTOS\",\"item\":\"https:\\\/\\\/www.meldelperello.com\\\/es\\\/productos\\\/\"},{\"@type\":\"ListItem\",\"position\":3,\"name\":\"PROP\u00d3LEO\"}]},{\"@type\":\"WebSite\",\"@id\":\"https:\\\/\\\/www.meldelperello.com\\\/es\\\/#website\",\"url\":\"https:\\\/\\\/www.meldelperello.com\\\/es\\\/\",\"name\":\"L&#039;Avi Llu\u00eds\",\"description\":\"Apicultors i productors de mel natural, pura i artesana\",\"publisher\":{\"@id\":\"https:\\\/\\\/www.meldelperello.com\\\/es\\\/#organization\"},\"potentialAction\":[{\"@type\":\"SearchAction\",\"target\":{\"@type\":\"EntryPoint\",\"urlTemplate\":\"https:\\\/\\\/www.meldelperello.com\\\/es\\\/?s={search_term_string}\"},\"query-input\":{\"@type\":\"PropertyValueSpecification\",\"valueRequired\":true,\"valueName\":\"search_term_string\"}}],\"inLanguage\":\"es\"},{\"@type\":\"Organization\",\"@id\":\"https:\\\/\\\/www.meldelperello.com\\\/es\\\/#organization\",\"name\":\"L'Avi Llu\u00eds\",\"url\":\"https:\\\/\\\/www.meldelperello.com\\\/es\\\/\",\"logo\":{\"@type\":\"ImageObject\",\"inLanguage\":\"es\",\"@id\":\"https:\\\/\\\/www.meldelperello.com\\\/es\\\/#\\\/schema\\\/logo\\\/image\\\/\",\"url\":\"https:\\\/\\\/www.meldelperello.com\\\/wp-content\\\/uploads\\\/2022\\\/02\\\/logo.svg\",\"contentUrl\":\"https:\\\/\\\/www.meldelperello.com\\\/wp-content\\\/uploads\\\/2022\\\/02\\\/logo.svg\",\"width\":137,\"height\":121,\"caption\":\"L'Avi Llu\u00eds\"},\"image\":{\"@id\":\"https:\\\/\\\/www.meldelperello.com\\\/es\\\/#\\\/schema\\\/logo\\\/image\\\/\"},\"sameAs\":[\"https:\\\/\\\/www.facebook.com\\\/avi.lluis\\\/\",\"https:\\\/\\\/www.instagram.com\\\/avilluis_meldelperello\\\/\",\"https:\\\/\\\/www.youtube.com\\\/c\\\/MeldelperelloAviLluis\"]}]}<\/script>\n<!-- \/ Yoast SEO plugin. -->","yoast_head_json":{"title":"PROP\u00d3LEO - L&#039;Avi Llu\u00eds","description":"Compra Prop\u00f3leo Puro directamente en el Apicultor \u2705 y disfruta de la M\u00e1xima Calidad \u00a1Descubre nuestras ofertas! Env\u00edo 24-48h.","robots":{"index":"index","follow":"follow","max-snippet":"max-snippet:-1","max-image-preview":"max-image-preview:large","max-video-preview":"max-video-preview:-1"},"canonical":"https:\/\/www.meldelperello.com\/es\/productos\/propoleo\/","og_locale":"es_ES","og_type":"article","og_title":"PROP\u00d3LEO - L&#039;Avi Llu\u00eds","og_description":"Compra Prop\u00f3leo Puro directamente en el Apicultor \u2705 y disfruta de la M\u00e1xima Calidad \u00a1Descubre nuestras ofertas! Env\u00edo 24-48h.","og_url":"https:\/\/www.meldelperello.com\/es\/productos\/propoleo\/","og_site_name":"L&#039;Avi Llu\u00eds","article_publisher":"https:\/\/www.facebook.com\/avi.lluis\/","article_modified_time":"2025-09-24T07:30:10+00:00","og_image":[{"width":1000,"height":1000,"url":"https:\/\/www.meldelperello.com\/wp-content\/uploads\/2022\/03\/propolis-1.jpg","type":"image\/jpeg"}],"twitter_card":"summary_large_image","twitter_misc":{"Tiempo de lectura":"3 minutos"},"schema":{"@context":"https:\/\/schema.org","@graph":[{"@type":"WebPage","@id":"https:\/\/www.meldelperello.com\/es\/productos\/propoleo\/","url":"https:\/\/www.meldelperello.com\/es\/productos\/propoleo\/","name":"PROP\u00d3LEO - L&#039;Avi Llu\u00eds","isPartOf":{"@id":"https:\/\/www.meldelperello.com\/es\/#website"},"primaryImageOfPage":{"@id":"https:\/\/www.meldelperello.com\/es\/productos\/propoleo\/#primaryimage"},"image":{"@id":"https:\/\/www.meldelperello.com\/es\/productos\/propoleo\/#primaryimage"},"thumbnailUrl":"https:\/\/www.meldelperello.com\/wp-content\/uploads\/2022\/03\/propolis-1.jpg","datePublished":"2022-03-24T17:09:14+00:00","dateModified":"2025-09-24T07:30:10+00:00","description":"Compra Prop\u00f3leo Puro directamente en el Apicultor \u2705 y disfruta de la M\u00e1xima Calidad \u00a1Descubre nuestras ofertas! Env\u00edo 24-48h.","breadcrumb":{"@id":"https:\/\/www.meldelperello.com\/es\/productos\/propoleo\/#breadcrumb"},"inLanguage":"es","potentialAction":[{"@type":"ReadAction","target":["https:\/\/www.meldelperello.com\/es\/productos\/propoleo\/"]}]},{"@type":"ImageObject","inLanguage":"es","@id":"https:\/\/www.meldelperello.com\/es\/productos\/propoleo\/#primaryimage","url":"https:\/\/www.meldelperello.com\/wp-content\/uploads\/2022\/03\/propolis-1.jpg","contentUrl":"https:\/\/www.meldelperello.com\/wp-content\/uploads\/2022\/03\/propolis-1.jpg","width":1000,"height":1000,"caption":"Pr\u00f2polis"},{"@type":"BreadcrumbList","@id":"https:\/\/www.meldelperello.com\/es\/productos\/propoleo\/#breadcrumb","itemListElement":[{"@type":"ListItem","position":1,"name":"Inici","item":"https:\/\/www.meldelperello.com\/es\/"},{"@type":"ListItem","position":2,"name":"PRODUCTOS","item":"https:\/\/www.meldelperello.com\/es\/productos\/"},{"@type":"ListItem","position":3,"name":"PROP\u00d3LEO"}]},{"@type":"WebSite","@id":"https:\/\/www.meldelperello.com\/es\/#website","url":"https:\/\/www.meldelperello.com\/es\/","name":"L&#039;Avi Llu\u00eds","description":"Apicultors i productors de mel natural, pura i artesana","publisher":{"@id":"https:\/\/www.meldelperello.com\/es\/#organization"},"potentialAction":[{"@type":"SearchAction","target":{"@type":"EntryPoint","urlTemplate":"https:\/\/www.meldelperello.com\/es\/?s={search_term_string}"},"query-input":{"@type":"PropertyValueSpecification","valueRequired":true,"valueName":"search_term_string"}}],"inLanguage":"es"},{"@type":"Organization","@id":"https:\/\/www.meldelperello.com\/es\/#organization","name":"L'Avi Llu\u00eds","url":"https:\/\/www.meldelperello.com\/es\/","logo":{"@type":"ImageObject","inLanguage":"es","@id":"https:\/\/www.meldelperello.com\/es\/#\/schema\/logo\/image\/","url":"https:\/\/www.meldelperello.com\/wp-content\/uploads\/2022\/02\/logo.svg","contentUrl":"https:\/\/www.meldelperello.com\/wp-content\/uploads\/2022\/02\/logo.svg","width":137,"height":121,"caption":"L'Avi Llu\u00eds"},"image":{"@id":"https:\/\/www.meldelperello.com\/es\/#\/schema\/logo\/image\/"},"sameAs":["https:\/\/www.facebook.com\/avi.lluis\/","https:\/\/www.instagram.com\/avilluis_meldelperello\/","https:\/\/www.youtube.com\/c\/MeldelperelloAviLluis"]}]}},"_links":{"self":[{"href":"https:\/\/www.meldelperello.com\/es\/wp-json\/wp\/v2\/pages\/10207","targetHints":{"allow":["GET"]}}],"collection":[{"href":"https:\/\/www.meldelperello.com\/es\/wp-json\/wp\/v2\/pages"}],"about":[{"href":"https:\/\/www.meldelperello.com\/es\/wp-json\/wp\/v2\/types\/page"}],"author":[{"embeddable":true,"href":"https:\/\/www.meldelperello.com\/es\/wp-json\/wp\/v2\/users\/1"}],"replies":[{"embeddable":true,"href":"https:\/\/www.meldelperello.com\/es\/wp-json\/wp\/v2\/comments?post=10207"}],"version-history":[{"count":6,"href":"https:\/\/www.meldelperello.com\/es\/wp-json\/wp\/v2\/pages\/10207\/revisions"}],"predecessor-version":[{"id":11921,"href":"https:\/\/www.meldelperello.com\/es\/wp-json\/wp\/v2\/pages\/10207\/revisions\/11921"}],"up":[{"embeddable":true,"href":"https:\/\/www.meldelperello.com\/es\/wp-json\/wp\/v2\/pages\/10137"}],"wp:featuredmedia":[{"embeddable":true,"href":"https:\/\/www.meldelperello.com\/es\/wp-json\/wp\/v2\/media\/9581"}],"wp:attachment":[{"href":"https:\/\/www.meldelperello.com\/es\/wp-json\/wp\/v2\/media?parent=10207"}],"curies":[{"name":"wp","href":"https:\/\/api.w.org\/{rel}","templated":true}]}}