{"id":10196,"date":"2022-03-24T19:11:15","date_gmt":"2022-03-24T18:11:15","guid":{"rendered":"https:\/\/perello.debonatinta.com\/productos\/miel-con-valor-anadido\/bresca-amb-mel\/"},"modified":"2025-09-24T09:53:05","modified_gmt":"2025-09-24T07:53:05","slug":"panal-con-miel","status":"publish","type":"page","link":"https:\/\/www.meldelperello.com\/es\/productos\/miel-con-valor-anadido\/panal-con-miel\/","title":{"rendered":"PANAL CON MIEL"},"content":{"rendered":"<div class=\"wpb-content-wrapper\"><p>[vc_row gap=&#8221;25&#8243; el_class=&#8221;producto&#8221; css=&#8221;.vc_custom_1645552768280{margin-bottom: 60px !important;}&#8221;][vc_column width=&#8221;1\/2&#8243;][vc_single_image image=&#8221;9562&#8243; img_size=&#8221;full&#8221;][\/vc_column][vc_column width=&#8221;1\/2&#8243;][vc_column_text css=&#8221;.vc_custom_1743606601842{margin-bottom: 50px !important;}&#8221;]<\/p>\n<h1><strong>PANAL CON MIEL DEL AVI LLU\u00cdS<\/strong><\/h1>\n<h2>Miel a bocados, a cucharadas.<\/h2>\n<p><strong>CARACTER\u00cdSTICAS DE LA PANAL CON MIEL<\/strong><\/p>\n<p>El panal con miel es una de las estructuras c\u00e9reas de la colmena, formada por celdas prism\u00e1ticas hexagonales llenas de miel sin extraer. En Avi Llu\u00eds, puedes encontrarla dentro de un bote de miel de romero o de naranjo.<\/p>\n<p>El panal destaca por su estado puro y su composici\u00f3n natural, conservando las caracter\u00edsticas originales de la colmena. Sus particularidades pueden variar seg\u00fan la \u00e9poca del a\u00f1o y el lugar de origen, aunque siempre manteniendo su alto grado de pureza.[\/vc_column_text][vc_tta_accordion section_title_tag=&#8221;h3&#8243; style=&#8221;flat&#8221; shape=&#8221;square&#8221; color=&#8221;white&#8221; c_position=&#8221;right&#8221; active_section=&#8221;999&#8243; no_fill=&#8221;true&#8221; collapsible_all=&#8221;true&#8221;][vc_tta_section title=&#8221;Dosis del panal con miel del Avi Llu\u00eds&#8221; tab_id=&#8221;dosis&#8221;][vc_column_text css=&#8221;&#8221;]El panal con miel es un producto que se puede disfrutar en cualquier momento del a\u00f1o, aunque muchas personas lo valoran especialmente en los periodos de transici\u00f3n entre estaciones. Su combinaci\u00f3n \u00fanica de texturas y aromas lo convierte en una opci\u00f3n apreciada en diversas ocasiones.[\/vc_column_text][\/vc_tta_section][vc_tta_section title=&#8221;Presentaci\u00f3n del panal con miel del Avi Llu\u00eds&#8221; tab_id=&#8221;presentacion&#8221;][vc_column_text]El panal con miel lo envasamos dentro de botes de cristal llenos con miel en formatos de 500 y 250 gramos.<\/p>\n<p>Es aconsejable conservar el bote tapado y fuera de la luz solar.<\/p>\n<p>Humedad del 18% \/ Miel centrifugada.[\/vc_column_text][\/vc_tta_section][vc_tta_section title=&#8221;Secci\u00f3&#8221; tab_id=&#8221;1756969880211-f3e94132-84f8&#8243;][\/vc_tta_section][\/vc_tta_accordion][vc_btn title=&#8221;Ficha t\u00e9cnica&#8221; style=&#8221;flat&#8221; shape=&#8221;square&#8221; color=&#8221;black&#8221; size=&#8221;lg&#8221; i_align=&#8221;right&#8221; i_icon_fontawesome=&#8221;&#8221; css=&#8221;&#8221; add_icon=&#8221;true&#8221; link=&#8221;url:https%3A%2F%2Fdrive.google.com%2Ffile%2Fd%2F1EZafibD3kDcJUbVGf5vTx0ximsMOd9Wl%2Fview%3Fusp%3Dsharing&#8221; el_class=&#8221;ficha&#8221;][\/vc_column][\/vc_row][vc_row][vc_column][vc_column_text]<\/p>\n<h3 style=\"text-align: center;\"><strong>ENVASES DE PANAL CON MIEL<br \/>\n<\/strong><\/h3>\n<p>[\/vc_column_text][\/vc_column][\/vc_row][vc_row el_class=&#8221;formatos&#8221;][vc_column width=&#8221;1\/6&#8243;][\/vc_column][vc_column width=&#8221;2\/3&#8243;][vc_row_inner gap=&#8221;35&#8243;][vc_column_inner width=&#8221;1\/2&#8243;][vc_single_image image=&#8221;9566&#8243; img_size=&#8221;full&#8221; alignment=&#8221;center&#8221; css=&#8221;.vc_custom_1648638487243{margin-bottom: 25px !important;}&#8221; image_hovers=&#8221;false&#8221;][vc_column_text css=&#8221;.vc_custom_1654084355321{margin-bottom: 40px !important;}&#8221;]<\/p>\n<h3 style=\"text-align: center;\"><strong>Ref. 050002 \u2013 PANAL CON MIEL 500 GR.<\/strong><\/h3>\n<p style=\"text-align: center;\"><strong>EAN-13: 8437001517305<\/strong><\/p>\n<p>[\/vc_column_text][\/vc_column_inner][vc_column_inner width=&#8221;1\/2&#8243;][vc_single_image image=&#8221;9570&#8243; img_size=&#8221;full&#8221; alignment=&#8221;center&#8221; css=&#8221;.vc_custom_1648638497716{margin-bottom: 25px !important;}&#8221; image_hovers=&#8221;false&#8221;][vc_column_text css=&#8221;.vc_custom_1654084362570{margin-bottom: 40px !important;}&#8221;]<\/p>\n<h3 style=\"text-align: center;\"><strong>Ref. 050001 \u2013 PANAL CON MIEL 300 GR.<\/strong><\/h3>\n<p style=\"text-align: center;\"><strong>EAN-13: 8436554510115<\/strong><\/p>\n<p>[\/vc_column_text][\/vc_column_inner][\/vc_row_inner][\/vc_column][vc_column width=&#8221;1\/6&#8243;][\/vc_column][\/vc_row][vc_row full_width=&#8221;stretch_row_content_no_spaces&#8221; bg_type=&#8221;image&#8221; parallax_style=&#8221;vcpb-vz-jquery&#8221; bg_image_new=&#8221;id^9912|url^https:\/\/www.meldelperello.com\/wp-content\/uploads\/2022\/04\/bg-14.jpg|caption^null|alt^null|title^bg|description^null&#8221; bg_image_repeat=&#8221;no-repeat&#8221; bg_override=&#8221;full&#8221; disable_on_mobile_img_parallax=&#8221;disable_on_mobile_img_parallax_value&#8221; el_class=&#8221;blanco poema&#8221;][vc_column][vc_empty_space height=&#8221;450&#8243;][\/vc_column][\/vc_row]<\/p>\n<\/div>","protected":false},"excerpt":{"rendered":"<p>[vc_row gap=&#8221;25&#8243; el_class=&#8221;producto&#8221; css=&#8221;.vc_custom_1645552768280{margin-bottom: 60px !important;}&#8221;][vc_column width=&#8221;1\/2&#8243;][vc_single_image image=&#8221;9562&#8243; img_size=&#8221;full&#8221;][\/vc_column][vc_column width=&#8221;1\/2&#8243;][vc_column_text css=&#8221;.vc_custom_1743606601842{margin-bottom: 50px !important;}&#8221;] PANAL CON MIEL DEL AVI LLU\u00cdS Miel a bocados, a cucharadas. CARACTER\u00cdSTICAS DE LA PANAL CON MIEL El panal con miel es una de las estructuras c\u00e9reas de la colmena, formada por celdas prism\u00e1ticas hexagonales llenas de miel sin extraer. En Avi&hellip;<\/p>\n","protected":false},"author":1,"featured_media":9562,"parent":10176,"menu_order":0,"comment_status":"closed","ping_status":"closed","template":"","meta":{"inline_featured_image":false,"footnotes":""},"class_list":["post-10196","page","type-page","status-publish","has-post-thumbnail","hentry","description-off"],"yoast_head":"<!-- This site is optimized with the Yoast SEO plugin v27.3 - https:\/\/yoast.com\/product\/yoast-seo-wordpress\/ -->\n<title>PANAL CON MIEL - L&#039;Avi Llu\u00eds<\/title>\n<meta name=\"description\" content=\"El panal con miel son porciones de esta celda con la miel sin extraer. El panal con miel del Abuelo Luis la puedes encontrar con la miel de romero o naranjo.\" \/>\n<meta name=\"robots\" content=\"index, follow, max-snippet:-1, max-image-preview:large, max-video-preview:-1\" \/>\n<link rel=\"canonical\" href=\"https:\/\/www.meldelperello.com\/es\/productos\/miel-con-valor-anadido\/panal-con-miel\/\" \/>\n<meta property=\"og:locale\" content=\"es_ES\" \/>\n<meta property=\"og:type\" content=\"article\" \/>\n<meta property=\"og:title\" content=\"PANAL CON MIEL - L&#039;Avi Llu\u00eds\" \/>\n<meta property=\"og:description\" content=\"El panal con miel son porciones de esta celda con la miel sin extraer. El panal con miel del Abuelo Luis la puedes encontrar con la miel de romero o naranjo.\" \/>\n<meta property=\"og:url\" content=\"https:\/\/www.meldelperello.com\/es\/productos\/miel-con-valor-anadido\/panal-con-miel\/\" \/>\n<meta property=\"og:site_name\" content=\"L&#039;Avi Llu\u00eds\" \/>\n<meta property=\"article:publisher\" content=\"https:\/\/www.facebook.com\/avi.lluis\/\" \/>\n<meta property=\"article:modified_time\" content=\"2025-09-24T07:53:05+00:00\" \/>\n<meta property=\"og:image\" content=\"https:\/\/www.meldelperello.com\/wp-content\/uploads\/2022\/03\/bresca-amb-mel.jpg\" \/>\n\t<meta property=\"og:image:width\" content=\"1000\" \/>\n\t<meta property=\"og:image:height\" content=\"1000\" \/>\n\t<meta property=\"og:image:type\" content=\"image\/jpeg\" \/>\n<meta name=\"twitter:card\" content=\"summary_large_image\" \/>\n<meta name=\"twitter:label1\" content=\"Tiempo de lectura\" \/>\n\t<meta name=\"twitter:data1\" content=\"3 minutos\" \/>\n<script type=\"application\/ld+json\" class=\"yoast-schema-graph\">{\"@context\":\"https:\\\/\\\/schema.org\",\"@graph\":[{\"@type\":\"WebPage\",\"@id\":\"https:\\\/\\\/www.meldelperello.com\\\/es\\\/productos\\\/miel-con-valor-anadido\\\/panal-con-miel\\\/\",\"url\":\"https:\\\/\\\/www.meldelperello.com\\\/es\\\/productos\\\/miel-con-valor-anadido\\\/panal-con-miel\\\/\",\"name\":\"PANAL CON MIEL - L&#039;Avi Llu\u00eds\",\"isPartOf\":{\"@id\":\"https:\\\/\\\/www.meldelperello.com\\\/es\\\/#website\"},\"primaryImageOfPage\":{\"@id\":\"https:\\\/\\\/www.meldelperello.com\\\/es\\\/productos\\\/miel-con-valor-anadido\\\/panal-con-miel\\\/#primaryimage\"},\"image\":{\"@id\":\"https:\\\/\\\/www.meldelperello.com\\\/es\\\/productos\\\/miel-con-valor-anadido\\\/panal-con-miel\\\/#primaryimage\"},\"thumbnailUrl\":\"https:\\\/\\\/www.meldelperello.com\\\/wp-content\\\/uploads\\\/2022\\\/03\\\/bresca-amb-mel.jpg\",\"datePublished\":\"2022-03-24T18:11:15+00:00\",\"dateModified\":\"2025-09-24T07:53:05+00:00\",\"description\":\"El panal con miel son porciones de esta celda con la miel sin extraer. El panal con miel del Abuelo Luis la puedes encontrar con la miel de romero o naranjo.\",\"breadcrumb\":{\"@id\":\"https:\\\/\\\/www.meldelperello.com\\\/es\\\/productos\\\/miel-con-valor-anadido\\\/panal-con-miel\\\/#breadcrumb\"},\"inLanguage\":\"es\",\"potentialAction\":[{\"@type\":\"ReadAction\",\"target\":[\"https:\\\/\\\/www.meldelperello.com\\\/es\\\/productos\\\/miel-con-valor-anadido\\\/panal-con-miel\\\/\"]}]},{\"@type\":\"ImageObject\",\"inLanguage\":\"es\",\"@id\":\"https:\\\/\\\/www.meldelperello.com\\\/es\\\/productos\\\/miel-con-valor-anadido\\\/panal-con-miel\\\/#primaryimage\",\"url\":\"https:\\\/\\\/www.meldelperello.com\\\/wp-content\\\/uploads\\\/2022\\\/03\\\/bresca-amb-mel.jpg\",\"contentUrl\":\"https:\\\/\\\/www.meldelperello.com\\\/wp-content\\\/uploads\\\/2022\\\/03\\\/bresca-amb-mel.jpg\",\"width\":1000,\"height\":1000,\"caption\":\"BRESCA AMB MEL\"},{\"@type\":\"BreadcrumbList\",\"@id\":\"https:\\\/\\\/www.meldelperello.com\\\/es\\\/productos\\\/miel-con-valor-anadido\\\/panal-con-miel\\\/#breadcrumb\",\"itemListElement\":[{\"@type\":\"ListItem\",\"position\":1,\"name\":\"Inici\",\"item\":\"https:\\\/\\\/www.meldelperello.com\\\/es\\\/\"},{\"@type\":\"ListItem\",\"position\":2,\"name\":\"PRODUCTOS\",\"item\":\"https:\\\/\\\/www.meldelperello.com\\\/es\\\/productos\\\/\"},{\"@type\":\"ListItem\",\"position\":3,\"name\":\"MIEL CON VALOR A\u00d1ADIDO\",\"item\":\"https:\\\/\\\/www.meldelperello.com\\\/es\\\/productos\\\/miel-con-valor-anadido\\\/\"},{\"@type\":\"ListItem\",\"position\":4,\"name\":\"PANAL CON MIEL\"}]},{\"@type\":\"WebSite\",\"@id\":\"https:\\\/\\\/www.meldelperello.com\\\/es\\\/#website\",\"url\":\"https:\\\/\\\/www.meldelperello.com\\\/es\\\/\",\"name\":\"L&#039;Avi Llu\u00eds\",\"description\":\"Apicultors i productors de mel natural, pura i artesana\",\"publisher\":{\"@id\":\"https:\\\/\\\/www.meldelperello.com\\\/es\\\/#organization\"},\"potentialAction\":[{\"@type\":\"SearchAction\",\"target\":{\"@type\":\"EntryPoint\",\"urlTemplate\":\"https:\\\/\\\/www.meldelperello.com\\\/es\\\/?s={search_term_string}\"},\"query-input\":{\"@type\":\"PropertyValueSpecification\",\"valueRequired\":true,\"valueName\":\"search_term_string\"}}],\"inLanguage\":\"es\"},{\"@type\":\"Organization\",\"@id\":\"https:\\\/\\\/www.meldelperello.com\\\/es\\\/#organization\",\"name\":\"L'Avi Llu\u00eds\",\"url\":\"https:\\\/\\\/www.meldelperello.com\\\/es\\\/\",\"logo\":{\"@type\":\"ImageObject\",\"inLanguage\":\"es\",\"@id\":\"https:\\\/\\\/www.meldelperello.com\\\/es\\\/#\\\/schema\\\/logo\\\/image\\\/\",\"url\":\"https:\\\/\\\/www.meldelperello.com\\\/wp-content\\\/uploads\\\/2022\\\/02\\\/logo.svg\",\"contentUrl\":\"https:\\\/\\\/www.meldelperello.com\\\/wp-content\\\/uploads\\\/2022\\\/02\\\/logo.svg\",\"width\":137,\"height\":121,\"caption\":\"L'Avi Llu\u00eds\"},\"image\":{\"@id\":\"https:\\\/\\\/www.meldelperello.com\\\/es\\\/#\\\/schema\\\/logo\\\/image\\\/\"},\"sameAs\":[\"https:\\\/\\\/www.facebook.com\\\/avi.lluis\\\/\",\"https:\\\/\\\/www.instagram.com\\\/avilluis_meldelperello\\\/\",\"https:\\\/\\\/www.youtube.com\\\/c\\\/MeldelperelloAviLluis\"]}]}<\/script>\n<!-- \/ Yoast SEO plugin. -->","yoast_head_json":{"title":"PANAL CON MIEL - L&#039;Avi Llu\u00eds","description":"El panal con miel son porciones de esta celda con la miel sin extraer. El panal con miel del Abuelo Luis la puedes encontrar con la miel de romero o naranjo.","robots":{"index":"index","follow":"follow","max-snippet":"max-snippet:-1","max-image-preview":"max-image-preview:large","max-video-preview":"max-video-preview:-1"},"canonical":"https:\/\/www.meldelperello.com\/es\/productos\/miel-con-valor-anadido\/panal-con-miel\/","og_locale":"es_ES","og_type":"article","og_title":"PANAL CON MIEL - L&#039;Avi Llu\u00eds","og_description":"El panal con miel son porciones de esta celda con la miel sin extraer. El panal con miel del Abuelo Luis la puedes encontrar con la miel de romero o naranjo.","og_url":"https:\/\/www.meldelperello.com\/es\/productos\/miel-con-valor-anadido\/panal-con-miel\/","og_site_name":"L&#039;Avi Llu\u00eds","article_publisher":"https:\/\/www.facebook.com\/avi.lluis\/","article_modified_time":"2025-09-24T07:53:05+00:00","og_image":[{"width":1000,"height":1000,"url":"https:\/\/www.meldelperello.com\/wp-content\/uploads\/2022\/03\/bresca-amb-mel.jpg","type":"image\/jpeg"}],"twitter_card":"summary_large_image","twitter_misc":{"Tiempo de lectura":"3 minutos"},"schema":{"@context":"https:\/\/schema.org","@graph":[{"@type":"WebPage","@id":"https:\/\/www.meldelperello.com\/es\/productos\/miel-con-valor-anadido\/panal-con-miel\/","url":"https:\/\/www.meldelperello.com\/es\/productos\/miel-con-valor-anadido\/panal-con-miel\/","name":"PANAL CON MIEL - L&#039;Avi Llu\u00eds","isPartOf":{"@id":"https:\/\/www.meldelperello.com\/es\/#website"},"primaryImageOfPage":{"@id":"https:\/\/www.meldelperello.com\/es\/productos\/miel-con-valor-anadido\/panal-con-miel\/#primaryimage"},"image":{"@id":"https:\/\/www.meldelperello.com\/es\/productos\/miel-con-valor-anadido\/panal-con-miel\/#primaryimage"},"thumbnailUrl":"https:\/\/www.meldelperello.com\/wp-content\/uploads\/2022\/03\/bresca-amb-mel.jpg","datePublished":"2022-03-24T18:11:15+00:00","dateModified":"2025-09-24T07:53:05+00:00","description":"El panal con miel son porciones de esta celda con la miel sin extraer. El panal con miel del Abuelo Luis la puedes encontrar con la miel de romero o naranjo.","breadcrumb":{"@id":"https:\/\/www.meldelperello.com\/es\/productos\/miel-con-valor-anadido\/panal-con-miel\/#breadcrumb"},"inLanguage":"es","potentialAction":[{"@type":"ReadAction","target":["https:\/\/www.meldelperello.com\/es\/productos\/miel-con-valor-anadido\/panal-con-miel\/"]}]},{"@type":"ImageObject","inLanguage":"es","@id":"https:\/\/www.meldelperello.com\/es\/productos\/miel-con-valor-anadido\/panal-con-miel\/#primaryimage","url":"https:\/\/www.meldelperello.com\/wp-content\/uploads\/2022\/03\/bresca-amb-mel.jpg","contentUrl":"https:\/\/www.meldelperello.com\/wp-content\/uploads\/2022\/03\/bresca-amb-mel.jpg","width":1000,"height":1000,"caption":"BRESCA AMB MEL"},{"@type":"BreadcrumbList","@id":"https:\/\/www.meldelperello.com\/es\/productos\/miel-con-valor-anadido\/panal-con-miel\/#breadcrumb","itemListElement":[{"@type":"ListItem","position":1,"name":"Inici","item":"https:\/\/www.meldelperello.com\/es\/"},{"@type":"ListItem","position":2,"name":"PRODUCTOS","item":"https:\/\/www.meldelperello.com\/es\/productos\/"},{"@type":"ListItem","position":3,"name":"MIEL CON VALOR A\u00d1ADIDO","item":"https:\/\/www.meldelperello.com\/es\/productos\/miel-con-valor-anadido\/"},{"@type":"ListItem","position":4,"name":"PANAL CON MIEL"}]},{"@type":"WebSite","@id":"https:\/\/www.meldelperello.com\/es\/#website","url":"https:\/\/www.meldelperello.com\/es\/","name":"L&#039;Avi Llu\u00eds","description":"Apicultors i productors de mel natural, pura i artesana","publisher":{"@id":"https:\/\/www.meldelperello.com\/es\/#organization"},"potentialAction":[{"@type":"SearchAction","target":{"@type":"EntryPoint","urlTemplate":"https:\/\/www.meldelperello.com\/es\/?s={search_term_string}"},"query-input":{"@type":"PropertyValueSpecification","valueRequired":true,"valueName":"search_term_string"}}],"inLanguage":"es"},{"@type":"Organization","@id":"https:\/\/www.meldelperello.com\/es\/#organization","name":"L'Avi Llu\u00eds","url":"https:\/\/www.meldelperello.com\/es\/","logo":{"@type":"ImageObject","inLanguage":"es","@id":"https:\/\/www.meldelperello.com\/es\/#\/schema\/logo\/image\/","url":"https:\/\/www.meldelperello.com\/wp-content\/uploads\/2022\/02\/logo.svg","contentUrl":"https:\/\/www.meldelperello.com\/wp-content\/uploads\/2022\/02\/logo.svg","width":137,"height":121,"caption":"L'Avi Llu\u00eds"},"image":{"@id":"https:\/\/www.meldelperello.com\/es\/#\/schema\/logo\/image\/"},"sameAs":["https:\/\/www.facebook.com\/avi.lluis\/","https:\/\/www.instagram.com\/avilluis_meldelperello\/","https:\/\/www.youtube.com\/c\/MeldelperelloAviLluis"]}]}},"_links":{"self":[{"href":"https:\/\/www.meldelperello.com\/es\/wp-json\/wp\/v2\/pages\/10196","targetHints":{"allow":["GET"]}}],"collection":[{"href":"https:\/\/www.meldelperello.com\/es\/wp-json\/wp\/v2\/pages"}],"about":[{"href":"https:\/\/www.meldelperello.com\/es\/wp-json\/wp\/v2\/types\/page"}],"author":[{"embeddable":true,"href":"https:\/\/www.meldelperello.com\/es\/wp-json\/wp\/v2\/users\/1"}],"replies":[{"embeddable":true,"href":"https:\/\/www.meldelperello.com\/es\/wp-json\/wp\/v2\/comments?post=10196"}],"version-history":[{"count":11,"href":"https:\/\/www.meldelperello.com\/es\/wp-json\/wp\/v2\/pages\/10196\/revisions"}],"predecessor-version":[{"id":12215,"href":"https:\/\/www.meldelperello.com\/es\/wp-json\/wp\/v2\/pages\/10196\/revisions\/12215"}],"up":[{"embeddable":true,"href":"https:\/\/www.meldelperello.com\/es\/wp-json\/wp\/v2\/pages\/10176"}],"wp:featuredmedia":[{"embeddable":true,"href":"https:\/\/www.meldelperello.com\/es\/wp-json\/wp\/v2\/media\/9562"}],"wp:attachment":[{"href":"https:\/\/www.meldelperello.com\/es\/wp-json\/wp\/v2\/media?parent=10196"}],"curies":[{"name":"wp","href":"https:\/\/api.w.org\/{rel}","templated":true}]}}