{"id":10190,"date":"2022-03-24T19:02:06","date_gmt":"2022-03-24T18:02:06","guid":{"rendered":"https:\/\/perello.debonatinta.com\/productos\/miel-con-valor-anadido\/mel-amb-gelea-reial-i-pol%c2%b7len\/"},"modified":"2025-09-24T09:31:20","modified_gmt":"2025-09-24T07:31:20","slug":"miel-con-jalea-real-y-polen","status":"publish","type":"page","link":"https:\/\/www.meldelperello.com\/es\/productos\/miel-con-valor-anadido\/miel-con-jalea-real-y-polen\/","title":{"rendered":"MIEL CON JALEA REAL Y POLEN"},"content":{"rendered":"<div class=\"wpb-content-wrapper\"><p>[vc_row gap=&#8221;25&#8243; el_class=&#8221;producto&#8221; css=&#8221;.vc_custom_1645552768280{margin-bottom: 60px !important;}&#8221;][vc_column width=&#8221;1\/2&#8243;][vc_single_image image=&#8221;9557&#8243; img_size=&#8221;full&#8221;][\/vc_column][vc_column width=&#8221;1\/2&#8243;][vc_column_text css=&#8221;.vc_custom_1743606452588{margin-bottom: 50px !important;}&#8221;]<\/p>\n<h1><strong>MIEL CON JALEA REAL Y POLEN DEL AVI LLU\u00cdS<\/strong><\/h1>\n<h2>Una combinaci\u00f3n \u00fanica. Empoderadora.<\/h2>\n<p><strong>CARACTER\u00cdSTICAS DE LA MIEL CON JALEA REAL Y POLEN<\/strong><\/p>\n<p>La jalea real es el producto que surge de la secreci\u00f3n que hacen las gl\u00e1ndulas far\u00edngeas y las mandibulares de las abejas. Es muy rica en prote\u00ednas y minerales.<\/p>\n<p>Por otra parte, el polen, que es el polvillo de c\u00e9lulas esporales o gametos masculinos de la flor, las abejas obreras lo recogen, para llevarlo a la colmena, aglutin\u00e1ndolo con n\u00e9ctar y saliva en forma de grumos o granos de polen.<\/p>\n<p>La miel con jalea real y polen se produce a base de jalea real (1%), polen (3%) y miel de romero. La miel de romero tiene un aroma floral, ligero y algo persistente.[\/vc_column_text][vc_tta_accordion section_title_tag=&#8221;h3&#8243; style=&#8221;flat&#8221; shape=&#8221;square&#8221; color=&#8221;white&#8221; c_position=&#8221;right&#8221; active_section=&#8221;999&#8243; no_fill=&#8221;true&#8221; collapsible_all=&#8221;true&#8221;][vc_tta_section title=&#8221;Dosis Miel con Jalea Real y Polen&#8221; tab_id=&#8221;dosis&#8221;][vc_column_text]<\/p>\n<ul>\n<li>Los ni\u00f1os pueden tomar de una a tres cucharadas diarias, y los adultos, de tres a cinco.<\/li>\n<li>Es recomendable tomarlo diariamente en cada cambio de estaci\u00f3n.<\/li>\n<li>Consumir el producto directamente o disuelto en un l\u00edquido.<\/li>\n<li>Antes de consumirlo, mezclar siempre el producto.<\/li>\n<li>No suministrarlo a ni\u00f1os menores de un a\u00f1o.<\/li>\n<\/ul>\n<p>[\/vc_column_text][\/vc_tta_section][vc_tta_section title=&#8221;Presentaci\u00f3n Miel con Jalea Real y Polen&#8221; tab_id=&#8221;presentacion&#8221;][vc_column_text]La miel con jalea real y polen la envasamos en botes de vidrio en formato de 250 gramos.<\/p>\n<p>El envase es oscuro para preservar la miel de la luz, siendo aconsejable conservarla tapada y fuera de la luz solar.<\/p>\n<p>La miel de romero la producimos dentro de la Reserva de la Biosfera de Terres de l\u2019Ebre; y el polen, en distintas zonas de Espa\u00f1a.<\/p>\n<p>Mantener el producto fuera del alcance de los ni\u00f1os.[\/vc_column_text][\/vc_tta_section][\/vc_tta_accordion][vc_btn title=&#8221;Ficha t\u00e9cnica&#8221; style=&#8221;flat&#8221; shape=&#8221;square&#8221; color=&#8221;black&#8221; size=&#8221;lg&#8221; i_align=&#8221;right&#8221; i_icon_fontawesome=&#8221;&#8221; css=&#8221;&#8221; add_icon=&#8221;true&#8221; link=&#8221;url:https%3A%2F%2Fdrive.google.com%2Ffile%2Fd%2F1L5t8hL0VzBHDrDw5R3pXhxUmes0C97VE%2Fview%3Fusp%3Ddrive_link&#8221; el_class=&#8221;ficha&#8221;][\/vc_column][\/vc_row][vc_row el_class=&#8221;productos&#8221;][vc_column][vc_column_text]<\/p>\n<h3 style=\"text-align: center;\"><strong>ENVASES DE MIEL CON JELEA REAL Y POLEN<br \/>\n<\/strong><\/h3>\n<p>[\/vc_column_text][vc_single_image image=&#8221;9162&#8243; img_size=&#8221;full&#8221; alignment=&#8221;center&#8221; css=&#8221;.vc_custom_1648637328711{margin-bottom: 25px !important;}&#8221; image_hovers=&#8221;false&#8221;][vc_column_text css=&#8221;.vc_custom_1653674095081{margin-bottom: 70px !important;}&#8221; el_class=&#8221;formatos&#8221;]<\/p>\n<h3 style=\"text-align: center;\"><strong>Ref. 012002 \u2013 MIEL CON JELEA REAL Y POLEN<br \/>\n<\/strong><\/h3>\n<p style=\"text-align: center;\"><strong>EAN: 8436554510160<\/strong><br \/>\nMiel de romero con jalea real y polen del Avi Llu\u00eds 300gr.<\/p>\n<p>[\/vc_column_text][\/vc_column][\/vc_row][vc_row full_width=&#8221;stretch_row_content_no_spaces&#8221; bg_type=&#8221;image&#8221; parallax_style=&#8221;vcpb-vz-jquery&#8221; bg_image_new=&#8221;id^9906|url^https:\/\/www.meldelperello.com\/wp-content\/uploads\/2022\/04\/bg-13.jpg|caption^null|alt^null|title^bg|description^null&#8221; bg_image_repeat=&#8221;no-repeat&#8221; bg_override=&#8221;full&#8221; disable_on_mobile_img_parallax=&#8221;disable_on_mobile_img_parallax_value&#8221; el_class=&#8221;blanco poema&#8221;][vc_column][vc_empty_space height=&#8221;450&#8243;][\/vc_column][\/vc_row]<\/p>\n<\/div>","protected":false},"excerpt":{"rendered":"<p>[vc_row gap=&#8221;25&#8243; el_class=&#8221;producto&#8221; css=&#8221;.vc_custom_1645552768280{margin-bottom: 60px !important;}&#8221;][vc_column width=&#8221;1\/2&#8243;][vc_single_image image=&#8221;9557&#8243; img_size=&#8221;full&#8221;][\/vc_column][vc_column width=&#8221;1\/2&#8243;][vc_column_text css=&#8221;.vc_custom_1743606452588{margin-bottom: 50px !important;}&#8221;] MIEL CON JALEA REAL Y POLEN DEL AVI LLU\u00cdS Una combinaci\u00f3n \u00fanica. Empoderadora. CARACTER\u00cdSTICAS DE LA MIEL CON JALEA REAL Y POLEN La jalea real es el producto que surge de la secreci\u00f3n que hacen las gl\u00e1ndulas far\u00edngeas y las mandibulares de&hellip;<\/p>\n","protected":false},"author":1,"featured_media":9557,"parent":10176,"menu_order":0,"comment_status":"closed","ping_status":"closed","template":"","meta":{"inline_featured_image":false,"footnotes":""},"class_list":["post-10190","page","type-page","status-publish","has-post-thumbnail","hentry","description-off"],"yoast_head":"<!-- This site is optimized with the Yoast SEO plugin v27.3 - https:\/\/yoast.com\/product\/yoast-seo-wordpress\/ -->\n<title>MIEL CON JALEA REAL Y POLEN - L&#039;Avi Llu\u00eds<\/title>\n<meta name=\"description\" content=\"La jalea real es el producto de la secreci\u00f3n de las gl\u00e1ndulas far\u00edngeas y de las gl\u00e1ndulas mandibulares. Es muy rico en prote\u00ednas, minerales y enzimas digestivas.\" \/>\n<meta name=\"robots\" content=\"index, follow, max-snippet:-1, max-image-preview:large, max-video-preview:-1\" \/>\n<link rel=\"canonical\" href=\"https:\/\/www.meldelperello.com\/es\/productos\/miel-con-valor-anadido\/miel-con-jalea-real-y-polen\/\" \/>\n<meta property=\"og:locale\" content=\"es_ES\" \/>\n<meta property=\"og:type\" content=\"article\" \/>\n<meta property=\"og:title\" content=\"MIEL CON JALEA REAL Y POLEN - L&#039;Avi Llu\u00eds\" \/>\n<meta property=\"og:description\" content=\"La jalea real es el producto de la secreci\u00f3n de las gl\u00e1ndulas far\u00edngeas y de las gl\u00e1ndulas mandibulares. Es muy rico en prote\u00ednas, minerales y enzimas digestivas.\" \/>\n<meta property=\"og:url\" content=\"https:\/\/www.meldelperello.com\/es\/productos\/miel-con-valor-anadido\/miel-con-jalea-real-y-polen\/\" \/>\n<meta property=\"og:site_name\" content=\"L&#039;Avi Llu\u00eds\" \/>\n<meta property=\"article:publisher\" content=\"https:\/\/www.facebook.com\/avi.lluis\/\" \/>\n<meta property=\"article:modified_time\" content=\"2025-09-24T07:31:20+00:00\" \/>\n<meta property=\"og:image\" content=\"https:\/\/www.meldelperello.com\/wp-content\/uploads\/2022\/03\/melGeleaPolen.jpg\" \/>\n\t<meta property=\"og:image:width\" content=\"1000\" \/>\n\t<meta property=\"og:image:height\" content=\"1000\" \/>\n\t<meta property=\"og:image:type\" content=\"image\/jpeg\" \/>\n<meta name=\"twitter:card\" content=\"summary_large_image\" \/>\n<meta name=\"twitter:label1\" content=\"Tiempo de lectura\" \/>\n\t<meta name=\"twitter:data1\" content=\"3 minutos\" \/>\n<script type=\"application\/ld+json\" class=\"yoast-schema-graph\">{\"@context\":\"https:\\\/\\\/schema.org\",\"@graph\":[{\"@type\":\"WebPage\",\"@id\":\"https:\\\/\\\/www.meldelperello.com\\\/es\\\/productos\\\/miel-con-valor-anadido\\\/miel-con-jalea-real-y-polen\\\/\",\"url\":\"https:\\\/\\\/www.meldelperello.com\\\/es\\\/productos\\\/miel-con-valor-anadido\\\/miel-con-jalea-real-y-polen\\\/\",\"name\":\"MIEL CON JALEA REAL Y POLEN - L&#039;Avi Llu\u00eds\",\"isPartOf\":{\"@id\":\"https:\\\/\\\/www.meldelperello.com\\\/es\\\/#website\"},\"primaryImageOfPage\":{\"@id\":\"https:\\\/\\\/www.meldelperello.com\\\/es\\\/productos\\\/miel-con-valor-anadido\\\/miel-con-jalea-real-y-polen\\\/#primaryimage\"},\"image\":{\"@id\":\"https:\\\/\\\/www.meldelperello.com\\\/es\\\/productos\\\/miel-con-valor-anadido\\\/miel-con-jalea-real-y-polen\\\/#primaryimage\"},\"thumbnailUrl\":\"https:\\\/\\\/www.meldelperello.com\\\/wp-content\\\/uploads\\\/2022\\\/03\\\/melGeleaPolen.jpg\",\"datePublished\":\"2022-03-24T18:02:06+00:00\",\"dateModified\":\"2025-09-24T07:31:20+00:00\",\"description\":\"La jalea real es el producto de la secreci\u00f3n de las gl\u00e1ndulas far\u00edngeas y de las gl\u00e1ndulas mandibulares. Es muy rico en prote\u00ednas, minerales y enzimas digestivas.\",\"breadcrumb\":{\"@id\":\"https:\\\/\\\/www.meldelperello.com\\\/es\\\/productos\\\/miel-con-valor-anadido\\\/miel-con-jalea-real-y-polen\\\/#breadcrumb\"},\"inLanguage\":\"es\",\"potentialAction\":[{\"@type\":\"ReadAction\",\"target\":[\"https:\\\/\\\/www.meldelperello.com\\\/es\\\/productos\\\/miel-con-valor-anadido\\\/miel-con-jalea-real-y-polen\\\/\"]}]},{\"@type\":\"ImageObject\",\"inLanguage\":\"es\",\"@id\":\"https:\\\/\\\/www.meldelperello.com\\\/es\\\/productos\\\/miel-con-valor-anadido\\\/miel-con-jalea-real-y-polen\\\/#primaryimage\",\"url\":\"https:\\\/\\\/www.meldelperello.com\\\/wp-content\\\/uploads\\\/2022\\\/03\\\/melGeleaPolen.jpg\",\"contentUrl\":\"https:\\\/\\\/www.meldelperello.com\\\/wp-content\\\/uploads\\\/2022\\\/03\\\/melGeleaPolen.jpg\",\"width\":1000,\"height\":1000,\"caption\":\"MEL AMB GELEA REIAL I POL\u00b7LEN\"},{\"@type\":\"BreadcrumbList\",\"@id\":\"https:\\\/\\\/www.meldelperello.com\\\/es\\\/productos\\\/miel-con-valor-anadido\\\/miel-con-jalea-real-y-polen\\\/#breadcrumb\",\"itemListElement\":[{\"@type\":\"ListItem\",\"position\":1,\"name\":\"Inici\",\"item\":\"https:\\\/\\\/www.meldelperello.com\\\/es\\\/\"},{\"@type\":\"ListItem\",\"position\":2,\"name\":\"PRODUCTOS\",\"item\":\"https:\\\/\\\/www.meldelperello.com\\\/es\\\/productos\\\/\"},{\"@type\":\"ListItem\",\"position\":3,\"name\":\"MIEL CON VALOR A\u00d1ADIDO\",\"item\":\"https:\\\/\\\/www.meldelperello.com\\\/es\\\/productos\\\/miel-con-valor-anadido\\\/\"},{\"@type\":\"ListItem\",\"position\":4,\"name\":\"MIEL CON JALEA REAL Y POLEN\"}]},{\"@type\":\"WebSite\",\"@id\":\"https:\\\/\\\/www.meldelperello.com\\\/es\\\/#website\",\"url\":\"https:\\\/\\\/www.meldelperello.com\\\/es\\\/\",\"name\":\"L&#039;Avi Llu\u00eds\",\"description\":\"Apicultors i productors de mel natural, pura i artesana\",\"publisher\":{\"@id\":\"https:\\\/\\\/www.meldelperello.com\\\/es\\\/#organization\"},\"potentialAction\":[{\"@type\":\"SearchAction\",\"target\":{\"@type\":\"EntryPoint\",\"urlTemplate\":\"https:\\\/\\\/www.meldelperello.com\\\/es\\\/?s={search_term_string}\"},\"query-input\":{\"@type\":\"PropertyValueSpecification\",\"valueRequired\":true,\"valueName\":\"search_term_string\"}}],\"inLanguage\":\"es\"},{\"@type\":\"Organization\",\"@id\":\"https:\\\/\\\/www.meldelperello.com\\\/es\\\/#organization\",\"name\":\"L'Avi Llu\u00eds\",\"url\":\"https:\\\/\\\/www.meldelperello.com\\\/es\\\/\",\"logo\":{\"@type\":\"ImageObject\",\"inLanguage\":\"es\",\"@id\":\"https:\\\/\\\/www.meldelperello.com\\\/es\\\/#\\\/schema\\\/logo\\\/image\\\/\",\"url\":\"https:\\\/\\\/www.meldelperello.com\\\/wp-content\\\/uploads\\\/2022\\\/02\\\/logo.svg\",\"contentUrl\":\"https:\\\/\\\/www.meldelperello.com\\\/wp-content\\\/uploads\\\/2022\\\/02\\\/logo.svg\",\"width\":137,\"height\":121,\"caption\":\"L'Avi Llu\u00eds\"},\"image\":{\"@id\":\"https:\\\/\\\/www.meldelperello.com\\\/es\\\/#\\\/schema\\\/logo\\\/image\\\/\"},\"sameAs\":[\"https:\\\/\\\/www.facebook.com\\\/avi.lluis\\\/\",\"https:\\\/\\\/www.instagram.com\\\/avilluis_meldelperello\\\/\",\"https:\\\/\\\/www.youtube.com\\\/c\\\/MeldelperelloAviLluis\"]}]}<\/script>\n<!-- \/ Yoast SEO plugin. -->","yoast_head_json":{"title":"MIEL CON JALEA REAL Y POLEN - L&#039;Avi Llu\u00eds","description":"La jalea real es el producto de la secreci\u00f3n de las gl\u00e1ndulas far\u00edngeas y de las gl\u00e1ndulas mandibulares. Es muy rico en prote\u00ednas, minerales y enzimas digestivas.","robots":{"index":"index","follow":"follow","max-snippet":"max-snippet:-1","max-image-preview":"max-image-preview:large","max-video-preview":"max-video-preview:-1"},"canonical":"https:\/\/www.meldelperello.com\/es\/productos\/miel-con-valor-anadido\/miel-con-jalea-real-y-polen\/","og_locale":"es_ES","og_type":"article","og_title":"MIEL CON JALEA REAL Y POLEN - L&#039;Avi Llu\u00eds","og_description":"La jalea real es el producto de la secreci\u00f3n de las gl\u00e1ndulas far\u00edngeas y de las gl\u00e1ndulas mandibulares. Es muy rico en prote\u00ednas, minerales y enzimas digestivas.","og_url":"https:\/\/www.meldelperello.com\/es\/productos\/miel-con-valor-anadido\/miel-con-jalea-real-y-polen\/","og_site_name":"L&#039;Avi Llu\u00eds","article_publisher":"https:\/\/www.facebook.com\/avi.lluis\/","article_modified_time":"2025-09-24T07:31:20+00:00","og_image":[{"width":1000,"height":1000,"url":"https:\/\/www.meldelperello.com\/wp-content\/uploads\/2022\/03\/melGeleaPolen.jpg","type":"image\/jpeg"}],"twitter_card":"summary_large_image","twitter_misc":{"Tiempo de lectura":"3 minutos"},"schema":{"@context":"https:\/\/schema.org","@graph":[{"@type":"WebPage","@id":"https:\/\/www.meldelperello.com\/es\/productos\/miel-con-valor-anadido\/miel-con-jalea-real-y-polen\/","url":"https:\/\/www.meldelperello.com\/es\/productos\/miel-con-valor-anadido\/miel-con-jalea-real-y-polen\/","name":"MIEL CON JALEA REAL Y POLEN - L&#039;Avi Llu\u00eds","isPartOf":{"@id":"https:\/\/www.meldelperello.com\/es\/#website"},"primaryImageOfPage":{"@id":"https:\/\/www.meldelperello.com\/es\/productos\/miel-con-valor-anadido\/miel-con-jalea-real-y-polen\/#primaryimage"},"image":{"@id":"https:\/\/www.meldelperello.com\/es\/productos\/miel-con-valor-anadido\/miel-con-jalea-real-y-polen\/#primaryimage"},"thumbnailUrl":"https:\/\/www.meldelperello.com\/wp-content\/uploads\/2022\/03\/melGeleaPolen.jpg","datePublished":"2022-03-24T18:02:06+00:00","dateModified":"2025-09-24T07:31:20+00:00","description":"La jalea real es el producto de la secreci\u00f3n de las gl\u00e1ndulas far\u00edngeas y de las gl\u00e1ndulas mandibulares. Es muy rico en prote\u00ednas, minerales y enzimas digestivas.","breadcrumb":{"@id":"https:\/\/www.meldelperello.com\/es\/productos\/miel-con-valor-anadido\/miel-con-jalea-real-y-polen\/#breadcrumb"},"inLanguage":"es","potentialAction":[{"@type":"ReadAction","target":["https:\/\/www.meldelperello.com\/es\/productos\/miel-con-valor-anadido\/miel-con-jalea-real-y-polen\/"]}]},{"@type":"ImageObject","inLanguage":"es","@id":"https:\/\/www.meldelperello.com\/es\/productos\/miel-con-valor-anadido\/miel-con-jalea-real-y-polen\/#primaryimage","url":"https:\/\/www.meldelperello.com\/wp-content\/uploads\/2022\/03\/melGeleaPolen.jpg","contentUrl":"https:\/\/www.meldelperello.com\/wp-content\/uploads\/2022\/03\/melGeleaPolen.jpg","width":1000,"height":1000,"caption":"MEL AMB GELEA REIAL I POL\u00b7LEN"},{"@type":"BreadcrumbList","@id":"https:\/\/www.meldelperello.com\/es\/productos\/miel-con-valor-anadido\/miel-con-jalea-real-y-polen\/#breadcrumb","itemListElement":[{"@type":"ListItem","position":1,"name":"Inici","item":"https:\/\/www.meldelperello.com\/es\/"},{"@type":"ListItem","position":2,"name":"PRODUCTOS","item":"https:\/\/www.meldelperello.com\/es\/productos\/"},{"@type":"ListItem","position":3,"name":"MIEL CON VALOR A\u00d1ADIDO","item":"https:\/\/www.meldelperello.com\/es\/productos\/miel-con-valor-anadido\/"},{"@type":"ListItem","position":4,"name":"MIEL CON JALEA REAL Y POLEN"}]},{"@type":"WebSite","@id":"https:\/\/www.meldelperello.com\/es\/#website","url":"https:\/\/www.meldelperello.com\/es\/","name":"L&#039;Avi Llu\u00eds","description":"Apicultors i productors de mel natural, pura i artesana","publisher":{"@id":"https:\/\/www.meldelperello.com\/es\/#organization"},"potentialAction":[{"@type":"SearchAction","target":{"@type":"EntryPoint","urlTemplate":"https:\/\/www.meldelperello.com\/es\/?s={search_term_string}"},"query-input":{"@type":"PropertyValueSpecification","valueRequired":true,"valueName":"search_term_string"}}],"inLanguage":"es"},{"@type":"Organization","@id":"https:\/\/www.meldelperello.com\/es\/#organization","name":"L'Avi Llu\u00eds","url":"https:\/\/www.meldelperello.com\/es\/","logo":{"@type":"ImageObject","inLanguage":"es","@id":"https:\/\/www.meldelperello.com\/es\/#\/schema\/logo\/image\/","url":"https:\/\/www.meldelperello.com\/wp-content\/uploads\/2022\/02\/logo.svg","contentUrl":"https:\/\/www.meldelperello.com\/wp-content\/uploads\/2022\/02\/logo.svg","width":137,"height":121,"caption":"L'Avi Llu\u00eds"},"image":{"@id":"https:\/\/www.meldelperello.com\/es\/#\/schema\/logo\/image\/"},"sameAs":["https:\/\/www.facebook.com\/avi.lluis\/","https:\/\/www.instagram.com\/avilluis_meldelperello\/","https:\/\/www.youtube.com\/c\/MeldelperelloAviLluis"]}]}},"_links":{"self":[{"href":"https:\/\/www.meldelperello.com\/es\/wp-json\/wp\/v2\/pages\/10190","targetHints":{"allow":["GET"]}}],"collection":[{"href":"https:\/\/www.meldelperello.com\/es\/wp-json\/wp\/v2\/pages"}],"about":[{"href":"https:\/\/www.meldelperello.com\/es\/wp-json\/wp\/v2\/types\/page"}],"author":[{"embeddable":true,"href":"https:\/\/www.meldelperello.com\/es\/wp-json\/wp\/v2\/users\/1"}],"replies":[{"embeddable":true,"href":"https:\/\/www.meldelperello.com\/es\/wp-json\/wp\/v2\/comments?post=10190"}],"version-history":[{"count":9,"href":"https:\/\/www.meldelperello.com\/es\/wp-json\/wp\/v2\/pages\/10190\/revisions"}],"predecessor-version":[{"id":12213,"href":"https:\/\/www.meldelperello.com\/es\/wp-json\/wp\/v2\/pages\/10190\/revisions\/12213"}],"up":[{"embeddable":true,"href":"https:\/\/www.meldelperello.com\/es\/wp-json\/wp\/v2\/pages\/10176"}],"wp:featuredmedia":[{"embeddable":true,"href":"https:\/\/www.meldelperello.com\/es\/wp-json\/wp\/v2\/media\/9557"}],"wp:attachment":[{"href":"https:\/\/www.meldelperello.com\/es\/wp-json\/wp\/v2\/media?parent=10190"}],"curies":[{"name":"wp","href":"https:\/\/api.w.org\/{rel}","templated":true}]}}