{"id":10176,"date":"2022-03-24T18:22:40","date_gmt":"2022-03-24T17:22:40","guid":{"rendered":"https:\/\/perello.debonatinta.com\/productos\/mel-amb-valor-afegit\/"},"modified":"2022-06-01T13:57:01","modified_gmt":"2022-06-01T11:57:01","slug":"miel-con-valor-anadido","status":"publish","type":"page","link":"https:\/\/www.meldelperello.com\/es\/productos\/miel-con-valor-anadido\/","title":{"rendered":"MIEL CON VALOR A\u00d1ADIDO"},"content":{"rendered":"<div class=\"wpb-content-wrapper\"><p>[vc_row][vc_column][vc_column_text css=&#8221;.vc_custom_1653673282615{margin-bottom: 50px !important;}&#8221;]<\/p>\n<h1 style=\"text-align: center;\"><strong>MIEL CON VALOR A\u00d1ADIDO<\/strong><\/h1>\n<p>[\/vc_column_text][vc_column_text css=&#8221;.vc_custom_1653673586396{margin-bottom: 50px !important;}&#8221;]<\/p>\n<p style=\"text-align: center;\">En Avi Llu\u00eds, hemos querido ir m\u00e1s all\u00e1 de la miel, creando la miel con valor a\u00f1adido. Estos productos suman a la miel natural el valor de las propiedades del polen, de la jalea real y del prop\u00f3leo.<\/p>\n<p style=\"text-align: center;\">De este modo, hemos creado productos \u00fanicos, naturales, y que concentran todas las propiedades de los elementos que los forman.<\/p>\n<p>[\/vc_column_text][\/vc_column][\/vc_row][vc_row el_class=&#8221;productos&#8221;][vc_column width=&#8221;1\/4&#8243;][vc_single_image image=&#8221;9598&#8243; img_size=&#8221;full&#8221; alignment=&#8221;center&#8221; onclick=&#8221;custom_link&#8221; image_hovers=&#8221;false&#8221; css=&#8221;.vc_custom_1653673353981{margin-bottom: 25px !important;}&#8221; link=&#8221;\/es\/productos\/miel-con-valor-anadido\/miel-con-propoleo&#8221;][vc_column_text css=&#8221;.vc_custom_1653673336742{margin-bottom: 40px !important;}&#8221;]<\/p>\n<h3 style=\"text-align: center;\"><strong>MIEL CON PROP\u00d3LEO<\/strong><\/h3>\n<p style=\"text-align: center;\"><a href=\"\/es\/productos\/miel-con-valor-anadido\/miel-con-propoleo\">DESC\u00daBRELA<\/a><\/p>\n<p>[\/vc_column_text][\/vc_column][vc_column width=&#8221;1\/4&#8243;][vc_single_image image=&#8221;9162&#8243; img_size=&#8221;full&#8221; alignment=&#8221;center&#8221; onclick=&#8221;custom_link&#8221; image_hovers=&#8221;false&#8221; css=&#8221;.vc_custom_1653673410035{margin-bottom: 25px !important;}&#8221; link=&#8221;\/es\/productos\/miel-con-valor-anadido\/miel-con-jalea-real-y-polen&#8221;][vc_column_text css=&#8221;.vc_custom_1653673399360{margin-bottom: 40px !important;}&#8221;]<\/p>\n<h3 style=\"text-align: center;\"><strong>MIEL CON JALEA REAL Y POLEN<br \/>\n<\/strong><\/h3>\n<p style=\"text-align: center;\"><a href=\"\/es\/productos\/miel-con-valor-anadido\/miel-con-jalea-real-y-polen\">DESC\u00daBRELA<\/a><\/p>\n<p>[\/vc_column_text][\/vc_column][vc_column width=&#8221;1\/4&#8243;][vc_single_image image=&#8221;9170&#8243; img_size=&#8221;full&#8221; alignment=&#8221;center&#8221; onclick=&#8221;custom_link&#8221; image_hovers=&#8221;false&#8221; css=&#8221;.vc_custom_1654084618179{margin-bottom: 25px !important;}&#8221; link=&#8221;\/es\/productos\/miel-con-valor-anadido\/panal-con-miel&#8221;][vc_column_text css=&#8221;.vc_custom_1654084611621{margin-bottom: 40px !important;}&#8221;]<\/p>\n<h3 style=\"text-align: center;\"><strong>PANAL CON MIEL<br \/>\n<\/strong><\/h3>\n<p style=\"text-align: center;\"><a href=\"\/es\/productos\/miel-con-valor-anadido\/panal-con-miel\">DESC\u00daBRELA<\/a><\/p>\n<p>[\/vc_column_text][\/vc_column][vc_column width=&#8221;1\/4&#8243;][vc_single_image image=&#8221;9796&#8243; img_size=&#8221;full&#8221; alignment=&#8221;center&#8221; onclick=&#8221;custom_link&#8221; image_hovers=&#8221;false&#8221; css=&#8221;.vc_custom_1654084216245{margin-bottom: 25px !important;}&#8221; link=&#8221;\/es\/productos\/miel-con-valor-anadido\/miel-en-panal&#8221;][vc_column_text css=&#8221;.vc_custom_1654084206394{margin-bottom: 40px !important;}&#8221;]<\/p>\n<h3 style=\"text-align: center;\"><strong>MIEL EN PANAL<\/strong><\/h3>\n<p style=\"text-align: center;\"><a href=\"\/es\/productos\/miel-con-valor-anadido\/miel-en-panal\">DESC\u00daBRELA<\/a><\/p>\n<p>[\/vc_column_text][\/vc_column][\/vc_row]<\/p>\n<\/div>","protected":false},"excerpt":{"rendered":"<p>[vc_row][vc_column][vc_column_text css=&#8221;.vc_custom_1653673282615{margin-bottom: 50px !important;}&#8221;] MIEL CON VALOR A\u00d1ADIDO [\/vc_column_text][vc_column_text css=&#8221;.vc_custom_1653673586396{margin-bottom: 50px !important;}&#8221;] En Avi Llu\u00eds, hemos querido ir m\u00e1s all\u00e1 de la miel, creando la miel con valor a\u00f1adido. Estos productos suman a la miel natural el valor de las propiedades del polen, de la jalea real y del prop\u00f3leo. De este modo, hemos creado&hellip;<\/p>\n","protected":false},"author":1,"featured_media":9157,"parent":10137,"menu_order":0,"comment_status":"closed","ping_status":"closed","template":"","meta":{"inline_featured_image":false,"footnotes":""},"class_list":["post-10176","page","type-page","status-publish","has-post-thumbnail","hentry","description-off"],"yoast_head":"<!-- This site is optimized with the Yoast SEO plugin v27.3 - https:\/\/yoast.com\/product\/yoast-seo-wordpress\/ -->\n<title>MIEL CON VALOR A\u00d1ADIDO - L&#039;Avi Llu\u00eds<\/title>\n<meta name=\"description\" content=\"Comprar Miel con valor a\u00f1adido pura y artesanal \u2705 Compra Miel directamente al Apicultor y disfruta de la M\u00e1xima Calidad \u00a1Descubre nuestras ofertas!\" \/>\n<meta name=\"robots\" content=\"index, follow, max-snippet:-1, max-image-preview:large, max-video-preview:-1\" \/>\n<link rel=\"canonical\" href=\"https:\/\/www.meldelperello.com\/es\/productos\/miel-con-valor-anadido\/\" \/>\n<meta property=\"og:locale\" content=\"es_ES\" \/>\n<meta property=\"og:type\" content=\"article\" \/>\n<meta property=\"og:title\" content=\"MIEL CON VALOR A\u00d1ADIDO - L&#039;Avi Llu\u00eds\" \/>\n<meta property=\"og:description\" content=\"Comprar Miel con valor a\u00f1adido pura y artesanal \u2705 Compra Miel directamente al Apicultor y disfruta de la M\u00e1xima Calidad \u00a1Descubre nuestras ofertas!\" \/>\n<meta property=\"og:url\" content=\"https:\/\/www.meldelperello.com\/es\/productos\/miel-con-valor-anadido\/\" \/>\n<meta property=\"og:site_name\" content=\"L&#039;Avi Llu\u00eds\" \/>\n<meta property=\"article:publisher\" content=\"https:\/\/www.facebook.com\/avi.lluis\/\" \/>\n<meta property=\"article:modified_time\" content=\"2022-06-01T11:57:01+00:00\" \/>\n<meta property=\"og:image\" content=\"https:\/\/www.meldelperello.com\/wp-content\/uploads\/2022\/03\/imatges-web-300x300-1.jpg\" \/>\n\t<meta property=\"og:image:width\" content=\"300\" \/>\n\t<meta property=\"og:image:height\" content=\"300\" \/>\n\t<meta property=\"og:image:type\" content=\"image\/jpeg\" \/>\n<meta name=\"twitter:card\" content=\"summary_large_image\" \/>\n<meta name=\"twitter:label1\" content=\"Tiempo de lectura\" \/>\n\t<meta name=\"twitter:data1\" content=\"1 minuto\" \/>\n<script type=\"application\/ld+json\" class=\"yoast-schema-graph\">{\"@context\":\"https:\\\/\\\/schema.org\",\"@graph\":[{\"@type\":\"WebPage\",\"@id\":\"https:\\\/\\\/www.meldelperello.com\\\/es\\\/productos\\\/miel-con-valor-anadido\\\/\",\"url\":\"https:\\\/\\\/www.meldelperello.com\\\/es\\\/productos\\\/miel-con-valor-anadido\\\/\",\"name\":\"MIEL CON VALOR A\u00d1ADIDO - L&#039;Avi Llu\u00eds\",\"isPartOf\":{\"@id\":\"https:\\\/\\\/www.meldelperello.com\\\/es\\\/#website\"},\"primaryImageOfPage\":{\"@id\":\"https:\\\/\\\/www.meldelperello.com\\\/es\\\/productos\\\/miel-con-valor-anadido\\\/#primaryimage\"},\"image\":{\"@id\":\"https:\\\/\\\/www.meldelperello.com\\\/es\\\/productos\\\/miel-con-valor-anadido\\\/#primaryimage\"},\"thumbnailUrl\":\"https:\\\/\\\/www.meldelperello.com\\\/wp-content\\\/uploads\\\/2022\\\/03\\\/imatges-web-300x300-1.jpg\",\"datePublished\":\"2022-03-24T17:22:40+00:00\",\"dateModified\":\"2022-06-01T11:57:01+00:00\",\"description\":\"Comprar Miel con valor a\u00f1adido pura y artesanal \u2705 Compra Miel directamente al Apicultor y disfruta de la M\u00e1xima Calidad \u00a1Descubre nuestras ofertas!\",\"breadcrumb\":{\"@id\":\"https:\\\/\\\/www.meldelperello.com\\\/es\\\/productos\\\/miel-con-valor-anadido\\\/#breadcrumb\"},\"inLanguage\":\"es\",\"potentialAction\":[{\"@type\":\"ReadAction\",\"target\":[\"https:\\\/\\\/www.meldelperello.com\\\/es\\\/productos\\\/miel-con-valor-anadido\\\/\"]}]},{\"@type\":\"ImageObject\",\"inLanguage\":\"es\",\"@id\":\"https:\\\/\\\/www.meldelperello.com\\\/es\\\/productos\\\/miel-con-valor-anadido\\\/#primaryimage\",\"url\":\"https:\\\/\\\/www.meldelperello.com\\\/wp-content\\\/uploads\\\/2022\\\/03\\\/imatges-web-300x300-1.jpg\",\"contentUrl\":\"https:\\\/\\\/www.meldelperello.com\\\/wp-content\\\/uploads\\\/2022\\\/03\\\/imatges-web-300x300-1.jpg\",\"width\":300,\"height\":300,\"caption\":\"Mel amb pr\u00f2polis\"},{\"@type\":\"BreadcrumbList\",\"@id\":\"https:\\\/\\\/www.meldelperello.com\\\/es\\\/productos\\\/miel-con-valor-anadido\\\/#breadcrumb\",\"itemListElement\":[{\"@type\":\"ListItem\",\"position\":1,\"name\":\"Inici\",\"item\":\"https:\\\/\\\/www.meldelperello.com\\\/es\\\/\"},{\"@type\":\"ListItem\",\"position\":2,\"name\":\"PRODUCTOS\",\"item\":\"https:\\\/\\\/www.meldelperello.com\\\/es\\\/productos\\\/\"},{\"@type\":\"ListItem\",\"position\":3,\"name\":\"MIEL CON VALOR A\u00d1ADIDO\"}]},{\"@type\":\"WebSite\",\"@id\":\"https:\\\/\\\/www.meldelperello.com\\\/es\\\/#website\",\"url\":\"https:\\\/\\\/www.meldelperello.com\\\/es\\\/\",\"name\":\"L&#039;Avi Llu\u00eds\",\"description\":\"Apicultors i productors de mel natural, pura i artesana\",\"publisher\":{\"@id\":\"https:\\\/\\\/www.meldelperello.com\\\/es\\\/#organization\"},\"potentialAction\":[{\"@type\":\"SearchAction\",\"target\":{\"@type\":\"EntryPoint\",\"urlTemplate\":\"https:\\\/\\\/www.meldelperello.com\\\/es\\\/?s={search_term_string}\"},\"query-input\":{\"@type\":\"PropertyValueSpecification\",\"valueRequired\":true,\"valueName\":\"search_term_string\"}}],\"inLanguage\":\"es\"},{\"@type\":\"Organization\",\"@id\":\"https:\\\/\\\/www.meldelperello.com\\\/es\\\/#organization\",\"name\":\"L'Avi Llu\u00eds\",\"url\":\"https:\\\/\\\/www.meldelperello.com\\\/es\\\/\",\"logo\":{\"@type\":\"ImageObject\",\"inLanguage\":\"es\",\"@id\":\"https:\\\/\\\/www.meldelperello.com\\\/es\\\/#\\\/schema\\\/logo\\\/image\\\/\",\"url\":\"https:\\\/\\\/www.meldelperello.com\\\/wp-content\\\/uploads\\\/2022\\\/02\\\/logo.svg\",\"contentUrl\":\"https:\\\/\\\/www.meldelperello.com\\\/wp-content\\\/uploads\\\/2022\\\/02\\\/logo.svg\",\"width\":137,\"height\":121,\"caption\":\"L'Avi Llu\u00eds\"},\"image\":{\"@id\":\"https:\\\/\\\/www.meldelperello.com\\\/es\\\/#\\\/schema\\\/logo\\\/image\\\/\"},\"sameAs\":[\"https:\\\/\\\/www.facebook.com\\\/avi.lluis\\\/\",\"https:\\\/\\\/www.instagram.com\\\/avilluis_meldelperello\\\/\",\"https:\\\/\\\/www.youtube.com\\\/c\\\/MeldelperelloAviLluis\"]}]}<\/script>\n<!-- \/ Yoast SEO plugin. -->","yoast_head_json":{"title":"MIEL CON VALOR A\u00d1ADIDO - L&#039;Avi Llu\u00eds","description":"Comprar Miel con valor a\u00f1adido pura y artesanal \u2705 Compra Miel directamente al Apicultor y disfruta de la M\u00e1xima Calidad \u00a1Descubre nuestras ofertas!","robots":{"index":"index","follow":"follow","max-snippet":"max-snippet:-1","max-image-preview":"max-image-preview:large","max-video-preview":"max-video-preview:-1"},"canonical":"https:\/\/www.meldelperello.com\/es\/productos\/miel-con-valor-anadido\/","og_locale":"es_ES","og_type":"article","og_title":"MIEL CON VALOR A\u00d1ADIDO - L&#039;Avi Llu\u00eds","og_description":"Comprar Miel con valor a\u00f1adido pura y artesanal \u2705 Compra Miel directamente al Apicultor y disfruta de la M\u00e1xima Calidad \u00a1Descubre nuestras ofertas!","og_url":"https:\/\/www.meldelperello.com\/es\/productos\/miel-con-valor-anadido\/","og_site_name":"L&#039;Avi Llu\u00eds","article_publisher":"https:\/\/www.facebook.com\/avi.lluis\/","article_modified_time":"2022-06-01T11:57:01+00:00","og_image":[{"width":300,"height":300,"url":"https:\/\/www.meldelperello.com\/wp-content\/uploads\/2022\/03\/imatges-web-300x300-1.jpg","type":"image\/jpeg"}],"twitter_card":"summary_large_image","twitter_misc":{"Tiempo de lectura":"1 minuto"},"schema":{"@context":"https:\/\/schema.org","@graph":[{"@type":"WebPage","@id":"https:\/\/www.meldelperello.com\/es\/productos\/miel-con-valor-anadido\/","url":"https:\/\/www.meldelperello.com\/es\/productos\/miel-con-valor-anadido\/","name":"MIEL CON VALOR A\u00d1ADIDO - L&#039;Avi Llu\u00eds","isPartOf":{"@id":"https:\/\/www.meldelperello.com\/es\/#website"},"primaryImageOfPage":{"@id":"https:\/\/www.meldelperello.com\/es\/productos\/miel-con-valor-anadido\/#primaryimage"},"image":{"@id":"https:\/\/www.meldelperello.com\/es\/productos\/miel-con-valor-anadido\/#primaryimage"},"thumbnailUrl":"https:\/\/www.meldelperello.com\/wp-content\/uploads\/2022\/03\/imatges-web-300x300-1.jpg","datePublished":"2022-03-24T17:22:40+00:00","dateModified":"2022-06-01T11:57:01+00:00","description":"Comprar Miel con valor a\u00f1adido pura y artesanal \u2705 Compra Miel directamente al Apicultor y disfruta de la M\u00e1xima Calidad \u00a1Descubre nuestras ofertas!","breadcrumb":{"@id":"https:\/\/www.meldelperello.com\/es\/productos\/miel-con-valor-anadido\/#breadcrumb"},"inLanguage":"es","potentialAction":[{"@type":"ReadAction","target":["https:\/\/www.meldelperello.com\/es\/productos\/miel-con-valor-anadido\/"]}]},{"@type":"ImageObject","inLanguage":"es","@id":"https:\/\/www.meldelperello.com\/es\/productos\/miel-con-valor-anadido\/#primaryimage","url":"https:\/\/www.meldelperello.com\/wp-content\/uploads\/2022\/03\/imatges-web-300x300-1.jpg","contentUrl":"https:\/\/www.meldelperello.com\/wp-content\/uploads\/2022\/03\/imatges-web-300x300-1.jpg","width":300,"height":300,"caption":"Mel amb pr\u00f2polis"},{"@type":"BreadcrumbList","@id":"https:\/\/www.meldelperello.com\/es\/productos\/miel-con-valor-anadido\/#breadcrumb","itemListElement":[{"@type":"ListItem","position":1,"name":"Inici","item":"https:\/\/www.meldelperello.com\/es\/"},{"@type":"ListItem","position":2,"name":"PRODUCTOS","item":"https:\/\/www.meldelperello.com\/es\/productos\/"},{"@type":"ListItem","position":3,"name":"MIEL CON VALOR A\u00d1ADIDO"}]},{"@type":"WebSite","@id":"https:\/\/www.meldelperello.com\/es\/#website","url":"https:\/\/www.meldelperello.com\/es\/","name":"L&#039;Avi Llu\u00eds","description":"Apicultors i productors de mel natural, pura i artesana","publisher":{"@id":"https:\/\/www.meldelperello.com\/es\/#organization"},"potentialAction":[{"@type":"SearchAction","target":{"@type":"EntryPoint","urlTemplate":"https:\/\/www.meldelperello.com\/es\/?s={search_term_string}"},"query-input":{"@type":"PropertyValueSpecification","valueRequired":true,"valueName":"search_term_string"}}],"inLanguage":"es"},{"@type":"Organization","@id":"https:\/\/www.meldelperello.com\/es\/#organization","name":"L'Avi Llu\u00eds","url":"https:\/\/www.meldelperello.com\/es\/","logo":{"@type":"ImageObject","inLanguage":"es","@id":"https:\/\/www.meldelperello.com\/es\/#\/schema\/logo\/image\/","url":"https:\/\/www.meldelperello.com\/wp-content\/uploads\/2022\/02\/logo.svg","contentUrl":"https:\/\/www.meldelperello.com\/wp-content\/uploads\/2022\/02\/logo.svg","width":137,"height":121,"caption":"L'Avi Llu\u00eds"},"image":{"@id":"https:\/\/www.meldelperello.com\/es\/#\/schema\/logo\/image\/"},"sameAs":["https:\/\/www.facebook.com\/avi.lluis\/","https:\/\/www.instagram.com\/avilluis_meldelperello\/","https:\/\/www.youtube.com\/c\/MeldelperelloAviLluis"]}]}},"_links":{"self":[{"href":"https:\/\/www.meldelperello.com\/es\/wp-json\/wp\/v2\/pages\/10176","targetHints":{"allow":["GET"]}}],"collection":[{"href":"https:\/\/www.meldelperello.com\/es\/wp-json\/wp\/v2\/pages"}],"about":[{"href":"https:\/\/www.meldelperello.com\/es\/wp-json\/wp\/v2\/types\/page"}],"author":[{"embeddable":true,"href":"https:\/\/www.meldelperello.com\/es\/wp-json\/wp\/v2\/users\/1"}],"replies":[{"embeddable":true,"href":"https:\/\/www.meldelperello.com\/es\/wp-json\/wp\/v2\/comments?post=10176"}],"version-history":[{"count":8,"href":"https:\/\/www.meldelperello.com\/es\/wp-json\/wp\/v2\/pages\/10176\/revisions"}],"predecessor-version":[{"id":10653,"href":"https:\/\/www.meldelperello.com\/es\/wp-json\/wp\/v2\/pages\/10176\/revisions\/10653"}],"up":[{"embeddable":true,"href":"https:\/\/www.meldelperello.com\/es\/wp-json\/wp\/v2\/pages\/10137"}],"wp:featuredmedia":[{"embeddable":true,"href":"https:\/\/www.meldelperello.com\/es\/wp-json\/wp\/v2\/media\/9157"}],"wp:attachment":[{"href":"https:\/\/www.meldelperello.com\/es\/wp-json\/wp\/v2\/media?parent=10176"}],"curies":[{"name":"wp","href":"https:\/\/api.w.org\/{rel}","templated":true}]}}