{"id":10168,"date":"2022-03-29T17:10:58","date_gmt":"2022-03-29T15:10:58","guid":{"rendered":"https:\/\/perello.debonatinta.com\/productos\/oli-oliva\/"},"modified":"2022-07-19T11:15:26","modified_gmt":"2022-07-19T09:15:26","slug":"aceite-de-oliva","status":"publish","type":"page","link":"https:\/\/www.meldelperello.com\/es\/productos\/aceite-de-oliva\/","title":{"rendered":"ACEITE DE OLIVA"},"content":{"rendered":"<div class=\"wpb-content-wrapper\"><p>[vc_row gap=&#8221;25&#8243; equal_height=&#8221;yes&#8221; bg_type=&#8221;image&#8221; parallax_style=&#8221;vcpb-default&#8221; bg_image_new=&#8221;id^9875|url^https:\/\/www.meldelperello.com\/wp-content\/uploads\/2022\/04\/Recurso-1ilu-olivera.jpg|caption^null|alt^null|title^Recurso-1ilu-olivera|description^null&#8221; bg_image_repeat=&#8221;no-repeat&#8221; el_class=&#8221;producto&#8221; css=&#8221;.vc_custom_1649761649369{padding-top: 0px !important;padding-right: 0px !important;padding-bottom: 0px !important;padding-left: 0px !important;}&#8221;][vc_column width=&#8221;5\/12&#8243; css=&#8221;.vc_custom_1648566347147{margin-top: 0px !important;margin-right: 0px !important;margin-bottom: 0px !important;margin-left: 0px !important;padding-top: 0px !important;padding-right: 0px !important;padding-bottom: 0px !important;padding-left: 0px !important;}&#8221;][vc_column_text css=&#8221;.vc_custom_1653672881643{margin-bottom: 200px !important;padding-top: 40px !important;padding-right: 30px !important;padding-bottom: 40px !important;padding-left: 30px !important;background-color: rgba(255,255,255,0.79) !important;*background-color: rgb(255,255,255) !important;}&#8221;]<\/p>\n<h1><strong>ACEITE DE OLIVA DEL AVI LLU\u00cdS<\/strong><\/h1>\n<h2>El zumo dorado de nuestra tierra. Extra. Exquisito.<\/h2>\n<p>El Perell\u00f3 es tierra de secano, de olivos, almendros y algarrobos. Siempre se ha dicho que para ser un buen habitante de El Perell\u00f3 hay que tener un trozo de tierra. En Ap\u00edcola Brull Casanova SCCL no podemos ser menos y tenemos m\u00e1s de un millar de olivos heredados de varias generaciones. Estas aceitunas, las cosechamos en invierno cuando las abejas hacen su merecido descanso anual.[\/vc_column_text][\/vc_column][vc_column width=&#8221;7\/12&#8243;][\/vc_column][\/vc_row][vc_row][vc_column][vc_column_text css=&#8221;.vc_custom_1653672890968{margin-bottom: 60px !important;}&#8221;]Las aceitunas las recogemos directamente del \u00e1rbol. La extracci\u00f3n es de primera prensada con fr\u00edo y sin procedimiento qu\u00edmico alguno. As\u00ed producimos el aceite virgen extra de menos de 0,5 grados de acidez.<\/p>\n<p>El aceite producido en las Terres de l\u2019Ebre, m\u00e1s concretamente en El Perell\u00f3, es de las variedades \u201cmorruda\u201d y \u201csevillenca\u201d. Estas variedades dan a nuestro aceite de oliva virgen extra un sabor afrutado ligeramente dulce con toques amargos y picantes. Su color es amarillento tirando a verdoso.[\/vc_column_text][\/vc_column][\/vc_row][vc_row][vc_column][vc_column_text]<\/p>\n<h3 style=\"text-align: center;\"><strong>ENVASES DE ACEITE DE OLIVA VIRGEN EXTRA<\/strong><\/h3>\n<p>[\/vc_column_text][\/vc_column][\/vc_row][vc_row css=&#8221;.vc_custom_1648567328993{margin-bottom: 20px !important;}&#8221; el_class=&#8221;formatos&#8221;][vc_column width=&#8221;1\/12&#8243;][\/vc_column][vc_column width=&#8221;10\/12&#8243;][vc_row_inner][vc_column_inner width=&#8221;1\/2&#8243;][vc_single_image image=&#8221;9981&#8243; img_size=&#8221;full&#8221; alignment=&#8221;center&#8221; image_hovers=&#8221;false&#8221; css=&#8221;.vc_custom_1652202360773{margin-bottom: 25px !important;}&#8221;][vc_column_text css=&#8221;.vc_custom_1658222104873{margin-bottom: 40px !important;}&#8221;]<\/p>\n<h3 style=\"text-align: center;\">Ref. 120006 \u2013 ACEITE DE OLIVA VIRGEN EXTRA 250ML<\/h3>\n<p style=\"text-align: center;\"><strong>EAN-13: 8437013977951<\/strong><br \/>\n12 unidades por caja.<\/p>\n<p>[\/vc_column_text][\/vc_column_inner][vc_column_inner width=&#8221;1\/2&#8243;][vc_single_image image=&#8221;9985&#8243; img_size=&#8221;full&#8221; alignment=&#8221;center&#8221; image_hovers=&#8221;false&#8221; css=&#8221;.vc_custom_1652202374857{margin-bottom: 25px !important;}&#8221;][vc_column_text css=&#8221;.vc_custom_1653673006069{margin-bottom: 40px !important;}&#8221;]<\/p>\n<h3 style=\"text-align: center;\">Ref. 120005 \u2013 ACEITE DE OLIVA VIRGEN EXTRA 0.5L<\/h3>\n<p style=\"text-align: center;\"><strong>EAN-13: 8437001517930<\/strong><br \/>\n12 unidades por caja.<\/p>\n<p>[\/vc_column_text][\/vc_column_inner][\/vc_row_inner][vc_row_inner][vc_column_inner width=&#8221;1\/2&#8243;][vc_single_image image=&#8221;10791&#8243; img_size=&#8221;full&#8221; alignment=&#8221;center&#8221; image_hovers=&#8221;false&#8221; css=&#8221;.vc_custom_1658222047123{margin-bottom: 25px !important;}&#8221;][vc_column_text css=&#8221;.vc_custom_1658222079088{margin-bottom: 40px !important;}&#8221;]<\/p>\n<h3 style=\"text-align: center;\">Ref. 1200003 \u2013 ACEITE DE OLIVA VIRGEN EXTRA 750ML<\/h3>\n<p style=\"text-align: center;\"><strong>EAN-13: 8437001517985<\/strong><br \/>\n12 unidades por caja.<\/p>\n<p>[\/vc_column_text][\/vc_column_inner][vc_column_inner width=&#8221;1\/2&#8243;][vc_single_image image=&#8221;9989&#8243; img_size=&#8221;full&#8221; alignment=&#8221;center&#8221; image_hovers=&#8221;false&#8221; css=&#8221;.vc_custom_1652202388829{margin-bottom: 25px !important;}&#8221;][vc_column_text css=&#8221;.vc_custom_1658222119992{margin-bottom: 40px !important;}&#8221;]<\/p>\n<h3 style=\"text-align: center;\">Ref. 120007 \u2013 ACEITE DE OLIVA VIRGEN EXTRA 2L<\/h3>\n<p style=\"text-align: center;\"><strong>EAN-13: 8437013977944<\/strong><br \/>\n8 unidades por caja.<\/p>\n<p>[\/vc_column_text][\/vc_column_inner][\/vc_row_inner][\/vc_column][vc_column width=&#8221;1\/12&#8243;][\/vc_column][\/vc_row][vc_row css=&#8221;.vc_custom_1648567328993{margin-bottom: 20px !important;}&#8221; el_class=&#8221;formatos&#8221;][vc_column width=&#8221;1\/12&#8243;][\/vc_column][vc_column width=&#8221;10\/12&#8243;][vc_row_inner][vc_column_inner][vc_single_image image=&#8221;9977&#8243; img_size=&#8221;full&#8221; alignment=&#8221;center&#8221; image_hovers=&#8221;false&#8221; css=&#8221;.vc_custom_1652202403083{margin-bottom: 25px !important;}&#8221;][vc_column_text css=&#8221;.vc_custom_1653673036724{margin-bottom: 40px !important;}&#8221;]<\/p>\n<h3 style=\"text-align: center;\">Ref. 120001 \u2013 ACEITE DE OLIVA VIRGEN EXTRA 5L<\/h3>\n<p style=\"text-align: center;\"><strong>EAN-13: 8437001517992<\/strong><br \/>\n4 unidades por caja.<\/p>\n<p>[\/vc_column_text][\/vc_column_inner][\/vc_row_inner][\/vc_column][vc_column width=&#8221;1\/12&#8243;][\/vc_column][\/vc_row][vc_row][vc_column][vc_btn title=&#8221;Si quieres ver todo el cat\u00e1logo de aceites que tenemos en la Despensa del Avi Llu\u00eds, haz clic AQU\u00cd.&#8221; style=&#8221;outline&#8221; shape=&#8221;square&#8221; color=&#8221;black&#8221; align=&#8221;center&#8221; link=&#8221;url:https%3A%2F%2Fwww.rebostavilluis.com%2Foli-doliva-extra-verge%2F|target:_blank&#8221; css=&#8221;.vc_custom_1653673064333{margin-bottom: 70px !important;}&#8221; el_class=&#8221;bot_oli&#8221;][\/vc_column][\/vc_row][vc_row full_width=&#8221;stretch_row_content_no_spaces&#8221; bg_type=&#8221;image&#8221; parallax_style=&#8221;vcpb-vz-jquery&#8221; bg_image_new=&#8221;id^9888|url^https:\/\/www.meldelperello.com\/wp-content\/uploads\/2022\/04\/bg-10.jpg|caption^null|alt^null|title^bg|description^null&#8221; bg_image_repeat=&#8221;no-repeat&#8221; bg_override=&#8221;full&#8221; disable_on_mobile_img_parallax=&#8221;disable_on_mobile_img_parallax_value&#8221; el_class=&#8221;blanco poema&#8221;][vc_column][vc_empty_space height=&#8221;500&#8243;][\/vc_column][\/vc_row]<\/p>\n<\/div>","protected":false},"excerpt":{"rendered":"<p>[vc_row gap=&#8221;25&#8243; equal_height=&#8221;yes&#8221; bg_type=&#8221;image&#8221; parallax_style=&#8221;vcpb-default&#8221; bg_image_new=&#8221;id^9875|url^https:\/\/www.meldelperello.com\/wp-content\/uploads\/2022\/04\/Recurso-1ilu-olivera.jpg|caption^null|alt^null|title^Recurso-1ilu-olivera|description^null&#8221; bg_image_repeat=&#8221;no-repeat&#8221; el_class=&#8221;producto&#8221; css=&#8221;.vc_custom_1649761649369{padding-top: 0px !important;padding-right: 0px !important;padding-bottom: 0px !important;padding-left: 0px !important;}&#8221;][vc_column width=&#8221;5\/12&#8243; css=&#8221;.vc_custom_1648566347147{margin-top: 0px !important;margin-right: 0px !important;margin-bottom: 0px !important;margin-left: 0px !important;padding-top: 0px !important;padding-right: 0px !important;padding-bottom: 0px !important;padding-left: 0px !important;}&#8221;][vc_column_text css=&#8221;.vc_custom_1653672881643{margin-bottom: 200px !important;padding-top: 40px !important;padding-right: 30px !important;padding-bottom: 40px !important;padding-left: 30px !important;background-color: rgba(255,255,255,0.79) !important;*background-color: rgb(255,255,255) !important;}&#8221;] ACEITE DE OLIVA DEL AVI&hellip;<\/p>\n","protected":false},"author":1,"featured_media":9985,"parent":10137,"menu_order":0,"comment_status":"closed","ping_status":"closed","template":"","meta":{"inline_featured_image":false,"footnotes":""},"class_list":["post-10168","page","type-page","status-publish","has-post-thumbnail","hentry","description-off"],"yoast_head":"<!-- This site is optimized with the Yoast SEO plugin v27.3 - https:\/\/yoast.com\/product\/yoast-seo-wordpress\/ -->\n<title>ACEITE DE OLIVA - L&#039;Avi Llu\u00eds<\/title>\n<meta name=\"description\" content=\"Aceite virgen extra sabor afrutado ligeramente dulce con toques amargos y picantes. Su color se amarillento tirando a verdoso. Compra Aceite del Abuelo Luis. El Perell\u00f3.\" \/>\n<meta name=\"robots\" content=\"index, follow, max-snippet:-1, max-image-preview:large, max-video-preview:-1\" \/>\n<link rel=\"canonical\" href=\"https:\/\/www.meldelperello.com\/es\/productos\/aceite-de-oliva\/\" \/>\n<meta property=\"og:locale\" content=\"es_ES\" \/>\n<meta property=\"og:type\" content=\"article\" \/>\n<meta property=\"og:title\" content=\"ACEITE DE OLIVA - L&#039;Avi Llu\u00eds\" \/>\n<meta property=\"og:description\" content=\"Aceite virgen extra sabor afrutado ligeramente dulce con toques amargos y picantes. Su color se amarillento tirando a verdoso. Compra Aceite del Abuelo Luis. El Perell\u00f3.\" \/>\n<meta property=\"og:url\" content=\"https:\/\/www.meldelperello.com\/es\/productos\/aceite-de-oliva\/\" \/>\n<meta property=\"og:site_name\" content=\"L&#039;Avi Llu\u00eds\" \/>\n<meta property=\"article:publisher\" content=\"https:\/\/www.facebook.com\/avi.lluis\/\" \/>\n<meta property=\"article:modified_time\" content=\"2022-07-19T09:15:26+00:00\" \/>\n<meta property=\"og:image\" content=\"https:\/\/www.meldelperello.com\/wp-content\/uploads\/2022\/05\/2.jpg\" \/>\n\t<meta property=\"og:image:width\" content=\"450\" \/>\n\t<meta property=\"og:image:height\" content=\"450\" \/>\n\t<meta property=\"og:image:type\" content=\"image\/jpeg\" \/>\n<meta name=\"twitter:card\" content=\"summary_large_image\" \/>\n<meta name=\"twitter:label1\" content=\"Tiempo de lectura\" \/>\n\t<meta name=\"twitter:data1\" content=\"3 minutos\" \/>\n<script type=\"application\/ld+json\" class=\"yoast-schema-graph\">{\"@context\":\"https:\\\/\\\/schema.org\",\"@graph\":[{\"@type\":\"WebPage\",\"@id\":\"https:\\\/\\\/www.meldelperello.com\\\/es\\\/productos\\\/aceite-de-oliva\\\/\",\"url\":\"https:\\\/\\\/www.meldelperello.com\\\/es\\\/productos\\\/aceite-de-oliva\\\/\",\"name\":\"ACEITE DE OLIVA - L&#039;Avi Llu\u00eds\",\"isPartOf\":{\"@id\":\"https:\\\/\\\/www.meldelperello.com\\\/es\\\/#website\"},\"primaryImageOfPage\":{\"@id\":\"https:\\\/\\\/www.meldelperello.com\\\/es\\\/productos\\\/aceite-de-oliva\\\/#primaryimage\"},\"image\":{\"@id\":\"https:\\\/\\\/www.meldelperello.com\\\/es\\\/productos\\\/aceite-de-oliva\\\/#primaryimage\"},\"thumbnailUrl\":\"https:\\\/\\\/www.meldelperello.com\\\/wp-content\\\/uploads\\\/2022\\\/05\\\/2.jpg\",\"datePublished\":\"2022-03-29T15:10:58+00:00\",\"dateModified\":\"2022-07-19T09:15:26+00:00\",\"description\":\"Aceite virgen extra sabor afrutado ligeramente dulce con toques amargos y picantes. Su color se amarillento tirando a verdoso. Compra Aceite del Abuelo Luis. El Perell\u00f3.\",\"breadcrumb\":{\"@id\":\"https:\\\/\\\/www.meldelperello.com\\\/es\\\/productos\\\/aceite-de-oliva\\\/#breadcrumb\"},\"inLanguage\":\"es\",\"potentialAction\":[{\"@type\":\"ReadAction\",\"target\":[\"https:\\\/\\\/www.meldelperello.com\\\/es\\\/productos\\\/aceite-de-oliva\\\/\"]}]},{\"@type\":\"ImageObject\",\"inLanguage\":\"es\",\"@id\":\"https:\\\/\\\/www.meldelperello.com\\\/es\\\/productos\\\/aceite-de-oliva\\\/#primaryimage\",\"url\":\"https:\\\/\\\/www.meldelperello.com\\\/wp-content\\\/uploads\\\/2022\\\/05\\\/2.jpg\",\"contentUrl\":\"https:\\\/\\\/www.meldelperello.com\\\/wp-content\\\/uploads\\\/2022\\\/05\\\/2.jpg\",\"width\":450,\"height\":450,\"caption\":\"Oli d'oliva 500 ml\"},{\"@type\":\"BreadcrumbList\",\"@id\":\"https:\\\/\\\/www.meldelperello.com\\\/es\\\/productos\\\/aceite-de-oliva\\\/#breadcrumb\",\"itemListElement\":[{\"@type\":\"ListItem\",\"position\":1,\"name\":\"Inici\",\"item\":\"https:\\\/\\\/www.meldelperello.com\\\/es\\\/\"},{\"@type\":\"ListItem\",\"position\":2,\"name\":\"PRODUCTOS\",\"item\":\"https:\\\/\\\/www.meldelperello.com\\\/es\\\/productos\\\/\"},{\"@type\":\"ListItem\",\"position\":3,\"name\":\"ACEITE DE OLIVA\"}]},{\"@type\":\"WebSite\",\"@id\":\"https:\\\/\\\/www.meldelperello.com\\\/es\\\/#website\",\"url\":\"https:\\\/\\\/www.meldelperello.com\\\/es\\\/\",\"name\":\"L&#039;Avi Llu\u00eds\",\"description\":\"Apicultors i productors de mel natural, pura i artesana\",\"publisher\":{\"@id\":\"https:\\\/\\\/www.meldelperello.com\\\/es\\\/#organization\"},\"potentialAction\":[{\"@type\":\"SearchAction\",\"target\":{\"@type\":\"EntryPoint\",\"urlTemplate\":\"https:\\\/\\\/www.meldelperello.com\\\/es\\\/?s={search_term_string}\"},\"query-input\":{\"@type\":\"PropertyValueSpecification\",\"valueRequired\":true,\"valueName\":\"search_term_string\"}}],\"inLanguage\":\"es\"},{\"@type\":\"Organization\",\"@id\":\"https:\\\/\\\/www.meldelperello.com\\\/es\\\/#organization\",\"name\":\"L'Avi Llu\u00eds\",\"url\":\"https:\\\/\\\/www.meldelperello.com\\\/es\\\/\",\"logo\":{\"@type\":\"ImageObject\",\"inLanguage\":\"es\",\"@id\":\"https:\\\/\\\/www.meldelperello.com\\\/es\\\/#\\\/schema\\\/logo\\\/image\\\/\",\"url\":\"https:\\\/\\\/www.meldelperello.com\\\/wp-content\\\/uploads\\\/2022\\\/02\\\/logo.svg\",\"contentUrl\":\"https:\\\/\\\/www.meldelperello.com\\\/wp-content\\\/uploads\\\/2022\\\/02\\\/logo.svg\",\"width\":137,\"height\":121,\"caption\":\"L'Avi Llu\u00eds\"},\"image\":{\"@id\":\"https:\\\/\\\/www.meldelperello.com\\\/es\\\/#\\\/schema\\\/logo\\\/image\\\/\"},\"sameAs\":[\"https:\\\/\\\/www.facebook.com\\\/avi.lluis\\\/\",\"https:\\\/\\\/www.instagram.com\\\/avilluis_meldelperello\\\/\",\"https:\\\/\\\/www.youtube.com\\\/c\\\/MeldelperelloAviLluis\"]}]}<\/script>\n<!-- \/ Yoast SEO plugin. -->","yoast_head_json":{"title":"ACEITE DE OLIVA - L&#039;Avi Llu\u00eds","description":"Aceite virgen extra sabor afrutado ligeramente dulce con toques amargos y picantes. Su color se amarillento tirando a verdoso. Compra Aceite del Abuelo Luis. El Perell\u00f3.","robots":{"index":"index","follow":"follow","max-snippet":"max-snippet:-1","max-image-preview":"max-image-preview:large","max-video-preview":"max-video-preview:-1"},"canonical":"https:\/\/www.meldelperello.com\/es\/productos\/aceite-de-oliva\/","og_locale":"es_ES","og_type":"article","og_title":"ACEITE DE OLIVA - L&#039;Avi Llu\u00eds","og_description":"Aceite virgen extra sabor afrutado ligeramente dulce con toques amargos y picantes. Su color se amarillento tirando a verdoso. Compra Aceite del Abuelo Luis. El Perell\u00f3.","og_url":"https:\/\/www.meldelperello.com\/es\/productos\/aceite-de-oliva\/","og_site_name":"L&#039;Avi Llu\u00eds","article_publisher":"https:\/\/www.facebook.com\/avi.lluis\/","article_modified_time":"2022-07-19T09:15:26+00:00","og_image":[{"width":450,"height":450,"url":"https:\/\/www.meldelperello.com\/wp-content\/uploads\/2022\/05\/2.jpg","type":"image\/jpeg"}],"twitter_card":"summary_large_image","twitter_misc":{"Tiempo de lectura":"3 minutos"},"schema":{"@context":"https:\/\/schema.org","@graph":[{"@type":"WebPage","@id":"https:\/\/www.meldelperello.com\/es\/productos\/aceite-de-oliva\/","url":"https:\/\/www.meldelperello.com\/es\/productos\/aceite-de-oliva\/","name":"ACEITE DE OLIVA - L&#039;Avi Llu\u00eds","isPartOf":{"@id":"https:\/\/www.meldelperello.com\/es\/#website"},"primaryImageOfPage":{"@id":"https:\/\/www.meldelperello.com\/es\/productos\/aceite-de-oliva\/#primaryimage"},"image":{"@id":"https:\/\/www.meldelperello.com\/es\/productos\/aceite-de-oliva\/#primaryimage"},"thumbnailUrl":"https:\/\/www.meldelperello.com\/wp-content\/uploads\/2022\/05\/2.jpg","datePublished":"2022-03-29T15:10:58+00:00","dateModified":"2022-07-19T09:15:26+00:00","description":"Aceite virgen extra sabor afrutado ligeramente dulce con toques amargos y picantes. Su color se amarillento tirando a verdoso. Compra Aceite del Abuelo Luis. El Perell\u00f3.","breadcrumb":{"@id":"https:\/\/www.meldelperello.com\/es\/productos\/aceite-de-oliva\/#breadcrumb"},"inLanguage":"es","potentialAction":[{"@type":"ReadAction","target":["https:\/\/www.meldelperello.com\/es\/productos\/aceite-de-oliva\/"]}]},{"@type":"ImageObject","inLanguage":"es","@id":"https:\/\/www.meldelperello.com\/es\/productos\/aceite-de-oliva\/#primaryimage","url":"https:\/\/www.meldelperello.com\/wp-content\/uploads\/2022\/05\/2.jpg","contentUrl":"https:\/\/www.meldelperello.com\/wp-content\/uploads\/2022\/05\/2.jpg","width":450,"height":450,"caption":"Oli d'oliva 500 ml"},{"@type":"BreadcrumbList","@id":"https:\/\/www.meldelperello.com\/es\/productos\/aceite-de-oliva\/#breadcrumb","itemListElement":[{"@type":"ListItem","position":1,"name":"Inici","item":"https:\/\/www.meldelperello.com\/es\/"},{"@type":"ListItem","position":2,"name":"PRODUCTOS","item":"https:\/\/www.meldelperello.com\/es\/productos\/"},{"@type":"ListItem","position":3,"name":"ACEITE DE OLIVA"}]},{"@type":"WebSite","@id":"https:\/\/www.meldelperello.com\/es\/#website","url":"https:\/\/www.meldelperello.com\/es\/","name":"L&#039;Avi Llu\u00eds","description":"Apicultors i productors de mel natural, pura i artesana","publisher":{"@id":"https:\/\/www.meldelperello.com\/es\/#organization"},"potentialAction":[{"@type":"SearchAction","target":{"@type":"EntryPoint","urlTemplate":"https:\/\/www.meldelperello.com\/es\/?s={search_term_string}"},"query-input":{"@type":"PropertyValueSpecification","valueRequired":true,"valueName":"search_term_string"}}],"inLanguage":"es"},{"@type":"Organization","@id":"https:\/\/www.meldelperello.com\/es\/#organization","name":"L'Avi Llu\u00eds","url":"https:\/\/www.meldelperello.com\/es\/","logo":{"@type":"ImageObject","inLanguage":"es","@id":"https:\/\/www.meldelperello.com\/es\/#\/schema\/logo\/image\/","url":"https:\/\/www.meldelperello.com\/wp-content\/uploads\/2022\/02\/logo.svg","contentUrl":"https:\/\/www.meldelperello.com\/wp-content\/uploads\/2022\/02\/logo.svg","width":137,"height":121,"caption":"L'Avi Llu\u00eds"},"image":{"@id":"https:\/\/www.meldelperello.com\/es\/#\/schema\/logo\/image\/"},"sameAs":["https:\/\/www.facebook.com\/avi.lluis\/","https:\/\/www.instagram.com\/avilluis_meldelperello\/","https:\/\/www.youtube.com\/c\/MeldelperelloAviLluis"]}]}},"_links":{"self":[{"href":"https:\/\/www.meldelperello.com\/es\/wp-json\/wp\/v2\/pages\/10168","targetHints":{"allow":["GET"]}}],"collection":[{"href":"https:\/\/www.meldelperello.com\/es\/wp-json\/wp\/v2\/pages"}],"about":[{"href":"https:\/\/www.meldelperello.com\/es\/wp-json\/wp\/v2\/types\/page"}],"author":[{"embeddable":true,"href":"https:\/\/www.meldelperello.com\/es\/wp-json\/wp\/v2\/users\/1"}],"replies":[{"embeddable":true,"href":"https:\/\/www.meldelperello.com\/es\/wp-json\/wp\/v2\/comments?post=10168"}],"version-history":[{"count":5,"href":"https:\/\/www.meldelperello.com\/es\/wp-json\/wp\/v2\/pages\/10168\/revisions"}],"predecessor-version":[{"id":10793,"href":"https:\/\/www.meldelperello.com\/es\/wp-json\/wp\/v2\/pages\/10168\/revisions\/10793"}],"up":[{"embeddable":true,"href":"https:\/\/www.meldelperello.com\/es\/wp-json\/wp\/v2\/pages\/10137"}],"wp:featuredmedia":[{"embeddable":true,"href":"https:\/\/www.meldelperello.com\/es\/wp-json\/wp\/v2\/media\/9985"}],"wp:attachment":[{"href":"https:\/\/www.meldelperello.com\/es\/wp-json\/wp\/v2\/media?parent=10168"}],"curies":[{"name":"wp","href":"https:\/\/api.w.org\/{rel}","templated":true}]}}