{"id":10155,"date":"2022-03-24T19:32:14","date_gmt":"2022-03-24T18:32:14","guid":{"rendered":"https:\/\/perello.debonatinta.com\/productos\/gelea-reial\/"},"modified":"2025-04-02T17:24:58","modified_gmt":"2025-04-02T15:24:58","slug":"jalea-real","status":"publish","type":"page","link":"https:\/\/www.meldelperello.com\/es\/productos\/jalea-real\/","title":{"rendered":"JALEA REAL"},"content":{"rendered":"<div class=\"wpb-content-wrapper\"><p>[vc_row gap=&#8221;25&#8243; el_class=&#8221;producto&#8221; css=&#8221;.vc_custom_1645552768280{margin-bottom: 60px !important;}&#8221;][vc_column width=&#8221;1\/2&#8243;][vc_single_image image=&#8221;9607&#8243; img_size=&#8221;full&#8221;][\/vc_column][vc_column width=&#8221;1\/2&#8243;][vc_column_text css=&#8221;.vc_custom_1743607362029{margin-bottom: 50px !important;}&#8221;]<\/p>\n<h1><strong>JALEA REAL DEL AVI LLU\u00cdS<\/strong><\/h1>\n<h2>Vitalidad natural. 100% elaborado por abejas.<\/h2>\n<p><strong>CARACTER\u00cdSTICAS DE LA JALEA REAL<\/strong><\/p>\n<p>La jalea real es una sustancia producida de manera natural por las abejas y se caracteriza por su composici\u00f3n rica en prote\u00ednas, minerales y otros elementos. Su perfil \u00fanico la convierte en un producto apreciado por su origen especial dentro de la colmena.[\/vc_column_text][vc_tta_accordion section_title_tag=&#8221;h3&#8243; style=&#8221;flat&#8221; shape=&#8221;square&#8221; color=&#8221;white&#8221; c_position=&#8221;right&#8221; active_section=&#8221;999&#8243; no_fill=&#8221;true&#8221; collapsible_all=&#8221;true&#8221;][vc_tta_section title=&#8221;Propiedades de la jalea real&#8221; tab_id=&#8221;propiedades&#8221;][vc_column_text]La jalea real la segregan las abejas obreras y es el primer alimento que reciben las larvas durante los primeros tres d\u00edas despu\u00e9s de hacer eclosi\u00f3n los huevos puestos por la reina. A pesar de salir del mismo huevo, si lo que quieren es formar una nueva reina, alimentan con jalea real una de estas larvas durante doce d\u00edas, y de este modo sale una nueva reina, una superabeja de abdomen m\u00e1s grande y preparada para ser fecundada y poner millones de huevos. En estas celdas es donde se acumula la mayor cantidad de jalea real y es de donde se extrae para poderla comercializarla. Es el \u00fanico producto que no recolectan las abejas, sino que lo fabrican ellas mismas.<\/p>\n<p>La jalea real que comercializamos no es de producci\u00f3n propia. El clima que tenemos no es el adecuado para producirlo, lo cual hace que en este producto no podamos competir con el que producen en otros pa\u00edses. Y sucede lo mismo en toda Europa; por lo tanto, la jalea real que comercializamos es extracomunitaria.[\/vc_column_text][\/vc_tta_section][vc_tta_section title=&#8221;Beneficios de la jalea real&#8221; tab_id=&#8221;beneficios&#8221;][vc_column_text css=&#8221;&#8221;]La jalea real es una sustancia especial producida de manera natural por las abejas. Su composici\u00f3n le confiere un perfil \u00fanico, apreciado por su origen dentro de la colmena y por su car\u00e1cter distintivo. A lo largo del tiempo, ha sido valorada en distintos contextos por sus cualidades.[\/vc_column_text][\/vc_tta_section][vc_tta_section title=&#8221;C\u00f3mo tomar jalea real&#8221; tab_id=&#8221;como-tomar&#8221;][vc_column_text]La jalea real es una sustancia viscosa parecida al yogur, de un color blanco tirando a amarillento y con un sabor \u00e1cido.<\/p>\n<p>La mejor manera de consumir la jalea real es fresca y natural sin manipular y habi\u00e9ndola conservado en fr\u00edo. Hay que evitar consumir jalea liofilizada o en c\u00e1psulas, ya que en la deshidrataci\u00f3n menguan sus propiedades. Se recomienda tomar peque\u00f1as dosis de aproximadamente 1g al d\u00eda los adultos, y la mitad los ni\u00f1os (en los envases que comercializamos ya hay una cuchara para medir esta dosis). No es recomendable consumirla durante per\u00edodos largos de tiempo ni en cantidades excesivas. Se recomienda no superar los sesenta d\u00edas seguidos. En el caso de querer consumirla de forma regular, es aconsejable descansar entre ciclo y ciclo durante al menos un mes.[\/vc_column_text][\/vc_tta_section][\/vc_tta_accordion][vc_btn title=&#8221;Fitcha t\u00e9cnica&#8221; style=&#8221;flat&#8221; shape=&#8221;square&#8221; color=&#8221;black&#8221; size=&#8221;lg&#8221; i_align=&#8221;right&#8221; i_icon_fontawesome=&#8221;far fa-file-pdf&#8221; add_icon=&#8221;true&#8221; link=&#8221;url:https%3A%2F%2Fwww.meldelperello.com%2Fwp-content%2Fuploads%2F2022%2F06%2FFT-JALEA-REAL-V0.pdf&#8221; el_class=&#8221;ficha&#8221;][\/vc_column][\/vc_row][vc_row][vc_column][vc_column_text]<\/p>\n<h3 style=\"text-align: center;\"><strong>ENVASES JALEA REAL<br \/>\n<\/strong><\/h3>\n<p>[\/vc_column_text][\/vc_column][\/vc_row][vc_row gap=&#8221;15&#8243; el_class=&#8221;formatos&#8221; css=&#8221;.vc_custom_1645553046136{margin-bottom: 60px !important;}&#8221;][vc_column width=&#8221;1\/3&#8243;][vc_single_image image=&#8221;9615&#8243; img_size=&#8221;full&#8221; alignment=&#8221;center&#8221; css=&#8221;.vc_custom_1648639733071{margin-bottom: 25px !important;}&#8221; image_hovers=&#8221;false&#8221;][vc_column_text css=&#8221;.vc_custom_1653672408443{margin-bottom: 40px !important;}&#8221;]<\/p>\n<h3 style=\"text-align: center;\">Ref. 030001 \u2013 JALEA REAL 10 GR.<\/h3>\n<p style=\"text-align: center;\"><strong>EAN-13: 8437001517961<\/strong><\/p>\n<p>[\/vc_column_text][\/vc_column][vc_column width=&#8221;1\/3&#8243;][vc_single_image image=&#8221;9611&#8243; img_size=&#8221;full&#8221; alignment=&#8221;center&#8221; css=&#8221;.vc_custom_1648639746030{margin-bottom: 25px !important;}&#8221; image_hovers=&#8221;false&#8221;][vc_column_text css=&#8221;.vc_custom_1653672423099{margin-bottom: 40px !important;}&#8221;]<\/p>\n<h3 style=\"text-align: center;\">Ref. 030002 \u2013 JALEA REAL 20 GR.<\/h3>\n<p style=\"text-align: center;\"><strong>EAN-13: 8437001517978<\/strong><\/p>\n<p>[\/vc_column_text][\/vc_column][vc_column width=&#8221;1\/3&#8243;][vc_single_image image=&#8221;9603&#8243; img_size=&#8221;full&#8221; alignment=&#8221;center&#8221; css=&#8221;.vc_custom_1648639755141{margin-bottom: 25px !important;}&#8221; image_hovers=&#8221;false&#8221;][vc_column_text css=&#8221;.vc_custom_1653672433913{margin-bottom: 40px !important;}&#8221;]<\/p>\n<h3 style=\"text-align: center;\">Ref. 030004 \u2013 JALEA REAL 100 GR.<\/h3>\n<p style=\"text-align: center;\"><strong>EAN13: 8437001517947<\/strong><\/p>\n<p>[\/vc_column_text][\/vc_column][\/vc_row][vc_row full_width=&#8221;stretch_row_content_no_spaces&#8221; bg_type=&#8221;image&#8221; parallax_style=&#8221;vcpb-vz-jquery&#8221; bg_image_new=&#8221;id^9906|url^https:\/\/www.meldelperello.com\/wp-content\/uploads\/2022\/04\/bg-13.jpg|caption^null|alt^null|title^bg|description^null&#8221; bg_image_repeat=&#8221;no-repeat&#8221; bg_override=&#8221;full&#8221; disable_on_mobile_img_parallax=&#8221;disable_on_mobile_img_parallax_value&#8221; el_class=&#8221;blanco poema&#8221;][vc_column][vc_empty_space height=&#8221;450&#8243;][\/vc_column][\/vc_row]<\/p>\n<\/div>","protected":false},"excerpt":{"rendered":"<p>[vc_row gap=&#8221;25&#8243; el_class=&#8221;producto&#8221; css=&#8221;.vc_custom_1645552768280{margin-bottom: 60px !important;}&#8221;][vc_column width=&#8221;1\/2&#8243;][vc_single_image image=&#8221;9607&#8243; img_size=&#8221;full&#8221;][\/vc_column][vc_column width=&#8221;1\/2&#8243;][vc_column_text css=&#8221;.vc_custom_1743607362029{margin-bottom: 50px !important;}&#8221;] JALEA REAL DEL AVI LLU\u00cdS Vitalidad natural. 100% elaborado por abejas. CARACTER\u00cdSTICAS DE LA JALEA REAL La jalea real es una sustancia producida de manera natural por las abejas y se caracteriza por su composici\u00f3n rica en prote\u00ednas, minerales y otros elementos.&hellip;<\/p>\n","protected":false},"author":1,"featured_media":9607,"parent":10137,"menu_order":0,"comment_status":"closed","ping_status":"closed","template":"","meta":{"inline_featured_image":false,"footnotes":""},"class_list":["post-10155","page","type-page","status-publish","has-post-thumbnail","hentry","description-off"],"yoast_head":"<!-- This site is optimized with the Yoast SEO plugin v27.3 - https:\/\/yoast.com\/product\/yoast-seo-wordpress\/ -->\n<title>JALEA REAL - L&#039;Avi Llu\u00eds<\/title>\n<meta name=\"description\" content=\"Comprar Jalea Real pura y artesanal. Compra tu Jalea Real directamente al Apicultor y disfruta de la M\u00e1xima Calidad \u2705 \u00a1Descubre nuestras ofertas!\" \/>\n<meta name=\"robots\" content=\"index, follow, max-snippet:-1, max-image-preview:large, max-video-preview:-1\" \/>\n<link rel=\"canonical\" href=\"https:\/\/www.meldelperello.com\/es\/productos\/jalea-real\/\" \/>\n<meta property=\"og:locale\" content=\"es_ES\" \/>\n<meta property=\"og:type\" content=\"article\" \/>\n<meta property=\"og:title\" content=\"JALEA REAL - L&#039;Avi Llu\u00eds\" \/>\n<meta property=\"og:description\" content=\"Comprar Jalea Real pura y artesanal. Compra tu Jalea Real directamente al Apicultor y disfruta de la M\u00e1xima Calidad \u2705 \u00a1Descubre nuestras ofertas!\" \/>\n<meta property=\"og:url\" content=\"https:\/\/www.meldelperello.com\/es\/productos\/jalea-real\/\" \/>\n<meta property=\"og:site_name\" content=\"L&#039;Avi Llu\u00eds\" \/>\n<meta property=\"article:publisher\" content=\"https:\/\/www.facebook.com\/avi.lluis\/\" \/>\n<meta property=\"article:modified_time\" content=\"2025-04-02T15:24:58+00:00\" \/>\n<meta property=\"og:image\" content=\"https:\/\/www.meldelperello.com\/wp-content\/uploads\/2022\/03\/gelea-reial.jpg\" \/>\n\t<meta property=\"og:image:width\" content=\"1000\" \/>\n\t<meta property=\"og:image:height\" content=\"1000\" \/>\n\t<meta property=\"og:image:type\" content=\"image\/jpeg\" \/>\n<meta name=\"twitter:card\" content=\"summary_large_image\" \/>\n<meta name=\"twitter:label1\" content=\"Tiempo de lectura\" \/>\n\t<meta name=\"twitter:data1\" content=\"4 minutos\" \/>\n<script type=\"application\/ld+json\" class=\"yoast-schema-graph\">{\"@context\":\"https:\\\/\\\/schema.org\",\"@graph\":[{\"@type\":\"WebPage\",\"@id\":\"https:\\\/\\\/www.meldelperello.com\\\/es\\\/productos\\\/jalea-real\\\/\",\"url\":\"https:\\\/\\\/www.meldelperello.com\\\/es\\\/productos\\\/jalea-real\\\/\",\"name\":\"JALEA REAL - L&#039;Avi Llu\u00eds\",\"isPartOf\":{\"@id\":\"https:\\\/\\\/www.meldelperello.com\\\/es\\\/#website\"},\"primaryImageOfPage\":{\"@id\":\"https:\\\/\\\/www.meldelperello.com\\\/es\\\/productos\\\/jalea-real\\\/#primaryimage\"},\"image\":{\"@id\":\"https:\\\/\\\/www.meldelperello.com\\\/es\\\/productos\\\/jalea-real\\\/#primaryimage\"},\"thumbnailUrl\":\"https:\\\/\\\/www.meldelperello.com\\\/wp-content\\\/uploads\\\/2022\\\/03\\\/gelea-reial.jpg\",\"datePublished\":\"2022-03-24T18:32:14+00:00\",\"dateModified\":\"2025-04-02T15:24:58+00:00\",\"description\":\"Comprar Jalea Real pura y artesanal. Compra tu Jalea Real directamente al Apicultor y disfruta de la M\u00e1xima Calidad \u2705 \u00a1Descubre nuestras ofertas!\",\"breadcrumb\":{\"@id\":\"https:\\\/\\\/www.meldelperello.com\\\/es\\\/productos\\\/jalea-real\\\/#breadcrumb\"},\"inLanguage\":\"es\",\"potentialAction\":[{\"@type\":\"ReadAction\",\"target\":[\"https:\\\/\\\/www.meldelperello.com\\\/es\\\/productos\\\/jalea-real\\\/\"]}]},{\"@type\":\"ImageObject\",\"inLanguage\":\"es\",\"@id\":\"https:\\\/\\\/www.meldelperello.com\\\/es\\\/productos\\\/jalea-real\\\/#primaryimage\",\"url\":\"https:\\\/\\\/www.meldelperello.com\\\/wp-content\\\/uploads\\\/2022\\\/03\\\/gelea-reial.jpg\",\"contentUrl\":\"https:\\\/\\\/www.meldelperello.com\\\/wp-content\\\/uploads\\\/2022\\\/03\\\/gelea-reial.jpg\",\"width\":1000,\"height\":1000,\"caption\":\"GELEA REIAL\"},{\"@type\":\"BreadcrumbList\",\"@id\":\"https:\\\/\\\/www.meldelperello.com\\\/es\\\/productos\\\/jalea-real\\\/#breadcrumb\",\"itemListElement\":[{\"@type\":\"ListItem\",\"position\":1,\"name\":\"Inici\",\"item\":\"https:\\\/\\\/www.meldelperello.com\\\/es\\\/\"},{\"@type\":\"ListItem\",\"position\":2,\"name\":\"PRODUCTOS\",\"item\":\"https:\\\/\\\/www.meldelperello.com\\\/es\\\/productos\\\/\"},{\"@type\":\"ListItem\",\"position\":3,\"name\":\"JALEA REAL\"}]},{\"@type\":\"WebSite\",\"@id\":\"https:\\\/\\\/www.meldelperello.com\\\/es\\\/#website\",\"url\":\"https:\\\/\\\/www.meldelperello.com\\\/es\\\/\",\"name\":\"L&#039;Avi Llu\u00eds\",\"description\":\"Apicultors i productors de mel natural, pura i artesana\",\"publisher\":{\"@id\":\"https:\\\/\\\/www.meldelperello.com\\\/es\\\/#organization\"},\"potentialAction\":[{\"@type\":\"SearchAction\",\"target\":{\"@type\":\"EntryPoint\",\"urlTemplate\":\"https:\\\/\\\/www.meldelperello.com\\\/es\\\/?s={search_term_string}\"},\"query-input\":{\"@type\":\"PropertyValueSpecification\",\"valueRequired\":true,\"valueName\":\"search_term_string\"}}],\"inLanguage\":\"es\"},{\"@type\":\"Organization\",\"@id\":\"https:\\\/\\\/www.meldelperello.com\\\/es\\\/#organization\",\"name\":\"L'Avi Llu\u00eds\",\"url\":\"https:\\\/\\\/www.meldelperello.com\\\/es\\\/\",\"logo\":{\"@type\":\"ImageObject\",\"inLanguage\":\"es\",\"@id\":\"https:\\\/\\\/www.meldelperello.com\\\/es\\\/#\\\/schema\\\/logo\\\/image\\\/\",\"url\":\"https:\\\/\\\/www.meldelperello.com\\\/wp-content\\\/uploads\\\/2022\\\/02\\\/logo.svg\",\"contentUrl\":\"https:\\\/\\\/www.meldelperello.com\\\/wp-content\\\/uploads\\\/2022\\\/02\\\/logo.svg\",\"width\":137,\"height\":121,\"caption\":\"L'Avi Llu\u00eds\"},\"image\":{\"@id\":\"https:\\\/\\\/www.meldelperello.com\\\/es\\\/#\\\/schema\\\/logo\\\/image\\\/\"},\"sameAs\":[\"https:\\\/\\\/www.facebook.com\\\/avi.lluis\\\/\",\"https:\\\/\\\/www.instagram.com\\\/avilluis_meldelperello\\\/\",\"https:\\\/\\\/www.youtube.com\\\/c\\\/MeldelperelloAviLluis\"]}]}<\/script>\n<!-- \/ Yoast SEO plugin. -->","yoast_head_json":{"title":"JALEA REAL - L&#039;Avi Llu\u00eds","description":"Comprar Jalea Real pura y artesanal. Compra tu Jalea Real directamente al Apicultor y disfruta de la M\u00e1xima Calidad \u2705 \u00a1Descubre nuestras ofertas!","robots":{"index":"index","follow":"follow","max-snippet":"max-snippet:-1","max-image-preview":"max-image-preview:large","max-video-preview":"max-video-preview:-1"},"canonical":"https:\/\/www.meldelperello.com\/es\/productos\/jalea-real\/","og_locale":"es_ES","og_type":"article","og_title":"JALEA REAL - L&#039;Avi Llu\u00eds","og_description":"Comprar Jalea Real pura y artesanal. Compra tu Jalea Real directamente al Apicultor y disfruta de la M\u00e1xima Calidad \u2705 \u00a1Descubre nuestras ofertas!","og_url":"https:\/\/www.meldelperello.com\/es\/productos\/jalea-real\/","og_site_name":"L&#039;Avi Llu\u00eds","article_publisher":"https:\/\/www.facebook.com\/avi.lluis\/","article_modified_time":"2025-04-02T15:24:58+00:00","og_image":[{"width":1000,"height":1000,"url":"https:\/\/www.meldelperello.com\/wp-content\/uploads\/2022\/03\/gelea-reial.jpg","type":"image\/jpeg"}],"twitter_card":"summary_large_image","twitter_misc":{"Tiempo de lectura":"4 minutos"},"schema":{"@context":"https:\/\/schema.org","@graph":[{"@type":"WebPage","@id":"https:\/\/www.meldelperello.com\/es\/productos\/jalea-real\/","url":"https:\/\/www.meldelperello.com\/es\/productos\/jalea-real\/","name":"JALEA REAL - L&#039;Avi Llu\u00eds","isPartOf":{"@id":"https:\/\/www.meldelperello.com\/es\/#website"},"primaryImageOfPage":{"@id":"https:\/\/www.meldelperello.com\/es\/productos\/jalea-real\/#primaryimage"},"image":{"@id":"https:\/\/www.meldelperello.com\/es\/productos\/jalea-real\/#primaryimage"},"thumbnailUrl":"https:\/\/www.meldelperello.com\/wp-content\/uploads\/2022\/03\/gelea-reial.jpg","datePublished":"2022-03-24T18:32:14+00:00","dateModified":"2025-04-02T15:24:58+00:00","description":"Comprar Jalea Real pura y artesanal. Compra tu Jalea Real directamente al Apicultor y disfruta de la M\u00e1xima Calidad \u2705 \u00a1Descubre nuestras ofertas!","breadcrumb":{"@id":"https:\/\/www.meldelperello.com\/es\/productos\/jalea-real\/#breadcrumb"},"inLanguage":"es","potentialAction":[{"@type":"ReadAction","target":["https:\/\/www.meldelperello.com\/es\/productos\/jalea-real\/"]}]},{"@type":"ImageObject","inLanguage":"es","@id":"https:\/\/www.meldelperello.com\/es\/productos\/jalea-real\/#primaryimage","url":"https:\/\/www.meldelperello.com\/wp-content\/uploads\/2022\/03\/gelea-reial.jpg","contentUrl":"https:\/\/www.meldelperello.com\/wp-content\/uploads\/2022\/03\/gelea-reial.jpg","width":1000,"height":1000,"caption":"GELEA REIAL"},{"@type":"BreadcrumbList","@id":"https:\/\/www.meldelperello.com\/es\/productos\/jalea-real\/#breadcrumb","itemListElement":[{"@type":"ListItem","position":1,"name":"Inici","item":"https:\/\/www.meldelperello.com\/es\/"},{"@type":"ListItem","position":2,"name":"PRODUCTOS","item":"https:\/\/www.meldelperello.com\/es\/productos\/"},{"@type":"ListItem","position":3,"name":"JALEA REAL"}]},{"@type":"WebSite","@id":"https:\/\/www.meldelperello.com\/es\/#website","url":"https:\/\/www.meldelperello.com\/es\/","name":"L&#039;Avi Llu\u00eds","description":"Apicultors i productors de mel natural, pura i artesana","publisher":{"@id":"https:\/\/www.meldelperello.com\/es\/#organization"},"potentialAction":[{"@type":"SearchAction","target":{"@type":"EntryPoint","urlTemplate":"https:\/\/www.meldelperello.com\/es\/?s={search_term_string}"},"query-input":{"@type":"PropertyValueSpecification","valueRequired":true,"valueName":"search_term_string"}}],"inLanguage":"es"},{"@type":"Organization","@id":"https:\/\/www.meldelperello.com\/es\/#organization","name":"L'Avi Llu\u00eds","url":"https:\/\/www.meldelperello.com\/es\/","logo":{"@type":"ImageObject","inLanguage":"es","@id":"https:\/\/www.meldelperello.com\/es\/#\/schema\/logo\/image\/","url":"https:\/\/www.meldelperello.com\/wp-content\/uploads\/2022\/02\/logo.svg","contentUrl":"https:\/\/www.meldelperello.com\/wp-content\/uploads\/2022\/02\/logo.svg","width":137,"height":121,"caption":"L'Avi Llu\u00eds"},"image":{"@id":"https:\/\/www.meldelperello.com\/es\/#\/schema\/logo\/image\/"},"sameAs":["https:\/\/www.facebook.com\/avi.lluis\/","https:\/\/www.instagram.com\/avilluis_meldelperello\/","https:\/\/www.youtube.com\/c\/MeldelperelloAviLluis"]}]}},"_links":{"self":[{"href":"https:\/\/www.meldelperello.com\/es\/wp-json\/wp\/v2\/pages\/10155","targetHints":{"allow":["GET"]}}],"collection":[{"href":"https:\/\/www.meldelperello.com\/es\/wp-json\/wp\/v2\/pages"}],"about":[{"href":"https:\/\/www.meldelperello.com\/es\/wp-json\/wp\/v2\/types\/page"}],"author":[{"embeddable":true,"href":"https:\/\/www.meldelperello.com\/es\/wp-json\/wp\/v2\/users\/1"}],"replies":[{"embeddable":true,"href":"https:\/\/www.meldelperello.com\/es\/wp-json\/wp\/v2\/comments?post=10155"}],"version-history":[{"count":9,"href":"https:\/\/www.meldelperello.com\/es\/wp-json\/wp\/v2\/pages\/10155\/revisions"}],"predecessor-version":[{"id":11923,"href":"https:\/\/www.meldelperello.com\/es\/wp-json\/wp\/v2\/pages\/10155\/revisions\/11923"}],"up":[{"embeddable":true,"href":"https:\/\/www.meldelperello.com\/es\/wp-json\/wp\/v2\/pages\/10137"}],"wp:featuredmedia":[{"embeddable":true,"href":"https:\/\/www.meldelperello.com\/es\/wp-json\/wp\/v2\/media\/9607"}],"wp:attachment":[{"href":"https:\/\/www.meldelperello.com\/es\/wp-json\/wp\/v2\/media?parent=10155"}],"curies":[{"name":"wp","href":"https:\/\/api.w.org\/{rel}","templated":true}]}}