{"id":10144,"date":"2022-03-29T19:48:54","date_gmt":"2022-03-29T17:48:54","guid":{"rendered":"https:\/\/perello.debonatinta.com\/productos\/altres-productes\/"},"modified":"2023-11-14T12:00:33","modified_gmt":"2023-11-14T11:00:33","slug":"otros-productos","status":"publish","type":"page","link":"https:\/\/www.meldelperello.com\/es\/productos\/otros-productos\/","title":{"rendered":"OTROS PRODUCTOS"},"content":{"rendered":"<div class=\"wpb-content-wrapper\"><p>[vc_row gap=&#8221;25&#8243; el_class=&#8221;producto&#8221;][vc_column][vc_column_text css=&#8221;.vc_custom_1653637998928{margin-bottom: 50px !important;}&#8221;]<\/p>\n<h1 style=\"text-align: center;\"><strong>OTROS PRODUCTOS<\/strong><\/h1>\n<p>[\/vc_column_text][\/vc_column][\/vc_row][vc_row gap=&#8221;15&#8243; el_class=&#8221;formatos&#8221; css=&#8221;.vc_custom_1645553046136{margin-bottom: 60px !important;}&#8221;][vc_column width=&#8221;1\/3&#8243;][vc_single_image image=&#8221;11187&#8243; img_size=&#8221;full&#8221; alignment=&#8221;center&#8221; image_hovers=&#8221;false&#8221; css=&#8221;.vc_custom_1699357341105{margin-bottom: 25px !important;}&#8221;][vc_column_text css=&#8221;.vc_custom_1670834501546{margin-bottom: 40px !important;}&#8221;]<\/p>\n<h3 style=\"text-align: center;\">Ref. 600013 \u2013 CARAMELOS MIEL-LIM\u00d3N<br \/>\nBOLSA 80 GR.<\/h3>\n<p style=\"text-align: center;\"><strong>EAN-13: 8437013977975<\/strong><\/p>\n<p>[\/vc_column_text][\/vc_column][vc_column width=&#8221;1\/3&#8243;][vc_single_image image=&#8221;11195&#8243; img_size=&#8221;full&#8221; alignment=&#8221;center&#8221; image_hovers=&#8221;false&#8221; css=&#8221;.vc_custom_1699357349952{margin-bottom: 25px !important;}&#8221;][vc_column_text css=&#8221;.vc_custom_1670834510424{margin-bottom: 40px !important;}&#8221;]<\/p>\n<h3 style=\"text-align: center;\">Ref. 600015 \u2013 CARAMELOS MIEL-EUCALIPTUS<br \/>\nBOLSA 80 GR.<\/h3>\n<p style=\"text-align: center;\"><strong>EAN-13: 8437013977999<\/strong><\/p>\n<p>[\/vc_column_text][\/vc_column][vc_column width=&#8221;1\/3&#8243;][vc_single_image image=&#8221;11215&#8243; img_size=&#8221;full&#8221; alignment=&#8221;center&#8221; image_hovers=&#8221;false&#8221; css=&#8221;.vc_custom_1699357359007{margin-bottom: 25px !important;}&#8221;][vc_column_text css=&#8221;.vc_custom_1670834520393{margin-bottom: 40px !important;}&#8221;]<\/p>\n<h3 style=\"text-align: center;\">Ref. 600019 \u2013 CARAMELOS MIEL-ROMERO<br \/>\nBOLSA 80 GR.<\/h3>\n<p style=\"text-align: center;\"><strong>EAN-13: 8436554510030<\/strong><\/p>\n<p>[\/vc_column_text][\/vc_column][\/vc_row][vc_row gap=&#8221;15&#8243; el_class=&#8221;formatos&#8221; css=&#8221;.vc_custom_1645553046136{margin-bottom: 60px !important;}&#8221;][vc_column width=&#8221;1\/3&#8243;][vc_single_image image=&#8221;11211&#8243; img_size=&#8221;full&#8221; alignment=&#8221;center&#8221; image_hovers=&#8221;false&#8221; css=&#8221;.vc_custom_1699357369442{margin-bottom: 25px !important;}&#8221;][vc_column_text css=&#8221;.vc_custom_1670834491805{margin-bottom: 40px !important;}&#8221;]<\/p>\n<h3 style=\"text-align: center;\">Ref. 600020 \u2013 CARAMELOS VARIADOS MIEL<br \/>\nBOLSA 80 GR.<\/h3>\n<p style=\"text-align: center;\"><strong>EAN-13: 8436554510047<\/strong><\/p>\n<p>[\/vc_column_text][\/vc_column][vc_column width=&#8221;1\/3&#8243;][vc_single_image image=&#8221;11199&#8243; img_size=&#8221;full&#8221; alignment=&#8221;center&#8221; image_hovers=&#8221;false&#8221; css=&#8221;.vc_custom_1699357388788{margin-bottom: 25px !important;}&#8221;][vc_column_text css=&#8221;.vc_custom_1670834552612{margin-bottom: 40px !important;}&#8221;]<\/p>\n<h3 style=\"text-align: center;\">Ref. 600021 \u2013 CARAMELOS MIEL-PROP\u00d3LEO<br \/>\nBOLSA 80 GR.<\/h3>\n<p style=\"text-align: center;\"><strong>EAN-13: 8436554510054<\/strong><\/p>\n<p>[\/vc_column_text][\/vc_column][vc_column width=&#8221;1\/3&#8243;][vc_single_image image=&#8221;11183&#8243; img_size=&#8221;full&#8221; alignment=&#8221;center&#8221; image_hovers=&#8221;false&#8221; css=&#8221;.vc_custom_1699357401424{margin-bottom: 25px !important;}&#8221;][vc_column_text css=&#8221;.vc_custom_1670834603899{margin-bottom: 40px !important;}&#8221;]<\/p>\n<h3 style=\"text-align: center;\">Ref. 600022 \u2013 CARAMELOS RELLENOS MIEL NARANJO<br \/>\nBOLSA 80 GR.<\/h3>\n<p style=\"text-align: center;\"><strong>EAN-13: 8436554510061<\/strong><\/p>\n<p>[\/vc_column_text][\/vc_column][\/vc_row][vc_row gap=&#8221;15&#8243; el_class=&#8221;formatos&#8221; css=&#8221;.vc_custom_1645553046136{margin-bottom: 60px !important;}&#8221;][vc_column width=&#8221;1\/3&#8243;][vc_single_image image=&#8221;11203&#8243; img_size=&#8221;full&#8221; alignment=&#8221;center&#8221; image_hovers=&#8221;false&#8221; css=&#8221;.vc_custom_1699357429759{margin-bottom: 25px !important;}&#8221;][vc_column_text css=&#8221;.vc_custom_1699357420211{margin-bottom: 40px !important;}&#8221;]<\/p>\n<h3 style=\"text-align: center;\">Ref. 600023 \u2013 CARAMELOS MIEL JALEA REAL<br \/>\nBOLSA 100 GR.<\/h3>\n<p style=\"text-align: center;\"><strong>EAN-13: 8436554510078<\/strong><\/p>\n<p>[\/vc_column_text][\/vc_column][vc_column width=&#8221;1\/3&#8243;][vc_single_image image=&#8221;11207&#8243; img_size=&#8221;full&#8221; alignment=&#8221;center&#8221; image_hovers=&#8221;false&#8221; css=&#8221;.vc_custom_1699357441277{margin-bottom: 25px !important;}&#8221;][vc_column_text css=&#8221;.vc_custom_1670834734994{margin-bottom: 40px !important;}&#8221;]<\/p>\n<h3 style=\"text-align: center;\">Ref. 600024 \u2013 CARAMELOS MIEL JENGIBRE<br \/>\nBOLSA 80 GR.<\/h3>\n<p style=\"text-align: center;\"><strong>EAN-13: 8436554510085<\/strong><\/p>\n<p>[\/vc_column_text][\/vc_column][vc_column width=&#8221;1\/3&#8243;][vc_single_image image=&#8221;11191&#8243; img_size=&#8221;full&#8221; alignment=&#8221;center&#8221; image_hovers=&#8221;false&#8221; css=&#8221;.vc_custom_1699442126219{margin-bottom: 25px !important;}&#8221;][vc_column_text css=&#8221;.vc_custom_1699442106916{margin-bottom: 40px !important;}&#8221;]<\/p>\n<h3 style=\"text-align: center;\">Ref. 600025 \u2013 CARAMELOS MIEL TOMILLO BOLSA 80 GR.<\/h3>\n<p style=\"text-align: center;\"><strong>EAN-13: 8437013977982<\/strong><\/p>\n<p>[\/vc_column_text][\/vc_column][\/vc_row][vc_row gap=&#8221;15&#8243; el_class=&#8221;formatos&#8221; css=&#8221;.vc_custom_1645553046136{margin-bottom: 60px !important;}&#8221;][vc_column width=&#8221;1\/3&#8243;][vc_single_image image=&#8221;9664&#8243; img_size=&#8221;full&#8221; alignment=&#8221;center&#8221; image_hovers=&#8221;false&#8221; css=&#8221;.vc_custom_1648654542914{margin-bottom: 25px !important;}&#8221;][vc_column_text css=&#8221;.vc_custom_1653638250233{margin-bottom: 40px !important;}&#8221;]<\/p>\n<h3 style=\"text-align: center;\">Ref. 600008 \u2013 PIRULETAS DE MIEL<\/h3>\n<p style=\"text-align: center;\"><strong>EAN-13: 2000000003429<\/strong><br \/>\nUn caramelo distinto, sano y 100% natural.<br \/>\nPerfecto para ni\u00f1os.<\/p>\n<p>[\/vc_column_text][\/vc_column][vc_column width=&#8221;1\/3&#8243;][vc_single_image image=&#8221;11311&#8243; img_size=&#8221;full&#8221; alignment=&#8221;center&#8221; image_hovers=&#8221;false&#8221; css=&#8221;.vc_custom_1699959494352{margin-bottom: 25px !important;}&#8221;][vc_column_text css=&#8221;.vc_custom_1699959568078{margin-bottom: 40px !important;}&#8221;]<\/p>\n<h3 style=\"text-align: center;\">Ref. 700003 \u2013 VELAS<\/h3>\n<p style=\"text-align: center;\"><strong>EAN-13: 8436554510283<\/strong><br \/>\nLas velas del Avi Llu\u00eds est\u00e1n hechas de cera natural. Libre de parafina y otros productos qu\u00edmicos.<br \/>\nLa altura de la vela es de 15 cm y su di\u00e1metro de 2 cm.<br \/>\nLa duraci\u00f3n es de aproximadamente 6 horas.<br \/>\nIdeal para espacios cerrados ya que desprenden poco humo y no huelen.<\/p>\n<p>[\/vc_column_text][\/vc_column][vc_column width=&#8221;1\/3&#8243;][vc_single_image image=&#8221;11307&#8243; img_size=&#8221;full&#8221; alignment=&#8221;center&#8221; image_hovers=&#8221;false&#8221; css=&#8221;.vc_custom_1699959629488{margin-bottom: 25px !important;}&#8221;][vc_column_text css=&#8221;.vc_custom_1699959548847{margin-bottom: 40px !important;}&#8221;]<\/p>\n<h3 style=\"text-align: center;\">Ref. 700004 \u2013 VELA ESPIRAL<\/h3>\n<p style=\"text-align: center;\"><strong>EAN-13: 8436554510290<\/strong><br \/>\nLas velas del Avi Llu\u00eds est\u00e1n hechas de cera natural. Libre de parafina y otros productos qu\u00edmicos.<br \/>\nLa altura de la vela es de 15 cm y su di\u00e1metro de 3 cm.<\/p>\n<p>[\/vc_column_text][\/vc_column][\/vc_row][vc_row full_width=&#8221;stretch_row_content_no_spaces&#8221; bg_type=&#8221;image&#8221; parallax_style=&#8221;vcpb-default&#8221; bg_image_new=&#8221;id^9918|url^https:\/\/www.meldelperello.com\/wp-content\/uploads\/2022\/04\/bg-15.jpg|caption^null|alt^null|title^bg|description^null&#8221; bg_image_repeat=&#8221;no-repeat&#8221; bg_override=&#8221;full&#8221; el_class=&#8221;blanco poema&#8221;][vc_column][vc_empty_space height=&#8221;450&#8243;][\/vc_column][\/vc_row]<\/p>\n<\/div>","protected":false},"excerpt":{"rendered":"<p>[vc_row gap=&#8221;25&#8243; el_class=&#8221;producto&#8221;][vc_column][vc_column_text css=&#8221;.vc_custom_1653637998928{margin-bottom: 50px !important;}&#8221;] OTROS PRODUCTOS [\/vc_column_text][\/vc_column][\/vc_row][vc_row gap=&#8221;15&#8243; el_class=&#8221;formatos&#8221; css=&#8221;.vc_custom_1645553046136{margin-bottom: 60px !important;}&#8221;][vc_column width=&#8221;1\/3&#8243;][vc_single_image image=&#8221;11187&#8243; img_size=&#8221;full&#8221; alignment=&#8221;center&#8221; image_hovers=&#8221;false&#8221; css=&#8221;.vc_custom_1699357341105{margin-bottom: 25px !important;}&#8221;][vc_column_text css=&#8221;.vc_custom_1670834501546{margin-bottom: 40px !important;}&#8221;] Ref. 600013 \u2013 CARAMELOS MIEL-LIM\u00d3N BOLSA 80 GR. EAN-13: 8437013977975 [\/vc_column_text][\/vc_column][vc_column width=&#8221;1\/3&#8243;][vc_single_image image=&#8221;11195&#8243; img_size=&#8221;full&#8221; alignment=&#8221;center&#8221; image_hovers=&#8221;false&#8221; css=&#8221;.vc_custom_1699357349952{margin-bottom: 25px !important;}&#8221;][vc_column_text css=&#8221;.vc_custom_1670834510424{margin-bottom: 40px !important;}&#8221;] Ref. 600015 \u2013 CARAMELOS MIEL-EUCALIPTUS BOLSA 80 GR.&hellip;<\/p>\n","protected":false},"author":1,"featured_media":11211,"parent":10137,"menu_order":0,"comment_status":"closed","ping_status":"closed","template":"","meta":{"inline_featured_image":false,"footnotes":""},"class_list":["post-10144","page","type-page","status-publish","has-post-thumbnail","hentry","description-off"],"yoast_head":"<!-- This site is optimized with the Yoast SEO plugin v27.3 - https:\/\/yoast.com\/product\/yoast-seo-wordpress\/ -->\n<title>OTROS PRODUCTOS - L&#039;Avi Llu\u00eds<\/title>\n<meta name=\"description\" content=\"Caramelos de miel y otros producto de la colmena, velas de cera, panal, caramelos de miel, ositos de gominola, piruletas de miel, frutos secos con miel.\" \/>\n<meta name=\"robots\" content=\"index, follow, max-snippet:-1, max-image-preview:large, max-video-preview:-1\" \/>\n<link rel=\"canonical\" href=\"https:\/\/www.meldelperello.com\/es\/productos\/otros-productos\/\" \/>\n<meta property=\"og:locale\" content=\"es_ES\" \/>\n<meta property=\"og:type\" content=\"article\" \/>\n<meta property=\"og:title\" content=\"OTROS PRODUCTOS - L&#039;Avi Llu\u00eds\" \/>\n<meta property=\"og:description\" content=\"Caramelos de miel y otros producto de la colmena, velas de cera, panal, caramelos de miel, ositos de gominola, piruletas de miel, frutos secos con miel.\" \/>\n<meta property=\"og:url\" content=\"https:\/\/www.meldelperello.com\/es\/productos\/otros-productos\/\" \/>\n<meta property=\"og:site_name\" content=\"L&#039;Avi Llu\u00eds\" \/>\n<meta property=\"article:publisher\" content=\"https:\/\/www.facebook.com\/avi.lluis\/\" \/>\n<meta property=\"article:modified_time\" content=\"2023-11-14T11:00:33+00:00\" \/>\n<meta property=\"og:image\" content=\"https:\/\/www.meldelperello.com\/wp-content\/uploads\/2023\/11\/Mel-de-lAvi-Lluis-Envas-de-caramels-18-scaled.jpg\" \/>\n\t<meta property=\"og:image:width\" content=\"2560\" \/>\n\t<meta property=\"og:image:height\" content=\"2560\" \/>\n\t<meta property=\"og:image:type\" content=\"image\/jpeg\" \/>\n<meta name=\"twitter:card\" content=\"summary_large_image\" \/>\n<meta name=\"twitter:label1\" content=\"Tiempo de lectura\" \/>\n\t<meta name=\"twitter:data1\" content=\"3 minutos\" \/>\n<script type=\"application\/ld+json\" class=\"yoast-schema-graph\">{\"@context\":\"https:\\\/\\\/schema.org\",\"@graph\":[{\"@type\":\"WebPage\",\"@id\":\"https:\\\/\\\/www.meldelperello.com\\\/es\\\/productos\\\/otros-productos\\\/\",\"url\":\"https:\\\/\\\/www.meldelperello.com\\\/es\\\/productos\\\/otros-productos\\\/\",\"name\":\"OTROS PRODUCTOS - L&#039;Avi Llu\u00eds\",\"isPartOf\":{\"@id\":\"https:\\\/\\\/www.meldelperello.com\\\/es\\\/#website\"},\"primaryImageOfPage\":{\"@id\":\"https:\\\/\\\/www.meldelperello.com\\\/es\\\/productos\\\/otros-productos\\\/#primaryimage\"},\"image\":{\"@id\":\"https:\\\/\\\/www.meldelperello.com\\\/es\\\/productos\\\/otros-productos\\\/#primaryimage\"},\"thumbnailUrl\":\"https:\\\/\\\/www.meldelperello.com\\\/wp-content\\\/uploads\\\/2023\\\/11\\\/Mel-de-lAvi-Lluis-Envas-de-caramels-18-scaled.jpg\",\"datePublished\":\"2022-03-29T17:48:54+00:00\",\"dateModified\":\"2023-11-14T11:00:33+00:00\",\"description\":\"Caramelos de miel y otros producto de la colmena, velas de cera, panal, caramelos de miel, ositos de gominola, piruletas de miel, frutos secos con miel.\",\"breadcrumb\":{\"@id\":\"https:\\\/\\\/www.meldelperello.com\\\/es\\\/productos\\\/otros-productos\\\/#breadcrumb\"},\"inLanguage\":\"es\",\"potentialAction\":[{\"@type\":\"ReadAction\",\"target\":[\"https:\\\/\\\/www.meldelperello.com\\\/es\\\/productos\\\/otros-productos\\\/\"]}]},{\"@type\":\"ImageObject\",\"inLanguage\":\"es\",\"@id\":\"https:\\\/\\\/www.meldelperello.com\\\/es\\\/productos\\\/otros-productos\\\/#primaryimage\",\"url\":\"https:\\\/\\\/www.meldelperello.com\\\/wp-content\\\/uploads\\\/2023\\\/11\\\/Mel-de-lAvi-Lluis-Envas-de-caramels-18-scaled.jpg\",\"contentUrl\":\"https:\\\/\\\/www.meldelperello.com\\\/wp-content\\\/uploads\\\/2023\\\/11\\\/Mel-de-lAvi-Lluis-Envas-de-caramels-18-scaled.jpg\",\"width\":2560,\"height\":2560},{\"@type\":\"BreadcrumbList\",\"@id\":\"https:\\\/\\\/www.meldelperello.com\\\/es\\\/productos\\\/otros-productos\\\/#breadcrumb\",\"itemListElement\":[{\"@type\":\"ListItem\",\"position\":1,\"name\":\"Inici\",\"item\":\"https:\\\/\\\/www.meldelperello.com\\\/es\\\/\"},{\"@type\":\"ListItem\",\"position\":2,\"name\":\"PRODUCTOS\",\"item\":\"https:\\\/\\\/www.meldelperello.com\\\/es\\\/productos\\\/\"},{\"@type\":\"ListItem\",\"position\":3,\"name\":\"OTROS PRODUCTOS\"}]},{\"@type\":\"WebSite\",\"@id\":\"https:\\\/\\\/www.meldelperello.com\\\/es\\\/#website\",\"url\":\"https:\\\/\\\/www.meldelperello.com\\\/es\\\/\",\"name\":\"L&#039;Avi Llu\u00eds\",\"description\":\"Apicultors i productors de mel natural, pura i artesana\",\"publisher\":{\"@id\":\"https:\\\/\\\/www.meldelperello.com\\\/es\\\/#organization\"},\"potentialAction\":[{\"@type\":\"SearchAction\",\"target\":{\"@type\":\"EntryPoint\",\"urlTemplate\":\"https:\\\/\\\/www.meldelperello.com\\\/es\\\/?s={search_term_string}\"},\"query-input\":{\"@type\":\"PropertyValueSpecification\",\"valueRequired\":true,\"valueName\":\"search_term_string\"}}],\"inLanguage\":\"es\"},{\"@type\":\"Organization\",\"@id\":\"https:\\\/\\\/www.meldelperello.com\\\/es\\\/#organization\",\"name\":\"L'Avi Llu\u00eds\",\"url\":\"https:\\\/\\\/www.meldelperello.com\\\/es\\\/\",\"logo\":{\"@type\":\"ImageObject\",\"inLanguage\":\"es\",\"@id\":\"https:\\\/\\\/www.meldelperello.com\\\/es\\\/#\\\/schema\\\/logo\\\/image\\\/\",\"url\":\"https:\\\/\\\/www.meldelperello.com\\\/wp-content\\\/uploads\\\/2022\\\/02\\\/logo.svg\",\"contentUrl\":\"https:\\\/\\\/www.meldelperello.com\\\/wp-content\\\/uploads\\\/2022\\\/02\\\/logo.svg\",\"width\":137,\"height\":121,\"caption\":\"L'Avi Llu\u00eds\"},\"image\":{\"@id\":\"https:\\\/\\\/www.meldelperello.com\\\/es\\\/#\\\/schema\\\/logo\\\/image\\\/\"},\"sameAs\":[\"https:\\\/\\\/www.facebook.com\\\/avi.lluis\\\/\",\"https:\\\/\\\/www.instagram.com\\\/avilluis_meldelperello\\\/\",\"https:\\\/\\\/www.youtube.com\\\/c\\\/MeldelperelloAviLluis\"]}]}<\/script>\n<!-- \/ Yoast SEO plugin. -->","yoast_head_json":{"title":"OTROS PRODUCTOS - L&#039;Avi Llu\u00eds","description":"Caramelos de miel y otros producto de la colmena, velas de cera, panal, caramelos de miel, ositos de gominola, piruletas de miel, frutos secos con miel.","robots":{"index":"index","follow":"follow","max-snippet":"max-snippet:-1","max-image-preview":"max-image-preview:large","max-video-preview":"max-video-preview:-1"},"canonical":"https:\/\/www.meldelperello.com\/es\/productos\/otros-productos\/","og_locale":"es_ES","og_type":"article","og_title":"OTROS PRODUCTOS - L&#039;Avi Llu\u00eds","og_description":"Caramelos de miel y otros producto de la colmena, velas de cera, panal, caramelos de miel, ositos de gominola, piruletas de miel, frutos secos con miel.","og_url":"https:\/\/www.meldelperello.com\/es\/productos\/otros-productos\/","og_site_name":"L&#039;Avi Llu\u00eds","article_publisher":"https:\/\/www.facebook.com\/avi.lluis\/","article_modified_time":"2023-11-14T11:00:33+00:00","og_image":[{"width":2560,"height":2560,"url":"https:\/\/www.meldelperello.com\/wp-content\/uploads\/2023\/11\/Mel-de-lAvi-Lluis-Envas-de-caramels-18-scaled.jpg","type":"image\/jpeg"}],"twitter_card":"summary_large_image","twitter_misc":{"Tiempo de lectura":"3 minutos"},"schema":{"@context":"https:\/\/schema.org","@graph":[{"@type":"WebPage","@id":"https:\/\/www.meldelperello.com\/es\/productos\/otros-productos\/","url":"https:\/\/www.meldelperello.com\/es\/productos\/otros-productos\/","name":"OTROS PRODUCTOS - L&#039;Avi Llu\u00eds","isPartOf":{"@id":"https:\/\/www.meldelperello.com\/es\/#website"},"primaryImageOfPage":{"@id":"https:\/\/www.meldelperello.com\/es\/productos\/otros-productos\/#primaryimage"},"image":{"@id":"https:\/\/www.meldelperello.com\/es\/productos\/otros-productos\/#primaryimage"},"thumbnailUrl":"https:\/\/www.meldelperello.com\/wp-content\/uploads\/2023\/11\/Mel-de-lAvi-Lluis-Envas-de-caramels-18-scaled.jpg","datePublished":"2022-03-29T17:48:54+00:00","dateModified":"2023-11-14T11:00:33+00:00","description":"Caramelos de miel y otros producto de la colmena, velas de cera, panal, caramelos de miel, ositos de gominola, piruletas de miel, frutos secos con miel.","breadcrumb":{"@id":"https:\/\/www.meldelperello.com\/es\/productos\/otros-productos\/#breadcrumb"},"inLanguage":"es","potentialAction":[{"@type":"ReadAction","target":["https:\/\/www.meldelperello.com\/es\/productos\/otros-productos\/"]}]},{"@type":"ImageObject","inLanguage":"es","@id":"https:\/\/www.meldelperello.com\/es\/productos\/otros-productos\/#primaryimage","url":"https:\/\/www.meldelperello.com\/wp-content\/uploads\/2023\/11\/Mel-de-lAvi-Lluis-Envas-de-caramels-18-scaled.jpg","contentUrl":"https:\/\/www.meldelperello.com\/wp-content\/uploads\/2023\/11\/Mel-de-lAvi-Lluis-Envas-de-caramels-18-scaled.jpg","width":2560,"height":2560},{"@type":"BreadcrumbList","@id":"https:\/\/www.meldelperello.com\/es\/productos\/otros-productos\/#breadcrumb","itemListElement":[{"@type":"ListItem","position":1,"name":"Inici","item":"https:\/\/www.meldelperello.com\/es\/"},{"@type":"ListItem","position":2,"name":"PRODUCTOS","item":"https:\/\/www.meldelperello.com\/es\/productos\/"},{"@type":"ListItem","position":3,"name":"OTROS PRODUCTOS"}]},{"@type":"WebSite","@id":"https:\/\/www.meldelperello.com\/es\/#website","url":"https:\/\/www.meldelperello.com\/es\/","name":"L&#039;Avi Llu\u00eds","description":"Apicultors i productors de mel natural, pura i artesana","publisher":{"@id":"https:\/\/www.meldelperello.com\/es\/#organization"},"potentialAction":[{"@type":"SearchAction","target":{"@type":"EntryPoint","urlTemplate":"https:\/\/www.meldelperello.com\/es\/?s={search_term_string}"},"query-input":{"@type":"PropertyValueSpecification","valueRequired":true,"valueName":"search_term_string"}}],"inLanguage":"es"},{"@type":"Organization","@id":"https:\/\/www.meldelperello.com\/es\/#organization","name":"L'Avi Llu\u00eds","url":"https:\/\/www.meldelperello.com\/es\/","logo":{"@type":"ImageObject","inLanguage":"es","@id":"https:\/\/www.meldelperello.com\/es\/#\/schema\/logo\/image\/","url":"https:\/\/www.meldelperello.com\/wp-content\/uploads\/2022\/02\/logo.svg","contentUrl":"https:\/\/www.meldelperello.com\/wp-content\/uploads\/2022\/02\/logo.svg","width":137,"height":121,"caption":"L'Avi Llu\u00eds"},"image":{"@id":"https:\/\/www.meldelperello.com\/es\/#\/schema\/logo\/image\/"},"sameAs":["https:\/\/www.facebook.com\/avi.lluis\/","https:\/\/www.instagram.com\/avilluis_meldelperello\/","https:\/\/www.youtube.com\/c\/MeldelperelloAviLluis"]}]}},"_links":{"self":[{"href":"https:\/\/www.meldelperello.com\/es\/wp-json\/wp\/v2\/pages\/10144","targetHints":{"allow":["GET"]}}],"collection":[{"href":"https:\/\/www.meldelperello.com\/es\/wp-json\/wp\/v2\/pages"}],"about":[{"href":"https:\/\/www.meldelperello.com\/es\/wp-json\/wp\/v2\/types\/page"}],"author":[{"embeddable":true,"href":"https:\/\/www.meldelperello.com\/es\/wp-json\/wp\/v2\/users\/1"}],"replies":[{"embeddable":true,"href":"https:\/\/www.meldelperello.com\/es\/wp-json\/wp\/v2\/comments?post=10144"}],"version-history":[{"count":9,"href":"https:\/\/www.meldelperello.com\/es\/wp-json\/wp\/v2\/pages\/10144\/revisions"}],"predecessor-version":[{"id":11314,"href":"https:\/\/www.meldelperello.com\/es\/wp-json\/wp\/v2\/pages\/10144\/revisions\/11314"}],"up":[{"embeddable":true,"href":"https:\/\/www.meldelperello.com\/es\/wp-json\/wp\/v2\/pages\/10137"}],"wp:featuredmedia":[{"embeddable":true,"href":"https:\/\/www.meldelperello.com\/es\/wp-json\/wp\/v2\/media\/11211"}],"wp:attachment":[{"href":"https:\/\/www.meldelperello.com\/es\/wp-json\/wp\/v2\/media?parent=10144"}],"curies":[{"name":"wp","href":"https:\/\/api.w.org\/{rel}","templated":true}]}}