{"id":10137,"date":"2022-02-22T17:04:02","date_gmt":"2022-02-22T16:04:02","guid":{"rendered":"https:\/\/perello.debonatinta.com\/productes\/"},"modified":"2023-11-10T10:58:07","modified_gmt":"2023-11-10T09:58:07","slug":"productos","status":"publish","type":"page","link":"https:\/\/www.meldelperello.com\/es\/productos\/","title":{"rendered":"PRODUCTOS"},"content":{"rendered":"<div class=\"wpb-content-wrapper\"><p>[vc_row][vc_column][vc_column_text css=&#8221;.vc_custom_1653576998777{margin-bottom: 50px !important;}&#8221;]<\/p>\n<h1 style=\"text-align: center;\"><strong>LOS PRODUCTOS DEL AVI LLU\u00cdS<\/strong><\/h1>\n<p>[\/vc_column_text][vc_row_inner][vc_column_inner width=&#8221;1\/12&#8243;][\/vc_column_inner][vc_column_inner width=&#8221;10\/12&#8243;][vc_column_text css=&#8221;.vc_custom_1653577009317{margin-bottom: 50px !important;}&#8221;]<\/p>\n<p style=\"text-align: center;\">En Avi Llu\u00eds tenemos una gran selecci\u00f3n de productos de calidad y de kil\u00f3metro cero. Para empezar, tenemos un amplio cat\u00e1logo de miel de cosecha propia de distintas variedades: miel de romero, miel de naranjo, miel de tomillo, miel de monta\u00f1a, miel de mil flores, miel de eucalipto, miel de bosque y miel de brezo, as\u00ed como otros productos derivados de la miel y las abejas, tales como polen, jalea real, prop\u00f3leo, o cosm\u00e9tica natural. Y no nos olvidemos de nuestro aceite de oliva de producci\u00f3n propia: somos nosotros mismos quienes cosechamos las aceitunas en El Perell\u00f3 durante el invierno, cuando las abejas hacen su merecido descanso anual.<\/p>\n<p>[\/vc_column_text][\/vc_column_inner][vc_column_inner width=&#8221;1\/12&#8243;][\/vc_column_inner][\/vc_row_inner][\/vc_column][\/vc_row][vc_row gap=&#8221;15&#8243; el_class=&#8221;productos&#8221;][vc_column width=&#8221;1\/3&#8243;][vc_single_image image=&#8221;9334&#8243; img_size=&#8221;full&#8221; alignment=&#8221;center&#8221; onclick=&#8221;custom_link&#8221; css=&#8221;.vc_custom_1653577581067{margin-bottom: 15px !important;}&#8221; link=&#8221;\/es\/productos\/miel\/&#8221;][vc_column_text css=&#8221;.vc_custom_1653577059031{margin-bottom: 40px !important;}&#8221;]<\/p>\n<h3 style=\"text-align: center;\"><strong>MIELES<\/strong><\/h3>\n<p style=\"text-align: center;\">Miel de cosecha propia, pura y 100% natural, sin manipulaci\u00f3n y envasada por nosotros mismos.<\/p>\n<p style=\"text-align: center;\"><a href=\"ES\/productos\/miel\/\">ESCOGE<\/a><\/p>\n<p>[\/vc_column_text][\/vc_column][vc_column width=&#8221;1\/3&#8243;][vc_single_image image=&#8221;9342&#8243; img_size=&#8221;full&#8221; alignment=&#8221;center&#8221; onclick=&#8221;custom_link&#8221; css=&#8221;.vc_custom_1653577594943{margin-bottom: 15px !important;}&#8221; link=&#8221;\/es\/productos\/polen\/&#8221;][vc_column_text css=&#8221;.vc_custom_1653577097499{margin-bottom: 40px !important;}&#8221;]<\/p>\n<h3 style=\"text-align: center;\"><strong>POLEN<\/strong><\/h3>\n<p style=\"text-align: center;\">El polen contiene prote\u00ednas y es la mayor fuente de vitaminas, minerales e hidratos de carbono conocida hasta la fecha.<\/p>\n<p style=\"text-align: center;\"><a href=\"\/es\/productos\/polen\/\">ESCOGE<\/a><\/p>\n<p>[\/vc_column_text][\/vc_column][vc_column width=&#8221;1\/3&#8243;][vc_single_image image=&#8221;9346&#8243; img_size=&#8221;full&#8221; alignment=&#8221;center&#8221; onclick=&#8221;custom_link&#8221; css=&#8221;.vc_custom_1653577611854{margin-bottom: 15px !important;}&#8221; link=&#8221;\/es\/productos\/propoleo\/&#8221;][vc_column_text css=&#8221;.vc_custom_1653577152714{margin-bottom: 40px !important;}&#8221;]<\/p>\n<h3 style=\"text-align: center;\"><strong>PROP\u00d3LEO<\/strong><\/h3>\n<p style=\"text-align: center;\">Prop\u00f3leo extra\u00eddo directamente de los panales, un gran suplemento diet\u00e9tico desde la antig\u00fcedad.<\/p>\n<p style=\"text-align: center;\"><a href=\"\/es\/productos\/propoleo\/\">DESC\u00daBRELO<\/a><\/p>\n<p>[\/vc_column_text][\/vc_column][\/vc_row][vc_row gap=&#8221;15&#8243; el_class=&#8221;productos&#8221;][vc_column width=&#8221;1\/3&#8243;][vc_single_image image=&#8221;9695&#8243; img_size=&#8221;full&#8221; alignment=&#8221;center&#8221; onclick=&#8221;custom_link&#8221; css=&#8221;.vc_custom_1653577643751{margin-bottom: 15px !important;}&#8221; link=&#8221;\/es\/productos\/miel-con-valor-anadido\/&#8221;][vc_column_text css=&#8221;.vc_custom_1653577245348{margin-bottom: 40px !important;}&#8221;]<\/p>\n<h3 style=\"text-align: center;\"><strong>MIEL CON VALOR A\u00d1ADIDO<\/strong><\/h3>\n<p style=\"text-align: center;\">Se le suma a la miel natural el valor a\u00f1adido de las propiedades del polen, la jalea real y el prop\u00f3leo.<\/p>\n<p style=\"text-align: center;\"><a href=\"\/es\/productos\/miel-con-valor-anadido\/\">DESC\u00daBRELA<\/a><\/p>\n<p>[\/vc_column_text][\/vc_column][vc_column width=&#8221;1\/3&#8243;][vc_single_image image=&#8221;9326&#8243; img_size=&#8221;full&#8221; alignment=&#8221;center&#8221; onclick=&#8221;custom_link&#8221; css=&#8221;.vc_custom_1653577662763{margin-bottom: 15px !important;}&#8221; link=&#8221;\/es\/productos\/jalea-real\/&#8221;][vc_column_text css=&#8221;.vc_custom_1653577291597{margin-bottom: 40px !important;}&#8221;]<\/p>\n<h3 style=\"text-align: center;\"><strong>JALEA REAL<br \/>\n<\/strong><\/h3>\n<p style=\"text-align: center;\">El superalimento de la naturaleza, es un excelente revitalizante que aumenta las defensas y mejora el sistema inmunitario.<\/p>\n<p style=\"text-align: center;\"><a href=\"\/es\/productos\/jalea-real\/\">DESC\u00daBRELA<\/a><\/p>\n<p>[\/vc_column_text][\/vc_column][vc_column width=&#8221;1\/3&#8243;][vc_single_image image=&#8221;9322&#8243; img_size=&#8221;full&#8221; alignment=&#8221;center&#8221; onclick=&#8221;custom_link&#8221; css=&#8221;.vc_custom_1653577674870{margin-bottom: 15px !important;}&#8221; link=&#8221;\/es\/productos\/cosmetica\/&#8221;][vc_column_text css=&#8221;.vc_custom_1653577328544{margin-bottom: 40px !important;}&#8221;]<\/p>\n<h3 style=\"text-align: center;\"><strong>COSM\u00c9TICA<\/strong><\/h3>\n<p style=\"text-align: center;\">Cosm\u00e9tica natural elaborada a base de productos procedentes de las abejas.<\/p>\n<p style=\"text-align: center;\"><a href=\"\/es\/productos\/cosmetica\/\">DESC\u00daBRELA<\/a><\/p>\n<p>[\/vc_column_text][\/vc_column][\/vc_row][vc_row gap=&#8221;15&#8243; el_class=&#8221;productos&#8221;][vc_column width=&#8221;1\/3&#8243;][vc_single_image image=&#8221;9338&#8243; img_size=&#8221;full&#8221; alignment=&#8221;center&#8221; onclick=&#8221;custom_link&#8221; css=&#8221;.vc_custom_1653577691885{margin-bottom: 15px !important;}&#8221; link=&#8221;\/es\/productos\/aceite-de-oliva\/&#8221;][vc_column_text css=&#8221;.vc_custom_1653577386460{margin-bottom: 40px !important;}&#8221;]<\/p>\n<h3 style=\"text-align: center;\"><strong>ACEITE DE OLIVA<br \/>\n<\/strong><\/h3>\n<p style=\"text-align: center;\">Aceite de oliva virgen, producido en el Perell\u00f3 con un sabor afrutado ligeramente dulce, con toques amargos y picantes.<\/p>\n<p style=\"text-align: center;\"><a href=\"\/es\/productos\/aceite-de-oliva\">ESCOGE<\/a><\/p>\n<p>[\/vc_column_text][\/vc_column][vc_column width=&#8221;1\/3&#8243;][vc_single_image image=&#8221;9330&#8243; img_size=&#8221;full&#8221; alignment=&#8221;center&#8221; onclick=&#8221;custom_link&#8221; css=&#8221;.vc_custom_1653577711207{margin-bottom: 15px !important;}&#8221; link=&#8221;\/es\/productos\/hidromiel-y-vinagre\/&#8221;][vc_column_text css=&#8221;.vc_custom_1654083607155{margin-bottom: 40px !important;}&#8221;]<\/p>\n<h3 style=\"text-align: center;\"><strong>HIDROMIEL Y VINAGRE<br \/>\n<\/strong><\/h3>\n<p style=\"text-align: center;\">Descubre el hidromiel y el vinagre de miel, dos productos que se consumen desde la antig\u00fcedad.<\/p>\n<p style=\"text-align: center;\"><a href=\"\/es\/productos\/hidromiel-y-vinagre\/\">ESCOGE<\/a><\/p>\n<p>[\/vc_column_text][\/vc_column][vc_column width=&#8221;1\/3&#8243;][vc_single_image image=&#8221;11211&#8243; img_size=&#8221;full&#8221; alignment=&#8221;center&#8221; onclick=&#8221;custom_link&#8221; css=&#8221;.vc_custom_1699610281845{margin-bottom: 15px !important;}&#8221; link=&#8221;\/es\/productos\/otros-productos\/&#8221;][vc_column_text css=&#8221;.vc_custom_1653577470688{margin-bottom: 40px !important;}&#8221;]<\/p>\n<h3 style=\"text-align: center;\"><strong>OTROS PRODUCTOS<\/strong><\/h3>\n<p style=\"text-align: center;\">Conoce todos los productos que elaboramos a partir de miel y sus derivados.<\/p>\n<p style=\"text-align: center;\"><a href=\"\/es\/productos\/otros-productos\/\">DESC\u00daBRELOS<\/a><\/p>\n<p>[\/vc_column_text][\/vc_column][\/vc_row]<\/p>\n<\/div>","protected":false},"excerpt":{"rendered":"<p>[vc_row][vc_column][vc_column_text css=&#8221;.vc_custom_1653576998777{margin-bottom: 50px !important;}&#8221;] LOS PRODUCTOS DEL AVI LLU\u00cdS [\/vc_column_text][vc_row_inner][vc_column_inner width=&#8221;1\/12&#8243;][\/vc_column_inner][vc_column_inner width=&#8221;10\/12&#8243;][vc_column_text css=&#8221;.vc_custom_1653577009317{margin-bottom: 50px !important;}&#8221;] En Avi Llu\u00eds tenemos una gran selecci\u00f3n de productos de calidad y de kil\u00f3metro cero. Para empezar, tenemos un amplio cat\u00e1logo de miel de cosecha propia de distintas variedades: miel de romero, miel de naranjo, miel de tomillo, miel de&hellip;<\/p>\n","protected":false},"author":1,"featured_media":8932,"parent":0,"menu_order":0,"comment_status":"closed","ping_status":"closed","template":"","meta":{"inline_featured_image":false,"footnotes":""},"class_list":["post-10137","page","type-page","status-publish","has-post-thumbnail","hentry","description-off"],"yoast_head":"<!-- This site is optimized with the Yoast SEO plugin v27.3 - https:\/\/yoast.com\/product\/yoast-seo-wordpress\/ -->\n<title>PRODUCTOS - L&#039;Avi Llu\u00eds<\/title>\n<meta name=\"description\" content=\"Compra los productos del Avi Lu\u00eds, miel de cosecha propia, polen, prop\u00f3leo, jalea real, aceite de oliva virgen extra, cosm\u00e9ticos naturales y otros productos\" \/>\n<meta name=\"robots\" content=\"index, follow, max-snippet:-1, max-image-preview:large, max-video-preview:-1\" \/>\n<link rel=\"canonical\" href=\"https:\/\/www.meldelperello.com\/es\/productos\/\" \/>\n<meta property=\"og:locale\" content=\"es_ES\" \/>\n<meta property=\"og:type\" content=\"article\" \/>\n<meta property=\"og:title\" content=\"PRODUCTOS - L&#039;Avi Llu\u00eds\" \/>\n<meta property=\"og:description\" content=\"Compra los productos del Avi Lu\u00eds, miel de cosecha propia, polen, prop\u00f3leo, jalea real, aceite de oliva virgen extra, cosm\u00e9ticos naturales y otros productos\" \/>\n<meta property=\"og:url\" content=\"https:\/\/www.meldelperello.com\/es\/productos\/\" \/>\n<meta property=\"og:site_name\" content=\"L&#039;Avi Llu\u00eds\" \/>\n<meta property=\"article:publisher\" content=\"https:\/\/www.facebook.com\/avi.lluis\/\" \/>\n<meta property=\"article:modified_time\" content=\"2023-11-10T09:58:07+00:00\" \/>\n<meta property=\"og:image\" content=\"https:\/\/www.meldelperello.com\/wp-content\/uploads\/2022\/03\/Mel-de-lAvi-Llui\u0301s-gener-2020-Farigola-250g.jpg\" \/>\n\t<meta property=\"og:image:width\" content=\"300\" \/>\n\t<meta property=\"og:image:height\" content=\"300\" \/>\n\t<meta property=\"og:image:type\" content=\"image\/jpeg\" \/>\n<meta name=\"twitter:card\" content=\"summary_large_image\" \/>\n<meta name=\"twitter:label1\" content=\"Tiempo de lectura\" \/>\n\t<meta name=\"twitter:data1\" content=\"3 minutos\" \/>\n<script type=\"application\/ld+json\" class=\"yoast-schema-graph\">{\"@context\":\"https:\\\/\\\/schema.org\",\"@graph\":[{\"@type\":\"WebPage\",\"@id\":\"https:\\\/\\\/www.meldelperello.com\\\/es\\\/productos\\\/\",\"url\":\"https:\\\/\\\/www.meldelperello.com\\\/es\\\/productos\\\/\",\"name\":\"PRODUCTOS - L&#039;Avi Llu\u00eds\",\"isPartOf\":{\"@id\":\"https:\\\/\\\/www.meldelperello.com\\\/es\\\/#website\"},\"primaryImageOfPage\":{\"@id\":\"https:\\\/\\\/www.meldelperello.com\\\/es\\\/productos\\\/#primaryimage\"},\"image\":{\"@id\":\"https:\\\/\\\/www.meldelperello.com\\\/es\\\/productos\\\/#primaryimage\"},\"thumbnailUrl\":\"https:\\\/\\\/www.meldelperello.com\\\/wp-content\\\/uploads\\\/2022\\\/03\\\/Mel-de-lAvi-Llui\u0301s-gener-2020-Farigola-250g.jpg\",\"datePublished\":\"2022-02-22T16:04:02+00:00\",\"dateModified\":\"2023-11-10T09:58:07+00:00\",\"description\":\"Compra los productos del Avi Lu\u00eds, miel de cosecha propia, polen, prop\u00f3leo, jalea real, aceite de oliva virgen extra, cosm\u00e9ticos naturales y otros productos\",\"breadcrumb\":{\"@id\":\"https:\\\/\\\/www.meldelperello.com\\\/es\\\/productos\\\/#breadcrumb\"},\"inLanguage\":\"es\",\"potentialAction\":[{\"@type\":\"ReadAction\",\"target\":[\"https:\\\/\\\/www.meldelperello.com\\\/es\\\/productos\\\/\"]}]},{\"@type\":\"ImageObject\",\"inLanguage\":\"es\",\"@id\":\"https:\\\/\\\/www.meldelperello.com\\\/es\\\/productos\\\/#primaryimage\",\"url\":\"https:\\\/\\\/www.meldelperello.com\\\/wp-content\\\/uploads\\\/2022\\\/03\\\/Mel-de-lAvi-Llui\u0301s-gener-2020-Farigola-250g.jpg\",\"contentUrl\":\"https:\\\/\\\/www.meldelperello.com\\\/wp-content\\\/uploads\\\/2022\\\/03\\\/Mel-de-lAvi-Llui\u0301s-gener-2020-Farigola-250g.jpg\",\"width\":300,\"height\":300,\"caption\":\"mel avi lluis perello baix ebre catalunya - miel abejas panal natural eco\"},{\"@type\":\"BreadcrumbList\",\"@id\":\"https:\\\/\\\/www.meldelperello.com\\\/es\\\/productos\\\/#breadcrumb\",\"itemListElement\":[{\"@type\":\"ListItem\",\"position\":1,\"name\":\"Inici\",\"item\":\"https:\\\/\\\/www.meldelperello.com\\\/es\\\/\"},{\"@type\":\"ListItem\",\"position\":2,\"name\":\"PRODUCTOS\"}]},{\"@type\":\"WebSite\",\"@id\":\"https:\\\/\\\/www.meldelperello.com\\\/es\\\/#website\",\"url\":\"https:\\\/\\\/www.meldelperello.com\\\/es\\\/\",\"name\":\"L&#039;Avi Llu\u00eds\",\"description\":\"Apicultors i productors de mel natural, pura i artesana\",\"publisher\":{\"@id\":\"https:\\\/\\\/www.meldelperello.com\\\/es\\\/#organization\"},\"potentialAction\":[{\"@type\":\"SearchAction\",\"target\":{\"@type\":\"EntryPoint\",\"urlTemplate\":\"https:\\\/\\\/www.meldelperello.com\\\/es\\\/?s={search_term_string}\"},\"query-input\":{\"@type\":\"PropertyValueSpecification\",\"valueRequired\":true,\"valueName\":\"search_term_string\"}}],\"inLanguage\":\"es\"},{\"@type\":\"Organization\",\"@id\":\"https:\\\/\\\/www.meldelperello.com\\\/es\\\/#organization\",\"name\":\"L'Avi Llu\u00eds\",\"url\":\"https:\\\/\\\/www.meldelperello.com\\\/es\\\/\",\"logo\":{\"@type\":\"ImageObject\",\"inLanguage\":\"es\",\"@id\":\"https:\\\/\\\/www.meldelperello.com\\\/es\\\/#\\\/schema\\\/logo\\\/image\\\/\",\"url\":\"https:\\\/\\\/www.meldelperello.com\\\/wp-content\\\/uploads\\\/2022\\\/02\\\/logo.svg\",\"contentUrl\":\"https:\\\/\\\/www.meldelperello.com\\\/wp-content\\\/uploads\\\/2022\\\/02\\\/logo.svg\",\"width\":137,\"height\":121,\"caption\":\"L'Avi Llu\u00eds\"},\"image\":{\"@id\":\"https:\\\/\\\/www.meldelperello.com\\\/es\\\/#\\\/schema\\\/logo\\\/image\\\/\"},\"sameAs\":[\"https:\\\/\\\/www.facebook.com\\\/avi.lluis\\\/\",\"https:\\\/\\\/www.instagram.com\\\/avilluis_meldelperello\\\/\",\"https:\\\/\\\/www.youtube.com\\\/c\\\/MeldelperelloAviLluis\"]}]}<\/script>\n<!-- \/ Yoast SEO plugin. -->","yoast_head_json":{"title":"PRODUCTOS - L&#039;Avi Llu\u00eds","description":"Compra los productos del Avi Lu\u00eds, miel de cosecha propia, polen, prop\u00f3leo, jalea real, aceite de oliva virgen extra, cosm\u00e9ticos naturales y otros productos","robots":{"index":"index","follow":"follow","max-snippet":"max-snippet:-1","max-image-preview":"max-image-preview:large","max-video-preview":"max-video-preview:-1"},"canonical":"https:\/\/www.meldelperello.com\/es\/productos\/","og_locale":"es_ES","og_type":"article","og_title":"PRODUCTOS - L&#039;Avi Llu\u00eds","og_description":"Compra los productos del Avi Lu\u00eds, miel de cosecha propia, polen, prop\u00f3leo, jalea real, aceite de oliva virgen extra, cosm\u00e9ticos naturales y otros productos","og_url":"https:\/\/www.meldelperello.com\/es\/productos\/","og_site_name":"L&#039;Avi Llu\u00eds","article_publisher":"https:\/\/www.facebook.com\/avi.lluis\/","article_modified_time":"2023-11-10T09:58:07+00:00","og_image":[{"width":300,"height":300,"url":"https:\/\/www.meldelperello.com\/wp-content\/uploads\/2022\/03\/Mel-de-lAvi-Llui\u0301s-gener-2020-Farigola-250g.jpg","type":"image\/jpeg"}],"twitter_card":"summary_large_image","twitter_misc":{"Tiempo de lectura":"3 minutos"},"schema":{"@context":"https:\/\/schema.org","@graph":[{"@type":"WebPage","@id":"https:\/\/www.meldelperello.com\/es\/productos\/","url":"https:\/\/www.meldelperello.com\/es\/productos\/","name":"PRODUCTOS - L&#039;Avi Llu\u00eds","isPartOf":{"@id":"https:\/\/www.meldelperello.com\/es\/#website"},"primaryImageOfPage":{"@id":"https:\/\/www.meldelperello.com\/es\/productos\/#primaryimage"},"image":{"@id":"https:\/\/www.meldelperello.com\/es\/productos\/#primaryimage"},"thumbnailUrl":"https:\/\/www.meldelperello.com\/wp-content\/uploads\/2022\/03\/Mel-de-lAvi-Llui\u0301s-gener-2020-Farigola-250g.jpg","datePublished":"2022-02-22T16:04:02+00:00","dateModified":"2023-11-10T09:58:07+00:00","description":"Compra los productos del Avi Lu\u00eds, miel de cosecha propia, polen, prop\u00f3leo, jalea real, aceite de oliva virgen extra, cosm\u00e9ticos naturales y otros productos","breadcrumb":{"@id":"https:\/\/www.meldelperello.com\/es\/productos\/#breadcrumb"},"inLanguage":"es","potentialAction":[{"@type":"ReadAction","target":["https:\/\/www.meldelperello.com\/es\/productos\/"]}]},{"@type":"ImageObject","inLanguage":"es","@id":"https:\/\/www.meldelperello.com\/es\/productos\/#primaryimage","url":"https:\/\/www.meldelperello.com\/wp-content\/uploads\/2022\/03\/Mel-de-lAvi-Llui\u0301s-gener-2020-Farigola-250g.jpg","contentUrl":"https:\/\/www.meldelperello.com\/wp-content\/uploads\/2022\/03\/Mel-de-lAvi-Llui\u0301s-gener-2020-Farigola-250g.jpg","width":300,"height":300,"caption":"mel avi lluis perello baix ebre catalunya - miel abejas panal natural eco"},{"@type":"BreadcrumbList","@id":"https:\/\/www.meldelperello.com\/es\/productos\/#breadcrumb","itemListElement":[{"@type":"ListItem","position":1,"name":"Inici","item":"https:\/\/www.meldelperello.com\/es\/"},{"@type":"ListItem","position":2,"name":"PRODUCTOS"}]},{"@type":"WebSite","@id":"https:\/\/www.meldelperello.com\/es\/#website","url":"https:\/\/www.meldelperello.com\/es\/","name":"L&#039;Avi Llu\u00eds","description":"Apicultors i productors de mel natural, pura i artesana","publisher":{"@id":"https:\/\/www.meldelperello.com\/es\/#organization"},"potentialAction":[{"@type":"SearchAction","target":{"@type":"EntryPoint","urlTemplate":"https:\/\/www.meldelperello.com\/es\/?s={search_term_string}"},"query-input":{"@type":"PropertyValueSpecification","valueRequired":true,"valueName":"search_term_string"}}],"inLanguage":"es"},{"@type":"Organization","@id":"https:\/\/www.meldelperello.com\/es\/#organization","name":"L'Avi Llu\u00eds","url":"https:\/\/www.meldelperello.com\/es\/","logo":{"@type":"ImageObject","inLanguage":"es","@id":"https:\/\/www.meldelperello.com\/es\/#\/schema\/logo\/image\/","url":"https:\/\/www.meldelperello.com\/wp-content\/uploads\/2022\/02\/logo.svg","contentUrl":"https:\/\/www.meldelperello.com\/wp-content\/uploads\/2022\/02\/logo.svg","width":137,"height":121,"caption":"L'Avi Llu\u00eds"},"image":{"@id":"https:\/\/www.meldelperello.com\/es\/#\/schema\/logo\/image\/"},"sameAs":["https:\/\/www.facebook.com\/avi.lluis\/","https:\/\/www.instagram.com\/avilluis_meldelperello\/","https:\/\/www.youtube.com\/c\/MeldelperelloAviLluis"]}]}},"_links":{"self":[{"href":"https:\/\/www.meldelperello.com\/es\/wp-json\/wp\/v2\/pages\/10137","targetHints":{"allow":["GET"]}}],"collection":[{"href":"https:\/\/www.meldelperello.com\/es\/wp-json\/wp\/v2\/pages"}],"about":[{"href":"https:\/\/www.meldelperello.com\/es\/wp-json\/wp\/v2\/types\/page"}],"author":[{"embeddable":true,"href":"https:\/\/www.meldelperello.com\/es\/wp-json\/wp\/v2\/users\/1"}],"replies":[{"embeddable":true,"href":"https:\/\/www.meldelperello.com\/es\/wp-json\/wp\/v2\/comments?post=10137"}],"version-history":[{"count":6,"href":"https:\/\/www.meldelperello.com\/es\/wp-json\/wp\/v2\/pages\/10137\/revisions"}],"predecessor-version":[{"id":11263,"href":"https:\/\/www.meldelperello.com\/es\/wp-json\/wp\/v2\/pages\/10137\/revisions\/11263"}],"wp:featuredmedia":[{"embeddable":true,"href":"https:\/\/www.meldelperello.com\/es\/wp-json\/wp\/v2\/media\/8932"}],"wp:attachment":[{"href":"https:\/\/www.meldelperello.com\/es\/wp-json\/wp\/v2\/media?parent=10137"}],"curies":[{"name":"wp","href":"https:\/\/api.w.org\/{rel}","templated":true}]}}