{"id":10119,"date":"2022-03-31T16:03:47","date_gmt":"2022-03-31T14:03:47","guid":{"rendered":"https:\/\/perello.debonatinta.com\/reserva-de-la-biosfera\/"},"modified":"2022-05-26T16:39:32","modified_gmt":"2022-05-26T14:39:32","slug":"reserva-de-la-biosfera","status":"publish","type":"page","link":"https:\/\/www.meldelperello.com\/es\/reserva-de-la-biosfera\/","title":{"rendered":"Reserva de la biosfera"},"content":{"rendered":"<div class=\"wpb-content-wrapper\"><p>[vc_row][vc_column][vc_column_text]<\/p>\n<h1 style=\"text-align: center;\"><strong>RESERVA DE LA BIOSFERA<\/strong><\/h1>\n<p>[\/vc_column_text][\/vc_column][\/vc_row][vc_row bg_type=&#8221;image&#8221; parallax_style=&#8221;vcpb-default&#8221; bg_image_new=&#8221;id^9758|url^https:\/\/www.meldelperello.com\/wp-content\/uploads\/2022\/03\/BG-5.jpg|caption^null|alt^null|title^BG|description^null&#8221; bg_image_repeat=&#8221;no-repeat&#8221; bg_override=&#8221;full&#8221; css=&#8221;.vc_custom_1648735981241{margin-bottom: 20px !important;padding-top: 30px !important;padding-bottom: 30px !important;}&#8221;][vc_column][vc_single_image image=&#8221;8338&#8243; img_size=&#8221;full&#8221; alignment=&#8221;center&#8221;][\/vc_column][\/vc_row][vc_row][vc_column][vc_column_text]<\/p>\n<p style=\"text-align: center;\"><strong>AP\u00cdCOLA BRULL CASANOVA SCCL, como productora y envasadora de la Miel del Avi Llu\u00eds dentro de la Reserva de la Biosfera de las Terres de l\u2019Ebre, hemos obtenido el certificado de dicha actividad.<\/strong><\/p>\n<p style=\"text-align: center;\">Desde la primavera de 2016, etiquetamos con el distintivo de la Reserva de Biosfera (RBTE) los productos producidos dentro de la zona de la Reserva. Este galard\u00f3n internacional que ha hecho la UNESCO en las Terres de l&#8217;Ebre nos permite trasladar el reconocimiento a nuestros productos, garantizando que han sido elaborados con un compromiso de calidad y respeto hacia los valores naturales de nuestro territorio.<\/p>\n<p>[\/vc_column_text][\/vc_column][\/vc_row][vc_row gap=&#8221;35&#8243; css=&#8221;.vc_custom_1648739982824{margin-bottom: 30px !important;}&#8221;][vc_column width=&#8221;1\/3&#8243;][vc_single_image image=&#8221;9405&#8243; img_size=&#8221;full&#8221; alignment=&#8221;center&#8221;][vc_column_text]<\/p>\n<h3 style=\"text-align: center;\"><strong>MIEL DE ROMERO<br \/>\n<\/strong><\/h3>\n<p style=\"text-align: center;\">Producida en las comarcas de la Ribera d&#8217;Ebre y el Baix Ebre<\/p>\n<p>[\/vc_column_text][vc_gmaps link=&#8221;#E-8_JTNDaWZyYW1lJTIwc3JjJTNEJTIyaHR0cHMlM0ElMkYlMkZ3d3cuZ29vZ2xlLmNvbSUyRm1hcHMlMkZlbWJlZCUzRnBiJTNEJTIxMW0xOCUyMTFtMTIlMjExbTMlMjExZDE5MzEzOC4yMTY2NTUzOTAxMyUyMTJkMC40MDg1NTc0MjU0NjU5ODk1NSUyMTNkNDAuODU0NjUxOTY0MTg4MDElMjEybTMlMjExZjAlMjEyZjAlMjEzZjAlMjEzbTIlMjExaTEwMjQlMjEyaTc2OCUyMTRmMTMuMSUyMTNtMyUyMTFtMiUyMTFzMHgxMmEwZTNiZjNiM2E5ZTQxJTI1M0EweGQyMDBkYzg2NDM3ZTcwNjclMjEyc0VsJTI1MjBCYWpvJTI1MjBFYnJvJTI1MkMlMjUyMFRhcnJhZ29uYSUyMTVlMCUyMTNtMiUyMTFzZXMlMjEyc2VzJTIxNHYxNjQ4NzM2MjI2NDQzJTIxNW0yJTIxMXNlcyUyMTJzZXMlMjIlMjB3aWR0aCUzRCUyMjYwMCUyMiUyMGhlaWdodCUzRCUyMjQ1MCUyMiUyMHN0eWxlJTNEJTIyYm9yZGVyJTNBMCUzQiUyMiUyMGFsbG93ZnVsbHNjcmVlbiUzRCUyMiUyMiUyMGxvYWRpbmclM0QlMjJsYXp5JTIyJTIwcmVmZXJyZXJwb2xpY3klM0QlMjJuby1yZWZlcnJlci13aGVuLWRvd25ncmFkZSUyMiUzRSUzQyUyRmlmcmFtZSUzRQ==&#8221; size=&#8221;350&#8243;][\/vc_column][vc_column width=&#8221;1\/3&#8243;][vc_single_image image=&#8221;9400&#8243; img_size=&#8221;full&#8221; alignment=&#8221;center&#8221;][vc_column_text]<\/p>\n<h3 style=\"text-align: center;\"><strong>MIEL DE NARANJO<br \/>\n<\/strong><\/h3>\n<p style=\"text-align: center;\">Producida en la comarca del Montsi\u00e0<\/p>\n<p>[\/vc_column_text][vc_gmaps link=&#8221;#E-8_JTNDaWZyYW1lJTIwc3JjJTNEJTIyaHR0cHMlM0ElMkYlMkZ3d3cuZ29vZ2xlLmNvbSUyRm1hcHMlMkZlbWJlZCUzRnBiJTNEJTIxMW0xOCUyMTFtMTIlMjExbTMlMjExZDE5MzcyNS4yMzU4NTgwMjA2JTIxMmQwLjM4MzQwNzExMTQwOTQyMzglMjEzZDQwLjY1Mjg4MjQ0MjU0ODE0JTIxMm0zJTIxMWYwJTIxMmYwJTIxM2YwJTIxM20yJTIxMWkxMDI0JTIxMmk3NjglMjE0ZjEzLjElMjEzbTMlMjExbTIlMjExczB4MTJhMGY4YjU3NTlmMGE5ZiUyNTNBMHg4OTNjZTU5MTUxYjgxZjFhJTIxMnNFbCUyNTIwTW9udHNpJTI1QzMlMjVBMSUyNTJDJTI1MjBUYXJyYWdvbmElMjE1ZTAlMjEzbTIlMjExc2VzJTIxMnNlcyUyMTR2MTY0ODczODY2MDIxNSUyMTVtMiUyMTFzZXMlMjEyc2VzJTIyJTIwd2lkdGglM0QlMjI2MDAlMjIlMjBoZWlnaHQlM0QlMjI0NTAlMjIlMjBzdHlsZSUzRCUyMmJvcmRlciUzQTAlM0IlMjIlMjBhbGxvd2Z1bGxzY3JlZW4lM0QlMjIlMjIlMjBsb2FkaW5nJTNEJTIybGF6eSUyMiUyMHJlZmVycmVycG9saWN5JTNEJTIybm8tcmVmZXJyZXItd2hlbi1kb3duZ3JhZGUlMjIlM0UlM0MlMkZpZnJhbWUlM0U=&#8221; size=&#8221;350&#8243;][\/vc_column][vc_column width=&#8221;1\/3&#8243;][vc_single_image image=&#8221;9770&#8243; img_size=&#8221;full&#8221; alignment=&#8221;center&#8221;][vc_column_text]<\/p>\n<h3 style=\"text-align: center;\"><strong>POLEN MULTICOLOR<\/strong><\/h3>\n<p style=\"text-align: center;\">Producido en la comarca de la Ribera d\u2019Ebre<\/p>\n<p>[\/vc_column_text][vc_gmaps link=&#8221;#E-8_JTNDaWZyYW1lJTIwc3JjJTNEJTIyaHR0cHMlM0ElMkYlMkZ3d3cuZ29vZ2xlLmNvbSUyRm1hcHMlMkZlbWJlZCUzRnBiJTNEJTIxMW0xOCUyMTFtMTIlMjExbTMlMjExZDE5MjMyNC41MjUzNzU4NDI1OCUyMTJkMC40Nzk5NDE5NDQ5NjkxOTg1JTIxM2Q0MS4xMzI5ODIzNTQxNTIwNCUyMTJtMyUyMTFmMCUyMTJmMCUyMTNmMCUyMTNtMiUyMTFpMTAyNCUyMTJpNzY4JTIxNGYxMy4xJTIxM20zJTIxMW0yJTIxMXMweDEyYTEyODEzNGUyNzY4MTMlMjUzQTB4N2I1ZTI1NzdmMjQxZTNkNyUyMTJzUmliZXJhJTI1MjBkZSUyNTIwRWJybyUyNTJDJTI1MjBUYXJyYWdvbmElMjE1ZTAlMjEzbTIlMjExc2VzJTIxMnNlcyUyMTR2MTY0ODczODY4MjcxNiUyMTVtMiUyMTFzZXMlMjEyc2VzJTIyJTIwd2lkdGglM0QlMjI2MDAlMjIlMjBoZWlnaHQlM0QlMjI0NTAlMjIlMjBzdHlsZSUzRCUyMmJvcmRlciUzQTAlM0IlMjIlMjBhbGxvd2Z1bGxzY3JlZW4lM0QlMjIlMjIlMjBsb2FkaW5nJTNEJTIybGF6eSUyMiUyMHJlZmVycmVycG9saWN5JTNEJTIybm8tcmVmZXJyZXItd2hlbi1kb3duZ3JhZGUlMjIlM0UlM0MlMkZpZnJhbWUlM0U=&#8221; size=&#8221;350&#8243;][\/vc_column][\/vc_row][vc_row css=&#8221;.vc_custom_1648740013616{margin-bottom: 30px !important;}&#8221;][vc_column][vc_column_text]<\/p>\n<h3 style=\"text-align: center;\"><strong>NORMATIVA DE LA RESERVA DE LA BIOSFERA<\/strong><\/h3>\n<p>[\/vc_column_text][vc_tta_tabs style=&#8221;flat&#8221; shape=&#8221;square&#8221; color=&#8221;white&#8221; spacing=&#8221;20&#8243; gap=&#8221;30&#8243; alignment=&#8221;center&#8221; active_section=&#8221;1&#8243; no_fill_content_area=&#8221;true&#8221;][vc_tta_section title=&#8221;Requisitos b\u00e1sicos&#8221; tab_id=&#8221;basicOs&#8221;][vc_column_text]Podr\u00e1n acogerse a la utilizaci\u00f3n de la marca los productos procedentes de explotaciones ap\u00edcolas cuya producci\u00f3n est\u00e9 certificada por el Consejo Catal\u00e1n de la Producci\u00f3n Agraria Ecol\u00f3gica (CCPAE). Tambi\u00e9n podr\u00e1n utilizar la marca los productos que sin estar en los supuestos anteriores, cumplan los siguientes requisitos:<\/p>\n<ul>\n<li>Estar obtenidos en explotaciones domiciliadas dentro de la zona de la RBTE y su \u00e1rea de influencia, clasificados y envasados \u200b\u200bdentro de la propia zona por su comercializaci\u00f3n.<\/li>\n<li>Las colmenas deben estar un m\u00ednimo de 7 meses al a\u00f1o ubicadas en asentamientos o sitis dentro de la zona de la Reserva de la Biosfera y su \u00e1rea de influencia.<\/li>\n<li>Tienen que estar envasados \u200b\u200bcon recipientes adecuados, y con una capacidad m\u00e1xima de 2 Kg.<\/li>\n<li>El envasado o acondicionamiento para la comercializaci\u00f3n debe estar realizado por un industrial del sector o por una explotaci\u00f3n agraria que est\u00e9 acogida a la modalidad de venta de proximidad por esta actividad y manipule \u00fanicamente la cosecha propia.<\/li>\n<\/ul>\n<p>[\/vc_column_text][\/vc_tta_section][vc_tta_section title=&#8221;Compromisos adicionales&#8221; tab_id=&#8221;adicionales&#8221;][vc_column_text]<\/p>\n<ul>\n<li>Utilizar reinas y enjambres de raza aut\u00f3ctona, con certificaci\u00f3n de origen correspondiente.<\/li>\n<\/ul>\n<p>[\/vc_column_text][\/vc_tta_section][vc_tta_section title=&#8221;Compromisos opcionales&#8221; tab_id=&#8221;opcionales&#8221;][vc_column_text]<strong>1. Mejora de la oferta<\/strong><\/p>\n<ul>\n<li>Organizar, ejecutar y\/o participar en actividades de difusi\u00f3n y formaci\u00f3n para dar a conocer su propia actividad y su relaci\u00f3n con la RBTE.<\/li>\n<li>Participar en ferias y actos de promoci\u00f3n del sector dentro y fuera del \u00e1mbito de la RBTE, a fin de proyectar la imagen y valores de la Reserva de la Biosfera.<\/li>\n<li>Divulgar dentro de la propia empresa o actividad la imagen y valores de la marca Reserva Biosfera de Terres de l&#8217;Ebre.<\/li>\n<\/ul>\n<p><strong>2. Mejoras ambientales<\/strong><\/p>\n<ul>\n<li>Organizar, participar y\/o colaborar en actuaciones para conservar los valores naturales, paisaj\u00edsticos y culturales, utilizando los instrumentos de custodia del territorio.<\/li>\n<li>Realizar un seguimiento de los consumos de energ\u00eda y agua del establecimiento y\/o veh\u00edculos siguiendo la plantilla excel que se les facilitar\u00e1 y proponer mejoras para el ahorro en este consumo.<\/li>\n<li>Fomentar la eficiencia energ\u00e9tica y el uso de energ\u00edas renovables en las actividades acreditadas, disponiendo de metodolog\u00edas que puedan demostrarlo.<\/li>\n<li>Participar en actuaciones y campa\u00f1as en favor de la conservaci\u00f3n de la biodiversidad del territorio (repoblaci\u00f3n forestal, limpieza de playas, etc.).<\/li>\n<li>Disponer de sistemas de gesti\u00f3n de residuos que fomenten la recuperaci\u00f3n y reciclaje.<\/li>\n<li>Implicar a los clientes, socios, productores\u2026 en la gesti\u00f3n medioambiental a trav\u00e9s de carteles, materiales informativos, charlas\u2026<\/li>\n<li>Acoger charlas, talleres, jornadas de formaci\u00f3n medioambientales (dentro del propio \u00e1mbito de actuaci\u00f3n) en escuelas, asociaciones de vecinos\u2026<\/li>\n<\/ul>\n<p><strong>3. Mejoras sociales y para el desarrollo local<\/strong><\/p>\n<ul>\n<li>Promover y\/o participar en actividades de mecenazgo art\u00edstico, cultural, deportivo\u2026<\/li>\n<li>Promover el asociacionismo sectorial e intersectorial de actividades usuarias de la marca.<\/li>\n<li>Organizar, participar y\/o colaborar en proyectos de inter\u00e9s y responsabilidad social.<\/li>\n<li>Contratar personal con necesidades especiales: parados de larga duraci\u00f3n, j\u00f3venes desempleados, personas con discapacidad\u2026<br \/>\nEstablecer convenios de colaboraci\u00f3n con escuelas o universidades y centros de investigaci\u00f3n del territorio para impulsar y\/o facilitar trabajos relacionados con la Reserva de la Biosfera.<\/li>\n<li>Acoger charlas, talleres, jornadas de formaci\u00f3n sectoriales vinculadas a la Reserva de la Biosfera en escuelas, asociaciones de vecinos\u2026<\/li>\n<li>Establecer colaboraciones p\u00fablico &#8211; privadas para fomentar y promocionar los actos sociales y tradiciones del territorio: fiestas, jornadas tur\u00edsticas, historia, tradiciones\u2026<\/li>\n<\/ul>\n<p>[\/vc_column_text][\/vc_tta_section][\/vc_tta_tabs][\/vc_column][\/vc_row][vc_row bg_type=&#8221;u_iframe&#8221; u_video_url=&#8221;https:\/\/www.youtube.com\/watch?v=I6C9th9rO0U&#8221; video_opts=&#8221;loop,muted&#8221; bg_override=&#8221;full&#8221;][vc_column][vc_empty_space height=&#8221;450&#8243;][\/vc_column][\/vc_row][vc_row bg_type=&#8221;bg_color&#8221; bg_override=&#8221;full&#8221; bg_color_value=&#8221;#ede8df&#8221; css=&#8221;.vc_custom_1648740836033{padding-top: 30px !important;padding-bottom: 20px !important;}&#8221;][vc_column width=&#8221;1\/6&#8243;][\/vc_column][vc_column width=&#8221;2\/3&#8243;][vc_column_text]<\/p>\n<h2 style=\"text-align: center; font-family: 'Cormorant'; font-size: 46px;\"><strong>\u00bfSAB\u00cdAS QUE?<\/strong><\/h2>\n<p>[\/vc_column_text][vc_column_text css=&#8221;.vc_custom_1653574353790{margin-bottom: 50px !important;}&#8221;]<\/p>\n<h3 style=\"text-align: center;\"><strong>EL PLANETA NECESITA A LAS ABEJAS.<br \/>\n\u00a1AYUDANOS A PROTEGERLAS!<\/strong><\/h3>\n<p style=\"text-align: center;\">\u00abSi la abeja desapareciera del planeta, a la humanidad s\u00f3lo le quedar\u00edan 4 a\u00f1os de vida: sin abejas, no hay polinizaci\u00f3n, ni hierba, ni animales, ni seres humanos\u00bb<\/p>\n<p style=\"text-align: center;\">\/ Atribuida a Albert Einstein \/<\/p>\n<p>[\/vc_column_text][vc_single_image image=&#8221;9788&#8243; img_size=&#8221;full&#8221; alignment=&#8221;center&#8221;][vc_column_text css=&#8221;.vc_custom_1653574382027{margin-bottom: 50px !important;}&#8221;]<\/p>\n<h3 style=\"text-align: center;\"><strong>EL MUNDO DE LAS ABEJAS. NUESTRO MUNDO.<\/strong><\/h3>\n<p style=\"text-align: center;\">Nuestro planeta es imperfecto, pero diverso. Y la diversidad es un tesoro. Nuestro tesoro.<br \/>\nLas abejas, como insectos polinizadores que van de flor en flor transportando polen, juegan un papel fundamental en la polinizaci\u00f3n entre plantas, arbustos y \u00e1rboles. De esta forma, las abejas nos ayudan a preservar la biodiversidad. Y el planeta.<\/p>\n<p>[\/vc_column_text][vc_column_text css=&#8221;.vc_custom_1653574424512{margin-bottom: 50px !important;}&#8221;]<\/p>\n<h3 style=\"text-align: center;\"><strong>DATOS<\/strong><\/h3>\n<p style=\"text-align: center;\"><strong>110 millones <\/strong>de a\u00f1os hace que existen los polinizadores, hallados en \u00e1mbar.<br \/>\n<strong>16% <\/strong>de plantas con flor del mundo polinizadas por abejas.<br \/>\n<strong>75% <\/strong>de plantas con flor que cultivamos (hortalizas y frutas) polinizadas por abejas.<br \/>\n<strong>20.000 <\/strong>especies de abejas. De ellas, solamente 7 producen miel.<br \/>\n<strong>7.000 <\/strong>flores al d\u00eda visitan una abeja mel\u00edfera.<br \/>\n<strong>1 kg de miel <\/strong>= 4 millones de flores visitadas = dar la vuelta al mundo cuatro veces.<\/p>\n<p>[\/vc_column_text][vc_column_text css=&#8221;.vc_custom_1653574450968{margin-bottom: 50px !important;}&#8221;]<\/p>\n<h3 style=\"text-align: center;\"><strong>AMENAZAS<\/strong><\/h3>\n<p style=\"text-align: center;\"><strong>Cambio clim\u00e1tico <\/strong>: desequilibrios y cambios en el ecosistema.<br \/>\n<strong>Contaminaci\u00f3n <\/strong>: la contaminaci\u00f3n del aire y el uso de qu\u00edmicos en los cultivos.<br \/>\n<strong>Desforestaci\u00f3n y cambios del entorno <\/strong>: los cambios en el ecosistema, como la urbanizaci\u00f3n y deforestaci\u00f3n, afectan a la diversidad de plantas y \u00e1rboles.<br \/>\n<strong>Cambios en los cultivos <\/strong>: los monocultivos y la agricultura intensiva con uso de fertilizantes y herbicidas.<\/p>\n<p>[\/vc_column_text][vc_column_text css=&#8221;.vc_custom_1653574528593{margin-bottom: 50px !important;}&#8221;]<\/p>\n<h3 style=\"text-align: center;\"><strong>QU\u00c8 PODEMOS HACER&#8230;<\/strong><\/h3>\n<p style=\"text-align: center;\"><strong>Tener plantas aut\u00f3ctonas variadas: <\/strong>Romero, tomillo, lavanda, salvia, cilantro, hinojo, geranio, girasol, cal\u00e9ndula, amapola&#8230;<br \/>\n<strong>Tener plantas que florezcan en diferentes estaciones: <\/strong>Hay abejas que trabajan casi todo el a\u00f1o (exceptuando el invierno). Por este motivo, conviene que siempre tengan flores a su alcance.<br \/>\n<strong>Reducir el uso de qu\u00edmicos: <\/strong>Utiliza productos naturales como fertilizante.<br \/>\n<strong>Compra miel y productos derivados de la miel: <\/strong>Si compras miel, das apoyo al trabajo de los apicultores y, de este modo, aseguras que la regi\u00f3n se mantenga viva y diversa gracias a las abejas.<\/p>\n<p>[\/vc_column_text][\/vc_column][vc_column width=&#8221;1\/6&#8243;][\/vc_column][\/vc_row]<\/p>\n<\/div>","protected":false},"excerpt":{"rendered":"<p>[vc_row][vc_column][vc_column_text] RESERVA DE LA BIOSFERA [\/vc_column_text][\/vc_column][\/vc_row][vc_row bg_type=&#8221;image&#8221; parallax_style=&#8221;vcpb-default&#8221; bg_image_new=&#8221;id^9758|url^https:\/\/www.meldelperello.com\/wp-content\/uploads\/2022\/03\/BG-5.jpg|caption^null|alt^null|title^BG|description^null&#8221; bg_image_repeat=&#8221;no-repeat&#8221; bg_override=&#8221;full&#8221; css=&#8221;.vc_custom_1648735981241{margin-bottom: 20px !important;padding-top: 30px !important;padding-bottom: 30px !important;}&#8221;][vc_column][vc_single_image image=&#8221;8338&#8243; img_size=&#8221;full&#8221; alignment=&#8221;center&#8221;][\/vc_column][\/vc_row][vc_row][vc_column][vc_column_text] AP\u00cdCOLA BRULL CASANOVA SCCL, como productora y envasadora de la Miel del Avi Llu\u00eds dentro de la Reserva de la Biosfera de las Terres de l\u2019Ebre, hemos obtenido el certificado de dicha actividad. Desde&hellip;<\/p>\n","protected":false},"author":1,"featured_media":8338,"parent":0,"menu_order":0,"comment_status":"closed","ping_status":"closed","template":"","meta":{"inline_featured_image":false,"footnotes":""},"class_list":["post-10119","page","type-page","status-publish","has-post-thumbnail","hentry","description-off"],"yoast_head":"<!-- This site is optimized with the Yoast SEO plugin v27.3 - https:\/\/yoast.com\/product\/yoast-seo-wordpress\/ -->\n<title>Reserva de la biosfera - L&#039;Avi Llu\u00eds<\/title>\n<meta name=\"description\" content=\"AP\u00cdCOLA BRULL CASANOVA S.C.C.L. hemos obtenido el certificado de la reserva de la biosfera de las Terres de l&#039;Ebre.\" \/>\n<meta name=\"robots\" content=\"index, follow, max-snippet:-1, max-image-preview:large, max-video-preview:-1\" \/>\n<link rel=\"canonical\" href=\"https:\/\/www.meldelperello.com\/es\/reserva-de-la-biosfera\/\" \/>\n<meta property=\"og:locale\" content=\"es_ES\" \/>\n<meta property=\"og:type\" content=\"article\" \/>\n<meta property=\"og:title\" content=\"Reserva de la biosfera - L&#039;Avi Llu\u00eds\" \/>\n<meta property=\"og:description\" content=\"AP\u00cdCOLA BRULL CASANOVA S.C.C.L. hemos obtenido el certificado de la reserva de la biosfera de las Terres de l&#039;Ebre.\" \/>\n<meta property=\"og:url\" content=\"https:\/\/www.meldelperello.com\/es\/reserva-de-la-biosfera\/\" \/>\n<meta property=\"og:site_name\" content=\"L&#039;Avi Llu\u00eds\" \/>\n<meta property=\"article:publisher\" content=\"https:\/\/www.facebook.com\/avi.lluis\/\" \/>\n<meta property=\"article:modified_time\" content=\"2022-05-26T14:39:32+00:00\" \/>\n<meta name=\"twitter:card\" content=\"summary_large_image\" \/>\n<meta name=\"twitter:label1\" content=\"Tiempo de lectura\" \/>\n\t<meta name=\"twitter:data1\" content=\"6 minutos\" \/>\n<script type=\"application\/ld+json\" class=\"yoast-schema-graph\">{\"@context\":\"https:\\\/\\\/schema.org\",\"@graph\":[{\"@type\":\"WebPage\",\"@id\":\"https:\\\/\\\/www.meldelperello.com\\\/es\\\/reserva-de-la-biosfera\\\/\",\"url\":\"https:\\\/\\\/www.meldelperello.com\\\/es\\\/reserva-de-la-biosfera\\\/\",\"name\":\"Reserva de la biosfera - L&#039;Avi Llu\u00eds\",\"isPartOf\":{\"@id\":\"https:\\\/\\\/www.meldelperello.com\\\/es\\\/#website\"},\"primaryImageOfPage\":{\"@id\":\"https:\\\/\\\/www.meldelperello.com\\\/es\\\/reserva-de-la-biosfera\\\/#primaryimage\"},\"image\":{\"@id\":\"https:\\\/\\\/www.meldelperello.com\\\/es\\\/reserva-de-la-biosfera\\\/#primaryimage\"},\"thumbnailUrl\":\"https:\\\/\\\/www.meldelperello.com\\\/wp-content\\\/uploads\\\/2022\\\/02\\\/terres.svg\",\"datePublished\":\"2022-03-31T14:03:47+00:00\",\"dateModified\":\"2022-05-26T14:39:32+00:00\",\"description\":\"AP\u00cdCOLA BRULL CASANOVA S.C.C.L. hemos obtenido el certificado de la reserva de la biosfera de las Terres de l'Ebre.\",\"breadcrumb\":{\"@id\":\"https:\\\/\\\/www.meldelperello.com\\\/es\\\/reserva-de-la-biosfera\\\/#breadcrumb\"},\"inLanguage\":\"es\",\"potentialAction\":[{\"@type\":\"ReadAction\",\"target\":[\"https:\\\/\\\/www.meldelperello.com\\\/es\\\/reserva-de-la-biosfera\\\/\"]}]},{\"@type\":\"ImageObject\",\"inLanguage\":\"es\",\"@id\":\"https:\\\/\\\/www.meldelperello.com\\\/es\\\/reserva-de-la-biosfera\\\/#primaryimage\",\"url\":\"https:\\\/\\\/www.meldelperello.com\\\/wp-content\\\/uploads\\\/2022\\\/02\\\/terres.svg\",\"contentUrl\":\"https:\\\/\\\/www.meldelperello.com\\\/wp-content\\\/uploads\\\/2022\\\/02\\\/terres.svg\",\"width\":223,\"height\":221},{\"@type\":\"BreadcrumbList\",\"@id\":\"https:\\\/\\\/www.meldelperello.com\\\/es\\\/reserva-de-la-biosfera\\\/#breadcrumb\",\"itemListElement\":[{\"@type\":\"ListItem\",\"position\":1,\"name\":\"Inici\",\"item\":\"https:\\\/\\\/www.meldelperello.com\\\/es\\\/\"},{\"@type\":\"ListItem\",\"position\":2,\"name\":\"Reserva de la biosfera\"}]},{\"@type\":\"WebSite\",\"@id\":\"https:\\\/\\\/www.meldelperello.com\\\/es\\\/#website\",\"url\":\"https:\\\/\\\/www.meldelperello.com\\\/es\\\/\",\"name\":\"L&#039;Avi Llu\u00eds\",\"description\":\"Apicultors i productors de mel natural, pura i artesana\",\"publisher\":{\"@id\":\"https:\\\/\\\/www.meldelperello.com\\\/es\\\/#organization\"},\"potentialAction\":[{\"@type\":\"SearchAction\",\"target\":{\"@type\":\"EntryPoint\",\"urlTemplate\":\"https:\\\/\\\/www.meldelperello.com\\\/es\\\/?s={search_term_string}\"},\"query-input\":{\"@type\":\"PropertyValueSpecification\",\"valueRequired\":true,\"valueName\":\"search_term_string\"}}],\"inLanguage\":\"es\"},{\"@type\":\"Organization\",\"@id\":\"https:\\\/\\\/www.meldelperello.com\\\/es\\\/#organization\",\"name\":\"L'Avi Llu\u00eds\",\"url\":\"https:\\\/\\\/www.meldelperello.com\\\/es\\\/\",\"logo\":{\"@type\":\"ImageObject\",\"inLanguage\":\"es\",\"@id\":\"https:\\\/\\\/www.meldelperello.com\\\/es\\\/#\\\/schema\\\/logo\\\/image\\\/\",\"url\":\"https:\\\/\\\/www.meldelperello.com\\\/wp-content\\\/uploads\\\/2022\\\/02\\\/logo.svg\",\"contentUrl\":\"https:\\\/\\\/www.meldelperello.com\\\/wp-content\\\/uploads\\\/2022\\\/02\\\/logo.svg\",\"width\":137,\"height\":121,\"caption\":\"L'Avi Llu\u00eds\"},\"image\":{\"@id\":\"https:\\\/\\\/www.meldelperello.com\\\/es\\\/#\\\/schema\\\/logo\\\/image\\\/\"},\"sameAs\":[\"https:\\\/\\\/www.facebook.com\\\/avi.lluis\\\/\",\"https:\\\/\\\/www.instagram.com\\\/avilluis_meldelperello\\\/\",\"https:\\\/\\\/www.youtube.com\\\/c\\\/MeldelperelloAviLluis\"]}]}<\/script>\n<!-- \/ Yoast SEO plugin. -->","yoast_head_json":{"title":"Reserva de la biosfera - L&#039;Avi Llu\u00eds","description":"AP\u00cdCOLA BRULL CASANOVA S.C.C.L. hemos obtenido el certificado de la reserva de la biosfera de las Terres de l'Ebre.","robots":{"index":"index","follow":"follow","max-snippet":"max-snippet:-1","max-image-preview":"max-image-preview:large","max-video-preview":"max-video-preview:-1"},"canonical":"https:\/\/www.meldelperello.com\/es\/reserva-de-la-biosfera\/","og_locale":"es_ES","og_type":"article","og_title":"Reserva de la biosfera - L&#039;Avi Llu\u00eds","og_description":"AP\u00cdCOLA BRULL CASANOVA S.C.C.L. hemos obtenido el certificado de la reserva de la biosfera de las Terres de l'Ebre.","og_url":"https:\/\/www.meldelperello.com\/es\/reserva-de-la-biosfera\/","og_site_name":"L&#039;Avi Llu\u00eds","article_publisher":"https:\/\/www.facebook.com\/avi.lluis\/","article_modified_time":"2022-05-26T14:39:32+00:00","twitter_card":"summary_large_image","twitter_misc":{"Tiempo de lectura":"6 minutos"},"schema":{"@context":"https:\/\/schema.org","@graph":[{"@type":"WebPage","@id":"https:\/\/www.meldelperello.com\/es\/reserva-de-la-biosfera\/","url":"https:\/\/www.meldelperello.com\/es\/reserva-de-la-biosfera\/","name":"Reserva de la biosfera - L&#039;Avi Llu\u00eds","isPartOf":{"@id":"https:\/\/www.meldelperello.com\/es\/#website"},"primaryImageOfPage":{"@id":"https:\/\/www.meldelperello.com\/es\/reserva-de-la-biosfera\/#primaryimage"},"image":{"@id":"https:\/\/www.meldelperello.com\/es\/reserva-de-la-biosfera\/#primaryimage"},"thumbnailUrl":"https:\/\/www.meldelperello.com\/wp-content\/uploads\/2022\/02\/terres.svg","datePublished":"2022-03-31T14:03:47+00:00","dateModified":"2022-05-26T14:39:32+00:00","description":"AP\u00cdCOLA BRULL CASANOVA S.C.C.L. hemos obtenido el certificado de la reserva de la biosfera de las Terres de l'Ebre.","breadcrumb":{"@id":"https:\/\/www.meldelperello.com\/es\/reserva-de-la-biosfera\/#breadcrumb"},"inLanguage":"es","potentialAction":[{"@type":"ReadAction","target":["https:\/\/www.meldelperello.com\/es\/reserva-de-la-biosfera\/"]}]},{"@type":"ImageObject","inLanguage":"es","@id":"https:\/\/www.meldelperello.com\/es\/reserva-de-la-biosfera\/#primaryimage","url":"https:\/\/www.meldelperello.com\/wp-content\/uploads\/2022\/02\/terres.svg","contentUrl":"https:\/\/www.meldelperello.com\/wp-content\/uploads\/2022\/02\/terres.svg","width":223,"height":221},{"@type":"BreadcrumbList","@id":"https:\/\/www.meldelperello.com\/es\/reserva-de-la-biosfera\/#breadcrumb","itemListElement":[{"@type":"ListItem","position":1,"name":"Inici","item":"https:\/\/www.meldelperello.com\/es\/"},{"@type":"ListItem","position":2,"name":"Reserva de la biosfera"}]},{"@type":"WebSite","@id":"https:\/\/www.meldelperello.com\/es\/#website","url":"https:\/\/www.meldelperello.com\/es\/","name":"L&#039;Avi Llu\u00eds","description":"Apicultors i productors de mel natural, pura i artesana","publisher":{"@id":"https:\/\/www.meldelperello.com\/es\/#organization"},"potentialAction":[{"@type":"SearchAction","target":{"@type":"EntryPoint","urlTemplate":"https:\/\/www.meldelperello.com\/es\/?s={search_term_string}"},"query-input":{"@type":"PropertyValueSpecification","valueRequired":true,"valueName":"search_term_string"}}],"inLanguage":"es"},{"@type":"Organization","@id":"https:\/\/www.meldelperello.com\/es\/#organization","name":"L'Avi Llu\u00eds","url":"https:\/\/www.meldelperello.com\/es\/","logo":{"@type":"ImageObject","inLanguage":"es","@id":"https:\/\/www.meldelperello.com\/es\/#\/schema\/logo\/image\/","url":"https:\/\/www.meldelperello.com\/wp-content\/uploads\/2022\/02\/logo.svg","contentUrl":"https:\/\/www.meldelperello.com\/wp-content\/uploads\/2022\/02\/logo.svg","width":137,"height":121,"caption":"L'Avi Llu\u00eds"},"image":{"@id":"https:\/\/www.meldelperello.com\/es\/#\/schema\/logo\/image\/"},"sameAs":["https:\/\/www.facebook.com\/avi.lluis\/","https:\/\/www.instagram.com\/avilluis_meldelperello\/","https:\/\/www.youtube.com\/c\/MeldelperelloAviLluis"]}]}},"_links":{"self":[{"href":"https:\/\/www.meldelperello.com\/es\/wp-json\/wp\/v2\/pages\/10119","targetHints":{"allow":["GET"]}}],"collection":[{"href":"https:\/\/www.meldelperello.com\/es\/wp-json\/wp\/v2\/pages"}],"about":[{"href":"https:\/\/www.meldelperello.com\/es\/wp-json\/wp\/v2\/types\/page"}],"author":[{"embeddable":true,"href":"https:\/\/www.meldelperello.com\/es\/wp-json\/wp\/v2\/users\/1"}],"replies":[{"embeddable":true,"href":"https:\/\/www.meldelperello.com\/es\/wp-json\/wp\/v2\/comments?post=10119"}],"version-history":[{"count":3,"href":"https:\/\/www.meldelperello.com\/es\/wp-json\/wp\/v2\/pages\/10119\/revisions"}],"predecessor-version":[{"id":10121,"href":"https:\/\/www.meldelperello.com\/es\/wp-json\/wp\/v2\/pages\/10119\/revisions\/10121"}],"wp:featuredmedia":[{"embeddable":true,"href":"https:\/\/www.meldelperello.com\/es\/wp-json\/wp\/v2\/media\/8338"}],"wp:attachment":[{"href":"https:\/\/www.meldelperello.com\/es\/wp-json\/wp\/v2\/media?parent=10119"}],"curies":[{"name":"wp","href":"https:\/\/api.w.org\/{rel}","templated":true}]}}