{"id":10096,"date":"2022-03-29T19:14:23","date_gmt":"2022-03-29T17:14:23","guid":{"rendered":"https:\/\/perello.debonatinta.com\/majoristes\/"},"modified":"2022-05-26T16:41:13","modified_gmt":"2022-05-26T14:41:13","slug":"mayoristas","status":"publish","type":"page","link":"https:\/\/www.meldelperello.com\/es\/mayoristas\/","title":{"rendered":"Mayoristas"},"content":{"rendered":"<div class=\"wpb-content-wrapper\"><p>[vc_row][vc_column][vc_single_image image=&#8221;9460&#8243; img_size=&#8221;full&#8221;][\/vc_column][\/vc_row][vc_row el_class=&#8221;majoristes&#8221;][vc_column][vc_column_text]<\/p>\n<h1 style=\"text-align: center;\">MAYORISTA Y PROVEEDOR DE MIEL Y PRODUCTOS DERIVADOS<\/h1>\n<h2 style=\"text-align: center;\">\u00bfQuieres comprar miel y productos derivados de las abejas de la mejor calidad directamente a sus productores?<\/h2>\n<h3 style=\"text-align: center;\"><strong>\u00a1SOMOS LA MEJOR OPCI\u00d3N!<\/strong><\/h3>\n<p>[\/vc_column_text][vc_btn title=&#8221;QUIERO COMPRAR AL POR MAYOR&#8221; style=&#8221;flat&#8221; shape=&#8221;square&#8221; color=&#8221;danger&#8221; align=&#8221;center&#8221; link=&#8221;url:%2Fes%2Fcontactar&#8221; css=&#8221;.vc_custom_1653572635287{margin-bottom: 100px !important;}&#8221;][vc_column_text]<\/p>\n<h3 style=\"text-align: center;\"><strong>TRABAJA CON UNA FAMILIA QUE<\/strong><br \/>\n<strong>PRODUCE, ENVASA Y DISTRIBUYE<\/strong><\/h3>\n<p style=\"text-align: center;\">Somos una familia de apicultores de El Perell\u00f3 que ofrece miel y productos ap\u00edcolas de calidad excepcional sin intermediarios. Nosotros mismos nos encargamos de todo el proceso, desde la producci\u00f3n de la miel hasta la distribuci\u00f3n, sin manipulaci\u00f3n alguna y garantizando al m\u00e1ximo su pureza. Nuestro equipo te atender\u00e1 con un trato cercano y un servicio a la altura de nuestra marca.<\/p>\n<p>[\/vc_column_text][vc_single_image image=&#8221;9944&#8243; img_size=&#8221;full&#8221; css=&#8221;.vc_custom_1649864884658{margin-bottom: 60px !important;}&#8221;][\/vc_column][\/vc_row][vc_row bg_type=&#8221;bg_color&#8221; bg_override=&#8221;full&#8221; bg_color_value=&#8221;#ede8df&#8221; css=&#8221;.vc_custom_1648575815543{margin-bottom: 40px !important;padding-top: 30px !important;padding-bottom: 20px !important;}&#8221;][vc_column width=&#8221;1\/6&#8243;][\/vc_column][vc_column width=&#8221;2\/3&#8243;][vc_single_image image=&#8221;9480&#8243; img_size=&#8221;full&#8221; alignment=&#8221;center&#8221; css=&#8221;.vc_custom_1648575400859{margin-bottom: 15px !important;}&#8221;][vc_column_text css=&#8221;.vc_custom_1653572742647{margin-bottom: 50px !important;}&#8221;]<\/p>\n<h3 style=\"text-align: center;\"><strong>MIEL PURA 100% NATURAL<\/strong><\/h3>\n<p style=\"text-align: center;\">Somos la tercera generaci\u00f3n de apicultores y ofrecemos productos ap\u00edcolas y nuestra miel exquisita, sin manipulaci\u00f3n, conserva todas sus propiedades.<\/p>\n<p>[\/vc_column_text][vc_single_image image=&#8221;9488&#8243; img_size=&#8221;full&#8221; alignment=&#8221;center&#8221; css=&#8221;.vc_custom_1648575465417{margin-bottom: 15px !important;}&#8221;][vc_column_text css=&#8221;.vc_custom_1653572711957{margin-bottom: 50px !important;}&#8221;]<\/p>\n<h3 style=\"text-align: center;\"><strong>NOS ADAPTAMOS A TU NEGOCIO<\/strong><\/h3>\n<p style=\"text-align: center;\">Estamos preparados para hacerte llegar la cantidad justa que necesites. Nada m\u00e1s, ni menos. Desde una sola caja, hasta varios pal\u00e9s, seg\u00fan el volumen de tu comercio.<\/p>\n<p>[\/vc_column_text][vc_single_image image=&#8221;9484&#8243; img_size=&#8221;full&#8221; alignment=&#8221;center&#8221; css=&#8221;.vc_custom_1648575482780{margin-bottom: 15px !important;}&#8221;][vc_column_text css=&#8221;.vc_custom_1653572735459{margin-bottom: 50px !important;}&#8221;]<\/p>\n<h3 style=\"text-align: center;\"><strong>TRABAJA SIN RIESGOS<\/strong><\/h3>\n<p style=\"text-align: center;\">No corras ning\u00fan riesgo en tus pedidos: con nosotros no hay p\u00e9rdidas. Te cambiamos el producto cuando est\u00e1 a punto de caducar o si te cuesta venderlo.<\/p>\n<p>[\/vc_column_text][\/vc_column][vc_column width=&#8221;1\/6&#8243;][\/vc_column][\/vc_row][vc_row el_class=&#8221;majoristes&#8221;][vc_column width=&#8221;1\/6&#8243;][\/vc_column][vc_column width=&#8221;2\/3&#8243;][vc_column_text]<\/p>\n<h2 style=\"text-align: center;\">Comprar miel al por mayor<\/h2>\n<p style=\"text-align: center;\">Si tienes una tienda o un comercio, ponte en contacto con nosotros, y te haremos llegar nuestro cat\u00e1logo de miel y productos ap\u00edcolas sin compromiso alguno.<\/p>\n<p>[\/vc_column_text][vc_btn title=&#8221;QUIERO COMPRAR AL POR MAYOR&#8221; style=&#8221;flat&#8221; shape=&#8221;square&#8221; color=&#8221;danger&#8221; align=&#8221;center&#8221; link=&#8221;url:%2Fes%2Fcontactar&#8221; css=&#8221;.vc_custom_1653572779963{margin-bottom: 100px !important;}&#8221;][\/vc_column][vc_column width=&#8221;1\/6&#8243;][\/vc_column][\/vc_row]<\/p>\n<\/div>","protected":false},"excerpt":{"rendered":"<p>[vc_row][vc_column][vc_single_image image=&#8221;9460&#8243; img_size=&#8221;full&#8221;][\/vc_column][\/vc_row][vc_row el_class=&#8221;majoristes&#8221;][vc_column][vc_column_text] MAYORISTA Y PROVEEDOR DE MIEL Y PRODUCTOS DERIVADOS \u00bfQuieres comprar miel y productos derivados de las abejas de la mejor calidad directamente a sus productores? \u00a1SOMOS LA MEJOR OPCI\u00d3N! [\/vc_column_text][vc_btn title=&#8221;QUIERO COMPRAR AL POR MAYOR&#8221; style=&#8221;flat&#8221; shape=&#8221;square&#8221; color=&#8221;danger&#8221; align=&#8221;center&#8221; link=&#8221;url:%2Fes%2Fcontactar&#8221; css=&#8221;.vc_custom_1653572635287{margin-bottom: 100px !important;}&#8221;][vc_column_text] TRABAJA CON UNA FAMILIA QUE PRODUCE, ENVASA Y&hellip;<\/p>\n","protected":false},"author":1,"featured_media":9334,"parent":0,"menu_order":0,"comment_status":"closed","ping_status":"closed","template":"","meta":{"inline_featured_image":false,"footnotes":""},"class_list":["post-10096","page","type-page","status-publish","has-post-thumbnail","hentry","description-off"],"yoast_head":"<!-- This site is optimized with the Yoast SEO plugin v27.3 - https:\/\/yoast.com\/product\/yoast-seo-wordpress\/ -->\n<title>Mayoristas - L&#039;Avi Llu\u00eds<\/title>\n<meta name=\"description\" content=\"Contacta con Apicola Brull Casanova SCCL. Dudas, pedidos, precios, toda la informaci\u00f3n a tu alcance. \u00a1Ahora m\u00e1s f\u00e1cil contacta por whatsapp!\" \/>\n<meta name=\"robots\" content=\"index, follow, max-snippet:-1, max-image-preview:large, max-video-preview:-1\" \/>\n<link rel=\"canonical\" href=\"https:\/\/www.meldelperello.com\/es\/mayoristas\/\" \/>\n<meta property=\"og:locale\" content=\"es_ES\" \/>\n<meta property=\"og:type\" content=\"article\" \/>\n<meta property=\"og:title\" content=\"Mayoristas - L&#039;Avi Llu\u00eds\" \/>\n<meta property=\"og:description\" content=\"Contacta con Apicola Brull Casanova SCCL. Dudas, pedidos, precios, toda la informaci\u00f3n a tu alcance. \u00a1Ahora m\u00e1s f\u00e1cil contacta por whatsapp!\" \/>\n<meta property=\"og:url\" content=\"https:\/\/www.meldelperello.com\/es\/mayoristas\/\" \/>\n<meta property=\"og:site_name\" content=\"L&#039;Avi Llu\u00eds\" \/>\n<meta property=\"article:publisher\" content=\"https:\/\/www.facebook.com\/avi.lluis\/\" \/>\n<meta property=\"article:modified_time\" content=\"2022-05-26T14:41:13+00:00\" \/>\n<meta property=\"og:image\" content=\"https:\/\/www.meldelperello.com\/wp-content\/uploads\/2022\/03\/mel.jpg\" \/>\n\t<meta property=\"og:image:width\" content=\"600\" \/>\n\t<meta property=\"og:image:height\" content=\"650\" \/>\n\t<meta property=\"og:image:type\" content=\"image\/jpeg\" \/>\n<meta name=\"twitter:card\" content=\"summary_large_image\" \/>\n<meta name=\"twitter:label1\" content=\"Tiempo de lectura\" \/>\n\t<meta name=\"twitter:data1\" content=\"2 minutos\" \/>\n<script type=\"application\/ld+json\" class=\"yoast-schema-graph\">{\"@context\":\"https:\\\/\\\/schema.org\",\"@graph\":[{\"@type\":\"WebPage\",\"@id\":\"https:\\\/\\\/www.meldelperello.com\\\/es\\\/mayoristas\\\/\",\"url\":\"https:\\\/\\\/www.meldelperello.com\\\/es\\\/mayoristas\\\/\",\"name\":\"Mayoristas - L&#039;Avi Llu\u00eds\",\"isPartOf\":{\"@id\":\"https:\\\/\\\/www.meldelperello.com\\\/es\\\/#website\"},\"primaryImageOfPage\":{\"@id\":\"https:\\\/\\\/www.meldelperello.com\\\/es\\\/mayoristas\\\/#primaryimage\"},\"image\":{\"@id\":\"https:\\\/\\\/www.meldelperello.com\\\/es\\\/mayoristas\\\/#primaryimage\"},\"thumbnailUrl\":\"https:\\\/\\\/www.meldelperello.com\\\/wp-content\\\/uploads\\\/2022\\\/03\\\/mel.jpg\",\"datePublished\":\"2022-03-29T17:14:23+00:00\",\"dateModified\":\"2022-05-26T14:41:13+00:00\",\"description\":\"Contacta con Apicola Brull Casanova SCCL. Dudas, pedidos, precios, toda la informaci\u00f3n a tu alcance. \u00a1Ahora m\u00e1s f\u00e1cil contacta por whatsapp!\",\"breadcrumb\":{\"@id\":\"https:\\\/\\\/www.meldelperello.com\\\/es\\\/mayoristas\\\/#breadcrumb\"},\"inLanguage\":\"es\",\"potentialAction\":[{\"@type\":\"ReadAction\",\"target\":[\"https:\\\/\\\/www.meldelperello.com\\\/es\\\/mayoristas\\\/\"]}]},{\"@type\":\"ImageObject\",\"inLanguage\":\"es\",\"@id\":\"https:\\\/\\\/www.meldelperello.com\\\/es\\\/mayoristas\\\/#primaryimage\",\"url\":\"https:\\\/\\\/www.meldelperello.com\\\/wp-content\\\/uploads\\\/2022\\\/03\\\/mel.jpg\",\"contentUrl\":\"https:\\\/\\\/www.meldelperello.com\\\/wp-content\\\/uploads\\\/2022\\\/03\\\/mel.jpg\",\"width\":600,\"height\":650,\"caption\":\"Mel\"},{\"@type\":\"BreadcrumbList\",\"@id\":\"https:\\\/\\\/www.meldelperello.com\\\/es\\\/mayoristas\\\/#breadcrumb\",\"itemListElement\":[{\"@type\":\"ListItem\",\"position\":1,\"name\":\"Inici\",\"item\":\"https:\\\/\\\/www.meldelperello.com\\\/es\\\/\"},{\"@type\":\"ListItem\",\"position\":2,\"name\":\"Mayoristas\"}]},{\"@type\":\"WebSite\",\"@id\":\"https:\\\/\\\/www.meldelperello.com\\\/es\\\/#website\",\"url\":\"https:\\\/\\\/www.meldelperello.com\\\/es\\\/\",\"name\":\"L&#039;Avi Llu\u00eds\",\"description\":\"Apicultors i productors de mel natural, pura i artesana\",\"publisher\":{\"@id\":\"https:\\\/\\\/www.meldelperello.com\\\/es\\\/#organization\"},\"potentialAction\":[{\"@type\":\"SearchAction\",\"target\":{\"@type\":\"EntryPoint\",\"urlTemplate\":\"https:\\\/\\\/www.meldelperello.com\\\/es\\\/?s={search_term_string}\"},\"query-input\":{\"@type\":\"PropertyValueSpecification\",\"valueRequired\":true,\"valueName\":\"search_term_string\"}}],\"inLanguage\":\"es\"},{\"@type\":\"Organization\",\"@id\":\"https:\\\/\\\/www.meldelperello.com\\\/es\\\/#organization\",\"name\":\"L'Avi Llu\u00eds\",\"url\":\"https:\\\/\\\/www.meldelperello.com\\\/es\\\/\",\"logo\":{\"@type\":\"ImageObject\",\"inLanguage\":\"es\",\"@id\":\"https:\\\/\\\/www.meldelperello.com\\\/es\\\/#\\\/schema\\\/logo\\\/image\\\/\",\"url\":\"https:\\\/\\\/www.meldelperello.com\\\/wp-content\\\/uploads\\\/2022\\\/02\\\/logo.svg\",\"contentUrl\":\"https:\\\/\\\/www.meldelperello.com\\\/wp-content\\\/uploads\\\/2022\\\/02\\\/logo.svg\",\"width\":137,\"height\":121,\"caption\":\"L'Avi Llu\u00eds\"},\"image\":{\"@id\":\"https:\\\/\\\/www.meldelperello.com\\\/es\\\/#\\\/schema\\\/logo\\\/image\\\/\"},\"sameAs\":[\"https:\\\/\\\/www.facebook.com\\\/avi.lluis\\\/\",\"https:\\\/\\\/www.instagram.com\\\/avilluis_meldelperello\\\/\",\"https:\\\/\\\/www.youtube.com\\\/c\\\/MeldelperelloAviLluis\"]}]}<\/script>\n<!-- \/ Yoast SEO plugin. -->","yoast_head_json":{"title":"Mayoristas - L&#039;Avi Llu\u00eds","description":"Contacta con Apicola Brull Casanova SCCL. Dudas, pedidos, precios, toda la informaci\u00f3n a tu alcance. \u00a1Ahora m\u00e1s f\u00e1cil contacta por whatsapp!","robots":{"index":"index","follow":"follow","max-snippet":"max-snippet:-1","max-image-preview":"max-image-preview:large","max-video-preview":"max-video-preview:-1"},"canonical":"https:\/\/www.meldelperello.com\/es\/mayoristas\/","og_locale":"es_ES","og_type":"article","og_title":"Mayoristas - L&#039;Avi Llu\u00eds","og_description":"Contacta con Apicola Brull Casanova SCCL. Dudas, pedidos, precios, toda la informaci\u00f3n a tu alcance. \u00a1Ahora m\u00e1s f\u00e1cil contacta por whatsapp!","og_url":"https:\/\/www.meldelperello.com\/es\/mayoristas\/","og_site_name":"L&#039;Avi Llu\u00eds","article_publisher":"https:\/\/www.facebook.com\/avi.lluis\/","article_modified_time":"2022-05-26T14:41:13+00:00","og_image":[{"width":600,"height":650,"url":"https:\/\/www.meldelperello.com\/wp-content\/uploads\/2022\/03\/mel.jpg","type":"image\/jpeg"}],"twitter_card":"summary_large_image","twitter_misc":{"Tiempo de lectura":"2 minutos"},"schema":{"@context":"https:\/\/schema.org","@graph":[{"@type":"WebPage","@id":"https:\/\/www.meldelperello.com\/es\/mayoristas\/","url":"https:\/\/www.meldelperello.com\/es\/mayoristas\/","name":"Mayoristas - L&#039;Avi Llu\u00eds","isPartOf":{"@id":"https:\/\/www.meldelperello.com\/es\/#website"},"primaryImageOfPage":{"@id":"https:\/\/www.meldelperello.com\/es\/mayoristas\/#primaryimage"},"image":{"@id":"https:\/\/www.meldelperello.com\/es\/mayoristas\/#primaryimage"},"thumbnailUrl":"https:\/\/www.meldelperello.com\/wp-content\/uploads\/2022\/03\/mel.jpg","datePublished":"2022-03-29T17:14:23+00:00","dateModified":"2022-05-26T14:41:13+00:00","description":"Contacta con Apicola Brull Casanova SCCL. Dudas, pedidos, precios, toda la informaci\u00f3n a tu alcance. \u00a1Ahora m\u00e1s f\u00e1cil contacta por whatsapp!","breadcrumb":{"@id":"https:\/\/www.meldelperello.com\/es\/mayoristas\/#breadcrumb"},"inLanguage":"es","potentialAction":[{"@type":"ReadAction","target":["https:\/\/www.meldelperello.com\/es\/mayoristas\/"]}]},{"@type":"ImageObject","inLanguage":"es","@id":"https:\/\/www.meldelperello.com\/es\/mayoristas\/#primaryimage","url":"https:\/\/www.meldelperello.com\/wp-content\/uploads\/2022\/03\/mel.jpg","contentUrl":"https:\/\/www.meldelperello.com\/wp-content\/uploads\/2022\/03\/mel.jpg","width":600,"height":650,"caption":"Mel"},{"@type":"BreadcrumbList","@id":"https:\/\/www.meldelperello.com\/es\/mayoristas\/#breadcrumb","itemListElement":[{"@type":"ListItem","position":1,"name":"Inici","item":"https:\/\/www.meldelperello.com\/es\/"},{"@type":"ListItem","position":2,"name":"Mayoristas"}]},{"@type":"WebSite","@id":"https:\/\/www.meldelperello.com\/es\/#website","url":"https:\/\/www.meldelperello.com\/es\/","name":"L&#039;Avi Llu\u00eds","description":"Apicultors i productors de mel natural, pura i artesana","publisher":{"@id":"https:\/\/www.meldelperello.com\/es\/#organization"},"potentialAction":[{"@type":"SearchAction","target":{"@type":"EntryPoint","urlTemplate":"https:\/\/www.meldelperello.com\/es\/?s={search_term_string}"},"query-input":{"@type":"PropertyValueSpecification","valueRequired":true,"valueName":"search_term_string"}}],"inLanguage":"es"},{"@type":"Organization","@id":"https:\/\/www.meldelperello.com\/es\/#organization","name":"L'Avi Llu\u00eds","url":"https:\/\/www.meldelperello.com\/es\/","logo":{"@type":"ImageObject","inLanguage":"es","@id":"https:\/\/www.meldelperello.com\/es\/#\/schema\/logo\/image\/","url":"https:\/\/www.meldelperello.com\/wp-content\/uploads\/2022\/02\/logo.svg","contentUrl":"https:\/\/www.meldelperello.com\/wp-content\/uploads\/2022\/02\/logo.svg","width":137,"height":121,"caption":"L'Avi Llu\u00eds"},"image":{"@id":"https:\/\/www.meldelperello.com\/es\/#\/schema\/logo\/image\/"},"sameAs":["https:\/\/www.facebook.com\/avi.lluis\/","https:\/\/www.instagram.com\/avilluis_meldelperello\/","https:\/\/www.youtube.com\/c\/MeldelperelloAviLluis"]}]}},"_links":{"self":[{"href":"https:\/\/www.meldelperello.com\/es\/wp-json\/wp\/v2\/pages\/10096","targetHints":{"allow":["GET"]}}],"collection":[{"href":"https:\/\/www.meldelperello.com\/es\/wp-json\/wp\/v2\/pages"}],"about":[{"href":"https:\/\/www.meldelperello.com\/es\/wp-json\/wp\/v2\/types\/page"}],"author":[{"embeddable":true,"href":"https:\/\/www.meldelperello.com\/es\/wp-json\/wp\/v2\/users\/1"}],"replies":[{"embeddable":true,"href":"https:\/\/www.meldelperello.com\/es\/wp-json\/wp\/v2\/comments?post=10096"}],"version-history":[{"count":5,"href":"https:\/\/www.meldelperello.com\/es\/wp-json\/wp\/v2\/pages\/10096\/revisions"}],"predecessor-version":[{"id":10101,"href":"https:\/\/www.meldelperello.com\/es\/wp-json\/wp\/v2\/pages\/10096\/revisions\/10101"}],"wp:featuredmedia":[{"embeddable":true,"href":"https:\/\/www.meldelperello.com\/es\/wp-json\/wp\/v2\/media\/9334"}],"wp:attachment":[{"href":"https:\/\/www.meldelperello.com\/es\/wp-json\/wp\/v2\/media?parent=10096"}],"curies":[{"name":"wp","href":"https:\/\/api.w.org\/{rel}","templated":true}]}}