{"id":10401,"date":"2022-03-29T17:10:58","date_gmt":"2022-03-29T15:10:58","guid":{"rendered":"https:\/\/perello.debonatinta.com\/products\/oli-oliva\/"},"modified":"2022-07-19T11:32:17","modified_gmt":"2022-07-19T09:32:17","slug":"olive-oil","status":"publish","type":"page","link":"https:\/\/www.meldelperello.com\/en\/products\/olive-oil\/","title":{"rendered":"OLIVE OIL"},"content":{"rendered":"<div class=\"wpb-content-wrapper\"><p>[vc_row gap=&#8221;25&#8243; equal_height=&#8221;yes&#8221; bg_type=&#8221;image&#8221; parallax_style=&#8221;vcpb-default&#8221; bg_image_new=&#8221;id^9875|url^https:\/\/www.meldelperello.com\/wp-content\/uploads\/2022\/04\/Recurso-1ilu-olivera.jpg|caption^null|alt^null|title^Recurso-1ilu-olivera|description^null&#8221; bg_image_repeat=&#8221;no-repeat&#8221; el_class=&#8221;producto&#8221; css=&#8221;.vc_custom_1649761649369{padding-top: 0px !important;padding-right: 0px !important;padding-bottom: 0px !important;padding-left: 0px !important;}&#8221;][vc_column width=&#8221;5\/12&#8243; css=&#8221;.vc_custom_1648566347147{margin-top: 0px !important;margin-right: 0px !important;margin-bottom: 0px !important;margin-left: 0px !important;padding-top: 0px !important;padding-right: 0px !important;padding-bottom: 0px !important;padding-left: 0px !important;}&#8221;][vc_column_text css=&#8221;.vc_custom_1653847504760{margin-bottom: 200px !important;padding-top: 40px !important;padding-right: 30px !important;padding-bottom: 40px !important;padding-left: 30px !important;background-color: rgba(255,255,255,0.79) !important;*background-color: rgb(255,255,255) !important;}&#8221;]<\/p>\n<h1><strong>AVI LLU\u00cdS&#8217;S OLIVE OIL <\/strong><\/h1>\n<h2>The golden juice of our land. Extra. Exquisite.<\/h2>\n<p>Perell\u00f3 is a dry land full of olive trees, almond trees and carob trees. There is a local saying that to be a good Perellonenc, you must have a piece of land, and so we have. We have inherited over the years more than a thousand olive trees. The olives are harvested in winter, while our honeybees are resting.[\/vc_column_text][\/vc_column][vc_column width=&#8221;7\/12&#8243;][\/vc_column][\/vc_row][vc_row][vc_column][vc_column_text css=&#8221;.vc_custom_1653847512298{margin-bottom: 60px !important;}&#8221;]The olives are harvested directly from the tree, the first harvest of extraction with cold and without any chemical procedure. This is how we produce our extra virgin olive oil, with less than 0.5 degrees of acidity.<\/p>\n<p>The oil produced in Terres de l &#8216;Ebre, more specifically in El Perell\u00f3, is one of the &#8220;Morruda&#8221; and &#8220;Sevillenca&#8221; varieties. These varieties give our extra virgin olive oil a slightly sweet fruity flavour with a touch of bitterness and spice. It is yellowish green in colour.[\/vc_column_text][\/vc_column][\/vc_row][vc_row][vc_column][vc_column_text]<\/p>\n<h3 style=\"text-align: center;\"><strong>OLIVE OIL CONTAINERS<br \/>\n<\/strong><\/h3>\n<p>[\/vc_column_text][\/vc_column][\/vc_row][vc_row css=&#8221;.vc_custom_1648567328993{margin-bottom: 20px !important;}&#8221; el_class=&#8221;formatos&#8221;][vc_column width=&#8221;1\/12&#8243;][\/vc_column][vc_column width=&#8221;10\/12&#8243;][vc_row_inner][vc_column_inner width=&#8221;1\/2&#8243;][vc_single_image image=&#8221;9979&#8243; img_size=&#8221;full&#8221; alignment=&#8221;center&#8221; image_hovers=&#8221;false&#8221; css=&#8221;.vc_custom_1652202360773{margin-bottom: 25px !important;}&#8221;][vc_column_text css=&#8221;.vc_custom_1658223036071{margin-bottom: 40px !important;}&#8221;]<\/p>\n<h3 style=\"text-align: center;\">Ref. 120006 \u2013 OLIVE OIL 250ML<\/h3>\n<p style=\"text-align: center;\"><strong>EAN-13: 8437013977951<\/strong><br \/>\n12 units per box.<\/p>\n<p>[\/vc_column_text][\/vc_column_inner][vc_column_inner width=&#8221;1\/2&#8243;][vc_single_image image=&#8221;9983&#8243; img_size=&#8221;full&#8221; alignment=&#8221;center&#8221; image_hovers=&#8221;false&#8221; css=&#8221;.vc_custom_1652202374857{margin-bottom: 25px !important;}&#8221;][vc_column_text css=&#8221;.vc_custom_1653847565502{margin-bottom: 40px !important;}&#8221;]<\/p>\n<h3 style=\"text-align: center;\">Ref. 120005 \u2013 OLIVE OIL 0.5L<\/h3>\n<p style=\"text-align: center;\"><strong>EAN-13: 8437001517930<\/strong><br \/>\n12 units per box.<\/p>\n<p>[\/vc_column_text][\/vc_column_inner][\/vc_row_inner][vc_row_inner][vc_column_inner width=&#8221;1\/2&#8243;][vc_single_image image=&#8221;10789&#8243; img_size=&#8221;full&#8221; alignment=&#8221;center&#8221; image_hovers=&#8221;false&#8221; css=&#8221;.vc_custom_1658223109516{margin-bottom: 25px !important;}&#8221;][vc_column_text css=&#8221;.vc_custom_1658223092111{margin-bottom: 40px !important;}&#8221;]<\/p>\n<h3 style=\"text-align: center;\">Ref. 1200003 \u2013 OLIVE OIL 750ML<\/h3>\n<p style=\"text-align: center;\"><strong>EAN-13: 8437001517985<\/strong><br \/>\n12 units per box.<\/p>\n<p>[\/vc_column_text][\/vc_column_inner][vc_column_inner width=&#8221;1\/2&#8243;][vc_single_image image=&#8221;9987&#8243; img_size=&#8221;full&#8221; alignment=&#8221;center&#8221; image_hovers=&#8221;false&#8221; css=&#8221;.vc_custom_1652202388829{margin-bottom: 25px !important;}&#8221;][vc_column_text css=&#8221;.vc_custom_1653847592290{margin-bottom: 40px !important;}&#8221;]<\/p>\n<h3 style=\"text-align: center;\">Ref. 120007 \u2013 OLIVE OIL 2L<\/h3>\n<p style=\"text-align: center;\"><strong>EAN-13: 8437013977944<\/strong><br \/>\n5 units per box.<\/p>\n<p>[\/vc_column_text][\/vc_column_inner][\/vc_row_inner][\/vc_column][vc_column width=&#8221;1\/12&#8243;][\/vc_column][\/vc_row][vc_row css=&#8221;.vc_custom_1648567328993{margin-bottom: 20px !important;}&#8221; el_class=&#8221;formatos&#8221;][vc_column width=&#8221;1\/12&#8243;][\/vc_column][vc_column width=&#8221;10\/12&#8243;][vc_row_inner][vc_column_inner][vc_single_image image=&#8221;9975&#8243; img_size=&#8221;full&#8221; alignment=&#8221;center&#8221; image_hovers=&#8221;false&#8221; css=&#8221;.vc_custom_1652202403083{margin-bottom: 25px !important;}&#8221;][vc_column_text css=&#8221;.vc_custom_1653847609693{margin-bottom: 40px !important;}&#8221;]<\/p>\n<h3 style=\"text-align: center;\">Ref. 120001 \u2013 OLIVE OIL 5L<\/h3>\n<p style=\"text-align: center;\"><strong>EAN-13: 8437001517992<\/strong><br \/>\n4 units per box.<\/p>\n<p>[\/vc_column_text][\/vc_column_inner][\/vc_row_inner][\/vc_column][vc_column width=&#8221;1\/12&#8243;][\/vc_column][\/vc_row][vc_row][vc_column][vc_btn title=&#8221;If you want to see the whole catalog of oils that we have in the Pantry of l&#8217;Avi Llu\u00eds, click HERE.&#8221; style=&#8221;outline&#8221; shape=&#8221;square&#8221; color=&#8221;black&#8221; align=&#8221;center&#8221; link=&#8221;url:https%3A%2F%2Fwww.rebostavilluis.com%2Foli-doliva-extra-verge%2F|target:_blank&#8221; css=&#8221;.vc_custom_1653847629028{margin-bottom: 70px !important;}&#8221; el_class=&#8221;bot_oli&#8221;][\/vc_column][\/vc_row][vc_row full_width=&#8221;stretch_row_content_no_spaces&#8221; bg_type=&#8221;image&#8221; parallax_style=&#8221;vcpb-vz-jquery&#8221; bg_image_new=&#8221;id^9888|url^https:\/\/www.meldelperello.com\/wp-content\/uploads\/2022\/04\/bg-10.jpg|caption^null|alt^null|title^bg|description^null&#8221; bg_image_repeat=&#8221;no-repeat&#8221; bg_override=&#8221;full&#8221; disable_on_mobile_img_parallax=&#8221;disable_on_mobile_img_parallax_value&#8221; el_class=&#8221;blanco poema&#8221;][vc_column][vc_empty_space height=&#8221;500&#8243;][\/vc_column][\/vc_row]<\/p>\n<\/div>","protected":false},"excerpt":{"rendered":"<p>[vc_row gap=&#8221;25&#8243; equal_height=&#8221;yes&#8221; bg_type=&#8221;image&#8221; parallax_style=&#8221;vcpb-default&#8221; bg_image_new=&#8221;id^9875|url^https:\/\/www.meldelperello.com\/wp-content\/uploads\/2022\/04\/Recurso-1ilu-olivera.jpg|caption^null|alt^null|title^Recurso-1ilu-olivera|description^null&#8221; bg_image_repeat=&#8221;no-repeat&#8221; el_class=&#8221;producto&#8221; css=&#8221;.vc_custom_1649761649369{padding-top: 0px !important;padding-right: 0px !important;padding-bottom: 0px !important;padding-left: 0px !important;}&#8221;][vc_column width=&#8221;5\/12&#8243; css=&#8221;.vc_custom_1648566347147{margin-top: 0px !important;margin-right: 0px !important;margin-bottom: 0px !important;margin-left: 0px !important;padding-top: 0px !important;padding-right: 0px !important;padding-bottom: 0px !important;padding-left: 0px !important;}&#8221;][vc_column_text css=&#8221;.vc_custom_1653847504760{margin-bottom: 200px !important;padding-top: 40px !important;padding-right: 30px !important;padding-bottom: 40px !important;padding-left: 30px !important;background-color: rgba(255,255,255,0.79) !important;*background-color: rgb(255,255,255) !important;}&#8221;] AVI LLU\u00cdS&#8217;S OLIVE OIL The&hellip;<\/p>\n","protected":false},"author":1,"featured_media":9983,"parent":10300,"menu_order":0,"comment_status":"closed","ping_status":"closed","template":"","meta":{"inline_featured_image":false,"footnotes":""},"class_list":["post-10401","page","type-page","status-publish","has-post-thumbnail","hentry","description-off"],"yoast_head":"<!-- This site is optimized with the Yoast SEO plugin v27.3 - https:\/\/yoast.com\/product\/yoast-seo-wordpress\/ -->\n<title>OLI D\u2019OLIVA VERGE EXTRA - L&#039;Avi Llu\u00eds<\/title>\n<meta name=\"description\" content=\"Oli verge extra sabor afruitat lleugerament dol\u00e7 amb tocs amargs i picants. El seu color es groguenc tirant a verd\u00f3s. Compra Oli de l&#039;Avi Llu\u00eds. El Perell\u00f3.\" \/>\n<meta name=\"robots\" content=\"index, follow, max-snippet:-1, max-image-preview:large, max-video-preview:-1\" \/>\n<link rel=\"canonical\" href=\"https:\/\/www.meldelperello.com\/en\/products\/olive-oil\/\" \/>\n<meta property=\"og:locale\" content=\"en_US\" \/>\n<meta property=\"og:type\" content=\"article\" \/>\n<meta property=\"og:title\" content=\"OLI D\u2019OLIVA VERGE EXTRA - L&#039;Avi Llu\u00eds\" \/>\n<meta property=\"og:description\" content=\"Oli verge extra sabor afruitat lleugerament dol\u00e7 amb tocs amargs i picants. El seu color es groguenc tirant a verd\u00f3s. Compra Oli de l&#039;Avi Llu\u00eds. El Perell\u00f3.\" \/>\n<meta property=\"og:url\" content=\"https:\/\/www.meldelperello.com\/en\/products\/olive-oil\/\" \/>\n<meta property=\"og:site_name\" content=\"L&#039;Avi Llu\u00eds\" \/>\n<meta property=\"article:publisher\" content=\"https:\/\/www.facebook.com\/avi.lluis\/\" \/>\n<meta property=\"article:modified_time\" content=\"2022-07-19T09:32:17+00:00\" \/>\n<meta property=\"og:image\" content=\"https:\/\/www.meldelperello.com\/wp-content\/uploads\/2022\/05\/2.jpg\" \/>\n\t<meta property=\"og:image:width\" content=\"450\" \/>\n\t<meta property=\"og:image:height\" content=\"450\" \/>\n\t<meta property=\"og:image:type\" content=\"image\/jpeg\" \/>\n<meta name=\"twitter:card\" content=\"summary_large_image\" \/>\n<meta name=\"twitter:label1\" content=\"Est. reading time\" \/>\n\t<meta name=\"twitter:data1\" content=\"3 minutes\" \/>\n<script type=\"application\/ld+json\" class=\"yoast-schema-graph\">{\"@context\":\"https:\\\/\\\/schema.org\",\"@graph\":[{\"@type\":\"WebPage\",\"@id\":\"https:\\\/\\\/www.meldelperello.com\\\/en\\\/products\\\/olive-oil\\\/\",\"url\":\"https:\\\/\\\/www.meldelperello.com\\\/en\\\/products\\\/olive-oil\\\/\",\"name\":\"OLI D\u2019OLIVA VERGE EXTRA - L&#039;Avi Llu\u00eds\",\"isPartOf\":{\"@id\":\"https:\\\/\\\/www.meldelperello.com\\\/en\\\/#website\"},\"primaryImageOfPage\":{\"@id\":\"https:\\\/\\\/www.meldelperello.com\\\/en\\\/products\\\/olive-oil\\\/#primaryimage\"},\"image\":{\"@id\":\"https:\\\/\\\/www.meldelperello.com\\\/en\\\/products\\\/olive-oil\\\/#primaryimage\"},\"thumbnailUrl\":\"https:\\\/\\\/www.meldelperello.com\\\/wp-content\\\/uploads\\\/2022\\\/05\\\/2.jpg\",\"datePublished\":\"2022-03-29T15:10:58+00:00\",\"dateModified\":\"2022-07-19T09:32:17+00:00\",\"description\":\"Oli verge extra sabor afruitat lleugerament dol\u00e7 amb tocs amargs i picants. El seu color es groguenc tirant a verd\u00f3s. Compra Oli de l'Avi Llu\u00eds. El Perell\u00f3.\",\"breadcrumb\":{\"@id\":\"https:\\\/\\\/www.meldelperello.com\\\/en\\\/products\\\/olive-oil\\\/#breadcrumb\"},\"inLanguage\":\"en-US\",\"potentialAction\":[{\"@type\":\"ReadAction\",\"target\":[\"https:\\\/\\\/www.meldelperello.com\\\/en\\\/products\\\/olive-oil\\\/\"]}]},{\"@type\":\"ImageObject\",\"inLanguage\":\"en-US\",\"@id\":\"https:\\\/\\\/www.meldelperello.com\\\/en\\\/products\\\/olive-oil\\\/#primaryimage\",\"url\":\"https:\\\/\\\/www.meldelperello.com\\\/wp-content\\\/uploads\\\/2022\\\/05\\\/2.jpg\",\"contentUrl\":\"https:\\\/\\\/www.meldelperello.com\\\/wp-content\\\/uploads\\\/2022\\\/05\\\/2.jpg\",\"width\":450,\"height\":450,\"caption\":\"Oli d'oliva 500 ml\"},{\"@type\":\"BreadcrumbList\",\"@id\":\"https:\\\/\\\/www.meldelperello.com\\\/en\\\/products\\\/olive-oil\\\/#breadcrumb\",\"itemListElement\":[{\"@type\":\"ListItem\",\"position\":1,\"name\":\"Inici\",\"item\":\"https:\\\/\\\/www.meldelperello.com\\\/en\\\/\"},{\"@type\":\"ListItem\",\"position\":2,\"name\":\"PRODUCTS\",\"item\":\"https:\\\/\\\/www.meldelperello.com\\\/en\\\/products\\\/\"},{\"@type\":\"ListItem\",\"position\":3,\"name\":\"OLIVE OIL\"}]},{\"@type\":\"WebSite\",\"@id\":\"https:\\\/\\\/www.meldelperello.com\\\/en\\\/#website\",\"url\":\"https:\\\/\\\/www.meldelperello.com\\\/en\\\/\",\"name\":\"L&#039;Avi Llu\u00eds\",\"description\":\"Apicultors i productors de mel natural, pura i artesana\",\"publisher\":{\"@id\":\"https:\\\/\\\/www.meldelperello.com\\\/en\\\/#organization\"},\"potentialAction\":[{\"@type\":\"SearchAction\",\"target\":{\"@type\":\"EntryPoint\",\"urlTemplate\":\"https:\\\/\\\/www.meldelperello.com\\\/en\\\/?s={search_term_string}\"},\"query-input\":{\"@type\":\"PropertyValueSpecification\",\"valueRequired\":true,\"valueName\":\"search_term_string\"}}],\"inLanguage\":\"en-US\"},{\"@type\":\"Organization\",\"@id\":\"https:\\\/\\\/www.meldelperello.com\\\/en\\\/#organization\",\"name\":\"L'Avi Llu\u00eds\",\"url\":\"https:\\\/\\\/www.meldelperello.com\\\/en\\\/\",\"logo\":{\"@type\":\"ImageObject\",\"inLanguage\":\"en-US\",\"@id\":\"https:\\\/\\\/www.meldelperello.com\\\/en\\\/#\\\/schema\\\/logo\\\/image\\\/\",\"url\":\"https:\\\/\\\/www.meldelperello.com\\\/wp-content\\\/uploads\\\/2022\\\/02\\\/logo.svg\",\"contentUrl\":\"https:\\\/\\\/www.meldelperello.com\\\/wp-content\\\/uploads\\\/2022\\\/02\\\/logo.svg\",\"width\":137,\"height\":121,\"caption\":\"L'Avi Llu\u00eds\"},\"image\":{\"@id\":\"https:\\\/\\\/www.meldelperello.com\\\/en\\\/#\\\/schema\\\/logo\\\/image\\\/\"},\"sameAs\":[\"https:\\\/\\\/www.facebook.com\\\/avi.lluis\\\/\",\"https:\\\/\\\/www.instagram.com\\\/avilluis_meldelperello\\\/\",\"https:\\\/\\\/www.youtube.com\\\/c\\\/MeldelperelloAviLluis\"]}]}<\/script>\n<!-- \/ Yoast SEO plugin. -->","yoast_head_json":{"title":"OLI D\u2019OLIVA VERGE EXTRA - L&#039;Avi Llu\u00eds","description":"Oli verge extra sabor afruitat lleugerament dol\u00e7 amb tocs amargs i picants. El seu color es groguenc tirant a verd\u00f3s. Compra Oli de l'Avi Llu\u00eds. El Perell\u00f3.","robots":{"index":"index","follow":"follow","max-snippet":"max-snippet:-1","max-image-preview":"max-image-preview:large","max-video-preview":"max-video-preview:-1"},"canonical":"https:\/\/www.meldelperello.com\/en\/products\/olive-oil\/","og_locale":"en_US","og_type":"article","og_title":"OLI D\u2019OLIVA VERGE EXTRA - L&#039;Avi Llu\u00eds","og_description":"Oli verge extra sabor afruitat lleugerament dol\u00e7 amb tocs amargs i picants. El seu color es groguenc tirant a verd\u00f3s. Compra Oli de l'Avi Llu\u00eds. El Perell\u00f3.","og_url":"https:\/\/www.meldelperello.com\/en\/products\/olive-oil\/","og_site_name":"L&#039;Avi Llu\u00eds","article_publisher":"https:\/\/www.facebook.com\/avi.lluis\/","article_modified_time":"2022-07-19T09:32:17+00:00","og_image":[{"width":450,"height":450,"url":"https:\/\/www.meldelperello.com\/wp-content\/uploads\/2022\/05\/2.jpg","type":"image\/jpeg"}],"twitter_card":"summary_large_image","twitter_misc":{"Est. reading time":"3 minutes"},"schema":{"@context":"https:\/\/schema.org","@graph":[{"@type":"WebPage","@id":"https:\/\/www.meldelperello.com\/en\/products\/olive-oil\/","url":"https:\/\/www.meldelperello.com\/en\/products\/olive-oil\/","name":"OLI D\u2019OLIVA VERGE EXTRA - L&#039;Avi Llu\u00eds","isPartOf":{"@id":"https:\/\/www.meldelperello.com\/en\/#website"},"primaryImageOfPage":{"@id":"https:\/\/www.meldelperello.com\/en\/products\/olive-oil\/#primaryimage"},"image":{"@id":"https:\/\/www.meldelperello.com\/en\/products\/olive-oil\/#primaryimage"},"thumbnailUrl":"https:\/\/www.meldelperello.com\/wp-content\/uploads\/2022\/05\/2.jpg","datePublished":"2022-03-29T15:10:58+00:00","dateModified":"2022-07-19T09:32:17+00:00","description":"Oli verge extra sabor afruitat lleugerament dol\u00e7 amb tocs amargs i picants. El seu color es groguenc tirant a verd\u00f3s. Compra Oli de l'Avi Llu\u00eds. El Perell\u00f3.","breadcrumb":{"@id":"https:\/\/www.meldelperello.com\/en\/products\/olive-oil\/#breadcrumb"},"inLanguage":"en-US","potentialAction":[{"@type":"ReadAction","target":["https:\/\/www.meldelperello.com\/en\/products\/olive-oil\/"]}]},{"@type":"ImageObject","inLanguage":"en-US","@id":"https:\/\/www.meldelperello.com\/en\/products\/olive-oil\/#primaryimage","url":"https:\/\/www.meldelperello.com\/wp-content\/uploads\/2022\/05\/2.jpg","contentUrl":"https:\/\/www.meldelperello.com\/wp-content\/uploads\/2022\/05\/2.jpg","width":450,"height":450,"caption":"Oli d'oliva 500 ml"},{"@type":"BreadcrumbList","@id":"https:\/\/www.meldelperello.com\/en\/products\/olive-oil\/#breadcrumb","itemListElement":[{"@type":"ListItem","position":1,"name":"Inici","item":"https:\/\/www.meldelperello.com\/en\/"},{"@type":"ListItem","position":2,"name":"PRODUCTS","item":"https:\/\/www.meldelperello.com\/en\/products\/"},{"@type":"ListItem","position":3,"name":"OLIVE OIL"}]},{"@type":"WebSite","@id":"https:\/\/www.meldelperello.com\/en\/#website","url":"https:\/\/www.meldelperello.com\/en\/","name":"L&#039;Avi Llu\u00eds","description":"Apicultors i productors de mel natural, pura i artesana","publisher":{"@id":"https:\/\/www.meldelperello.com\/en\/#organization"},"potentialAction":[{"@type":"SearchAction","target":{"@type":"EntryPoint","urlTemplate":"https:\/\/www.meldelperello.com\/en\/?s={search_term_string}"},"query-input":{"@type":"PropertyValueSpecification","valueRequired":true,"valueName":"search_term_string"}}],"inLanguage":"en-US"},{"@type":"Organization","@id":"https:\/\/www.meldelperello.com\/en\/#organization","name":"L'Avi Llu\u00eds","url":"https:\/\/www.meldelperello.com\/en\/","logo":{"@type":"ImageObject","inLanguage":"en-US","@id":"https:\/\/www.meldelperello.com\/en\/#\/schema\/logo\/image\/","url":"https:\/\/www.meldelperello.com\/wp-content\/uploads\/2022\/02\/logo.svg","contentUrl":"https:\/\/www.meldelperello.com\/wp-content\/uploads\/2022\/02\/logo.svg","width":137,"height":121,"caption":"L'Avi Llu\u00eds"},"image":{"@id":"https:\/\/www.meldelperello.com\/en\/#\/schema\/logo\/image\/"},"sameAs":["https:\/\/www.facebook.com\/avi.lluis\/","https:\/\/www.instagram.com\/avilluis_meldelperello\/","https:\/\/www.youtube.com\/c\/MeldelperelloAviLluis"]}]}},"_links":{"self":[{"href":"https:\/\/www.meldelperello.com\/en\/wp-json\/wp\/v2\/pages\/10401","targetHints":{"allow":["GET"]}}],"collection":[{"href":"https:\/\/www.meldelperello.com\/en\/wp-json\/wp\/v2\/pages"}],"about":[{"href":"https:\/\/www.meldelperello.com\/en\/wp-json\/wp\/v2\/types\/page"}],"author":[{"embeddable":true,"href":"https:\/\/www.meldelperello.com\/en\/wp-json\/wp\/v2\/users\/1"}],"replies":[{"embeddable":true,"href":"https:\/\/www.meldelperello.com\/en\/wp-json\/wp\/v2\/comments?post=10401"}],"version-history":[{"count":4,"href":"https:\/\/www.meldelperello.com\/en\/wp-json\/wp\/v2\/pages\/10401\/revisions"}],"predecessor-version":[{"id":10796,"href":"https:\/\/www.meldelperello.com\/en\/wp-json\/wp\/v2\/pages\/10401\/revisions\/10796"}],"up":[{"embeddable":true,"href":"https:\/\/www.meldelperello.com\/en\/wp-json\/wp\/v2\/pages\/10300"}],"wp:featuredmedia":[{"embeddable":true,"href":"https:\/\/www.meldelperello.com\/en\/wp-json\/wp\/v2\/media\/9983"}],"wp:attachment":[{"href":"https:\/\/www.meldelperello.com\/en\/wp-json\/wp\/v2\/media?parent=10401"}],"curies":[{"name":"wp","href":"https:\/\/api.w.org\/{rel}","templated":true}]}}